{"id":170,"date":"2022-06-27T15:59:46","date_gmt":"2022-06-27T14:59:46","guid":{"rendered":"http:\/\/swallowdaily.com\/beste-sex-chat-seiten\/"},"modified":"2022-08-15T20:01:38","modified_gmt":"2022-08-15T19:01:38","slug":"beste-sex-chat-seiten","status":"publish","type":"page","link":"http:\/\/swallowdaily.com\/de\/beste-sex-chat-seiten\/","title":{"rendered":"Beste Sex Chat Seiten"},"content":{"rendered":"<p>Es gibt heute viele Dating-Apps, aber die meisten konzentrieren sich darauf, Singles nach ihrem Standort zu finden. Wenn Sie jedoch auf der Suche nach etwas anderem sind, sollten Sie eine <a href=\"https:\/\/www.gay-sex-sites.com\/de\/\">gaysex sites<\/a> ausprobieren, die sich darauf konzentriert, Menschen auf der Grundlage ihrer Interessen miteinander in Kontakt zu bringen.<\/p>\n<h2>Erste Schritte mit Dating Chatrooms<\/h2>\n<p>Dating-Websites sind eine beliebte Option, um online Liebe zu finden. Ganz gleich, ob Sie auf der <a href=\"https:\/\/www.fuck-buddies.net\/de\/kostenlose-sexspiele-im-ios-app-store\/\">sexspiele apps<\/a> nach einer lockeren Verabredung oder einer langfristigen Beziehung sind, diese Websites sind ein gro\u00dfartiger Ort, um jemand Besonderen kennenzulernen.<\/p>\n<p>W\u00e4hrend die meisten Dating-Websites eine kostenlose Mitgliedschaft anbieten, verlangen andere Geb\u00fchren f\u00fcr Premium-Funktionen oder zus\u00e4tzliche Dienste. Dazu geh\u00f6ren Messaging, Video-Chat und andere Verg\u00fcnstigungen. Am besten w\u00e4hlen Sie eine Dating-Website nach Ihren W\u00fcnschen und nicht nur nach den Kosten aus.<\/p>\n<h2>Apps zum Ausprobieren?<\/h2>\n<p>Hinge kann kostenlos heruntergeladen werden, aber Sie k\u00f6nnen $0,99 monatlich bezahlen, um zus\u00e4tzliche Funktionen freizuschalten. Die App hat weltweit \u00fcber 10 Millionen aktive Nutzer und ist damit eine der <a href=\"http:\/\/swallowdaily.com\/free-sex-hookup-apps\/\">gr\u00f6\u00dften Dating-Apps<\/a> auf dem Markt. Es funktioniert \u00e4hnlich wie andere Online-Dating-Websites, aber anstatt nach \u00dcbereinstimmungen auf der Grundlage des Standorts zu suchen, sucht es nach Verbindungen auf der Grundlage gemeinsamer Interessen.<\/p>\n<p>Weitere Optionen sind Bumble, Tinder, OkCupid, Match, PlentyOfFish, Zoosk und Coffee Meets Bagel. Jede dieser Apps bietet einzigartige Vorteile, es lohnt sich also, sie auszuprobieren, um herauszufinden, welche Ihren Bed\u00fcrfnissen am besten entspricht.<\/p>\n<p>Einige dieser Websites bieten eine kostenlose <a href=\"https:\/\/www.sextchat.net\/de\/die-besten-interaktiven-pornoseiten\/\">interaktive pornos<\/a> an, in der Sie den Dienst ausprobieren k\u00f6nnen, ohne etwas im Voraus bezahlen zu m\u00fcssen. Bei anderen k\u00f6nnen Sie die Profile durchst\u00f6bern und den Mitgliedern Nachrichten schicken, ohne etwas zu bezahlen, bis Sie sich entschlie\u00dfen, Mitglied zu werden.<\/p>\n<h2>Sex Dating Chatrooms<\/h2>\n<p>Sexdating ist in den letzten Jahren immer beliebter geworden, vor allem bei Millennials. Es ist keine \u00dcberraschung, dass viele Menschen Online-Plattformen nutzen, um andere Menschen mit \u00e4hnlichen Interessen zu treffen.<\/p>\n<p>Es gibt heute eine Vielzahl von <a href=\"http:\/\/swallowdaily.com\/free-sex-sites\/\">Sex-Dating-Seiten<\/a>, aber die meisten sind kostenpflichtig. Zum Gl\u00fcck gibt es kostenlose Alternativen, die es Ihnen erm\u00f6glichen, mit anderen Singles in Kontakt zu treten, ohne etwas im Voraus bezahlen zu m\u00fcssen.<\/p>\n<p>Eine der besten Optionen ist Bumble, die es Frauen erm\u00f6glicht, Gespr\u00e4che mit M\u00e4nnern zu initiieren. Die App verwendet ein System, bei dem beide Parteien die Nachrichten des jeweils anderen genehmigen m\u00fcssen, bevor das Chatten beginnt. Das bedeutet, dass Sie potenziellen Partnern Nachrichten schicken k\u00f6nnen, ohne bef\u00fcrchten zu m\u00fcssen, abgelehnt zu werden.<\/p>\n<p>Andere kostenlose Sex-Dating-Apps sind Tinder, OkCupid und Grindr. Jede Plattform funktioniert anders, also probieren Sie sie aus, um herauszufinden, welche Ihren Bed\u00fcrfnissen am besten entspricht.<\/p>\n","protected":false},"excerpt":{"rendered":"<p>Es gibt heute viele Dating-Apps, aber die meisten konzentrieren sich darauf, Singles nach ihrem Standort zu finden. Wenn Sie jedoch<\/p>\n","protected":false},"author":1,"featured_media":120,"parent":0,"menu_order":0,"comment_status":"closed","ping_status":"closed","template":"","meta":[],"yoast_head":"<!-- This site is optimized with the Yoast SEO plugin v19.1 - https:\/\/yoast.com\/wordpress\/plugins\/seo\/ -->\n<title>Beste Sex Chat Seiten - Swallow Reviews<\/title>\n<meta name=\"robots\" content=\"index, follow, max-snippet:-1, max-image-preview:large, max-video-preview:-1\" \/>\n<link rel=\"canonical\" href=\"http:\/\/swallowdaily.com\/de\/beste-sex-chat-seiten\/\" \/>\n<meta property=\"og:locale\" content=\"de_DE\" \/>\n<meta property=\"og:type\" content=\"article\" \/>\n<meta property=\"og:title\" content=\"Beste Sex Chat Seiten - Swallow Reviews\" \/>\n<meta property=\"og:description\" content=\"Es gibt heute viele Dating-Apps, aber die meisten konzentrieren sich darauf, Singles nach ihrem Standort zu finden. Wenn Sie jedoch\" \/>\n<meta property=\"og:url\" content=\"http:\/\/swallowdaily.com\/de\/beste-sex-chat-seiten\/\" \/>\n<meta property=\"og:site_name\" content=\"Swallow Reviews\" \/>\n<meta property=\"article:modified_time\" content=\"2022-08-15T19:01:38+00:00\" \/>\n<meta property=\"og:image\" content=\"http:\/\/swallowdaily.com\/wp-content\/uploads\/2022\/06\/love-dolls.jpeg\" \/>\n\t<meta property=\"og:image:width\" content=\"1125\" \/>\n\t<meta property=\"og:image:height\" content=\"750\" \/>\n\t<meta property=\"og:image:type\" content=\"image\/jpeg\" \/>\n<meta name=\"twitter:card\" content=\"summary_large_image\" \/>\n<meta name=\"twitter:label1\" content=\"Gesch\u00e4tzte Lesezeit\" \/>\n\t<meta name=\"twitter:data1\" content=\"2\u00a0Minuten\" \/>\n<script type=\"application\/ld+json\" class=\"yoast-schema-graph\">{\"@context\":\"https:\/\/schema.org\",\"@graph\":[{\"@type\":\"WebSite\",\"@id\":\"https:\/\/swallowdaily.com\/#website\",\"url\":\"https:\/\/swallowdaily.com\/\",\"name\":\"Swallow Reviews\",\"description\":\"Online-Kupplungsf\u00fchrer\",\"potentialAction\":[{\"@type\":\"SearchAction\",\"target\":{\"@type\":\"EntryPoint\",\"urlTemplate\":\"https:\/\/swallowdaily.com\/?s={search_term_string}\"},\"query-input\":\"required name=search_term_string\"}],\"inLanguage\":\"de\"},{\"@type\":\"ImageObject\",\"inLanguage\":\"de\",\"@id\":\"http:\/\/swallowdaily.com\/de\/beste-sex-chat-seiten\/#primaryimage\",\"url\":\"http:\/\/swallowdaily.com\/wp-content\/uploads\/2022\/06\/love-dolls.jpeg\",\"contentUrl\":\"http:\/\/swallowdaily.com\/wp-content\/uploads\/2022\/06\/love-dolls.jpeg\",\"width\":1125,\"height\":750},{\"@type\":\"WebPage\",\"@id\":\"http:\/\/swallowdaily.com\/de\/beste-sex-chat-seiten\/#webpage\",\"url\":\"http:\/\/swallowdaily.com\/de\/beste-sex-chat-seiten\/\",\"name\":\"Beste Sex Chat Seiten - Swallow Reviews\",\"isPartOf\":{\"@id\":\"https:\/\/swallowdaily.com\/#website\"},\"primaryImageOfPage\":{\"@id\":\"http:\/\/swallowdaily.com\/de\/beste-sex-chat-seiten\/#primaryimage\"},\"datePublished\":\"2022-06-27T14:59:46+00:00\",\"dateModified\":\"2022-08-15T19:01:38+00:00\",\"breadcrumb\":{\"@id\":\"http:\/\/swallowdaily.com\/de\/beste-sex-chat-seiten\/#breadcrumb\"},\"inLanguage\":\"de\",\"potentialAction\":[{\"@type\":\"ReadAction\",\"target\":[\"http:\/\/swallowdaily.com\/de\/beste-sex-chat-seiten\/\"]}]},{\"@type\":\"BreadcrumbList\",\"@id\":\"http:\/\/swallowdaily.com\/de\/beste-sex-chat-seiten\/#breadcrumb\",\"itemListElement\":[{\"@type\":\"ListItem\",\"position\":1,\"name\":\"Startseite\",\"item\":\"http:\/\/swallowdaily.com\/de\/\"},{\"@type\":\"ListItem\",\"position\":2,\"name\":\"Beste Sex Chat Seiten\"}]}]}<\/script>\n<!-- \/ Yoast SEO plugin. -->","yoast_head_json":{"title":"Beste Sex Chat Seiten - Swallow Reviews","robots":{"index":"index","follow":"follow","max-snippet":"max-snippet:-1","max-image-preview":"max-image-preview:large","max-video-preview":"max-video-preview:-1"},"canonical":"http:\/\/swallowdaily.com\/de\/beste-sex-chat-seiten\/","og_locale":"de_DE","og_type":"article","og_title":"Beste Sex Chat Seiten - Swallow Reviews","og_description":"Es gibt heute viele Dating-Apps, aber die meisten konzentrieren sich darauf, Singles nach ihrem Standort zu finden. Wenn Sie jedoch","og_url":"http:\/\/swallowdaily.com\/de\/beste-sex-chat-seiten\/","og_site_name":"Swallow Reviews","article_modified_time":"2022-08-15T19:01:38+00:00","og_image":[{"width":1125,"height":750,"url":"http:\/\/swallowdaily.com\/wp-content\/uploads\/2022\/06\/love-dolls.jpeg","type":"image\/jpeg"}],"twitter_card":"summary_large_image","twitter_misc":{"Gesch\u00e4tzte Lesezeit":"2\u00a0Minuten"},"schema":{"@context":"https:\/\/schema.org","@graph":[{"@type":"WebSite","@id":"https:\/\/swallowdaily.com\/#website","url":"https:\/\/swallowdaily.com\/","name":"Swallow Reviews","description":"Online-Kupplungsf\u00fchrer","potentialAction":[{"@type":"SearchAction","target":{"@type":"EntryPoint","urlTemplate":"https:\/\/swallowdaily.com\/?s={search_term_string}"},"query-input":"required name=search_term_string"}],"inLanguage":"de"},{"@type":"ImageObject","inLanguage":"de","@id":"http:\/\/swallowdaily.com\/de\/beste-sex-chat-seiten\/#primaryimage","url":"http:\/\/swallowdaily.com\/wp-content\/uploads\/2022\/06\/love-dolls.jpeg","contentUrl":"http:\/\/swallowdaily.com\/wp-content\/uploads\/2022\/06\/love-dolls.jpeg","width":1125,"height":750},{"@type":"WebPage","@id":"http:\/\/swallowdaily.com\/de\/beste-sex-chat-seiten\/#webpage","url":"http:\/\/swallowdaily.com\/de\/beste-sex-chat-seiten\/","name":"Beste Sex Chat Seiten - Swallow Reviews","isPartOf":{"@id":"https:\/\/swallowdaily.com\/#website"},"primaryImageOfPage":{"@id":"http:\/\/swallowdaily.com\/de\/beste-sex-chat-seiten\/#primaryimage"},"datePublished":"2022-06-27T14:59:46+00:00","dateModified":"2022-08-15T19:01:38+00:00","breadcrumb":{"@id":"http:\/\/swallowdaily.com\/de\/beste-sex-chat-seiten\/#breadcrumb"},"inLanguage":"de","potentialAction":[{"@type":"ReadAction","target":["http:\/\/swallowdaily.com\/de\/beste-sex-chat-seiten\/"]}]},{"@type":"BreadcrumbList","@id":"http:\/\/swallowdaily.com\/de\/beste-sex-chat-seiten\/#breadcrumb","itemListElement":[{"@type":"ListItem","position":1,"name":"Startseite","item":"http:\/\/swallowdaily.com\/de\/"},{"@type":"ListItem","position":2,"name":"Beste Sex Chat Seiten"}]}]}},"_links":{"self":[{"href":"http:\/\/swallowdaily.com\/de\/wp-json\/wp\/v2\/pages\/170"}],"collection":[{"href":"http:\/\/swallowdaily.com\/de\/wp-json\/wp\/v2\/pages"}],"about":[{"href":"http:\/\/swallowdaily.com\/de\/wp-json\/wp\/v2\/types\/page"}],"author":[{"embeddable":true,"href":"http:\/\/swallowdaily.com\/de\/wp-json\/wp\/v2\/users\/1"}],"replies":[{"embeddable":true,"href":"http:\/\/swallowdaily.com\/de\/wp-json\/wp\/v2\/comments?post=170"}],"version-history":[{"count":1,"href":"http:\/\/swallowdaily.com\/de\/wp-json\/wp\/v2\/pages\/170\/revisions"}],"predecessor-version":[{"id":341,"href":"http:\/\/swallowdaily.com\/de\/wp-json\/wp\/v2\/pages\/170\/revisions\/341"}],"wp:featuredmedia":[{"embeddable":true,"href":"http:\/\/swallowdaily.com\/de\/wp-json\/wp\/v2\/media\/120"}],"wp:attachment":[{"href":"http:\/\/swallowdaily.com\/de\/wp-json\/wp\/v2\/media?parent=170"}],"curies":[{"name":"wp","href":"https:\/\/api.w.org\/{rel}","templated":true}]}}