{"id":183,"date":"2022-06-27T15:49:22","date_gmt":"2022-06-27T14:49:22","guid":{"rendered":"http:\/\/swallowdaily.com\/kostenlose-lokale-hookups\/"},"modified":"2022-07-20T18:03:28","modified_gmt":"2022-07-20T17:03:28","slug":"kostenlose-lokale-hookups","status":"publish","type":"page","link":"http:\/\/swallowdaily.com\/de\/kostenlose-lokale-hookups\/","title":{"rendered":"Kostenlose lokale Hookups"},"content":{"rendered":"<p>Dating-Apps werden bei Singles, die online nach Liebe suchen, immer beliebter. Diese Apps erm\u00f6glichen es den Nutzern, sich mit anderen Menschen auf der Grundlage von Standort, Interessen und gemeinsamen Freunden zu verbinden.<\/p>\n<h2>Welche Dating-Apps eignen sich am besten f\u00fcr Singles?<\/h2>\n<p>Dating-Apps sind zwar praktisch, k\u00f6nnen aber bei falscher Nutzung auch gef\u00e4hrlich sein. Achten Sie darauf, dass Sie vorsichtig sind, wen Sie \u00fcber <a href=\"http:\/\/swallowdaily.com\/free-sex-hookup-apps\/\">diese Apps<\/a> treffen, und dass Sie die Sicherheitsrichtlinien beachten. Geben Sie zum Beispiel niemals pers\u00f6nliche Informationen wie Ihre Telefonnummer und <a href=\"http:\/\/www.sextchat.net\/de\/nutaku-hentai-bewertung\/\">besten hentai seiten<\/a>, Adresse oder Fotos weiter. Vermeiden Sie es au\u00dferdem, Fremde an \u00f6ffentlichen Pl\u00e4tzen zu treffen, und lassen Sie immer Ihren gesunden Menschenverstand walten, wenn Sie jemanden kennenlernen.<\/p>\n<p>Es ist wichtig, daran zu denken, dass Dating-Apps zwar Spa\u00df machen k\u00f6nnen, aber nicht dazu gedacht sind, pers\u00f6nliche Kontakte zu ersetzen. Stattdessen sind sie nur ein weiteres Instrument, das Ihnen hilft, mit anderen in Kontakt zu treten. Also, nutzen Sie sie weise und genie\u00dfen Sie die Vorteile der Online-Liebesfindung!<\/p>\n<h2>Sollten Sie damit anfangen?<\/h2>\n<p>Kostenlose Sexseiten erfreuen sich zunehmender Beliebtheit bei Singles, die ihre Sexualit\u00e4t erkunden wollen, ohne im Voraus etwas bezahlen zu m\u00fcssen. Diese Websites bieten kostenlosen Zugang zu Tausenden von Videos mit echten Paaren, die hei\u00dfen Sex haben.<\/p>\n<p>Es gibt viele verschiedene Arten von kostenlosen <a href=\"http:\/\/swallowdaily.com\/best-sex-chat-sites\/\">Sexseiten<\/a>, darunter Amateurpornos, lesbischer Sex, schwuler Sex, Fetischsex und vieles mehr. Jeder Typ bietet seine eigenen Vorteile. Wenn Sie also etwas Bestimmtes suchen, sollten Sie die Kategorien durchst\u00f6bern, um genau das zu finden, wonach Sie suchen.<\/p>\n<p>Das Beste an <a href=\"https:\/\/www.sexting-sites.com\/de\/sexspiele-im-ios-app-store\/\">sexgames app<\/a> ist, dass sie es Ihnen erm\u00f6glichen, unbegrenzt viele Videoclips aus verschiedenen Quellen anzusehen. Sie k\u00f6nnen durch Hunderte von Videos bl\u00e4ttern und sie sogar herunterladen, um sie sp\u00e4ter offline anzusehen. Das Beste daran ist, dass Sie die Videos direkt auf Ihren Computer, Ihr Tablet oder Ihr Smartphone streamen k\u00f6nnen.<\/p>\n<p>Diese Seiten sind perfekt f\u00fcr alle, die ihre sexuelle Seite auf <a href=\"https:\/\/www.free-adult-cams.com\/de\/private-webcam-shows\/\">webcam shows<\/a> erkunden wollen, ohne daf\u00fcr Geld auszugeben. Es ist ganz einfach, sich anzumelden und sofort mit dem Ansehen von Videos zu beginnen. Es gibt keine Mitgliedsbeitr\u00e4ge oder versteckten Kosten, und Sie k\u00f6nnen den Dienst v\u00f6llig kostenlos nutzen.<\/p>\n","protected":false},"excerpt":{"rendered":"<p>Dating-Apps werden bei Singles, die online nach Liebe suchen, immer beliebter. Diese Apps erm\u00f6glichen es den Nutzern, sich mit anderen<\/p>\n","protected":false},"author":1,"featured_media":113,"parent":0,"menu_order":0,"comment_status":"closed","ping_status":"closed","template":"","meta":[],"yoast_head":"<!-- This site is optimized with the Yoast SEO plugin v19.1 - https:\/\/yoast.com\/wordpress\/plugins\/seo\/ -->\n<title>Kostenlose lokale Hookups - Swallow Reviews<\/title>\n<meta name=\"robots\" content=\"index, follow, max-snippet:-1, max-image-preview:large, max-video-preview:-1\" \/>\n<link rel=\"canonical\" href=\"http:\/\/swallowdaily.com\/de\/kostenlose-lokale-hookups\/\" \/>\n<meta property=\"og:locale\" content=\"de_DE\" \/>\n<meta property=\"og:type\" content=\"article\" \/>\n<meta property=\"og:title\" content=\"Kostenlose lokale Hookups - Swallow Reviews\" \/>\n<meta property=\"og:description\" content=\"Dating-Apps werden bei Singles, die online nach Liebe suchen, immer beliebter. Diese Apps erm\u00f6glichen es den Nutzern, sich mit anderen\" \/>\n<meta property=\"og:url\" content=\"http:\/\/swallowdaily.com\/de\/kostenlose-lokale-hookups\/\" \/>\n<meta property=\"og:site_name\" content=\"Swallow Reviews\" \/>\n<meta property=\"article:modified_time\" content=\"2022-07-20T17:03:28+00:00\" \/>\n<meta property=\"og:image\" content=\"http:\/\/swallowdaily.com\/wp-content\/uploads\/2022\/06\/adult-dating-websites.jpeg\" \/>\n\t<meta property=\"og:image:width\" content=\"1600\" \/>\n\t<meta property=\"og:image:height\" content=\"2400\" \/>\n\t<meta property=\"og:image:type\" content=\"image\/jpeg\" \/>\n<meta name=\"twitter:card\" content=\"summary_large_image\" \/>\n<meta name=\"twitter:label1\" content=\"Gesch\u00e4tzte Lesezeit\" \/>\n\t<meta name=\"twitter:data1\" content=\"2\u00a0Minuten\" \/>\n<script type=\"application\/ld+json\" class=\"yoast-schema-graph\">{\"@context\":\"https:\/\/schema.org\",\"@graph\":[{\"@type\":\"WebSite\",\"@id\":\"https:\/\/swallowdaily.com\/#website\",\"url\":\"https:\/\/swallowdaily.com\/\",\"name\":\"Swallow Reviews\",\"description\":\"Online-Kupplungsf\u00fchrer\",\"potentialAction\":[{\"@type\":\"SearchAction\",\"target\":{\"@type\":\"EntryPoint\",\"urlTemplate\":\"https:\/\/swallowdaily.com\/?s={search_term_string}\"},\"query-input\":\"required name=search_term_string\"}],\"inLanguage\":\"de\"},{\"@type\":\"ImageObject\",\"inLanguage\":\"de\",\"@id\":\"http:\/\/swallowdaily.com\/de\/kostenlose-lokale-hookups\/#primaryimage\",\"url\":\"http:\/\/swallowdaily.com\/wp-content\/uploads\/2022\/06\/adult-dating-websites.jpeg\",\"contentUrl\":\"http:\/\/swallowdaily.com\/wp-content\/uploads\/2022\/06\/adult-dating-websites.jpeg\",\"width\":1600,\"height\":2400},{\"@type\":\"WebPage\",\"@id\":\"http:\/\/swallowdaily.com\/de\/kostenlose-lokale-hookups\/#webpage\",\"url\":\"http:\/\/swallowdaily.com\/de\/kostenlose-lokale-hookups\/\",\"name\":\"Kostenlose lokale Hookups - Swallow Reviews\",\"isPartOf\":{\"@id\":\"https:\/\/swallowdaily.com\/#website\"},\"primaryImageOfPage\":{\"@id\":\"http:\/\/swallowdaily.com\/de\/kostenlose-lokale-hookups\/#primaryimage\"},\"datePublished\":\"2022-06-27T14:49:22+00:00\",\"dateModified\":\"2022-07-20T17:03:28+00:00\",\"breadcrumb\":{\"@id\":\"http:\/\/swallowdaily.com\/de\/kostenlose-lokale-hookups\/#breadcrumb\"},\"inLanguage\":\"de\",\"potentialAction\":[{\"@type\":\"ReadAction\",\"target\":[\"http:\/\/swallowdaily.com\/de\/kostenlose-lokale-hookups\/\"]}]},{\"@type\":\"BreadcrumbList\",\"@id\":\"http:\/\/swallowdaily.com\/de\/kostenlose-lokale-hookups\/#breadcrumb\",\"itemListElement\":[{\"@type\":\"ListItem\",\"position\":1,\"name\":\"Startseite\",\"item\":\"http:\/\/swallowdaily.com\/de\/\"},{\"@type\":\"ListItem\",\"position\":2,\"name\":\"Kostenlose lokale Hookups\"}]}]}<\/script>\n<!-- \/ Yoast SEO plugin. -->","yoast_head_json":{"title":"Kostenlose lokale Hookups - Swallow Reviews","robots":{"index":"index","follow":"follow","max-snippet":"max-snippet:-1","max-image-preview":"max-image-preview:large","max-video-preview":"max-video-preview:-1"},"canonical":"http:\/\/swallowdaily.com\/de\/kostenlose-lokale-hookups\/","og_locale":"de_DE","og_type":"article","og_title":"Kostenlose lokale Hookups - Swallow Reviews","og_description":"Dating-Apps werden bei Singles, die online nach Liebe suchen, immer beliebter. Diese Apps erm\u00f6glichen es den Nutzern, sich mit anderen","og_url":"http:\/\/swallowdaily.com\/de\/kostenlose-lokale-hookups\/","og_site_name":"Swallow Reviews","article_modified_time":"2022-07-20T17:03:28+00:00","og_image":[{"width":1600,"height":2400,"url":"http:\/\/swallowdaily.com\/wp-content\/uploads\/2022\/06\/adult-dating-websites.jpeg","type":"image\/jpeg"}],"twitter_card":"summary_large_image","twitter_misc":{"Gesch\u00e4tzte Lesezeit":"2\u00a0Minuten"},"schema":{"@context":"https:\/\/schema.org","@graph":[{"@type":"WebSite","@id":"https:\/\/swallowdaily.com\/#website","url":"https:\/\/swallowdaily.com\/","name":"Swallow Reviews","description":"Online-Kupplungsf\u00fchrer","potentialAction":[{"@type":"SearchAction","target":{"@type":"EntryPoint","urlTemplate":"https:\/\/swallowdaily.com\/?s={search_term_string}"},"query-input":"required name=search_term_string"}],"inLanguage":"de"},{"@type":"ImageObject","inLanguage":"de","@id":"http:\/\/swallowdaily.com\/de\/kostenlose-lokale-hookups\/#primaryimage","url":"http:\/\/swallowdaily.com\/wp-content\/uploads\/2022\/06\/adult-dating-websites.jpeg","contentUrl":"http:\/\/swallowdaily.com\/wp-content\/uploads\/2022\/06\/adult-dating-websites.jpeg","width":1600,"height":2400},{"@type":"WebPage","@id":"http:\/\/swallowdaily.com\/de\/kostenlose-lokale-hookups\/#webpage","url":"http:\/\/swallowdaily.com\/de\/kostenlose-lokale-hookups\/","name":"Kostenlose lokale Hookups - Swallow Reviews","isPartOf":{"@id":"https:\/\/swallowdaily.com\/#website"},"primaryImageOfPage":{"@id":"http:\/\/swallowdaily.com\/de\/kostenlose-lokale-hookups\/#primaryimage"},"datePublished":"2022-06-27T14:49:22+00:00","dateModified":"2022-07-20T17:03:28+00:00","breadcrumb":{"@id":"http:\/\/swallowdaily.com\/de\/kostenlose-lokale-hookups\/#breadcrumb"},"inLanguage":"de","potentialAction":[{"@type":"ReadAction","target":["http:\/\/swallowdaily.com\/de\/kostenlose-lokale-hookups\/"]}]},{"@type":"BreadcrumbList","@id":"http:\/\/swallowdaily.com\/de\/kostenlose-lokale-hookups\/#breadcrumb","itemListElement":[{"@type":"ListItem","position":1,"name":"Startseite","item":"http:\/\/swallowdaily.com\/de\/"},{"@type":"ListItem","position":2,"name":"Kostenlose lokale Hookups"}]}]}},"_links":{"self":[{"href":"http:\/\/swallowdaily.com\/de\/wp-json\/wp\/v2\/pages\/183"}],"collection":[{"href":"http:\/\/swallowdaily.com\/de\/wp-json\/wp\/v2\/pages"}],"about":[{"href":"http:\/\/swallowdaily.com\/de\/wp-json\/wp\/v2\/types\/page"}],"author":[{"embeddable":true,"href":"http:\/\/swallowdaily.com\/de\/wp-json\/wp\/v2\/users\/1"}],"replies":[{"embeddable":true,"href":"http:\/\/swallowdaily.com\/de\/wp-json\/wp\/v2\/comments?post=183"}],"version-history":[{"count":1,"href":"http:\/\/swallowdaily.com\/de\/wp-json\/wp\/v2\/pages\/183\/revisions"}],"predecessor-version":[{"id":318,"href":"http:\/\/swallowdaily.com\/de\/wp-json\/wp\/v2\/pages\/183\/revisions\/318"}],"wp:featuredmedia":[{"embeddable":true,"href":"http:\/\/swallowdaily.com\/de\/wp-json\/wp\/v2\/media\/113"}],"wp:attachment":[{"href":"http:\/\/swallowdaily.com\/de\/wp-json\/wp\/v2\/media?parent=183"}],"curies":[{"name":"wp","href":"https:\/\/api.w.org\/{rel}","templated":true}]}}