{"id":182,"date":"2022-06-27T15:49:22","date_gmt":"2022-06-27T14:49:22","guid":{"rendered":"http:\/\/swallowdaily.com\/encuentros-locales-gratuitos\/"},"modified":"2022-08-15T17:46:04","modified_gmt":"2022-08-15T16:46:04","slug":"encuentros-locales-gratuitos","status":"publish","type":"page","link":"http:\/\/swallowdaily.com\/es\/encuentros-locales-gratuitos\/","title":{"rendered":"Encuentros locales gratuitos"},"content":{"rendered":"<p>Las aplicaciones de citas son cada vez m\u00e1s populares entre los solteros que buscan el amor en Internet. Estas aplicaciones permiten <a href=\"https:\/\/www.nsadating.net\/es\/juegos-porno-gratis-no-te-registras\/\">simulador de sexo gratis<\/a> a los usuarios conectar con otras personas en funci\u00f3n de su ubicaci\u00f3n, intereses y amigos comunes.<\/p>\n<h2>\u00bfQu\u00e9 aplicaciones de citas funcionan mejor para los solteros?<\/h2>\n<p>Aunque las aplicaciones de citas son c\u00f3modas, tambi\u00e9n pueden ser peligrosas si se utilizan de forma incorrecta. Aseg\u00farate de tener cuidado con qui\u00e9n conoces a trav\u00e9s de <a href=\"http:\/\/swallowdaily.com\/free-sex-hookup-apps\/\">estas aplicaciones<\/a> y de seguir las pautas de seguridad. Por ejemplo, nunca compartas informaci\u00f3n personal, como tu n\u00famero de tel\u00e9fono, direcci\u00f3n o fotos. Adem\u00e1s, evite reunirse con extra\u00f1os en lugares p\u00fablicos y utilice siempre el sentido com\u00fan cuando conozca a alguien nuevo.<\/p>\n<p>Es importante recordar que, aunque las aplicaciones de <a href=\"https:\/\/www.fuck-buddies.net\/es\/contactos-de-sexo-gratis\/\">contactos sexo gratis<\/a> pueden ser divertidas, no est\u00e1n pensadas para sustituir las interacciones cara a cara. En cambio, son una herramienta m\u00e1s que te ayuda a conectar con los dem\u00e1s. As\u00ed que, \u00a1util\u00edzalos sabiamente y disfruta de los beneficios de encontrar el amor en l\u00ednea!<\/p>\n<h2>\u00bfDebe empezar?<\/h2>\n<p>Los sitios de sexo gratuito son cada vez m\u00e1s populares entre los solteros que quieren explorar su sexualidad sin tener que pagar nada por adelantado. Estos sitios ofrecen acceso gratuito a miles de v\u00eddeos con parejas reales practicando sexo caliente.<\/p>\n<p>Hay muchos tipos diferentes de <a href=\"http:\/\/swallowdaily.com\/best-sex-chat-sites\/\">sitios de sexo<\/a> gratis disponibles, incluyendo porno amateur, sexo l\u00e9sbico, sexo gay, sexo fetichista y mucho m\u00e1s. Cada tipo ofrece sus propias ventajas, as\u00ed que si busca algo espec\u00edfico, pruebe a navegar por las categor\u00edas para encontrar exactamente lo que busca.<\/p>\n<p>Una de las mejores cosas de estos sitios es que te permiten ver <a href=\"https:\/\/wank.io\/es\/juegos-porno-gratis-no-te-registras\/\">juego hentai sin registro<\/a> un n\u00famero ilimitado de v\u00eddeos de m\u00faltiples fuentes. Puedes navegar por cientos de v\u00eddeos, e incluso puedes descargarlos para verlos m\u00e1s tarde sin conexi\u00f3n. Lo mejor es que puedes transmitir los v\u00eddeos directamente a tu ordenador, tablet o smartphone.<\/p>\n<p>Estos sitios son perfectos para cualquier persona que quiera explorar su lado sexual sin tener que gastar dinero. Es f\u00e1cil inscribirse y empezar a ver v\u00eddeos inmediatamente. No hay cuotas de afiliaci\u00f3n ni costes ocultos, y puedes disfrutar del servicio de forma totalmente gratuita.<\/p>\n","protected":false},"excerpt":{"rendered":"<p>Las aplicaciones de citas son cada vez m\u00e1s populares entre los solteros que buscan el amor en Internet. Estas aplicaciones<\/p>\n","protected":false},"author":1,"featured_media":116,"parent":0,"menu_order":0,"comment_status":"closed","ping_status":"closed","template":"","meta":[],"yoast_head":"<!-- This site is optimized with the Yoast SEO plugin v19.1 - https:\/\/yoast.com\/wordpress\/plugins\/seo\/ -->\n<title>Encuentros locales gratuitos - Swallow Reviews<\/title>\n<meta name=\"robots\" content=\"index, follow, max-snippet:-1, max-image-preview:large, max-video-preview:-1\" \/>\n<link rel=\"canonical\" href=\"http:\/\/swallowdaily.com\/es\/encuentros-locales-gratuitos\/\" \/>\n<meta property=\"og:locale\" content=\"es_ES\" \/>\n<meta property=\"og:type\" content=\"article\" \/>\n<meta property=\"og:title\" content=\"Encuentros locales gratuitos - Swallow Reviews\" \/>\n<meta property=\"og:description\" content=\"Las aplicaciones de citas son cada vez m\u00e1s populares entre los solteros que buscan el amor en Internet. Estas aplicaciones\" \/>\n<meta property=\"og:url\" content=\"http:\/\/swallowdaily.com\/es\/encuentros-locales-gratuitos\/\" \/>\n<meta property=\"og:site_name\" content=\"Swallow Reviews\" \/>\n<meta property=\"article:modified_time\" content=\"2022-08-15T16:46:04+00:00\" \/>\n<meta property=\"og:image\" content=\"http:\/\/swallowdaily.com\/wp-content\/uploads\/2022\/06\/adult-dating-websites.jpeg\" \/>\n\t<meta property=\"og:image:width\" content=\"1600\" \/>\n\t<meta property=\"og:image:height\" content=\"2400\" \/>\n\t<meta property=\"og:image:type\" content=\"image\/jpeg\" \/>\n<meta name=\"twitter:card\" content=\"summary_large_image\" \/>\n<meta name=\"twitter:label1\" content=\"Tiempo de lectura\" \/>\n\t<meta name=\"twitter:data1\" content=\"2 minutos\" \/>\n<script type=\"application\/ld+json\" class=\"yoast-schema-graph\">{\"@context\":\"https:\/\/schema.org\",\"@graph\":[{\"@type\":\"WebSite\",\"@id\":\"https:\/\/swallowdaily.com\/#website\",\"url\":\"https:\/\/swallowdaily.com\/\",\"name\":\"Swallow Reviews\",\"description\":\"Gu\u00eda para ligar en l\u00ednea\",\"potentialAction\":[{\"@type\":\"SearchAction\",\"target\":{\"@type\":\"EntryPoint\",\"urlTemplate\":\"https:\/\/swallowdaily.com\/?s={search_term_string}\"},\"query-input\":\"required name=search_term_string\"}],\"inLanguage\":\"es\"},{\"@type\":\"ImageObject\",\"inLanguage\":\"es\",\"@id\":\"http:\/\/swallowdaily.com\/es\/encuentros-locales-gratuitos\/#primaryimage\",\"url\":\"http:\/\/swallowdaily.com\/wp-content\/uploads\/2022\/06\/adult-dating-websites.jpeg\",\"contentUrl\":\"http:\/\/swallowdaily.com\/wp-content\/uploads\/2022\/06\/adult-dating-websites.jpeg\",\"width\":1600,\"height\":2400},{\"@type\":\"WebPage\",\"@id\":\"http:\/\/swallowdaily.com\/es\/encuentros-locales-gratuitos\/#webpage\",\"url\":\"http:\/\/swallowdaily.com\/es\/encuentros-locales-gratuitos\/\",\"name\":\"Encuentros locales gratuitos - Swallow Reviews\",\"isPartOf\":{\"@id\":\"https:\/\/swallowdaily.com\/#website\"},\"primaryImageOfPage\":{\"@id\":\"http:\/\/swallowdaily.com\/es\/encuentros-locales-gratuitos\/#primaryimage\"},\"datePublished\":\"2022-06-27T14:49:22+00:00\",\"dateModified\":\"2022-08-15T16:46:04+00:00\",\"breadcrumb\":{\"@id\":\"http:\/\/swallowdaily.com\/es\/encuentros-locales-gratuitos\/#breadcrumb\"},\"inLanguage\":\"es\",\"potentialAction\":[{\"@type\":\"ReadAction\",\"target\":[\"http:\/\/swallowdaily.com\/es\/encuentros-locales-gratuitos\/\"]}]},{\"@type\":\"BreadcrumbList\",\"@id\":\"http:\/\/swallowdaily.com\/es\/encuentros-locales-gratuitos\/#breadcrumb\",\"itemListElement\":[{\"@type\":\"ListItem\",\"position\":1,\"name\":\"Hogar\",\"item\":\"https:\/\/swallowdaily.com\/es\/\"},{\"@type\":\"ListItem\",\"position\":2,\"name\":\"Encuentros locales gratuitos\"}]}]}<\/script>\n<!-- \/ Yoast SEO plugin. -->","yoast_head_json":{"title":"Encuentros locales gratuitos - Swallow Reviews","robots":{"index":"index","follow":"follow","max-snippet":"max-snippet:-1","max-image-preview":"max-image-preview:large","max-video-preview":"max-video-preview:-1"},"canonical":"http:\/\/swallowdaily.com\/es\/encuentros-locales-gratuitos\/","og_locale":"es_ES","og_type":"article","og_title":"Encuentros locales gratuitos - Swallow Reviews","og_description":"Las aplicaciones de citas son cada vez m\u00e1s populares entre los solteros que buscan el amor en Internet. Estas aplicaciones","og_url":"http:\/\/swallowdaily.com\/es\/encuentros-locales-gratuitos\/","og_site_name":"Swallow Reviews","article_modified_time":"2022-08-15T16:46:04+00:00","og_image":[{"width":1600,"height":2400,"url":"http:\/\/swallowdaily.com\/wp-content\/uploads\/2022\/06\/adult-dating-websites.jpeg","type":"image\/jpeg"}],"twitter_card":"summary_large_image","twitter_misc":{"Tiempo de lectura":"2 minutos"},"schema":{"@context":"https:\/\/schema.org","@graph":[{"@type":"WebSite","@id":"https:\/\/swallowdaily.com\/#website","url":"https:\/\/swallowdaily.com\/","name":"Swallow Reviews","description":"Gu\u00eda para ligar en l\u00ednea","potentialAction":[{"@type":"SearchAction","target":{"@type":"EntryPoint","urlTemplate":"https:\/\/swallowdaily.com\/?s={search_term_string}"},"query-input":"required name=search_term_string"}],"inLanguage":"es"},{"@type":"ImageObject","inLanguage":"es","@id":"http:\/\/swallowdaily.com\/es\/encuentros-locales-gratuitos\/#primaryimage","url":"http:\/\/swallowdaily.com\/wp-content\/uploads\/2022\/06\/adult-dating-websites.jpeg","contentUrl":"http:\/\/swallowdaily.com\/wp-content\/uploads\/2022\/06\/adult-dating-websites.jpeg","width":1600,"height":2400},{"@type":"WebPage","@id":"http:\/\/swallowdaily.com\/es\/encuentros-locales-gratuitos\/#webpage","url":"http:\/\/swallowdaily.com\/es\/encuentros-locales-gratuitos\/","name":"Encuentros locales gratuitos - Swallow Reviews","isPartOf":{"@id":"https:\/\/swallowdaily.com\/#website"},"primaryImageOfPage":{"@id":"http:\/\/swallowdaily.com\/es\/encuentros-locales-gratuitos\/#primaryimage"},"datePublished":"2022-06-27T14:49:22+00:00","dateModified":"2022-08-15T16:46:04+00:00","breadcrumb":{"@id":"http:\/\/swallowdaily.com\/es\/encuentros-locales-gratuitos\/#breadcrumb"},"inLanguage":"es","potentialAction":[{"@type":"ReadAction","target":["http:\/\/swallowdaily.com\/es\/encuentros-locales-gratuitos\/"]}]},{"@type":"BreadcrumbList","@id":"http:\/\/swallowdaily.com\/es\/encuentros-locales-gratuitos\/#breadcrumb","itemListElement":[{"@type":"ListItem","position":1,"name":"Hogar","item":"https:\/\/swallowdaily.com\/es\/"},{"@type":"ListItem","position":2,"name":"Encuentros locales gratuitos"}]}]}},"_links":{"self":[{"href":"http:\/\/swallowdaily.com\/es\/wp-json\/wp\/v2\/pages\/182"}],"collection":[{"href":"http:\/\/swallowdaily.com\/es\/wp-json\/wp\/v2\/pages"}],"about":[{"href":"http:\/\/swallowdaily.com\/es\/wp-json\/wp\/v2\/types\/page"}],"author":[{"embeddable":true,"href":"http:\/\/swallowdaily.com\/es\/wp-json\/wp\/v2\/users\/1"}],"replies":[{"embeddable":true,"href":"http:\/\/swallowdaily.com\/es\/wp-json\/wp\/v2\/comments?post=182"}],"version-history":[{"count":1,"href":"http:\/\/swallowdaily.com\/es\/wp-json\/wp\/v2\/pages\/182\/revisions"}],"predecessor-version":[{"id":333,"href":"http:\/\/swallowdaily.com\/es\/wp-json\/wp\/v2\/pages\/182\/revisions\/333"}],"wp:featuredmedia":[{"embeddable":true,"href":"http:\/\/swallowdaily.com\/es\/wp-json\/wp\/v2\/media\/116"}],"wp:attachment":[{"href":"http:\/\/swallowdaily.com\/es\/wp-json\/wp\/v2\/media?parent=182"}],"curies":[{"name":"wp","href":"https:\/\/api.w.org\/{rel}","templated":true}]}}