{"id":164,"date":"2022-06-27T15:59:46","date_gmt":"2022-06-27T14:59:46","guid":{"rendered":"http:\/\/swallowdaily.com\/meilleurs-sites-de-chat-sexuel\/"},"modified":"2022-06-27T15:59:46","modified_gmt":"2022-06-27T14:59:46","slug":"meilleurs-sites-de-chat-sexuel","status":"publish","type":"page","link":"http:\/\/swallowdaily.com\/fr\/meilleurs-sites-de-chat-sexuel\/","title":{"rendered":"Meilleurs sites de chat sexuel"},"content":{"rendered":"<p>Il existe aujourd&rsquo;hui de nombreuses applications de rencontre, mais la plupart d&rsquo;entre elles se concentrent sur la mise en relation de c\u00e9libataires en fonction de leur localisation. Toutefois, si vous recherchez quelque chose de diff\u00e9rent, essayez une application de rencontre qui aide les gens \u00e0 se rencontrer en fonction de leurs int\u00e9r\u00eats.<\/p>\n<h2>Commencer \u00e0 utiliser les salles de chat pour les rencontres<\/h2>\n<p>Les sites de rencontre sont une option populaire pour trouver l&rsquo;amour en ligne. Que vous recherchiez des rencontres occasionnelles ou des relations \u00e0 long terme, ces sites sont un endroit id\u00e9al pour rencontrer quelqu&rsquo;un de sp\u00e9cial.<\/p>\n<p>Alors que la plupart des sites de rencontres offrent une adh\u00e9sion gratuite, d&rsquo;autres font payer des frais pour des fonctionnalit\u00e9s suppl\u00e9mentaires ou des services additionnels. Certains d&rsquo;entre eux incluent la messagerie, le chat vid\u00e9o et d&rsquo;autres avantages. Il est pr\u00e9f\u00e9rable de choisir un site de rencontres en fonction de ce que vous recherchez plut\u00f4t que du seul co\u00fbt.<\/p>\n<h2>Des applications \u00e0 essayer ?<\/h2>\n<p>Le t\u00e9l\u00e9chargement de Hinge est gratuit, mais vous pouvez payer 0,99 $ par mois pour d\u00e9bloquer des fonctionnalit\u00e9s suppl\u00e9mentaires. L&rsquo;application compte plus de 10 millions d&rsquo;utilisateurs actifs dans le monde, ce qui en fait l&rsquo;une des <a href=\"http:\/\/swallowdaily.com\/free-sex-hookup-apps\/\">plus grandes applications de rencontre<\/a> disponibles aujourd&rsquo;hui. Il fonctionne de la m\u00eame mani\u00e8re que les autres sites de rencontre en ligne, mais au lieu de rechercher des correspondances en fonction de l&rsquo;endroit o\u00f9 elles se trouvent, il recherche des connexions sur la base d&rsquo;int\u00e9r\u00eats communs.<\/p>\n<p>Les autres options sont Bumble, Tinder, OkCupid, Match, PlentyOfFish, Zoosk et Coffee Meets Bagel. Chacune de ces applications offre des avantages uniques, il vaut donc la peine de les essayer pour voir laquelle r\u00e9pond le mieux \u00e0 vos besoins.<\/p>\n<p>Certains de ces sites proposent une p\u00e9riode d&rsquo;essai gratuite qui vous permet de tester le service sans avoir \u00e0 payer d&rsquo;avance. D&rsquo;autres vous permettent de parcourir les profils et d&rsquo;envoyer des messages aux membres sans rien payer jusqu&rsquo;\u00e0 ce que vous d\u00e9cidiez de devenir membre.<\/p>\n<h2>Sex Dating Chatrooms<\/h2>\n<p>Les rencontres sexuelles sont devenues de plus en plus populaires ces derni\u00e8res ann\u00e9es, notamment chez les mill\u00e9niaux. Il n&rsquo;est pas surprenant que de nombreuses personnes se tournent vers les plateformes en ligne pour rencontrer d&rsquo;autres personnes partageant les m\u00eames int\u00e9r\u00eats.<\/p>\n<p>Il existe aujourd&rsquo;hui de nombreux <a href=\"http:\/\/swallowdaily.com\/free-sex-sites\/\">sites de rencontres sexuelles<\/a>, mais la plupart d&rsquo;entre eux sont payants. Heureusement, il existe des alternatives gratuites qui vous permettent d&rsquo;entrer en contact avec d&rsquo;autres c\u00e9libataires sans avoir \u00e0 payer quoi que ce soit au d\u00e9part.<\/p>\n<p>L&rsquo;une des meilleures options est Bumble, qui permet aux femmes d&rsquo;engager des conversations avec des hommes. L&rsquo;application utilise un syst\u00e8me o\u00f9 les deux parties doivent approuver les messages de l&rsquo;autre avant de commencer \u00e0 chatter. Cela signifie que vous pouvez envoyer des messages \u00e0 des partenaires potentiels sans craindre d&rsquo;\u00eatre rejet\u00e9.<\/p>\n<p>Parmi les autres applications gratuites de rencontres sexuelles figurent Tinder, OkCupid et Grindr. Chaque plateforme fonctionne diff\u00e9remment, alors essayez-les pour voir laquelle r\u00e9pond le mieux \u00e0 vos besoins.<\/p>\n","protected":false},"excerpt":{"rendered":"<p>Il existe aujourd&rsquo;hui de nombreuses applications de rencontre, mais la plupart d&rsquo;entre elles se concentrent sur la mise en relation<\/p>\n","protected":false},"author":1,"featured_media":119,"parent":0,"menu_order":0,"comment_status":"closed","ping_status":"closed","template":"","meta":[],"yoast_head":"<!-- This site is optimized with the Yoast SEO plugin v19.1 - https:\/\/yoast.com\/wordpress\/plugins\/seo\/ -->\n<title>Meilleurs sites de chat sexuel - Swallow Reviews<\/title>\n<meta name=\"robots\" content=\"index, follow, max-snippet:-1, max-image-preview:large, max-video-preview:-1\" \/>\n<link rel=\"canonical\" href=\"http:\/\/swallowdaily.com\/fr\/meilleurs-sites-de-chat-sexuel\/\" \/>\n<meta property=\"og:locale\" content=\"fr_FR\" \/>\n<meta property=\"og:type\" content=\"article\" \/>\n<meta property=\"og:title\" content=\"Meilleurs sites de chat sexuel - Swallow Reviews\" \/>\n<meta property=\"og:description\" content=\"Il existe aujourd&rsquo;hui de nombreuses applications de rencontre, mais la plupart d&rsquo;entre elles se concentrent sur la mise en relation\" \/>\n<meta property=\"og:url\" content=\"http:\/\/swallowdaily.com\/fr\/meilleurs-sites-de-chat-sexuel\/\" \/>\n<meta property=\"og:site_name\" content=\"Swallow Reviews\" \/>\n<meta property=\"og:image\" content=\"http:\/\/swallowdaily.com\/wp-content\/uploads\/2022\/06\/love-dolls.jpeg\" \/>\n\t<meta property=\"og:image:width\" content=\"1125\" \/>\n\t<meta property=\"og:image:height\" content=\"750\" \/>\n\t<meta property=\"og:image:type\" content=\"image\/jpeg\" \/>\n<meta name=\"twitter:card\" content=\"summary_large_image\" \/>\n<meta name=\"twitter:label1\" content=\"Dur\u00e9e de lecture estim\u00e9e\" \/>\n\t<meta name=\"twitter:data1\" content=\"3 minutes\" \/>\n<script type=\"application\/ld+json\" class=\"yoast-schema-graph\">{\"@context\":\"https:\/\/schema.org\",\"@graph\":[{\"@type\":\"WebSite\",\"@id\":\"https:\/\/swallowdaily.com\/#website\",\"url\":\"https:\/\/swallowdaily.com\/\",\"name\":\"Swallow Reviews\",\"description\":\"Guide de la drague en ligne\",\"potentialAction\":[{\"@type\":\"SearchAction\",\"target\":{\"@type\":\"EntryPoint\",\"urlTemplate\":\"https:\/\/swallowdaily.com\/?s={search_term_string}\"},\"query-input\":\"required name=search_term_string\"}],\"inLanguage\":\"fr-FR\"},{\"@type\":\"ImageObject\",\"inLanguage\":\"fr-FR\",\"@id\":\"http:\/\/swallowdaily.com\/fr\/meilleurs-sites-de-chat-sexuel\/#primaryimage\",\"url\":\"http:\/\/swallowdaily.com\/wp-content\/uploads\/2022\/06\/love-dolls.jpeg\",\"contentUrl\":\"http:\/\/swallowdaily.com\/wp-content\/uploads\/2022\/06\/love-dolls.jpeg\",\"width\":1125,\"height\":750},{\"@type\":\"WebPage\",\"@id\":\"http:\/\/swallowdaily.com\/fr\/meilleurs-sites-de-chat-sexuel\/#webpage\",\"url\":\"http:\/\/swallowdaily.com\/fr\/meilleurs-sites-de-chat-sexuel\/\",\"name\":\"Meilleurs sites de chat sexuel - Swallow Reviews\",\"isPartOf\":{\"@id\":\"https:\/\/swallowdaily.com\/#website\"},\"primaryImageOfPage\":{\"@id\":\"http:\/\/swallowdaily.com\/fr\/meilleurs-sites-de-chat-sexuel\/#primaryimage\"},\"datePublished\":\"2022-06-27T14:59:46+00:00\",\"dateModified\":\"2022-06-27T14:59:46+00:00\",\"breadcrumb\":{\"@id\":\"http:\/\/swallowdaily.com\/fr\/meilleurs-sites-de-chat-sexuel\/#breadcrumb\"},\"inLanguage\":\"fr-FR\",\"potentialAction\":[{\"@type\":\"ReadAction\",\"target\":[\"http:\/\/swallowdaily.com\/fr\/meilleurs-sites-de-chat-sexuel\/\"]}]},{\"@type\":\"BreadcrumbList\",\"@id\":\"http:\/\/swallowdaily.com\/fr\/meilleurs-sites-de-chat-sexuel\/#breadcrumb\",\"itemListElement\":[{\"@type\":\"ListItem\",\"position\":1,\"name\":\"domicile\",\"item\":\"http:\/\/swallowdaily.com\/fr\/\"},{\"@type\":\"ListItem\",\"position\":2,\"name\":\"Meilleurs sites de chat sexuel\"}]}]}<\/script>\n<!-- \/ Yoast SEO plugin. -->","yoast_head_json":{"title":"Meilleurs sites de chat sexuel - Swallow Reviews","robots":{"index":"index","follow":"follow","max-snippet":"max-snippet:-1","max-image-preview":"max-image-preview:large","max-video-preview":"max-video-preview:-1"},"canonical":"http:\/\/swallowdaily.com\/fr\/meilleurs-sites-de-chat-sexuel\/","og_locale":"fr_FR","og_type":"article","og_title":"Meilleurs sites de chat sexuel - Swallow Reviews","og_description":"Il existe aujourd&rsquo;hui de nombreuses applications de rencontre, mais la plupart d&rsquo;entre elles se concentrent sur la mise en relation","og_url":"http:\/\/swallowdaily.com\/fr\/meilleurs-sites-de-chat-sexuel\/","og_site_name":"Swallow Reviews","og_image":[{"width":1125,"height":750,"url":"http:\/\/swallowdaily.com\/wp-content\/uploads\/2022\/06\/love-dolls.jpeg","type":"image\/jpeg"}],"twitter_card":"summary_large_image","twitter_misc":{"Dur\u00e9e de lecture estim\u00e9e":"3 minutes"},"schema":{"@context":"https:\/\/schema.org","@graph":[{"@type":"WebSite","@id":"https:\/\/swallowdaily.com\/#website","url":"https:\/\/swallowdaily.com\/","name":"Swallow Reviews","description":"Guide de la drague en ligne","potentialAction":[{"@type":"SearchAction","target":{"@type":"EntryPoint","urlTemplate":"https:\/\/swallowdaily.com\/?s={search_term_string}"},"query-input":"required name=search_term_string"}],"inLanguage":"fr-FR"},{"@type":"ImageObject","inLanguage":"fr-FR","@id":"http:\/\/swallowdaily.com\/fr\/meilleurs-sites-de-chat-sexuel\/#primaryimage","url":"http:\/\/swallowdaily.com\/wp-content\/uploads\/2022\/06\/love-dolls.jpeg","contentUrl":"http:\/\/swallowdaily.com\/wp-content\/uploads\/2022\/06\/love-dolls.jpeg","width":1125,"height":750},{"@type":"WebPage","@id":"http:\/\/swallowdaily.com\/fr\/meilleurs-sites-de-chat-sexuel\/#webpage","url":"http:\/\/swallowdaily.com\/fr\/meilleurs-sites-de-chat-sexuel\/","name":"Meilleurs sites de chat sexuel - Swallow Reviews","isPartOf":{"@id":"https:\/\/swallowdaily.com\/#website"},"primaryImageOfPage":{"@id":"http:\/\/swallowdaily.com\/fr\/meilleurs-sites-de-chat-sexuel\/#primaryimage"},"datePublished":"2022-06-27T14:59:46+00:00","dateModified":"2022-06-27T14:59:46+00:00","breadcrumb":{"@id":"http:\/\/swallowdaily.com\/fr\/meilleurs-sites-de-chat-sexuel\/#breadcrumb"},"inLanguage":"fr-FR","potentialAction":[{"@type":"ReadAction","target":["http:\/\/swallowdaily.com\/fr\/meilleurs-sites-de-chat-sexuel\/"]}]},{"@type":"BreadcrumbList","@id":"http:\/\/swallowdaily.com\/fr\/meilleurs-sites-de-chat-sexuel\/#breadcrumb","itemListElement":[{"@type":"ListItem","position":1,"name":"domicile","item":"http:\/\/swallowdaily.com\/fr\/"},{"@type":"ListItem","position":2,"name":"Meilleurs sites de chat sexuel"}]}]}},"_links":{"self":[{"href":"http:\/\/swallowdaily.com\/fr\/wp-json\/wp\/v2\/pages\/164"}],"collection":[{"href":"http:\/\/swallowdaily.com\/fr\/wp-json\/wp\/v2\/pages"}],"about":[{"href":"http:\/\/swallowdaily.com\/fr\/wp-json\/wp\/v2\/types\/page"}],"author":[{"embeddable":true,"href":"http:\/\/swallowdaily.com\/fr\/wp-json\/wp\/v2\/users\/1"}],"replies":[{"embeddable":true,"href":"http:\/\/swallowdaily.com\/fr\/wp-json\/wp\/v2\/comments?post=164"}],"version-history":[{"count":0,"href":"http:\/\/swallowdaily.com\/fr\/wp-json\/wp\/v2\/pages\/164\/revisions"}],"wp:featuredmedia":[{"embeddable":true,"href":"http:\/\/swallowdaily.com\/fr\/wp-json\/wp\/v2\/media\/119"}],"wp:attachment":[{"href":"http:\/\/swallowdaily.com\/fr\/wp-json\/wp\/v2\/media?parent=164"}],"curies":[{"name":"wp","href":"https:\/\/api.w.org\/{rel}","templated":true}]}}