{"id":177,"date":"2022-06-27T15:44:50","date_gmt":"2022-06-27T14:44:50","guid":{"rendered":"http:\/\/swallowdaily.com\/pourquoi-utiliser-les-applications-de-rencontre\/"},"modified":"2022-06-27T15:44:50","modified_gmt":"2022-06-27T14:44:50","slug":"pourquoi-utiliser-les-applications-de-rencontre","status":"publish","type":"page","link":"http:\/\/swallowdaily.com\/fr\/pourquoi-utiliser-les-applications-de-rencontre\/","title":{"rendered":"Pourquoi utiliser les applications de rencontre"},"content":{"rendered":"<p>Il existe aujourd&rsquo;hui de nombreuses applications de rencontre, mais beaucoup d&rsquo;entre elles ne sont pas tr\u00e8s utiles. En fait, la plupart d&rsquo;entre eux ne font que fournir une plateforme permettant aux gens de se rencontrer sans les aider r\u00e9ellement \u00e0 se connecter.<\/p>\n<p>C&rsquo;est l\u00e0 que les <a href=\"http:\/\/swallowdaily.com\/best-ways-to-meet-for-sex\/\">sites de rencontre en ligne<\/a> entrent en jeu. Ces plateformes permettent aux personnes de cr\u00e9er des profils, de t\u00e9l\u00e9charger des photos et de r\u00e9diger des biographies. Les utilisateurs ont ensuite la possibilit\u00e9 d&rsquo;interagir avec d&rsquo;autres personnes qui partagent les m\u00eames int\u00e9r\u00eats. Le plus int\u00e9ressant est que l&rsquo;adh\u00e9sion \u00e0 ces sites est gratuite, ce qui les rend faciles \u00e0 essayer.<\/p>\n<p>Les sites de rencontres en ligne sont \u00e9galement un endroit id\u00e9al pour rencontrer quelqu&rsquo;un de sp\u00e9cial. Il est beaucoup plus facile d&rsquo;entamer une conversation avec quelqu&rsquo;un si vous \u00eates tous deux sur la m\u00eame application. De plus, comme tout le monde a acc\u00e8s \u00e0 la m\u00eame r\u00e9serve de partenaires potentiels, vous n&rsquo;avez jamais \u00e0 craindre d&rsquo;\u00eatre rejet\u00e9.<\/p>\n<h2>Les applications de rencontre vous aident-elles \u00e0 trouver le sexe ?<\/h2>\n<p>Bien s\u00fbr, les <a href=\"http:\/\/swallowdaily.com\/best-ways-to-meet-for-sex\/\">rencontres en ligne<\/a> pr\u00e9sentent aussi des inconv\u00e9nients. Pour commencer, vous devez vous mettre en avant. Les gens pourront tout voir, de votre photo de profil \u00e0 votre musique pr\u00e9f\u00e9r\u00e9e. Il est donc important de faire un choix judicieux lorsque vous d\u00e9cidez des informations \u00e0 inclure dans votre profil.<\/p>\n<p>Il est \u00e9galement possible que vous finissiez par rencontrer quelqu&rsquo;un qui ne partage pas vos valeurs. Bien que cela puisse sembler effrayant, il n&rsquo;y a vraiment pas de quoi s&rsquo;inqui\u00e9ter. Les sites de rencontres en ligne sont con\u00e7us pour mettre en relation des personnes sur la base de leurs int\u00e9r\u00eats communs. Vous ne devez donc pas vous attendre \u00e0 trouver quelqu&rsquo;un qui partage vos convictions.<\/p>\n<p>Ainsi, que vous d\u00e9cidiez d&rsquo;utiliser un site de rencontres en ligne ou non, rappelez-vous qu&rsquo;il est toujours important d&rsquo;\u00eatre ouvert aux nouvelles exp\u00e9riences. Et, si jamais vous vous sentez mal \u00e0 l&rsquo;aise, vous pouvez toujours supprimer votre compte.<\/p>\n<p>Il existe aujourd&rsquo;hui un grand nombre d&rsquo;applications de rencontre diff\u00e9rentes, et chacune a ses propres caract\u00e9ristiques. Certains se concentrent sur la compatibilit\u00e9, tandis que d&rsquo;autres vous permettent d&rsquo;entrer en contact avec des personnes en fonction de leur localisation. Il existe \u00e9galement des applications qui proposent les deux options, vous permettant de choisir entre trouver quelqu&rsquo;un \u00e0 proximit\u00e9 ou rencontrer quelqu&rsquo;un qui vit loin.<\/p>\n<p>La plupart des applications de rencontre ont un point commun : elles vous demandent de remplir un profil. Cela permet aux autres utilisateurs d&rsquo;en savoir plus sur vous et vous donne la possibilit\u00e9 de partager des d\u00e9tails sur vous-m\u00eame. Il est important d&rsquo;inclure des informations pr\u00e9cises dans votre profil, notamment votre \u00e2ge, votre taille, votre poids, la couleur de vos cheveux, la couleur de vos yeux et vos centres d&rsquo;int\u00e9r\u00eat.<\/p>\n<h2>Meilleurs sites web pour du sexe rapide<\/h2>\n<p>Apr\u00e8s avoir rempli votre profil, vous voudrez ajouter des photos de vous. Le meilleur moyen de le faire est de t\u00e9l\u00e9charger des photos depuis votre t\u00e9l\u00e9phone ou votre ordinateur. Veillez \u00e0 choisir une photo qui met en valeur vos meilleurs atouts et \u00e9vitez les selfies. Essayez \u00e9galement d&rsquo;\u00e9viter de t\u00e9l\u00e9charger trop de photos \u00e0 la fois. Au lieu de cela, choisissez-en quelques-uns et modifiez-les jusqu&rsquo;\u00e0 ce que vous trouviez ceux qui sont parfaits.<\/p>\n<p>Une fois que vous avez t\u00e9l\u00e9charg\u00e9 vos photos, vous devez cr\u00e9er une photo de couverture. Les photos de couverture sont g\u00e9n\u00e9ralement de grandes images carr\u00e9es qui apparaissent en haut de votre profil. Ils sont utilis\u00e9s pour vous repr\u00e9senter en ligne et donner aux partenaires potentiels un aper\u00e7u de votre personnalit\u00e9.<\/p>\n<p>Ensuite, vous devrez r\u00e9diger une courte biographie. C&rsquo;est ici que vous indiquez aux gens pourquoi vous souhaitez entrer en contact avec eux. Mentionnez vos passe-temps ou vos centres d&rsquo;int\u00e9r\u00eat et d\u00e9crivez-vous de mani\u00e8re positive. \u00c9vitez de faire des d\u00e9clarations n\u00e9gatives sur vous-m\u00eame ou d&rsquo;\u00eatre trop critique.<\/p>\n<p>Maintenant que vous avez r\u00e9dig\u00e9 une excellente biographie, vous devez remplir enti\u00e8rement votre profil. Ajoutez autant de d\u00e9tails que possible. Soyez honn\u00eate et ouvert sur vous-m\u00eame et votre vie. Ne vous inqui\u00e9tez pas si vous ne savez pas encore tout sur vous ; vous pourrez toujours mettre \u00e0 jour votre profil plus tard.<\/p>\n<p>La derni\u00e8re \u00e9tape consiste \u00e0 ajouter quelques filtres \u00e0 votre application. Les filtres vous permettent de restreindre vos correspondances en fonction de crit\u00e8res sp\u00e9cifiques. Par exemple, vous pouvez ne faire correspondre que les personnes situ\u00e9es \u00e0 une certaine distance ou partageant des int\u00e9r\u00eats similaires.<\/p>\n<p>Une fois ces \u00e9tapes franchies, vous serez pr\u00eat \u00e0 commencer \u00e0 rechercher de nouvelles connexions. Bonne chance !<\/p>\n","protected":false},"excerpt":{"rendered":"<p>Il existe aujourd&rsquo;hui de nombreuses applications de rencontre, mais beaucoup d&rsquo;entre elles ne sont pas tr\u00e8s utiles. En fait, la<\/p>\n","protected":false},"author":1,"featured_media":84,"parent":0,"menu_order":0,"comment_status":"closed","ping_status":"closed","template":"","meta":[],"yoast_head":"<!-- This site is optimized with the Yoast SEO plugin v19.1 - https:\/\/yoast.com\/wordpress\/plugins\/seo\/ -->\n<title>Pourquoi utiliser les applications de rencontre - Swallow Reviews<\/title>\n<meta name=\"robots\" content=\"index, follow, max-snippet:-1, max-image-preview:large, max-video-preview:-1\" \/>\n<link rel=\"canonical\" href=\"http:\/\/swallowdaily.com\/fr\/pourquoi-utiliser-les-applications-de-rencontre\/\" \/>\n<meta property=\"og:locale\" content=\"fr_FR\" \/>\n<meta property=\"og:type\" content=\"article\" \/>\n<meta property=\"og:title\" content=\"Pourquoi utiliser les applications de rencontre - Swallow Reviews\" \/>\n<meta property=\"og:description\" content=\"Il existe aujourd&rsquo;hui de nombreuses applications de rencontre, mais beaucoup d&rsquo;entre elles ne sont pas tr\u00e8s utiles. En fait, la\" \/>\n<meta property=\"og:url\" content=\"http:\/\/swallowdaily.com\/fr\/pourquoi-utiliser-les-applications-de-rencontre\/\" \/>\n<meta property=\"og:site_name\" content=\"Swallow Reviews\" \/>\n<meta property=\"og:image\" content=\"http:\/\/swallowdaily.com\/wp-content\/uploads\/2022\/06\/love-dating-sites.jpeg\" \/>\n\t<meta property=\"og:image:width\" content=\"1125\" \/>\n\t<meta property=\"og:image:height\" content=\"750\" \/>\n\t<meta property=\"og:image:type\" content=\"image\/jpeg\" \/>\n<meta name=\"twitter:card\" content=\"summary_large_image\" \/>\n<meta name=\"twitter:label1\" content=\"Dur\u00e9e de lecture estim\u00e9e\" \/>\n\t<meta name=\"twitter:data1\" content=\"4 minutes\" \/>\n<script type=\"application\/ld+json\" class=\"yoast-schema-graph\">{\"@context\":\"https:\/\/schema.org\",\"@graph\":[{\"@type\":\"WebSite\",\"@id\":\"https:\/\/swallowdaily.com\/#website\",\"url\":\"https:\/\/swallowdaily.com\/\",\"name\":\"Swallow Reviews\",\"description\":\"Guide de la drague en ligne\",\"potentialAction\":[{\"@type\":\"SearchAction\",\"target\":{\"@type\":\"EntryPoint\",\"urlTemplate\":\"https:\/\/swallowdaily.com\/?s={search_term_string}\"},\"query-input\":\"required name=search_term_string\"}],\"inLanguage\":\"fr-FR\"},{\"@type\":\"ImageObject\",\"inLanguage\":\"fr-FR\",\"@id\":\"http:\/\/swallowdaily.com\/fr\/pourquoi-utiliser-les-applications-de-rencontre\/#primaryimage\",\"url\":\"http:\/\/swallowdaily.com\/wp-content\/uploads\/2022\/06\/love-dating-sites.jpeg\",\"contentUrl\":\"http:\/\/swallowdaily.com\/wp-content\/uploads\/2022\/06\/love-dating-sites.jpeg\",\"width\":1125,\"height\":750},{\"@type\":\"WebPage\",\"@id\":\"http:\/\/swallowdaily.com\/fr\/pourquoi-utiliser-les-applications-de-rencontre\/#webpage\",\"url\":\"http:\/\/swallowdaily.com\/fr\/pourquoi-utiliser-les-applications-de-rencontre\/\",\"name\":\"Pourquoi utiliser les applications de rencontre - Swallow Reviews\",\"isPartOf\":{\"@id\":\"https:\/\/swallowdaily.com\/#website\"},\"primaryImageOfPage\":{\"@id\":\"http:\/\/swallowdaily.com\/fr\/pourquoi-utiliser-les-applications-de-rencontre\/#primaryimage\"},\"datePublished\":\"2022-06-27T14:44:50+00:00\",\"dateModified\":\"2022-06-27T14:44:50+00:00\",\"breadcrumb\":{\"@id\":\"http:\/\/swallowdaily.com\/fr\/pourquoi-utiliser-les-applications-de-rencontre\/#breadcrumb\"},\"inLanguage\":\"fr-FR\",\"potentialAction\":[{\"@type\":\"ReadAction\",\"target\":[\"http:\/\/swallowdaily.com\/fr\/pourquoi-utiliser-les-applications-de-rencontre\/\"]}]},{\"@type\":\"BreadcrumbList\",\"@id\":\"http:\/\/swallowdaily.com\/fr\/pourquoi-utiliser-les-applications-de-rencontre\/#breadcrumb\",\"itemListElement\":[{\"@type\":\"ListItem\",\"position\":1,\"name\":\"domicile\",\"item\":\"http:\/\/swallowdaily.com\/fr\/\"},{\"@type\":\"ListItem\",\"position\":2,\"name\":\"Pourquoi utiliser les applications de rencontre\"}]}]}<\/script>\n<!-- \/ Yoast SEO plugin. -->","yoast_head_json":{"title":"Pourquoi utiliser les applications de rencontre - Swallow Reviews","robots":{"index":"index","follow":"follow","max-snippet":"max-snippet:-1","max-image-preview":"max-image-preview:large","max-video-preview":"max-video-preview:-1"},"canonical":"http:\/\/swallowdaily.com\/fr\/pourquoi-utiliser-les-applications-de-rencontre\/","og_locale":"fr_FR","og_type":"article","og_title":"Pourquoi utiliser les applications de rencontre - Swallow Reviews","og_description":"Il existe aujourd&rsquo;hui de nombreuses applications de rencontre, mais beaucoup d&rsquo;entre elles ne sont pas tr\u00e8s utiles. En fait, la","og_url":"http:\/\/swallowdaily.com\/fr\/pourquoi-utiliser-les-applications-de-rencontre\/","og_site_name":"Swallow Reviews","og_image":[{"width":1125,"height":750,"url":"http:\/\/swallowdaily.com\/wp-content\/uploads\/2022\/06\/love-dating-sites.jpeg","type":"image\/jpeg"}],"twitter_card":"summary_large_image","twitter_misc":{"Dur\u00e9e de lecture estim\u00e9e":"4 minutes"},"schema":{"@context":"https:\/\/schema.org","@graph":[{"@type":"WebSite","@id":"https:\/\/swallowdaily.com\/#website","url":"https:\/\/swallowdaily.com\/","name":"Swallow Reviews","description":"Guide de la drague en ligne","potentialAction":[{"@type":"SearchAction","target":{"@type":"EntryPoint","urlTemplate":"https:\/\/swallowdaily.com\/?s={search_term_string}"},"query-input":"required name=search_term_string"}],"inLanguage":"fr-FR"},{"@type":"ImageObject","inLanguage":"fr-FR","@id":"http:\/\/swallowdaily.com\/fr\/pourquoi-utiliser-les-applications-de-rencontre\/#primaryimage","url":"http:\/\/swallowdaily.com\/wp-content\/uploads\/2022\/06\/love-dating-sites.jpeg","contentUrl":"http:\/\/swallowdaily.com\/wp-content\/uploads\/2022\/06\/love-dating-sites.jpeg","width":1125,"height":750},{"@type":"WebPage","@id":"http:\/\/swallowdaily.com\/fr\/pourquoi-utiliser-les-applications-de-rencontre\/#webpage","url":"http:\/\/swallowdaily.com\/fr\/pourquoi-utiliser-les-applications-de-rencontre\/","name":"Pourquoi utiliser les applications de rencontre - Swallow Reviews","isPartOf":{"@id":"https:\/\/swallowdaily.com\/#website"},"primaryImageOfPage":{"@id":"http:\/\/swallowdaily.com\/fr\/pourquoi-utiliser-les-applications-de-rencontre\/#primaryimage"},"datePublished":"2022-06-27T14:44:50+00:00","dateModified":"2022-06-27T14:44:50+00:00","breadcrumb":{"@id":"http:\/\/swallowdaily.com\/fr\/pourquoi-utiliser-les-applications-de-rencontre\/#breadcrumb"},"inLanguage":"fr-FR","potentialAction":[{"@type":"ReadAction","target":["http:\/\/swallowdaily.com\/fr\/pourquoi-utiliser-les-applications-de-rencontre\/"]}]},{"@type":"BreadcrumbList","@id":"http:\/\/swallowdaily.com\/fr\/pourquoi-utiliser-les-applications-de-rencontre\/#breadcrumb","itemListElement":[{"@type":"ListItem","position":1,"name":"domicile","item":"http:\/\/swallowdaily.com\/fr\/"},{"@type":"ListItem","position":2,"name":"Pourquoi utiliser les applications de rencontre"}]}]}},"_links":{"self":[{"href":"http:\/\/swallowdaily.com\/fr\/wp-json\/wp\/v2\/pages\/177"}],"collection":[{"href":"http:\/\/swallowdaily.com\/fr\/wp-json\/wp\/v2\/pages"}],"about":[{"href":"http:\/\/swallowdaily.com\/fr\/wp-json\/wp\/v2\/types\/page"}],"author":[{"embeddable":true,"href":"http:\/\/swallowdaily.com\/fr\/wp-json\/wp\/v2\/users\/1"}],"replies":[{"embeddable":true,"href":"http:\/\/swallowdaily.com\/fr\/wp-json\/wp\/v2\/comments?post=177"}],"version-history":[{"count":0,"href":"http:\/\/swallowdaily.com\/fr\/wp-json\/wp\/v2\/pages\/177\/revisions"}],"wp:featuredmedia":[{"embeddable":true,"href":"http:\/\/swallowdaily.com\/fr\/wp-json\/wp\/v2\/media\/84"}],"wp:attachment":[{"href":"http:\/\/swallowdaily.com\/fr\/wp-json\/wp\/v2\/media?parent=177"}],"curies":[{"name":"wp","href":"https:\/\/api.w.org\/{rel}","templated":true}]}}