{"id":178,"date":"2022-06-27T15:44:56","date_gmt":"2022-06-27T14:44:56","guid":{"rendered":"http:\/\/swallowdaily.com\/sites-de-sexe-gratuits\/"},"modified":"2022-06-27T15:44:56","modified_gmt":"2022-06-27T14:44:56","slug":"sites-de-sexe-gratuits","status":"publish","type":"page","link":"http:\/\/swallowdaily.com\/fr\/sites-de-sexe-gratuits\/","title":{"rendered":"Sites de sexe gratuits"},"content":{"rendered":"<p>Les sites de sexe gratuits sont de plus en plus populaires aupr\u00e8s des c\u00e9libataires qui recherchent des rencontres occasionnelles. Ces sites offrent un acc\u00e8s gratuit aux membres, leur permettant de parcourir les profils et d&rsquo;envoyer des messages sans avoir \u00e0 payer quoi que ce soit au d\u00e9part.<\/p>\n<p>Il existe de nombreux types de sites de sexe gratuits, y compris ceux qui se concentrent sur des niches sp\u00e9cifiques comme l&rsquo;\u00e9changisme, le BDSM, le f\u00e9tichisme, etc. Certains de ces sites permettent aux membres de t\u00e9l\u00e9charger des photos et des vid\u00e9os, tandis que d&rsquo;autres leur demandent de fournir des descriptions textuelles.<\/p>\n<p>Certains sites de sexe gratuits comprennent \u00e9galement des salons de discussion o\u00f9 les membres peuvent interagir entre eux. En plus de chatter, les membres peuvent partager des informations personnelles telles que leurs int\u00e9r\u00eats, leurs hobbies et leurs fantasmes sexuels.<\/p>\n<p>Si la plupart des sites de sexe gratuits sont enti\u00e8rement gratuits, certains font payer un petit montant pour acc\u00e9der \u00e0 des fonctions suppl\u00e9mentaires. Par exemple, certains sites permettent aux membres de cr\u00e9er des groupes priv\u00e9s et d&rsquo;envoyer directement des messages aux autres membres. D&rsquo;autres proposent des options d&rsquo;adh\u00e9sion payantes qui permettent aux membres de contacter d&rsquo;autres membres en dehors du site.<\/p>\n<h2>Pourquoi vous devriez utiliser les applications de rencontres sexuelles<\/h2>\n<p>Pour attirer davantage de visiteurs, les sites de sexe gratuits disposent g\u00e9n\u00e9ralement de grandes bases de donn\u00e9es de membres et d&rsquo;interfaces conviviales. Nombre de ces sites proposent \u00e9galement des versions mobiles, ce qui permet d&rsquo;acc\u00e9der facilement au site depuis n&rsquo;importe o\u00f9.<\/p>\n<p>Avec autant d&rsquo;avantages, il n&rsquo;est pas \u00e9tonnant que les sites de sexe gratuit gagnent en popularit\u00e9.<\/p>\n<p>Les sites de sexe gratuits sont un excellent moyen de rencontrer de nouvelles personnes partageant des int\u00e9r\u00eats similaires. Il existe de nombreux types de sites de sexe gratuits, notamment les sites de cam, les salons de chat pour adultes et les sites de rencontres.<\/p>\n<p>Certains de ces sites proposent une p\u00e9riode d&rsquo;essai gratuite qui vous permet de tester le service sans avoir \u00e0 payer d&rsquo;avance. D&rsquo;autres vous permettent de parcourir les profils et d&rsquo;envoyer des messages aux membres sans rien payer jusqu&rsquo;\u00e0 ce que vous d\u00e9cidiez de devenir membre.<\/p>\n<h3>Restez en s\u00e9curit\u00e9<\/h3>\n<p>Que vous choisissiez de rejoindre un site de sexe payant ou gratuit, n&rsquo;oubliez pas de toujours faire preuve de prudence lorsque vous naviguez. Veillez \u00e0 respecter les consignes de s\u00e9curit\u00e9 et \u00e0 ne jamais donner d&rsquo;informations personnelles. En outre, si vous vous sentez mal \u00e0 l&rsquo;aise, vous pouvez toujours emp\u00eacher quelqu&rsquo;un de vous contacter.<\/p>\n","protected":false},"excerpt":{"rendered":"<p>Les sites de sexe gratuits sont de plus en plus populaires aupr\u00e8s des c\u00e9libataires qui recherchent des rencontres occasionnelles. Ces<\/p>\n","protected":false},"author":1,"featured_media":98,"parent":0,"menu_order":0,"comment_status":"closed","ping_status":"closed","template":"","meta":[],"yoast_head":"<!-- This site is optimized with the Yoast SEO plugin v19.1 - https:\/\/yoast.com\/wordpress\/plugins\/seo\/ -->\n<title>Sites de sexe gratuits - Swallow Reviews<\/title>\n<meta name=\"robots\" content=\"index, follow, max-snippet:-1, max-image-preview:large, max-video-preview:-1\" \/>\n<link rel=\"canonical\" href=\"http:\/\/swallowdaily.com\/fr\/sites-de-sexe-gratuits\/\" \/>\n<meta property=\"og:locale\" content=\"fr_FR\" \/>\n<meta property=\"og:type\" content=\"article\" \/>\n<meta property=\"og:title\" content=\"Sites de sexe gratuits - Swallow Reviews\" \/>\n<meta property=\"og:description\" content=\"Les sites de sexe gratuits sont de plus en plus populaires aupr\u00e8s des c\u00e9libataires qui recherchent des rencontres occasionnelles. Ces\" \/>\n<meta property=\"og:url\" content=\"http:\/\/swallowdaily.com\/fr\/sites-de-sexe-gratuits\/\" \/>\n<meta property=\"og:site_name\" content=\"Swallow Reviews\" \/>\n<meta name=\"twitter:card\" content=\"summary_large_image\" \/>\n<meta name=\"twitter:image\" content=\"http:\/\/swallowdaily.com\/wp-content\/uploads\/2022\/06\/dating-apps-online.webp\" \/>\n<meta name=\"twitter:label1\" content=\"Dur\u00e9e de lecture estim\u00e9e\" \/>\n\t<meta name=\"twitter:data1\" content=\"2 minutes\" \/>\n<script type=\"application\/ld+json\" class=\"yoast-schema-graph\">{\"@context\":\"https:\/\/schema.org\",\"@graph\":[{\"@type\":\"WebSite\",\"@id\":\"https:\/\/swallowdaily.com\/#website\",\"url\":\"https:\/\/swallowdaily.com\/\",\"name\":\"Swallow Reviews\",\"description\":\"Guide de la drague en ligne\",\"potentialAction\":[{\"@type\":\"SearchAction\",\"target\":{\"@type\":\"EntryPoint\",\"urlTemplate\":\"https:\/\/swallowdaily.com\/?s={search_term_string}\"},\"query-input\":\"required name=search_term_string\"}],\"inLanguage\":\"fr-FR\"},{\"@type\":\"ImageObject\",\"inLanguage\":\"fr-FR\",\"@id\":\"http:\/\/swallowdaily.com\/fr\/sites-de-sexe-gratuits\/#primaryimage\",\"url\":\"http:\/\/swallowdaily.com\/wp-content\/uploads\/2022\/06\/dating-apps-online.webp\",\"contentUrl\":\"http:\/\/swallowdaily.com\/wp-content\/uploads\/2022\/06\/dating-apps-online.webp\",\"width\":1600,\"height\":1067},{\"@type\":\"WebPage\",\"@id\":\"http:\/\/swallowdaily.com\/fr\/sites-de-sexe-gratuits\/#webpage\",\"url\":\"http:\/\/swallowdaily.com\/fr\/sites-de-sexe-gratuits\/\",\"name\":\"Sites de sexe gratuits - Swallow Reviews\",\"isPartOf\":{\"@id\":\"https:\/\/swallowdaily.com\/#website\"},\"primaryImageOfPage\":{\"@id\":\"http:\/\/swallowdaily.com\/fr\/sites-de-sexe-gratuits\/#primaryimage\"},\"datePublished\":\"2022-06-27T14:44:56+00:00\",\"dateModified\":\"2022-06-27T14:44:56+00:00\",\"breadcrumb\":{\"@id\":\"http:\/\/swallowdaily.com\/fr\/sites-de-sexe-gratuits\/#breadcrumb\"},\"inLanguage\":\"fr-FR\",\"potentialAction\":[{\"@type\":\"ReadAction\",\"target\":[\"http:\/\/swallowdaily.com\/fr\/sites-de-sexe-gratuits\/\"]}]},{\"@type\":\"BreadcrumbList\",\"@id\":\"http:\/\/swallowdaily.com\/fr\/sites-de-sexe-gratuits\/#breadcrumb\",\"itemListElement\":[{\"@type\":\"ListItem\",\"position\":1,\"name\":\"domicile\",\"item\":\"http:\/\/swallowdaily.com\/fr\/\"},{\"@type\":\"ListItem\",\"position\":2,\"name\":\"Sites de sexe gratuits\"}]}]}<\/script>\n<!-- \/ Yoast SEO plugin. -->","yoast_head_json":{"title":"Sites de sexe gratuits - Swallow Reviews","robots":{"index":"index","follow":"follow","max-snippet":"max-snippet:-1","max-image-preview":"max-image-preview:large","max-video-preview":"max-video-preview:-1"},"canonical":"http:\/\/swallowdaily.com\/fr\/sites-de-sexe-gratuits\/","og_locale":"fr_FR","og_type":"article","og_title":"Sites de sexe gratuits - Swallow Reviews","og_description":"Les sites de sexe gratuits sont de plus en plus populaires aupr\u00e8s des c\u00e9libataires qui recherchent des rencontres occasionnelles. Ces","og_url":"http:\/\/swallowdaily.com\/fr\/sites-de-sexe-gratuits\/","og_site_name":"Swallow Reviews","twitter_card":"summary_large_image","twitter_image":"http:\/\/swallowdaily.com\/wp-content\/uploads\/2022\/06\/dating-apps-online.webp","twitter_misc":{"Dur\u00e9e de lecture estim\u00e9e":"2 minutes"},"schema":{"@context":"https:\/\/schema.org","@graph":[{"@type":"WebSite","@id":"https:\/\/swallowdaily.com\/#website","url":"https:\/\/swallowdaily.com\/","name":"Swallow Reviews","description":"Guide de la drague en ligne","potentialAction":[{"@type":"SearchAction","target":{"@type":"EntryPoint","urlTemplate":"https:\/\/swallowdaily.com\/?s={search_term_string}"},"query-input":"required name=search_term_string"}],"inLanguage":"fr-FR"},{"@type":"ImageObject","inLanguage":"fr-FR","@id":"http:\/\/swallowdaily.com\/fr\/sites-de-sexe-gratuits\/#primaryimage","url":"http:\/\/swallowdaily.com\/wp-content\/uploads\/2022\/06\/dating-apps-online.webp","contentUrl":"http:\/\/swallowdaily.com\/wp-content\/uploads\/2022\/06\/dating-apps-online.webp","width":1600,"height":1067},{"@type":"WebPage","@id":"http:\/\/swallowdaily.com\/fr\/sites-de-sexe-gratuits\/#webpage","url":"http:\/\/swallowdaily.com\/fr\/sites-de-sexe-gratuits\/","name":"Sites de sexe gratuits - Swallow Reviews","isPartOf":{"@id":"https:\/\/swallowdaily.com\/#website"},"primaryImageOfPage":{"@id":"http:\/\/swallowdaily.com\/fr\/sites-de-sexe-gratuits\/#primaryimage"},"datePublished":"2022-06-27T14:44:56+00:00","dateModified":"2022-06-27T14:44:56+00:00","breadcrumb":{"@id":"http:\/\/swallowdaily.com\/fr\/sites-de-sexe-gratuits\/#breadcrumb"},"inLanguage":"fr-FR","potentialAction":[{"@type":"ReadAction","target":["http:\/\/swallowdaily.com\/fr\/sites-de-sexe-gratuits\/"]}]},{"@type":"BreadcrumbList","@id":"http:\/\/swallowdaily.com\/fr\/sites-de-sexe-gratuits\/#breadcrumb","itemListElement":[{"@type":"ListItem","position":1,"name":"domicile","item":"http:\/\/swallowdaily.com\/fr\/"},{"@type":"ListItem","position":2,"name":"Sites de sexe gratuits"}]}]}},"_links":{"self":[{"href":"http:\/\/swallowdaily.com\/fr\/wp-json\/wp\/v2\/pages\/178"}],"collection":[{"href":"http:\/\/swallowdaily.com\/fr\/wp-json\/wp\/v2\/pages"}],"about":[{"href":"http:\/\/swallowdaily.com\/fr\/wp-json\/wp\/v2\/types\/page"}],"author":[{"embeddable":true,"href":"http:\/\/swallowdaily.com\/fr\/wp-json\/wp\/v2\/users\/1"}],"replies":[{"embeddable":true,"href":"http:\/\/swallowdaily.com\/fr\/wp-json\/wp\/v2\/comments?post=178"}],"version-history":[{"count":0,"href":"http:\/\/swallowdaily.com\/fr\/wp-json\/wp\/v2\/pages\/178\/revisions"}],"wp:featuredmedia":[{"embeddable":true,"href":"http:\/\/swallowdaily.com\/fr\/wp-json\/wp\/v2\/media\/98"}],"wp:attachment":[{"href":"http:\/\/swallowdaily.com\/fr\/wp-json\/wp\/v2\/media?parent=178"}],"curies":[{"name":"wp","href":"https:\/\/api.w.org\/{rel}","templated":true}]}}