{"id":179,"date":"2022-06-27T15:49:22","date_gmt":"2022-06-27T14:49:22","guid":{"rendered":"http:\/\/swallowdaily.com\/incontri-locali-gratuiti\/"},"modified":"2022-06-27T15:49:22","modified_gmt":"2022-06-27T14:49:22","slug":"incontri-locali-gratuiti","status":"publish","type":"page","link":"http:\/\/swallowdaily.com\/it\/incontri-locali-gratuiti\/","title":{"rendered":"Incontri locali gratuiti"},"content":{"rendered":"<p>Le app di incontri stanno diventando sempre pi\u00f9 popolari tra i single che cercano l&#8217;amore online. Queste applicazioni consentono agli utenti di connettersi con altre persone in base alla posizione, agli interessi e agli amici comuni.<\/p>\n<h2>Quali sono le app di incontri migliori per i single?<\/h2>\n<p>Sebbene le app di incontri siano comode, possono anche essere pericolose se usate in modo scorretto. Assicuratevi di fare attenzione a chi incontrate tramite <a href=\"http:\/\/swallowdaily.com\/free-sex-hookup-apps\/\">queste app<\/a> e di seguire le linee guida sulla sicurezza. Ad esempio, non condividete mai informazioni personali, come il numero di telefono, l&#8217;indirizzo o le foto. Inoltre, evitate di incontrare sconosciuti in luoghi pubblici e usate sempre il buon senso quando incontrate qualcuno di nuovo.<\/p>\n<p>\u00c8 importante ricordare che le app di incontri possono essere divertenti, ma non sono destinate a sostituire le interazioni faccia a faccia. Invece, sono solo un altro strumento che vi aiuta a entrare in contatto con gli altri. Quindi, usateli con saggezza e godetevi i vantaggi di trovare l&#8217;amore online!<\/p>\n<h2>Dovete iniziare?<\/h2>\n<p>I siti di sesso gratuito stanno diventando sempre pi\u00f9 popolari tra i single che vogliono esplorare la propria sessualit\u00e0 senza dover pagare nulla in anticipo. Questi siti offrono l&#8217;accesso gratuito a migliaia di video con coppie reali che fanno sesso bollente.<\/p>\n<p>Sono disponibili molti tipi diversi di <a href=\"http:\/\/swallowdaily.com\/best-sex-chat-sites\/\">siti di sesso<\/a> gratuito, tra cui porno amatoriale, sesso lesbico, sesso gay, sesso fetish e molto altro. Ogni tipo di prodotto offre vantaggi unici, quindi se cercate qualcosa di specifico, provate a sfogliare le categorie per trovare esattamente quello che state cercando.<\/p>\n<p>Uno degli aspetti migliori di questi siti \u00e8 che consentono di guardare un numero illimitato di videoclip da pi\u00f9 fonti. \u00c8 possibile sfogliare centinaia di video e scaricarli per vederli successivamente offline. La cosa migliore \u00e8 che potete vedere i video in streaming direttamente sul vostro computer, tablet o smartphone.<\/p>\n<p>Questi siti sono perfetti per chi vuole esplorare il proprio lato sessuale senza dover spendere soldi. \u00c8 facile iscriversi e iniziare subito a guardare i video. Non ci sono quote di iscrizione o costi nascosti e il servizio \u00e8 completamente gratuito.<\/p>\n","protected":false},"excerpt":{"rendered":"<p>Le app di incontri stanno diventando sempre pi\u00f9 popolari tra i single che cercano l&#8217;amore online. Queste applicazioni consentono agli<\/p>\n","protected":false},"author":1,"featured_media":114,"parent":0,"menu_order":0,"comment_status":"closed","ping_status":"closed","template":"","meta":[],"yoast_head":"<!-- This site is optimized with the Yoast SEO plugin v19.1 - https:\/\/yoast.com\/wordpress\/plugins\/seo\/ -->\n<title>Incontri locali gratuiti - Swallow Reviews<\/title>\n<meta name=\"robots\" content=\"index, follow, max-snippet:-1, max-image-preview:large, max-video-preview:-1\" \/>\n<link rel=\"canonical\" href=\"http:\/\/swallowdaily.com\/it\/incontri-locali-gratuiti\/\" \/>\n<meta property=\"og:locale\" content=\"it_IT\" \/>\n<meta property=\"og:type\" content=\"article\" \/>\n<meta property=\"og:title\" content=\"Incontri locali gratuiti - Swallow Reviews\" \/>\n<meta property=\"og:description\" content=\"Le app di incontri stanno diventando sempre pi\u00f9 popolari tra i single che cercano l&#8217;amore online. Queste applicazioni consentono agli\" \/>\n<meta property=\"og:url\" content=\"http:\/\/swallowdaily.com\/it\/incontri-locali-gratuiti\/\" \/>\n<meta property=\"og:site_name\" content=\"Swallow Reviews\" \/>\n<meta property=\"og:image\" content=\"http:\/\/swallowdaily.com\/wp-content\/uploads\/2022\/06\/adult-dating-websites.jpeg\" \/>\n\t<meta property=\"og:image:width\" content=\"1600\" \/>\n\t<meta property=\"og:image:height\" content=\"2400\" \/>\n\t<meta property=\"og:image:type\" content=\"image\/jpeg\" \/>\n<meta name=\"twitter:card\" content=\"summary_large_image\" \/>\n<meta name=\"twitter:label1\" content=\"Tempo di lettura stimato\" \/>\n\t<meta name=\"twitter:data1\" content=\"2 minuti\" \/>\n<script type=\"application\/ld+json\" class=\"yoast-schema-graph\">{\"@context\":\"https:\/\/schema.org\",\"@graph\":[{\"@type\":\"WebSite\",\"@id\":\"https:\/\/swallowdaily.com\/#website\",\"url\":\"https:\/\/swallowdaily.com\/\",\"name\":\"Swallow Reviews\",\"description\":\"Guida agli incontri online\",\"potentialAction\":[{\"@type\":\"SearchAction\",\"target\":{\"@type\":\"EntryPoint\",\"urlTemplate\":\"https:\/\/swallowdaily.com\/?s={search_term_string}\"},\"query-input\":\"required name=search_term_string\"}],\"inLanguage\":\"it-IT\"},{\"@type\":\"ImageObject\",\"inLanguage\":\"it-IT\",\"@id\":\"http:\/\/swallowdaily.com\/it\/incontri-locali-gratuiti\/#primaryimage\",\"url\":\"http:\/\/swallowdaily.com\/wp-content\/uploads\/2022\/06\/adult-dating-websites.jpeg\",\"contentUrl\":\"http:\/\/swallowdaily.com\/wp-content\/uploads\/2022\/06\/adult-dating-websites.jpeg\",\"width\":1600,\"height\":2400},{\"@type\":\"WebPage\",\"@id\":\"http:\/\/swallowdaily.com\/it\/incontri-locali-gratuiti\/#webpage\",\"url\":\"http:\/\/swallowdaily.com\/it\/incontri-locali-gratuiti\/\",\"name\":\"Incontri locali gratuiti - Swallow Reviews\",\"isPartOf\":{\"@id\":\"https:\/\/swallowdaily.com\/#website\"},\"primaryImageOfPage\":{\"@id\":\"http:\/\/swallowdaily.com\/it\/incontri-locali-gratuiti\/#primaryimage\"},\"datePublished\":\"2022-06-27T14:49:22+00:00\",\"dateModified\":\"2022-06-27T14:49:22+00:00\",\"breadcrumb\":{\"@id\":\"http:\/\/swallowdaily.com\/it\/incontri-locali-gratuiti\/#breadcrumb\"},\"inLanguage\":\"it-IT\",\"potentialAction\":[{\"@type\":\"ReadAction\",\"target\":[\"http:\/\/swallowdaily.com\/it\/incontri-locali-gratuiti\/\"]}]},{\"@type\":\"BreadcrumbList\",\"@id\":\"http:\/\/swallowdaily.com\/it\/incontri-locali-gratuiti\/#breadcrumb\",\"itemListElement\":[{\"@type\":\"ListItem\",\"position\":1,\"name\":\"Casa\",\"item\":\"http:\/\/swallowdaily.com\/it\/\"},{\"@type\":\"ListItem\",\"position\":2,\"name\":\"Incontri locali gratuiti\"}]}]}<\/script>\n<!-- \/ Yoast SEO plugin. -->","yoast_head_json":{"title":"Incontri locali gratuiti - Swallow Reviews","robots":{"index":"index","follow":"follow","max-snippet":"max-snippet:-1","max-image-preview":"max-image-preview:large","max-video-preview":"max-video-preview:-1"},"canonical":"http:\/\/swallowdaily.com\/it\/incontri-locali-gratuiti\/","og_locale":"it_IT","og_type":"article","og_title":"Incontri locali gratuiti - Swallow Reviews","og_description":"Le app di incontri stanno diventando sempre pi\u00f9 popolari tra i single che cercano l&#8217;amore online. Queste applicazioni consentono agli","og_url":"http:\/\/swallowdaily.com\/it\/incontri-locali-gratuiti\/","og_site_name":"Swallow Reviews","og_image":[{"width":1600,"height":2400,"url":"http:\/\/swallowdaily.com\/wp-content\/uploads\/2022\/06\/adult-dating-websites.jpeg","type":"image\/jpeg"}],"twitter_card":"summary_large_image","twitter_misc":{"Tempo di lettura stimato":"2 minuti"},"schema":{"@context":"https:\/\/schema.org","@graph":[{"@type":"WebSite","@id":"https:\/\/swallowdaily.com\/#website","url":"https:\/\/swallowdaily.com\/","name":"Swallow Reviews","description":"Guida agli incontri online","potentialAction":[{"@type":"SearchAction","target":{"@type":"EntryPoint","urlTemplate":"https:\/\/swallowdaily.com\/?s={search_term_string}"},"query-input":"required name=search_term_string"}],"inLanguage":"it-IT"},{"@type":"ImageObject","inLanguage":"it-IT","@id":"http:\/\/swallowdaily.com\/it\/incontri-locali-gratuiti\/#primaryimage","url":"http:\/\/swallowdaily.com\/wp-content\/uploads\/2022\/06\/adult-dating-websites.jpeg","contentUrl":"http:\/\/swallowdaily.com\/wp-content\/uploads\/2022\/06\/adult-dating-websites.jpeg","width":1600,"height":2400},{"@type":"WebPage","@id":"http:\/\/swallowdaily.com\/it\/incontri-locali-gratuiti\/#webpage","url":"http:\/\/swallowdaily.com\/it\/incontri-locali-gratuiti\/","name":"Incontri locali gratuiti - Swallow Reviews","isPartOf":{"@id":"https:\/\/swallowdaily.com\/#website"},"primaryImageOfPage":{"@id":"http:\/\/swallowdaily.com\/it\/incontri-locali-gratuiti\/#primaryimage"},"datePublished":"2022-06-27T14:49:22+00:00","dateModified":"2022-06-27T14:49:22+00:00","breadcrumb":{"@id":"http:\/\/swallowdaily.com\/it\/incontri-locali-gratuiti\/#breadcrumb"},"inLanguage":"it-IT","potentialAction":[{"@type":"ReadAction","target":["http:\/\/swallowdaily.com\/it\/incontri-locali-gratuiti\/"]}]},{"@type":"BreadcrumbList","@id":"http:\/\/swallowdaily.com\/it\/incontri-locali-gratuiti\/#breadcrumb","itemListElement":[{"@type":"ListItem","position":1,"name":"Casa","item":"http:\/\/swallowdaily.com\/it\/"},{"@type":"ListItem","position":2,"name":"Incontri locali gratuiti"}]}]}},"_links":{"self":[{"href":"http:\/\/swallowdaily.com\/it\/wp-json\/wp\/v2\/pages\/179"}],"collection":[{"href":"http:\/\/swallowdaily.com\/it\/wp-json\/wp\/v2\/pages"}],"about":[{"href":"http:\/\/swallowdaily.com\/it\/wp-json\/wp\/v2\/types\/page"}],"author":[{"embeddable":true,"href":"http:\/\/swallowdaily.com\/it\/wp-json\/wp\/v2\/users\/1"}],"replies":[{"embeddable":true,"href":"http:\/\/swallowdaily.com\/it\/wp-json\/wp\/v2\/comments?post=179"}],"version-history":[{"count":0,"href":"http:\/\/swallowdaily.com\/it\/wp-json\/wp\/v2\/pages\/179\/revisions"}],"wp:featuredmedia":[{"embeddable":true,"href":"http:\/\/swallowdaily.com\/it\/wp-json\/wp\/v2\/media\/114"}],"wp:attachment":[{"href":"http:\/\/swallowdaily.com\/it\/wp-json\/wp\/v2\/media?parent=179"}],"curies":[{"name":"wp","href":"https:\/\/api.w.org\/{rel}","templated":true}]}}