{"id":188,"date":"2022-06-27T15:44:56","date_gmt":"2022-06-27T14:44:56","guid":{"rendered":"http:\/\/swallowdaily.com\/siti-di-sesso-gratuito\/"},"modified":"2022-06-27T15:44:56","modified_gmt":"2022-06-27T14:44:56","slug":"siti-di-sesso-gratuito","status":"publish","type":"page","link":"http:\/\/swallowdaily.com\/it\/siti-di-sesso-gratuito\/","title":{"rendered":"Siti di sesso gratuito"},"content":{"rendered":"<p>I siti di sesso gratuito stanno diventando sempre pi\u00f9 popolari tra i single che sono alla ricerca di incontri occasionali. Questi siti offrono l&#8217;accesso gratuito ai membri, consentendo loro di sfogliare i profili e inviare messaggi senza dover pagare nulla in anticipo.<\/p>\n<p>Esistono molti tipi diversi di siti di sesso gratuito, compresi quelli che si concentrano su nicchie specifiche come scambisti, BDSM, fetish, ecc. Alcuni di questi siti consentono ai membri di caricare foto e video, mentre altri richiedono ai membri di fornire descrizioni testuali.<\/p>\n<p>Alcuni siti di sesso gratuito includono anche chat room in cui i membri possono interagire tra loro. Oltre a chattare, i membri possono condividere dettagli personali come interessi, hobby e fantasie sessuali.<\/p>\n<p>Mentre la maggior parte dei siti di sesso libero sono completamente gratuiti, alcuni fanno pagare una piccola tassa per visualizzare le funzioni aggiuntive. Ad esempio, alcuni siti consentono ai membri di creare gruppi privati e di inviare messaggi direttamente agli altri membri. Altri offrono opzioni di iscrizione a pagamento che consentono ai membri di contattare altri membri al di fuori del sito.<\/p>\n<h2>Perch\u00e9 dovreste usare le app per incontri di sesso<\/h2>\n<p>Per attirare un maggior numero di visitatori, i siti di sesso gratuito sono in genere caratterizzati da grandi database di membri e da interfacce di facile utilizzo. Molti di questi siti offrono anche versioni per dispositivi mobili, rendendo facile l&#8217;accesso al sito da qualsiasi luogo.<\/p>\n<p>Con cos\u00ec tanti vantaggi, non c&#8217;\u00e8 da stupirsi che i siti di sesso libero stiano crescendo in popolarit\u00e0.<\/p>\n<p>I siti di sesso gratuito sono un ottimo modo per incontrare nuove persone che condividono interessi simili. Esistono diversi tipi di siti di sesso gratuiti, tra cui i siti di camme, le chat room per adulti e gli annunci personali online.<\/p>\n<p>Alcuni di questi siti offrono un periodo di prova gratuito in cui \u00e8 possibile provare il servizio senza dover pagare nulla in anticipo. Altri consentono di sfogliare i profili e di inviare messaggi agli utenti senza pagare nulla finch\u00e9 non si decide di diventare membri.<\/p>\n<h3>Rimanere al sicuro<\/h3>\n<p>Indipendentemente dal fatto che scegliate di iscrivervi a un sito di sesso a pagamento o gratuito, ricordate di essere sempre sicuri durante la navigazione. Assicuratevi di seguire le linee guida sulla sicurezza e di non fornire mai informazioni personali. Inoltre, se vi sentite a disagio, potete sempre bloccare qualcuno che vi contatta.<\/p>\n","protected":false},"excerpt":{"rendered":"<p>I siti di sesso gratuito stanno diventando sempre pi\u00f9 popolari tra i single che sono alla ricerca di incontri occasionali.<\/p>\n","protected":false},"author":1,"featured_media":100,"parent":0,"menu_order":0,"comment_status":"closed","ping_status":"closed","template":"","meta":[],"yoast_head":"<!-- This site is optimized with the Yoast SEO plugin v19.1 - https:\/\/yoast.com\/wordpress\/plugins\/seo\/ -->\n<title>Siti di sesso gratuito - Swallow Reviews<\/title>\n<meta name=\"robots\" content=\"index, follow, max-snippet:-1, max-image-preview:large, max-video-preview:-1\" \/>\n<link rel=\"canonical\" href=\"http:\/\/swallowdaily.com\/it\/siti-di-sesso-gratuito\/\" \/>\n<meta property=\"og:locale\" content=\"it_IT\" \/>\n<meta property=\"og:type\" content=\"article\" \/>\n<meta property=\"og:title\" content=\"Siti di sesso gratuito - Swallow Reviews\" \/>\n<meta property=\"og:description\" content=\"I siti di sesso gratuito stanno diventando sempre pi\u00f9 popolari tra i single che sono alla ricerca di incontri occasionali.\" \/>\n<meta property=\"og:url\" content=\"http:\/\/swallowdaily.com\/it\/siti-di-sesso-gratuito\/\" \/>\n<meta property=\"og:site_name\" content=\"Swallow Reviews\" \/>\n<meta name=\"twitter:card\" content=\"summary_large_image\" \/>\n<meta name=\"twitter:image\" content=\"http:\/\/swallowdaily.com\/wp-content\/uploads\/2022\/06\/dating-apps-online.webp\" \/>\n<meta name=\"twitter:label1\" content=\"Tempo di lettura stimato\" \/>\n\t<meta name=\"twitter:data1\" content=\"2 minuti\" \/>\n<script type=\"application\/ld+json\" class=\"yoast-schema-graph\">{\"@context\":\"https:\/\/schema.org\",\"@graph\":[{\"@type\":\"WebSite\",\"@id\":\"https:\/\/swallowdaily.com\/#website\",\"url\":\"https:\/\/swallowdaily.com\/\",\"name\":\"Swallow Reviews\",\"description\":\"Guida agli incontri online\",\"potentialAction\":[{\"@type\":\"SearchAction\",\"target\":{\"@type\":\"EntryPoint\",\"urlTemplate\":\"https:\/\/swallowdaily.com\/?s={search_term_string}\"},\"query-input\":\"required name=search_term_string\"}],\"inLanguage\":\"it-IT\"},{\"@type\":\"ImageObject\",\"inLanguage\":\"it-IT\",\"@id\":\"http:\/\/swallowdaily.com\/it\/siti-di-sesso-gratuito\/#primaryimage\",\"url\":\"http:\/\/swallowdaily.com\/wp-content\/uploads\/2022\/06\/dating-apps-online.webp\",\"contentUrl\":\"http:\/\/swallowdaily.com\/wp-content\/uploads\/2022\/06\/dating-apps-online.webp\",\"width\":1600,\"height\":1067},{\"@type\":\"WebPage\",\"@id\":\"http:\/\/swallowdaily.com\/it\/siti-di-sesso-gratuito\/#webpage\",\"url\":\"http:\/\/swallowdaily.com\/it\/siti-di-sesso-gratuito\/\",\"name\":\"Siti di sesso gratuito - Swallow Reviews\",\"isPartOf\":{\"@id\":\"https:\/\/swallowdaily.com\/#website\"},\"primaryImageOfPage\":{\"@id\":\"http:\/\/swallowdaily.com\/it\/siti-di-sesso-gratuito\/#primaryimage\"},\"datePublished\":\"2022-06-27T14:44:56+00:00\",\"dateModified\":\"2022-06-27T14:44:56+00:00\",\"breadcrumb\":{\"@id\":\"http:\/\/swallowdaily.com\/it\/siti-di-sesso-gratuito\/#breadcrumb\"},\"inLanguage\":\"it-IT\",\"potentialAction\":[{\"@type\":\"ReadAction\",\"target\":[\"http:\/\/swallowdaily.com\/it\/siti-di-sesso-gratuito\/\"]}]},{\"@type\":\"BreadcrumbList\",\"@id\":\"http:\/\/swallowdaily.com\/it\/siti-di-sesso-gratuito\/#breadcrumb\",\"itemListElement\":[{\"@type\":\"ListItem\",\"position\":1,\"name\":\"Casa\",\"item\":\"http:\/\/swallowdaily.com\/it\/\"},{\"@type\":\"ListItem\",\"position\":2,\"name\":\"Siti di sesso gratuito\"}]}]}<\/script>\n<!-- \/ Yoast SEO plugin. -->","yoast_head_json":{"title":"Siti di sesso gratuito - Swallow Reviews","robots":{"index":"index","follow":"follow","max-snippet":"max-snippet:-1","max-image-preview":"max-image-preview:large","max-video-preview":"max-video-preview:-1"},"canonical":"http:\/\/swallowdaily.com\/it\/siti-di-sesso-gratuito\/","og_locale":"it_IT","og_type":"article","og_title":"Siti di sesso gratuito - Swallow Reviews","og_description":"I siti di sesso gratuito stanno diventando sempre pi\u00f9 popolari tra i single che sono alla ricerca di incontri occasionali.","og_url":"http:\/\/swallowdaily.com\/it\/siti-di-sesso-gratuito\/","og_site_name":"Swallow Reviews","twitter_card":"summary_large_image","twitter_image":"http:\/\/swallowdaily.com\/wp-content\/uploads\/2022\/06\/dating-apps-online.webp","twitter_misc":{"Tempo di lettura stimato":"2 minuti"},"schema":{"@context":"https:\/\/schema.org","@graph":[{"@type":"WebSite","@id":"https:\/\/swallowdaily.com\/#website","url":"https:\/\/swallowdaily.com\/","name":"Swallow Reviews","description":"Guida agli incontri online","potentialAction":[{"@type":"SearchAction","target":{"@type":"EntryPoint","urlTemplate":"https:\/\/swallowdaily.com\/?s={search_term_string}"},"query-input":"required name=search_term_string"}],"inLanguage":"it-IT"},{"@type":"ImageObject","inLanguage":"it-IT","@id":"http:\/\/swallowdaily.com\/it\/siti-di-sesso-gratuito\/#primaryimage","url":"http:\/\/swallowdaily.com\/wp-content\/uploads\/2022\/06\/dating-apps-online.webp","contentUrl":"http:\/\/swallowdaily.com\/wp-content\/uploads\/2022\/06\/dating-apps-online.webp","width":1600,"height":1067},{"@type":"WebPage","@id":"http:\/\/swallowdaily.com\/it\/siti-di-sesso-gratuito\/#webpage","url":"http:\/\/swallowdaily.com\/it\/siti-di-sesso-gratuito\/","name":"Siti di sesso gratuito - Swallow Reviews","isPartOf":{"@id":"https:\/\/swallowdaily.com\/#website"},"primaryImageOfPage":{"@id":"http:\/\/swallowdaily.com\/it\/siti-di-sesso-gratuito\/#primaryimage"},"datePublished":"2022-06-27T14:44:56+00:00","dateModified":"2022-06-27T14:44:56+00:00","breadcrumb":{"@id":"http:\/\/swallowdaily.com\/it\/siti-di-sesso-gratuito\/#breadcrumb"},"inLanguage":"it-IT","potentialAction":[{"@type":"ReadAction","target":["http:\/\/swallowdaily.com\/it\/siti-di-sesso-gratuito\/"]}]},{"@type":"BreadcrumbList","@id":"http:\/\/swallowdaily.com\/it\/siti-di-sesso-gratuito\/#breadcrumb","itemListElement":[{"@type":"ListItem","position":1,"name":"Casa","item":"http:\/\/swallowdaily.com\/it\/"},{"@type":"ListItem","position":2,"name":"Siti di sesso gratuito"}]}]}},"_links":{"self":[{"href":"http:\/\/swallowdaily.com\/it\/wp-json\/wp\/v2\/pages\/188"}],"collection":[{"href":"http:\/\/swallowdaily.com\/it\/wp-json\/wp\/v2\/pages"}],"about":[{"href":"http:\/\/swallowdaily.com\/it\/wp-json\/wp\/v2\/types\/page"}],"author":[{"embeddable":true,"href":"http:\/\/swallowdaily.com\/it\/wp-json\/wp\/v2\/users\/1"}],"replies":[{"embeddable":true,"href":"http:\/\/swallowdaily.com\/it\/wp-json\/wp\/v2\/comments?post=188"}],"version-history":[{"count":0,"href":"http:\/\/swallowdaily.com\/it\/wp-json\/wp\/v2\/pages\/188\/revisions"}],"wp:featuredmedia":[{"embeddable":true,"href":"http:\/\/swallowdaily.com\/it\/wp-json\/wp\/v2\/media\/100"}],"wp:attachment":[{"href":"http:\/\/swallowdaily.com\/it\/wp-json\/wp\/v2\/media?parent=188"}],"curies":[{"name":"wp","href":"https:\/\/api.w.org\/{rel}","templated":true}]}}