{"id":189,"date":"2022-06-27T15:44:50","date_gmt":"2022-06-27T14:44:50","guid":{"rendered":"http:\/\/swallowdaily.com\/perche-usare-le-app-di-incontri\/"},"modified":"2022-06-27T15:44:50","modified_gmt":"2022-06-27T14:44:50","slug":"perche-usare-le-app-di-incontri","status":"publish","type":"page","link":"http:\/\/swallowdaily.com\/it\/perche-usare-le-app-di-incontri\/","title":{"rendered":"Perch\u00e9 usare le app di incontri"},"content":{"rendered":"<p>Ci sono molte app di incontri disponibili oggi, ma molte di esse non sono molto utili. In effetti, la maggior parte di essi si limita a fornire una piattaforma per far incontrare le persone, senza aiutarle effettivamente a entrare in contatto.<\/p>\n<p>\u00c8 qui che entrano in gioco i <a href=\"http:\/\/swallowdaily.com\/best-ways-to-meet-for-sex\/\">siti di incontri online<\/a>. Queste piattaforme consentono alle persone di creare profili, caricare foto e scrivere biografie. Gli utenti hanno quindi la possibilit\u00e0 di interagire con altri che condividono interessi simili. La cosa migliore \u00e8 che l&#8217;iscrizione a questi siti \u00e8 gratuita, il che li rende facili da provare.<\/p>\n<p>I siti di incontri online sono anche un ottimo posto per incontrare qualcuno di speciale. \u00c8 molto pi\u00f9 facile avviare una conversazione con qualcuno se siete entrambi sulla stessa app. Inoltre, poich\u00e9 tutti hanno accesso allo stesso pool di potenziali partner, non dovete mai preoccuparvi di essere rifiutati.<\/p>\n<h2>Le app di incontri aiutano a trovare il sesso?<\/h2>\n<p>Naturalmente, gli <a href=\"http:\/\/swallowdaily.com\/best-ways-to-meet-for-sex\/\">incontri online<\/a> presentano anche degli svantaggi. Per cominciare, dovete mettervi in gioco. Le persone potranno vedere tutto, dalla foto del vostro profilo alla vostra musica preferita. \u00c8 quindi importante scegliere con saggezza quali informazioni includere nel proprio profilo.<\/p>\n<p>\u00c8 anche possibile che si finisca per incontrare qualcuno che non condivide i propri valori. Anche se questo pu\u00f2 sembrare spaventoso, in realt\u00e0 non c&#8217;\u00e8 nulla di cui preoccuparsi. I siti di incontri online sono progettati per abbinare le persone in base ai loro interessi comuni, quindi non dovreste aspettarvi di trovare qualcuno che condivida le vostre convinzioni.<\/p>\n<p>Quindi, che decidiate o meno di utilizzare un sito di incontri online, ricordate che \u00e8 sempre importante essere aperti a nuove esperienze. E se non vi sentite a vostro agio, potete sempre cancellare il vostro account.<\/p>\n<p>Ci sono molte app di incontri diverse oggi disponibili, e ognuna ha le sue caratteristiche uniche. Alcune si concentrano sulla compatibilit\u00e0, mentre altre permettono di connettersi con persone in base alla posizione. Esistono anche applicazioni che offrono entrambe le opzioni, consentendo di scegliere se trovare qualcuno nelle vicinanze o incontrare qualcuno che vive lontano.<\/p>\n<p>Una cosa che accomuna la maggior parte delle app di incontri \u00e8 la necessit\u00e0 di compilare un profilo. Questo permette agli altri utenti di conoscere meglio l&#8217;utente e gli d\u00e0 la possibilit\u00e0 di condividere dettagli su di s\u00e9. \u00c8 importante includere nel proprio profilo informazioni accurate, tra cui et\u00e0, altezza, peso, colore dei capelli, colore degli occhi e interessi.<\/p>\n<h2>I migliori siti web per il sesso veloce<\/h2>\n<p>Dopo aver compilato il vostro profilo, dovrete aggiungere le vostre foto. Il modo migliore per farlo \u00e8 caricare le immagini dal telefono o dal computer. Assicuratevi di scegliere una foto che mostri le vostre caratteristiche migliori ed evitate i selfie. Inoltre, cercate di evitare di caricare troppe foto contemporaneamente. Invece, sceglietene solo alcuni e modificateli fino a trovare quelli perfetti.<\/p>\n<p>Una volta caricate le foto, \u00e8 necessario creare una foto di copertina. Le foto di copertina sono di solito immagini grandi e quadrate che appaiono nella parte superiore del profilo. Questi vengono utilizzati per rappresentarvi online e per dare ai potenziali clienti una rapida occhiata alla vostra personalit\u00e0.<\/p>\n<p>Successivamente, dovrete scrivere una breve biografia. \u00c8 qui che si dice alle persone perch\u00e9 si \u00e8 interessati a entrare in contatto con loro. Includete gli hobby o gli interessi che avete e descrivetevi in modo positivo. Evitate di fare affermazioni negative su di voi o di essere eccessivamente critici.<\/p>\n<p>Dopo aver scritto un&#8217;ottima biografia, dovrete compilare completamente il vostro profilo. Aggiungete quanti pi\u00f9 dettagli possibili. Siate onesti e aperti su voi stessi e sulla vostra vita. Non preoccupatevi se non sapete ancora tutto di voi stessi; potete sempre aggiornare il vostro profilo in seguito.<\/p>\n<p>L&#8217;ultimo passo consiste nell&#8217;aggiungere alcuni filtri alla vostra applicazione. I filtri consentono di restringere le corrispondenze in base a criteri specifici. Ad esempio, si potrebbe voler abbinare solo persone che si trovano a una certa distanza o che condividono interessi simili.<\/p>\n<p>Una volta completati questi passaggi, sarete pronti per iniziare a cercare nuove connessioni. Buona fortuna!<\/p>\n","protected":false},"excerpt":{"rendered":"<p>Ci sono molte app di incontri disponibili oggi, ma molte di esse non sono molto utili. In effetti, la maggior<\/p>\n","protected":false},"author":1,"featured_media":86,"parent":0,"menu_order":0,"comment_status":"closed","ping_status":"closed","template":"","meta":[],"yoast_head":"<!-- This site is optimized with the Yoast SEO plugin v19.1 - https:\/\/yoast.com\/wordpress\/plugins\/seo\/ -->\n<title>Perch\u00e9 usare le app di incontri - Swallow Reviews<\/title>\n<meta name=\"robots\" content=\"index, follow, max-snippet:-1, max-image-preview:large, max-video-preview:-1\" \/>\n<link rel=\"canonical\" href=\"http:\/\/swallowdaily.com\/it\/perche-usare-le-app-di-incontri\/\" \/>\n<meta property=\"og:locale\" content=\"it_IT\" \/>\n<meta property=\"og:type\" content=\"article\" \/>\n<meta property=\"og:title\" content=\"Perch\u00e9 usare le app di incontri - Swallow Reviews\" \/>\n<meta property=\"og:description\" content=\"Ci sono molte app di incontri disponibili oggi, ma molte di esse non sono molto utili. In effetti, la maggior\" \/>\n<meta property=\"og:url\" content=\"http:\/\/swallowdaily.com\/it\/perche-usare-le-app-di-incontri\/\" \/>\n<meta property=\"og:site_name\" content=\"Swallow Reviews\" \/>\n<meta property=\"og:image\" content=\"http:\/\/swallowdaily.com\/wp-content\/uploads\/2022\/06\/love-dating-sites.jpeg\" \/>\n\t<meta property=\"og:image:width\" content=\"1125\" \/>\n\t<meta property=\"og:image:height\" content=\"750\" \/>\n\t<meta property=\"og:image:type\" content=\"image\/jpeg\" \/>\n<meta name=\"twitter:card\" content=\"summary_large_image\" \/>\n<meta name=\"twitter:label1\" content=\"Tempo di lettura stimato\" \/>\n\t<meta name=\"twitter:data1\" content=\"3 minuti\" \/>\n<script type=\"application\/ld+json\" class=\"yoast-schema-graph\">{\"@context\":\"https:\/\/schema.org\",\"@graph\":[{\"@type\":\"WebSite\",\"@id\":\"https:\/\/swallowdaily.com\/#website\",\"url\":\"https:\/\/swallowdaily.com\/\",\"name\":\"Swallow Reviews\",\"description\":\"Guida agli incontri online\",\"potentialAction\":[{\"@type\":\"SearchAction\",\"target\":{\"@type\":\"EntryPoint\",\"urlTemplate\":\"https:\/\/swallowdaily.com\/?s={search_term_string}\"},\"query-input\":\"required name=search_term_string\"}],\"inLanguage\":\"it-IT\"},{\"@type\":\"ImageObject\",\"inLanguage\":\"it-IT\",\"@id\":\"http:\/\/swallowdaily.com\/it\/perche-usare-le-app-di-incontri\/#primaryimage\",\"url\":\"http:\/\/swallowdaily.com\/wp-content\/uploads\/2022\/06\/love-dating-sites.jpeg\",\"contentUrl\":\"http:\/\/swallowdaily.com\/wp-content\/uploads\/2022\/06\/love-dating-sites.jpeg\",\"width\":1125,\"height\":750},{\"@type\":\"WebPage\",\"@id\":\"http:\/\/swallowdaily.com\/it\/perche-usare-le-app-di-incontri\/#webpage\",\"url\":\"http:\/\/swallowdaily.com\/it\/perche-usare-le-app-di-incontri\/\",\"name\":\"Perch\u00e9 usare le app di incontri - Swallow Reviews\",\"isPartOf\":{\"@id\":\"https:\/\/swallowdaily.com\/#website\"},\"primaryImageOfPage\":{\"@id\":\"http:\/\/swallowdaily.com\/it\/perche-usare-le-app-di-incontri\/#primaryimage\"},\"datePublished\":\"2022-06-27T14:44:50+00:00\",\"dateModified\":\"2022-06-27T14:44:50+00:00\",\"breadcrumb\":{\"@id\":\"http:\/\/swallowdaily.com\/it\/perche-usare-le-app-di-incontri\/#breadcrumb\"},\"inLanguage\":\"it-IT\",\"potentialAction\":[{\"@type\":\"ReadAction\",\"target\":[\"http:\/\/swallowdaily.com\/it\/perche-usare-le-app-di-incontri\/\"]}]},{\"@type\":\"BreadcrumbList\",\"@id\":\"http:\/\/swallowdaily.com\/it\/perche-usare-le-app-di-incontri\/#breadcrumb\",\"itemListElement\":[{\"@type\":\"ListItem\",\"position\":1,\"name\":\"Casa\",\"item\":\"http:\/\/swallowdaily.com\/it\/\"},{\"@type\":\"ListItem\",\"position\":2,\"name\":\"Perch\u00e9 usare le app di incontri\"}]}]}<\/script>\n<!-- \/ Yoast SEO plugin. -->","yoast_head_json":{"title":"Perch\u00e9 usare le app di incontri - Swallow Reviews","robots":{"index":"index","follow":"follow","max-snippet":"max-snippet:-1","max-image-preview":"max-image-preview:large","max-video-preview":"max-video-preview:-1"},"canonical":"http:\/\/swallowdaily.com\/it\/perche-usare-le-app-di-incontri\/","og_locale":"it_IT","og_type":"article","og_title":"Perch\u00e9 usare le app di incontri - Swallow Reviews","og_description":"Ci sono molte app di incontri disponibili oggi, ma molte di esse non sono molto utili. In effetti, la maggior","og_url":"http:\/\/swallowdaily.com\/it\/perche-usare-le-app-di-incontri\/","og_site_name":"Swallow Reviews","og_image":[{"width":1125,"height":750,"url":"http:\/\/swallowdaily.com\/wp-content\/uploads\/2022\/06\/love-dating-sites.jpeg","type":"image\/jpeg"}],"twitter_card":"summary_large_image","twitter_misc":{"Tempo di lettura stimato":"3 minuti"},"schema":{"@context":"https:\/\/schema.org","@graph":[{"@type":"WebSite","@id":"https:\/\/swallowdaily.com\/#website","url":"https:\/\/swallowdaily.com\/","name":"Swallow Reviews","description":"Guida agli incontri online","potentialAction":[{"@type":"SearchAction","target":{"@type":"EntryPoint","urlTemplate":"https:\/\/swallowdaily.com\/?s={search_term_string}"},"query-input":"required name=search_term_string"}],"inLanguage":"it-IT"},{"@type":"ImageObject","inLanguage":"it-IT","@id":"http:\/\/swallowdaily.com\/it\/perche-usare-le-app-di-incontri\/#primaryimage","url":"http:\/\/swallowdaily.com\/wp-content\/uploads\/2022\/06\/love-dating-sites.jpeg","contentUrl":"http:\/\/swallowdaily.com\/wp-content\/uploads\/2022\/06\/love-dating-sites.jpeg","width":1125,"height":750},{"@type":"WebPage","@id":"http:\/\/swallowdaily.com\/it\/perche-usare-le-app-di-incontri\/#webpage","url":"http:\/\/swallowdaily.com\/it\/perche-usare-le-app-di-incontri\/","name":"Perch\u00e9 usare le app di incontri - Swallow Reviews","isPartOf":{"@id":"https:\/\/swallowdaily.com\/#website"},"primaryImageOfPage":{"@id":"http:\/\/swallowdaily.com\/it\/perche-usare-le-app-di-incontri\/#primaryimage"},"datePublished":"2022-06-27T14:44:50+00:00","dateModified":"2022-06-27T14:44:50+00:00","breadcrumb":{"@id":"http:\/\/swallowdaily.com\/it\/perche-usare-le-app-di-incontri\/#breadcrumb"},"inLanguage":"it-IT","potentialAction":[{"@type":"ReadAction","target":["http:\/\/swallowdaily.com\/it\/perche-usare-le-app-di-incontri\/"]}]},{"@type":"BreadcrumbList","@id":"http:\/\/swallowdaily.com\/it\/perche-usare-le-app-di-incontri\/#breadcrumb","itemListElement":[{"@type":"ListItem","position":1,"name":"Casa","item":"http:\/\/swallowdaily.com\/it\/"},{"@type":"ListItem","position":2,"name":"Perch\u00e9 usare le app di incontri"}]}]}},"_links":{"self":[{"href":"http:\/\/swallowdaily.com\/it\/wp-json\/wp\/v2\/pages\/189"}],"collection":[{"href":"http:\/\/swallowdaily.com\/it\/wp-json\/wp\/v2\/pages"}],"about":[{"href":"http:\/\/swallowdaily.com\/it\/wp-json\/wp\/v2\/types\/page"}],"author":[{"embeddable":true,"href":"http:\/\/swallowdaily.com\/it\/wp-json\/wp\/v2\/users\/1"}],"replies":[{"embeddable":true,"href":"http:\/\/swallowdaily.com\/it\/wp-json\/wp\/v2\/comments?post=189"}],"version-history":[{"count":0,"href":"http:\/\/swallowdaily.com\/it\/wp-json\/wp\/v2\/pages\/189\/revisions"}],"wp:featuredmedia":[{"embeddable":true,"href":"http:\/\/swallowdaily.com\/it\/wp-json\/wp\/v2\/media\/86"}],"wp:attachment":[{"href":"http:\/\/swallowdaily.com\/it\/wp-json\/wp\/v2\/media?parent=189"}],"curies":[{"name":"wp","href":"https:\/\/api.w.org\/{rel}","templated":true}]}}