{"id":145,"date":"2022-06-27T15:59:46","date_gmt":"2022-06-27T14:59:46","guid":{"rendered":"http:\/\/swallowdaily.com\/basta-sexchattplatser\/"},"modified":"2022-06-27T15:59:46","modified_gmt":"2022-06-27T14:59:46","slug":"basta-sexchattplatser","status":"publish","type":"page","link":"http:\/\/swallowdaily.com\/sv\/basta-sexchattplatser\/","title":{"rendered":"B\u00e4sta sexchattplatser"},"content":{"rendered":"<p>Det finns m\u00e5nga dejtingappar idag, men de flesta av dem fokuserar p\u00e5 att matcha singlar baserat p\u00e5 plats. Men om du letar efter n\u00e5got annat kan du prova en dejtingapp som fokuserar p\u00e5 att hj\u00e4lpa m\u00e4nniskor att f\u00e5 kontakt utifr\u00e5n sina intressen.<\/p>\n<h2>Komma ig\u00e5ng med dating chattrum<\/h2>\n<p>Dejtingsidor \u00e4r ett popul\u00e4rt alternativ f\u00f6r att hitta k\u00e4rleken p\u00e5 n\u00e4tet. Oavsett om du vill ha en tillf\u00e4llig dejt eller ett l\u00e5ngvarigt f\u00f6rh\u00e5llande \u00e4r dessa webbplatser ett utm\u00e4rkt st\u00e4lle att tr\u00e4ffa n\u00e5gon speciell.<\/p>\n<p>De flesta dejtingsajter erbjuder gratis medlemskap, men andra tar ut avgifter f\u00f6r premiumfunktioner eller till\u00e4ggstj\u00e4nster. N\u00e5gra av dessa inkluderar meddelanden, videochatt och andra f\u00f6rm\u00e5ner. Det \u00e4r b\u00e4st att v\u00e4lja en dejtingsajt baserat p\u00e5 vad du letar efter snarare \u00e4n enbart p\u00e5 kostnaden.<\/p>\n<h2>Appar att prova?<\/h2>\n<p>Hinge \u00e4r gratis att ladda ner, men du kan betala 0,99 dollar per m\u00e5nad f\u00f6r att l\u00e5sa upp ytterligare funktioner. Appen har \u00f6ver 10 miljoner aktiva anv\u00e4ndare v\u00e4rlden \u00f6ver, vilket g\u00f6r den till en av de <a href=\"http:\/\/swallowdaily.com\/sv\/gratis-sex-hookup-apps\/\">st\u00f6rsta dejtingapparna<\/a> som finns tillg\u00e4ngliga idag. Det fungerar p\u00e5 samma s\u00e4tt som andra dejtingsajter p\u00e5 n\u00e4tet, men i st\u00e4llet f\u00f6r att leta efter matchningar utifr\u00e5n plats, letar de efter kontakter utifr\u00e5n gemensamma intressen.<\/p>\n<p>Andra alternativ \u00e4r Bumble, Tinder, OkCupid, Match, PlentyOfFish, Zoosk och Coffee Meets Bagel. Var och en av dessa appar har unika f\u00f6rdelar, s\u00e5 det \u00e4r v\u00e4rt att prova dem f\u00f6r att se vilken som b\u00e4st passar dina behov.<\/p>\n<p>Vissa av dessa webbplatser erbjuder en gratis provperiod d\u00e4r du kan prova tj\u00e4nsten utan att beh\u00f6va betala n\u00e5got i f\u00f6rv\u00e4g. Andra l\u00e5ter dig bl\u00e4ddra igenom profiler och skicka meddelanden till medlemmar utan att betala n\u00e5got f\u00f6rr\u00e4n du best\u00e4mmer dig f\u00f6r att bli medlem.<\/p>\n<h2>Sex Dating Chattrum<\/h2>\n<p>Sex dejting har blivit alltmer popul\u00e4rt under de senaste \u00e5ren, s\u00e4rskilt bland millennials. Det \u00e4r ingen \u00f6verraskning att m\u00e5nga m\u00e4nniskor v\u00e4nder sig till plattformar p\u00e5 n\u00e4tet f\u00f6r att tr\u00e4ffa andra som delar liknande intressen.<\/p>\n<p>Det finns gott om <a href=\"http:\/\/swallowdaily.com\/sv\/gratis-sexsidor\/\">sexdejtingsajter<\/a> idag, men de flesta av dem kr\u00e4ver en avgift f\u00f6r att g\u00e5 med. Lyckligtvis finns det gratis alternativ som g\u00f6r att du kan f\u00e5 kontakt med andra singlar utan att beh\u00f6va betala n\u00e5got i f\u00f6rv\u00e4g.<\/p>\n<p>Ett av de b\u00e4sta alternativen \u00e4r Bumble, d\u00e4r kvinnor kan inleda samtal med m\u00e4n. Appen anv\u00e4nder ett system d\u00e4r b\u00e5da parter m\u00e5ste godk\u00e4nna varandras meddelanden innan de kan b\u00f6rja chatta. Det inneb\u00e4r att du kan skicka meddelanden till potentiella matchningar utan att beh\u00f6va oroa dig f\u00f6r att bli avvisad.<\/p>\n<p>Andra gratis sexdejtingappar \u00e4r Tinder, OkCupid och Grindr. Varje plattform fungerar p\u00e5 olika s\u00e4tt, s\u00e5 prova dem f\u00f6r att se vilken som passar dina behov b\u00e4st.<\/p>\n","protected":false},"excerpt":{"rendered":"<p>Det finns m\u00e5nga dejtingappar idag, men de flesta av dem fokuserar p\u00e5 att matcha singlar baserat p\u00e5 plats. Men om<\/p>\n","protected":false},"author":1,"featured_media":124,"parent":0,"menu_order":0,"comment_status":"closed","ping_status":"closed","template":"","meta":[],"yoast_head":"<!-- This site is optimized with the Yoast SEO plugin v19.1 - https:\/\/yoast.com\/wordpress\/plugins\/seo\/ -->\n<title>B\u00e4sta sexchattplatser - Swallow Reviews<\/title>\n<meta name=\"robots\" content=\"index, follow, max-snippet:-1, max-image-preview:large, max-video-preview:-1\" \/>\n<link rel=\"canonical\" href=\"http:\/\/swallowdaily.com\/sv\/basta-sexchattplatser\/\" \/>\n<meta property=\"og:locale\" content=\"sv_SE\" \/>\n<meta property=\"og:type\" content=\"article\" \/>\n<meta property=\"og:title\" content=\"B\u00e4sta sexchattplatser - Swallow Reviews\" \/>\n<meta property=\"og:description\" content=\"Det finns m\u00e5nga dejtingappar idag, men de flesta av dem fokuserar p\u00e5 att matcha singlar baserat p\u00e5 plats. Men om\" \/>\n<meta property=\"og:url\" content=\"http:\/\/swallowdaily.com\/sv\/basta-sexchattplatser\/\" \/>\n<meta property=\"og:site_name\" content=\"Swallow Reviews\" \/>\n<meta property=\"og:image\" content=\"http:\/\/swallowdaily.com\/wp-content\/uploads\/2022\/06\/love-dolls.jpeg\" \/>\n\t<meta property=\"og:image:width\" content=\"1125\" \/>\n\t<meta property=\"og:image:height\" content=\"750\" \/>\n\t<meta property=\"og:image:type\" content=\"image\/jpeg\" \/>\n<meta name=\"twitter:card\" content=\"summary_large_image\" \/>\n<meta name=\"twitter:label1\" content=\"Ber\u00e4knad l\u00e4stid\" \/>\n\t<meta name=\"twitter:data1\" content=\"3 minuter\" \/>\n<script type=\"application\/ld+json\" class=\"yoast-schema-graph\">{\"@context\":\"https:\/\/schema.org\",\"@graph\":[{\"@type\":\"WebSite\",\"@id\":\"https:\/\/swallowdaily.com\/#website\",\"url\":\"https:\/\/swallowdaily.com\/\",\"name\":\"Swallow Reviews\",\"description\":\"Guide f\u00f6r uppkoppling p\u00e5 n\u00e4tet\",\"potentialAction\":[{\"@type\":\"SearchAction\",\"target\":{\"@type\":\"EntryPoint\",\"urlTemplate\":\"https:\/\/swallowdaily.com\/?s={search_term_string}\"},\"query-input\":\"required name=search_term_string\"}],\"inLanguage\":\"sv-SE\"},{\"@type\":\"ImageObject\",\"inLanguage\":\"sv-SE\",\"@id\":\"http:\/\/swallowdaily.com\/sv\/basta-sexchattplatser\/#primaryimage\",\"url\":\"http:\/\/swallowdaily.com\/wp-content\/uploads\/2022\/06\/love-dolls.jpeg\",\"contentUrl\":\"http:\/\/swallowdaily.com\/wp-content\/uploads\/2022\/06\/love-dolls.jpeg\",\"width\":1125,\"height\":750},{\"@type\":\"WebPage\",\"@id\":\"http:\/\/swallowdaily.com\/sv\/basta-sexchattplatser\/#webpage\",\"url\":\"http:\/\/swallowdaily.com\/sv\/basta-sexchattplatser\/\",\"name\":\"B\u00e4sta sexchattplatser - Swallow Reviews\",\"isPartOf\":{\"@id\":\"https:\/\/swallowdaily.com\/#website\"},\"primaryImageOfPage\":{\"@id\":\"http:\/\/swallowdaily.com\/sv\/basta-sexchattplatser\/#primaryimage\"},\"datePublished\":\"2022-06-27T14:59:46+00:00\",\"dateModified\":\"2022-06-27T14:59:46+00:00\",\"breadcrumb\":{\"@id\":\"http:\/\/swallowdaily.com\/sv\/basta-sexchattplatser\/#breadcrumb\"},\"inLanguage\":\"sv-SE\",\"potentialAction\":[{\"@type\":\"ReadAction\",\"target\":[\"http:\/\/swallowdaily.com\/sv\/basta-sexchattplatser\/\"]}]},{\"@type\":\"BreadcrumbList\",\"@id\":\"http:\/\/swallowdaily.com\/sv\/basta-sexchattplatser\/#breadcrumb\",\"itemListElement\":[{\"@type\":\"ListItem\",\"position\":1,\"name\":\"Hem\",\"item\":\"http:\/\/swallowdaily.com\/sv\/\"},{\"@type\":\"ListItem\",\"position\":2,\"name\":\"B\u00e4sta sexchattplatser\"}]}]}<\/script>\n<!-- \/ Yoast SEO plugin. -->","yoast_head_json":{"title":"B\u00e4sta sexchattplatser - Swallow Reviews","robots":{"index":"index","follow":"follow","max-snippet":"max-snippet:-1","max-image-preview":"max-image-preview:large","max-video-preview":"max-video-preview:-1"},"canonical":"http:\/\/swallowdaily.com\/sv\/basta-sexchattplatser\/","og_locale":"sv_SE","og_type":"article","og_title":"B\u00e4sta sexchattplatser - Swallow Reviews","og_description":"Det finns m\u00e5nga dejtingappar idag, men de flesta av dem fokuserar p\u00e5 att matcha singlar baserat p\u00e5 plats. Men om","og_url":"http:\/\/swallowdaily.com\/sv\/basta-sexchattplatser\/","og_site_name":"Swallow Reviews","og_image":[{"width":1125,"height":750,"url":"http:\/\/swallowdaily.com\/wp-content\/uploads\/2022\/06\/love-dolls.jpeg","type":"image\/jpeg"}],"twitter_card":"summary_large_image","twitter_misc":{"Ber\u00e4knad l\u00e4stid":"3 minuter"},"schema":{"@context":"https:\/\/schema.org","@graph":[{"@type":"WebSite","@id":"https:\/\/swallowdaily.com\/#website","url":"https:\/\/swallowdaily.com\/","name":"Swallow Reviews","description":"Guide f\u00f6r uppkoppling p\u00e5 n\u00e4tet","potentialAction":[{"@type":"SearchAction","target":{"@type":"EntryPoint","urlTemplate":"https:\/\/swallowdaily.com\/?s={search_term_string}"},"query-input":"required name=search_term_string"}],"inLanguage":"sv-SE"},{"@type":"ImageObject","inLanguage":"sv-SE","@id":"http:\/\/swallowdaily.com\/sv\/basta-sexchattplatser\/#primaryimage","url":"http:\/\/swallowdaily.com\/wp-content\/uploads\/2022\/06\/love-dolls.jpeg","contentUrl":"http:\/\/swallowdaily.com\/wp-content\/uploads\/2022\/06\/love-dolls.jpeg","width":1125,"height":750},{"@type":"WebPage","@id":"http:\/\/swallowdaily.com\/sv\/basta-sexchattplatser\/#webpage","url":"http:\/\/swallowdaily.com\/sv\/basta-sexchattplatser\/","name":"B\u00e4sta sexchattplatser - Swallow Reviews","isPartOf":{"@id":"https:\/\/swallowdaily.com\/#website"},"primaryImageOfPage":{"@id":"http:\/\/swallowdaily.com\/sv\/basta-sexchattplatser\/#primaryimage"},"datePublished":"2022-06-27T14:59:46+00:00","dateModified":"2022-06-27T14:59:46+00:00","breadcrumb":{"@id":"http:\/\/swallowdaily.com\/sv\/basta-sexchattplatser\/#breadcrumb"},"inLanguage":"sv-SE","potentialAction":[{"@type":"ReadAction","target":["http:\/\/swallowdaily.com\/sv\/basta-sexchattplatser\/"]}]},{"@type":"BreadcrumbList","@id":"http:\/\/swallowdaily.com\/sv\/basta-sexchattplatser\/#breadcrumb","itemListElement":[{"@type":"ListItem","position":1,"name":"Hem","item":"http:\/\/swallowdaily.com\/sv\/"},{"@type":"ListItem","position":2,"name":"B\u00e4sta sexchattplatser"}]}]}},"_links":{"self":[{"href":"http:\/\/swallowdaily.com\/sv\/wp-json\/wp\/v2\/pages\/145"}],"collection":[{"href":"http:\/\/swallowdaily.com\/sv\/wp-json\/wp\/v2\/pages"}],"about":[{"href":"http:\/\/swallowdaily.com\/sv\/wp-json\/wp\/v2\/types\/page"}],"author":[{"embeddable":true,"href":"http:\/\/swallowdaily.com\/sv\/wp-json\/wp\/v2\/users\/1"}],"replies":[{"embeddable":true,"href":"http:\/\/swallowdaily.com\/sv\/wp-json\/wp\/v2\/comments?post=145"}],"version-history":[{"count":0,"href":"http:\/\/swallowdaily.com\/sv\/wp-json\/wp\/v2\/pages\/145\/revisions"}],"wp:featuredmedia":[{"embeddable":true,"href":"http:\/\/swallowdaily.com\/sv\/wp-json\/wp\/v2\/media\/124"}],"wp:attachment":[{"href":"http:\/\/swallowdaily.com\/sv\/wp-json\/wp\/v2\/media?parent=145"}],"curies":[{"name":"wp","href":"https:\/\/api.w.org\/{rel}","templated":true}]}}