{"id":176,"date":"2022-06-27T15:44:56","date_gmt":"2022-06-27T14:44:56","guid":{"rendered":"http:\/\/swallowdaily.com\/gratis-sexsidor\/"},"modified":"2022-07-20T18:57:45","modified_gmt":"2022-07-20T17:57:45","slug":"gratis-sexsidor","status":"publish","type":"page","link":"http:\/\/swallowdaily.com\/sv\/gratis-sexsidor\/","title":{"rendered":"Gratis sexsidor"},"content":{"rendered":"<p>Gratis sexsidor blir alltmer popul\u00e4ra bland singlar som s\u00f6ker tillf\u00e4lliga <a href=\"https:\/\/www.pornchatsites.net\/cs\/\">porn chat<\/a> m\u00f6ten. Dessa sajter erbjuder gratis tillg\u00e5ng till medlemmarna, s\u00e5 att de kan bl\u00e4ddra bland profiler och skicka meddelanden utan att beh\u00f6va betala n\u00e5got i f\u00f6rv\u00e4g.<\/p>\n<p>Det finns m\u00e5nga olika typer av gratis sexsidor, inklusive s\u00e5dana som fokuserar p\u00e5 specifika nischer som swingers, BDSM, fetisch osv. P\u00e5 vissa av dessa webbplatser kan medlemmarna ladda upp foton och videor, medan andra kr\u00e4ver att medlemmarna anger textbeskrivningar.<\/p>\n<p>Vissa gratis sexsidor har ocks\u00e5 chattrum d\u00e4r medlemmarna <a href=\"http:\/\/www.meet-n-fuck.org\/sv\/knulla-gratis\/\">knulla i kv\u00e4ll<\/a> kan interagera med varandra. F\u00f6rutom att chatta kan medlemmarna dela med sig av personliga uppgifter som intressen, hobbies och sexuella fantasier.<\/p>\n<p>De flesta gratis sexsidor \u00e4r helt gratis att g\u00e5 in p\u00e5, men vissa tar ut en liten avgift f\u00f6r att f\u00e5 tillg\u00e5ng till ytterligare funktioner. P\u00e5 vissa webbplatser kan medlemmarna till exempel skapa privata grupper och skicka meddelanden direkt till andra medlemmar. Andra erbjuder betalda medlemskap som g\u00f6r det m\u00f6jligt f\u00f6r medlemmarna att kontakta andra medlemmar utanf\u00f6r webbplatsen.<\/p>\n<h2>Varf\u00f6r du b\u00f6r anv\u00e4nda appar f\u00f6r sexk\u00f6p<\/h2>\n<p>F\u00f6r att locka fler bes\u00f6kare har gratis sexsidor vanligtvis stora medlemsdatabaser och anv\u00e4ndarv\u00e4nliga gr\u00e4nssnitt. M\u00e5nga av dessa webbplatser har ocks\u00e5 mobilversioner, vilket g\u00f6r det enkelt att komma \u00e5t webbplatsen var som helst.<\/p>\n<p>Med s\u00e5 m\u00e5nga f\u00f6rdelar \u00e4r det inte konstigt att gratis sexsidor v\u00e4xer i popularitet.<\/p>\n<p>Gratis sexsidor \u00e4r ett bra s\u00e4tt att tr\u00e4ffa nya <a href=\"http:\/\/wank.io\/sv\/sex-med-mogna-kvinnor\/\">kvinnor s\u00f6ker sex<\/a> m\u00e4nniskor som delar liknande intressen. Det finns m\u00e5nga olika typer av gratis sexsidor, bland annat cam-sidor, chattrum f\u00f6r vuxna och kontaktannonser online.<\/p>\n<p>Vissa av dessa webbplatser erbjuder en gratis provperiod d\u00e4r du kan prova tj\u00e4nsten utan att beh\u00f6va betala n\u00e5got i f\u00f6rv\u00e4g. Andra l\u00e5ter dig bl\u00e4ddra igenom profiler och skicka meddelanden till medlemmar utan att betala n\u00e5got f\u00f6rr\u00e4n du best\u00e4mmer dig f\u00f6r att bli medlem.<\/p>\n<h3>H\u00e5ll dig s\u00e4ker<\/h3>\n<p>Oavsett om du v\u00e4ljer att g\u00e5 med p\u00e5 en gratis eller betald sexsajt, kom ih\u00e5g att alltid vara s\u00e4ker n\u00e4r du surfar. Se till att du f\u00f6ljer s\u00e4kerhetsriktlinjerna och aldrig l\u00e4mnar ut personlig information. Om du k\u00e4nner dig obekv\u00e4m kan du alltid blockera n\u00e5gon fr\u00e5n att kontakta dig.<\/p>\n","protected":false},"excerpt":{"rendered":"<p>Gratis sexsidor blir alltmer popul\u00e4ra bland singlar som s\u00f6ker tillf\u00e4lliga porn chat m\u00f6ten. Dessa sajter erbjuder gratis tillg\u00e5ng till medlemmarna,<\/p>\n","protected":false},"author":1,"featured_media":103,"parent":0,"menu_order":0,"comment_status":"closed","ping_status":"closed","template":"","meta":[],"yoast_head":"<!-- This site is optimized with the Yoast SEO plugin v19.1 - https:\/\/yoast.com\/wordpress\/plugins\/seo\/ -->\n<title>Gratis sexsidor - Swallow Reviews<\/title>\n<meta name=\"robots\" content=\"index, follow, max-snippet:-1, max-image-preview:large, max-video-preview:-1\" \/>\n<link rel=\"canonical\" href=\"http:\/\/swallowdaily.com\/sv\/gratis-sexsidor\/\" \/>\n<meta property=\"og:locale\" content=\"sv_SE\" \/>\n<meta property=\"og:type\" content=\"article\" \/>\n<meta property=\"og:title\" content=\"Gratis sexsidor - Swallow Reviews\" \/>\n<meta property=\"og:description\" content=\"Gratis sexsidor blir alltmer popul\u00e4ra bland singlar som s\u00f6ker tillf\u00e4lliga porn chat m\u00f6ten. Dessa sajter erbjuder gratis tillg\u00e5ng till medlemmarna,\" \/>\n<meta property=\"og:url\" content=\"http:\/\/swallowdaily.com\/sv\/gratis-sexsidor\/\" \/>\n<meta property=\"og:site_name\" content=\"Swallow Reviews\" \/>\n<meta property=\"article:modified_time\" content=\"2022-07-20T17:57:45+00:00\" \/>\n<meta name=\"twitter:card\" content=\"summary_large_image\" \/>\n<meta name=\"twitter:image\" content=\"http:\/\/swallowdaily.com\/wp-content\/uploads\/2022\/06\/dating-apps-online.webp\" \/>\n<meta name=\"twitter:label1\" content=\"Ber\u00e4knad l\u00e4stid\" \/>\n\t<meta name=\"twitter:data1\" content=\"2 minuter\" \/>\n<script type=\"application\/ld+json\" class=\"yoast-schema-graph\">{\"@context\":\"https:\/\/schema.org\",\"@graph\":[{\"@type\":\"WebSite\",\"@id\":\"https:\/\/swallowdaily.com\/#website\",\"url\":\"https:\/\/swallowdaily.com\/\",\"name\":\"Swallow Reviews\",\"description\":\"Guide f\u00f6r uppkoppling p\u00e5 n\u00e4tet\",\"potentialAction\":[{\"@type\":\"SearchAction\",\"target\":{\"@type\":\"EntryPoint\",\"urlTemplate\":\"https:\/\/swallowdaily.com\/?s={search_term_string}\"},\"query-input\":\"required name=search_term_string\"}],\"inLanguage\":\"sv-SE\"},{\"@type\":\"ImageObject\",\"inLanguage\":\"sv-SE\",\"@id\":\"http:\/\/swallowdaily.com\/sv\/gratis-sexsidor\/#primaryimage\",\"url\":\"http:\/\/swallowdaily.com\/wp-content\/uploads\/2022\/06\/dating-apps-online.webp\",\"contentUrl\":\"http:\/\/swallowdaily.com\/wp-content\/uploads\/2022\/06\/dating-apps-online.webp\",\"width\":1600,\"height\":1067},{\"@type\":\"WebPage\",\"@id\":\"http:\/\/swallowdaily.com\/sv\/gratis-sexsidor\/#webpage\",\"url\":\"http:\/\/swallowdaily.com\/sv\/gratis-sexsidor\/\",\"name\":\"Gratis sexsidor - Swallow Reviews\",\"isPartOf\":{\"@id\":\"https:\/\/swallowdaily.com\/#website\"},\"primaryImageOfPage\":{\"@id\":\"http:\/\/swallowdaily.com\/sv\/gratis-sexsidor\/#primaryimage\"},\"datePublished\":\"2022-06-27T14:44:56+00:00\",\"dateModified\":\"2022-07-20T17:57:45+00:00\",\"breadcrumb\":{\"@id\":\"http:\/\/swallowdaily.com\/sv\/gratis-sexsidor\/#breadcrumb\"},\"inLanguage\":\"sv-SE\",\"potentialAction\":[{\"@type\":\"ReadAction\",\"target\":[\"http:\/\/swallowdaily.com\/sv\/gratis-sexsidor\/\"]}]},{\"@type\":\"BreadcrumbList\",\"@id\":\"http:\/\/swallowdaily.com\/sv\/gratis-sexsidor\/#breadcrumb\",\"itemListElement\":[{\"@type\":\"ListItem\",\"position\":1,\"name\":\"Hem\",\"item\":\"http:\/\/swallowdaily.com\/sv\/\"},{\"@type\":\"ListItem\",\"position\":2,\"name\":\"Gratis sexsidor\"}]}]}<\/script>\n<!-- \/ Yoast SEO plugin. -->","yoast_head_json":{"title":"Gratis sexsidor - Swallow Reviews","robots":{"index":"index","follow":"follow","max-snippet":"max-snippet:-1","max-image-preview":"max-image-preview:large","max-video-preview":"max-video-preview:-1"},"canonical":"http:\/\/swallowdaily.com\/sv\/gratis-sexsidor\/","og_locale":"sv_SE","og_type":"article","og_title":"Gratis sexsidor - Swallow Reviews","og_description":"Gratis sexsidor blir alltmer popul\u00e4ra bland singlar som s\u00f6ker tillf\u00e4lliga porn chat m\u00f6ten. Dessa sajter erbjuder gratis tillg\u00e5ng till medlemmarna,","og_url":"http:\/\/swallowdaily.com\/sv\/gratis-sexsidor\/","og_site_name":"Swallow Reviews","article_modified_time":"2022-07-20T17:57:45+00:00","twitter_card":"summary_large_image","twitter_image":"http:\/\/swallowdaily.com\/wp-content\/uploads\/2022\/06\/dating-apps-online.webp","twitter_misc":{"Ber\u00e4knad l\u00e4stid":"2 minuter"},"schema":{"@context":"https:\/\/schema.org","@graph":[{"@type":"WebSite","@id":"https:\/\/swallowdaily.com\/#website","url":"https:\/\/swallowdaily.com\/","name":"Swallow Reviews","description":"Guide f\u00f6r uppkoppling p\u00e5 n\u00e4tet","potentialAction":[{"@type":"SearchAction","target":{"@type":"EntryPoint","urlTemplate":"https:\/\/swallowdaily.com\/?s={search_term_string}"},"query-input":"required name=search_term_string"}],"inLanguage":"sv-SE"},{"@type":"ImageObject","inLanguage":"sv-SE","@id":"http:\/\/swallowdaily.com\/sv\/gratis-sexsidor\/#primaryimage","url":"http:\/\/swallowdaily.com\/wp-content\/uploads\/2022\/06\/dating-apps-online.webp","contentUrl":"http:\/\/swallowdaily.com\/wp-content\/uploads\/2022\/06\/dating-apps-online.webp","width":1600,"height":1067},{"@type":"WebPage","@id":"http:\/\/swallowdaily.com\/sv\/gratis-sexsidor\/#webpage","url":"http:\/\/swallowdaily.com\/sv\/gratis-sexsidor\/","name":"Gratis sexsidor - Swallow Reviews","isPartOf":{"@id":"https:\/\/swallowdaily.com\/#website"},"primaryImageOfPage":{"@id":"http:\/\/swallowdaily.com\/sv\/gratis-sexsidor\/#primaryimage"},"datePublished":"2022-06-27T14:44:56+00:00","dateModified":"2022-07-20T17:57:45+00:00","breadcrumb":{"@id":"http:\/\/swallowdaily.com\/sv\/gratis-sexsidor\/#breadcrumb"},"inLanguage":"sv-SE","potentialAction":[{"@type":"ReadAction","target":["http:\/\/swallowdaily.com\/sv\/gratis-sexsidor\/"]}]},{"@type":"BreadcrumbList","@id":"http:\/\/swallowdaily.com\/sv\/gratis-sexsidor\/#breadcrumb","itemListElement":[{"@type":"ListItem","position":1,"name":"Hem","item":"http:\/\/swallowdaily.com\/sv\/"},{"@type":"ListItem","position":2,"name":"Gratis sexsidor"}]}]}},"_links":{"self":[{"href":"http:\/\/swallowdaily.com\/sv\/wp-json\/wp\/v2\/pages\/176"}],"collection":[{"href":"http:\/\/swallowdaily.com\/sv\/wp-json\/wp\/v2\/pages"}],"about":[{"href":"http:\/\/swallowdaily.com\/sv\/wp-json\/wp\/v2\/types\/page"}],"author":[{"embeddable":true,"href":"http:\/\/swallowdaily.com\/sv\/wp-json\/wp\/v2\/users\/1"}],"replies":[{"embeddable":true,"href":"http:\/\/swallowdaily.com\/sv\/wp-json\/wp\/v2\/comments?post=176"}],"version-history":[{"count":1,"href":"http:\/\/swallowdaily.com\/sv\/wp-json\/wp\/v2\/pages\/176\/revisions"}],"predecessor-version":[{"id":323,"href":"http:\/\/swallowdaily.com\/sv\/wp-json\/wp\/v2\/pages\/176\/revisions\/323"}],"wp:featuredmedia":[{"embeddable":true,"href":"http:\/\/swallowdaily.com\/sv\/wp-json\/wp\/v2\/media\/103"}],"wp:attachment":[{"href":"http:\/\/swallowdaily.com\/sv\/wp-json\/wp\/v2\/media?parent=176"}],"curies":[{"name":"wp","href":"https:\/\/api.w.org\/{rel}","templated":true}]}}