{"id":152,"date":"2022-06-27T15:44:52","date_gmt":"2022-06-27T14:44:52","guid":{"rendered":"http:\/\/swallowdaily.com\/lokale-dating-websites\/"},"modified":"2022-08-15T20:00:20","modified_gmt":"2022-08-15T19:00:20","slug":"lokale-dating-websites","status":"publish","type":"page","link":"https:\/\/swallowdaily.com\/de\/lokale-dating-websites\/","title":{"rendered":"Lokale Dating-Websites"},"content":{"rendered":"<p>Dating-Websites sind ein gro\u00dfartiger Ort, um potenzielle Partner zu treffen, vor allem, wenn Sie online nach Liebe suchen. Es gibt viele verschiedene Dating-Websites, jede mit ihren eigenen einzigartigen Funktionen und Vorteilen.<\/p>\n<p>Einige Websites bieten eine kostenlose Mitgliedschaft an, w\u00e4hrend f\u00fcr andere ein kostenpflichtiges Abonnement erforderlich ist. Einige erlauben es den Mitgliedern, die Profile anonym zu durchsuchen, w\u00e4hrend bei anderen pers\u00f6nliche Angaben erforderlich sind, um beizutreten. Einige Websites sind ausschlie\u00dflich f\u00fcr Erwachsene, w\u00e4hrend andere sich an Jugendliche richten.<\/p>\n<h2>Lokale Sex Dating Seiten<\/h2>\n<p>Bevor Sie sich auf einer <a href=\"https:\/\/www.fucklocals.org\/de\/jerk-off-sites-masturbieren-sie-mit-fremden\/\">jerking chat<\/a> anmelden, sollten Sie pr\u00fcfen, ob sie Ihren Bed\u00fcrfnissen entspricht. Ziehen Sie es vor, mit anderen Singles pers\u00f6nlich oder per <a href=\"https:\/\/www.fucklocals.org\/de\/jerk-off-sites-masturbieren-sie-mit-fremden\/\">masturbieren chat<\/a>? Sind Sie daran interessiert, jemanden zu treffen, der \u00e4hnliche Interessen oder Werte teilt? Welche Art von Beziehung w\u00fcrden Sie gerne eingehen?<\/p>\n<p>Sobald Sie sich entschieden haben, welche Art von Dating-Website Sie ausprobieren m\u00f6chten, melden Sie sich f\u00fcr eine Probezeit an. Nutzen Sie die Vorteile der kostenlosen Funktionen und sehen Sie, ob Sie den Dienst gerne nutzen. Wenn Sie die Website nach Ablauf der Probezeit weiter nutzen m\u00f6chten, k\u00f6nnen Sie ein Abonnement erwerben.<\/p>\n<p>Heute gibt es verschiedene Arten von Dating-Websites. Zu den beliebtesten geh\u00f6ren:<\/p>\n<ul>\n<li>Match.com &#8211; Dies ist eine der gr\u00f6\u00dften Dating-Websites der Welt. Sie hat Millionen von aktiven Mitgliedern aus der ganzen Welt.<\/li>\n<li>eHarmony &#8211; Diese Website bietet Kompatibilit\u00e4tstests auf der Grundlage von Pers\u00f6nlichkeitsmerkmalen und Lebensstilpr\u00e4ferenzen.<\/li>\n<li>PlentyOfFish &#8211; Auf dieser Website k\u00f6nnen Nutzer ihr eigenes Profil erstellen und Tausende von Nutzerprofilen durchsuchen.<\/li>\n<li>ChristianMingle &#8211; Diese Website richtet sich speziell an Christen, die eine Beziehung suchen.<\/li>\n<li>OkCupid &#8211; Diese Website richtet sich an diejenigen und <a href=\"https:\/\/www.free-adult-cams.com\/de\/joi-cam\/\">joi cams<\/a>, die offen f\u00fcr zwangloses Dating sind.<\/li>\n<li>Zoosk &#8211; Diese Website hilft Nutzern, langfristige Beziehungen zu finden.<\/li>\n<li>Badoo &#8211; Diese Website ist f\u00fcr diejenigen gedacht, die nach kurzfristigen Beziehungen suchen.<\/li>\n<\/ul>\n<p>Das Beste an diesen Websites ist, dass sie v\u00f6llig kostenlos sind. Einige Websites bieten jedoch zus\u00e4tzliche Dienste an <a href=\"https:\/\/www.fucksites.net\/de\/kostenlose-schlampen-in-meiner-naehe\/\">schlampen in der n\u00e4he<\/a>, die Geld kosten. Die Premium-Dienste von eHarmony umfassen beispielsweise unbegrenzte Nachrichten\u00fcbermittlung und erweiterte Suche.<\/p>\n<p>Es gibt zwar viele verschiedene Arten von <a href=\"https:\/\/www.nsadating.net\/de\/kostenlose-sexspiele-auf-ios\/\">kostenlose sexgames<\/a> da drau\u00dfen, k\u00f6nnen Sie immer noch Erfolg auf jedem von ihnen zu finden. Denken Sie nur daran, eine Website zu w\u00e4hlen, die Ihren Bed\u00fcrfnissen und Erwartungen entspricht.<\/p>\n<h2>Nur eine Aff\u00e4re?<\/h2>\n<p>Dating-Websites sind ein gro\u00dfartiger Ort, um jemand Besonderen zu <a href=\"https:\/\/www.fuck-buddies.net\/de\/schwule-fickseiten\/\">fick seiten<\/a>. Egal, ob Sie auf der Suche nach der gro\u00dfen Liebe oder nur nach einem Seitensprung sind, diese Online-Dating-Plattformen bieten viele M\u00f6glichkeiten.<\/p>\n<p>Es gibt viele verschiedene Arten von Dating-Websites, darunter solche, die sich auf bestimmte Interessen, Altersgruppen und Orte konzentrieren. Bei einigen k\u00f6nnen die Mitglieder Profile erstellen, bei anderen m\u00fcssen sie ein Formular ausf\u00fcllen. In jedem Fall k\u00f6nnen Sie die potenziellen Partner nach den Kriterien durchsuchen, die Ihren Bed\u00fcrfnissen am besten entsprechen.<\/p>\n<p>Auf einigen Dating-Websites k\u00f6nnen Sie Ihre Suche nach Geschlecht, Ort und anderen Vorlieben filtern. Andere bieten erweiterte Funktionen wie Chatrooms und Messageboards, in denen Sie mit anderen Mitgliedern interagieren k\u00f6nnen. Es ist leicht, den perfekten Partner auf einer Dating-Website zu finden, also probieren Sie es noch heute aus!<\/p>\n","protected":false},"excerpt":{"rendered":"<p>Dating-Websites sind ein gro\u00dfartiger Ort, um potenzielle Partner zu treffen, vor allem, wenn Sie online nach Liebe suchen. Es gibt<\/p>\n","protected":false},"author":1,"featured_media":92,"parent":0,"menu_order":0,"comment_status":"closed","ping_status":"closed","template":"","meta":[],"yoast_head":"<!-- This site is optimized with the Yoast SEO plugin v19.1 - https:\/\/yoast.com\/wordpress\/plugins\/seo\/ -->\n<title>Lokale Dating-Websites - Swallow Reviews<\/title>\n<meta name=\"robots\" content=\"index, follow, max-snippet:-1, max-image-preview:large, max-video-preview:-1\" \/>\n<link rel=\"canonical\" href=\"https:\/\/swallowdaily.com\/de\/lokale-dating-websites\/\" \/>\n<meta property=\"og:locale\" content=\"de_DE\" \/>\n<meta property=\"og:type\" content=\"article\" \/>\n<meta property=\"og:title\" content=\"Lokale Dating-Websites - Swallow Reviews\" \/>\n<meta property=\"og:description\" content=\"Dating-Websites sind ein gro\u00dfartiger Ort, um potenzielle Partner zu treffen, vor allem, wenn Sie online nach Liebe suchen. Es gibt\" \/>\n<meta property=\"og:url\" content=\"https:\/\/swallowdaily.com\/de\/lokale-dating-websites\/\" \/>\n<meta property=\"og:site_name\" content=\"Swallow Reviews\" \/>\n<meta property=\"article:modified_time\" content=\"2022-08-15T19:00:20+00:00\" \/>\n<meta name=\"twitter:card\" content=\"summary_large_image\" \/>\n<meta name=\"twitter:image\" content=\"https:\/\/swallowdaily.com\/wp-content\/uploads\/2022\/06\/sex-dating-apps.webp\" \/>\n<meta name=\"twitter:label1\" content=\"Gesch\u00e4tzte Lesezeit\" \/>\n\t<meta name=\"twitter:data1\" content=\"3\u00a0Minuten\" \/>\n<script type=\"application\/ld+json\" class=\"yoast-schema-graph\">{\"@context\":\"https:\/\/schema.org\",\"@graph\":[{\"@type\":\"WebSite\",\"@id\":\"https:\/\/swallowdaily.com\/#website\",\"url\":\"https:\/\/swallowdaily.com\/\",\"name\":\"Swallow Reviews\",\"description\":\"Online-Kupplungsf\u00fchrer\",\"potentialAction\":[{\"@type\":\"SearchAction\",\"target\":{\"@type\":\"EntryPoint\",\"urlTemplate\":\"https:\/\/swallowdaily.com\/?s={search_term_string}\"},\"query-input\":\"required name=search_term_string\"}],\"inLanguage\":\"de\"},{\"@type\":\"ImageObject\",\"inLanguage\":\"de\",\"@id\":\"https:\/\/swallowdaily.com\/de\/lokale-dating-websites\/#primaryimage\",\"url\":\"https:\/\/swallowdaily.com\/wp-content\/uploads\/2022\/06\/sex-dating-apps.webp\",\"contentUrl\":\"https:\/\/swallowdaily.com\/wp-content\/uploads\/2022\/06\/sex-dating-apps.webp\",\"width\":1600,\"height\":1068},{\"@type\":\"WebPage\",\"@id\":\"https:\/\/swallowdaily.com\/de\/lokale-dating-websites\/#webpage\",\"url\":\"https:\/\/swallowdaily.com\/de\/lokale-dating-websites\/\",\"name\":\"Lokale Dating-Websites - Swallow Reviews\",\"isPartOf\":{\"@id\":\"https:\/\/swallowdaily.com\/#website\"},\"primaryImageOfPage\":{\"@id\":\"https:\/\/swallowdaily.com\/de\/lokale-dating-websites\/#primaryimage\"},\"datePublished\":\"2022-06-27T14:44:52+00:00\",\"dateModified\":\"2022-08-15T19:00:20+00:00\",\"breadcrumb\":{\"@id\":\"https:\/\/swallowdaily.com\/de\/lokale-dating-websites\/#breadcrumb\"},\"inLanguage\":\"de\",\"potentialAction\":[{\"@type\":\"ReadAction\",\"target\":[\"https:\/\/swallowdaily.com\/de\/lokale-dating-websites\/\"]}]},{\"@type\":\"BreadcrumbList\",\"@id\":\"https:\/\/swallowdaily.com\/de\/lokale-dating-websites\/#breadcrumb\",\"itemListElement\":[{\"@type\":\"ListItem\",\"position\":1,\"name\":\"Startseite\",\"item\":\"http:\/\/swallowdaily.com\/de\/\"},{\"@type\":\"ListItem\",\"position\":2,\"name\":\"Lokale Dating-Websites\"}]}]}<\/script>\n<!-- \/ Yoast SEO plugin. -->","yoast_head_json":{"title":"Lokale Dating-Websites - Swallow Reviews","robots":{"index":"index","follow":"follow","max-snippet":"max-snippet:-1","max-image-preview":"max-image-preview:large","max-video-preview":"max-video-preview:-1"},"canonical":"https:\/\/swallowdaily.com\/de\/lokale-dating-websites\/","og_locale":"de_DE","og_type":"article","og_title":"Lokale Dating-Websites - Swallow Reviews","og_description":"Dating-Websites sind ein gro\u00dfartiger Ort, um potenzielle Partner zu treffen, vor allem, wenn Sie online nach Liebe suchen. Es gibt","og_url":"https:\/\/swallowdaily.com\/de\/lokale-dating-websites\/","og_site_name":"Swallow Reviews","article_modified_time":"2022-08-15T19:00:20+00:00","twitter_card":"summary_large_image","twitter_image":"https:\/\/swallowdaily.com\/wp-content\/uploads\/2022\/06\/sex-dating-apps.webp","twitter_misc":{"Gesch\u00e4tzte Lesezeit":"3\u00a0Minuten"},"schema":{"@context":"https:\/\/schema.org","@graph":[{"@type":"WebSite","@id":"https:\/\/swallowdaily.com\/#website","url":"https:\/\/swallowdaily.com\/","name":"Swallow Reviews","description":"Online-Kupplungsf\u00fchrer","potentialAction":[{"@type":"SearchAction","target":{"@type":"EntryPoint","urlTemplate":"https:\/\/swallowdaily.com\/?s={search_term_string}"},"query-input":"required name=search_term_string"}],"inLanguage":"de"},{"@type":"ImageObject","inLanguage":"de","@id":"https:\/\/swallowdaily.com\/de\/lokale-dating-websites\/#primaryimage","url":"https:\/\/swallowdaily.com\/wp-content\/uploads\/2022\/06\/sex-dating-apps.webp","contentUrl":"https:\/\/swallowdaily.com\/wp-content\/uploads\/2022\/06\/sex-dating-apps.webp","width":1600,"height":1068},{"@type":"WebPage","@id":"https:\/\/swallowdaily.com\/de\/lokale-dating-websites\/#webpage","url":"https:\/\/swallowdaily.com\/de\/lokale-dating-websites\/","name":"Lokale Dating-Websites - Swallow Reviews","isPartOf":{"@id":"https:\/\/swallowdaily.com\/#website"},"primaryImageOfPage":{"@id":"https:\/\/swallowdaily.com\/de\/lokale-dating-websites\/#primaryimage"},"datePublished":"2022-06-27T14:44:52+00:00","dateModified":"2022-08-15T19:00:20+00:00","breadcrumb":{"@id":"https:\/\/swallowdaily.com\/de\/lokale-dating-websites\/#breadcrumb"},"inLanguage":"de","potentialAction":[{"@type":"ReadAction","target":["https:\/\/swallowdaily.com\/de\/lokale-dating-websites\/"]}]},{"@type":"BreadcrumbList","@id":"https:\/\/swallowdaily.com\/de\/lokale-dating-websites\/#breadcrumb","itemListElement":[{"@type":"ListItem","position":1,"name":"Startseite","item":"http:\/\/swallowdaily.com\/de\/"},{"@type":"ListItem","position":2,"name":"Lokale Dating-Websites"}]}]}},"_links":{"self":[{"href":"https:\/\/swallowdaily.com\/de\/wp-json\/wp\/v2\/pages\/152"}],"collection":[{"href":"https:\/\/swallowdaily.com\/de\/wp-json\/wp\/v2\/pages"}],"about":[{"href":"https:\/\/swallowdaily.com\/de\/wp-json\/wp\/v2\/types\/page"}],"author":[{"embeddable":true,"href":"https:\/\/swallowdaily.com\/de\/wp-json\/wp\/v2\/users\/1"}],"replies":[{"embeddable":true,"href":"https:\/\/swallowdaily.com\/de\/wp-json\/wp\/v2\/comments?post=152"}],"version-history":[{"count":3,"href":"https:\/\/swallowdaily.com\/de\/wp-json\/wp\/v2\/pages\/152\/revisions"}],"predecessor-version":[{"id":340,"href":"https:\/\/swallowdaily.com\/de\/wp-json\/wp\/v2\/pages\/152\/revisions\/340"}],"wp:featuredmedia":[{"embeddable":true,"href":"https:\/\/swallowdaily.com\/de\/wp-json\/wp\/v2\/media\/92"}],"wp:attachment":[{"href":"https:\/\/swallowdaily.com\/de\/wp-json\/wp\/v2\/media?parent=152"}],"curies":[{"name":"wp","href":"https:\/\/api.w.org\/{rel}","templated":true}]}}