{"id":160,"date":"2022-06-27T16:05:09","date_gmt":"2022-06-27T15:05:09","guid":{"rendered":"http:\/\/swallowdaily.com\/die-besten-moeglichkeiten-fuer-ein-treffen-zum-sex\/"},"modified":"2022-06-27T16:05:09","modified_gmt":"2022-06-27T15:05:09","slug":"die-besten-moeglichkeiten-fuer-ein-treffen-zum-sex","status":"publish","type":"page","link":"https:\/\/swallowdaily.com\/de\/die-besten-moeglichkeiten-fuer-ein-treffen-zum-sex\/","title":{"rendered":"Die besten M\u00f6glichkeiten f\u00fcr ein Treffen zum Sex"},"content":{"rendered":"<p>Kontaktb\u00f6rsen f\u00fcr Erwachsene erfreuen sich zunehmender Beliebtheit bei Erwachsenen, die auf der Suche nach zwanglosen Sexkontakten sind. Auf diesen Websites k\u00f6nnen Mitglieder die Profile anderer Mitglieder durchsuchen, Nachrichten versenden und Treffen vereinbaren.<\/p>\n<p>Es gibt viele verschiedene Arten von Kontaktb\u00f6rsen f\u00fcr Erwachsene, darunter solche, die sich speziell an Swinger, BDSM-Enthusiasten und Paare auf der Suche nach <a href=\"http:\/\/swallowdaily.com\/free-local-hookups\/\">diskreten Aff\u00e4ren<\/a> richten. Einige Websites bieten auch die M\u00f6glichkeit zum Videochat, so dass sich die Mitglieder von Angesicht zu Angesicht treffen k\u00f6nnen.<\/p>\n<h2>Wie es funktioniert<\/h2>\n<p>Diese Websites sind zwar nicht immer kostenlos, aber die meisten verlangen eine geringe Geb\u00fchr f\u00fcr die Teilnahme. Das Beste daran ist, dass sie v\u00f6llig anonym sind, d. h. es sind keine pers\u00f6nlichen Angaben erforderlich, um sich anzumelden. Mitglieder k\u00f6nnen ein Profil erstellen und Fotos hochladen, ohne bef\u00fcrchten zu m\u00fcssen, entdeckt zu werden.<\/p>\n<p>Diese Websites sind perfekt f\u00fcr alle, die ein bisschen mehr Aufregung in ihrem Leben suchen. Egal, ob Sie auf der Suche nach einem One-Night-Stand oder einer langfristigen Beziehung sind, bieten Ihnen die Kontaktb\u00f6rsen f\u00fcr Erwachsene eine bequeme M\u00f6glichkeit, mit anderen in Kontakt zu treten.<\/p>\n<p>Es gibt heute viele Partnervermittlungsseiten f\u00fcr Erwachsene im Internet, aber die meisten von ihnen konzentrieren sich darauf, jemanden f\u00fcr eine langfristige Beziehung zu finden. Wenn Sie sich jedoch nur mit einem Fremden zum Sex treffen wollen, dann sollten Sie stattdessen eine dieser <a href=\"http:\/\/swallowdaily.com\/best-sex-chat-sites\/\">Websites f\u00fcr Erwachsene<\/a> ausprobieren.<\/p>\n<h2>Beil\u00e4ufige Begegnungen<\/h2>\n<p>Diese Seiten sind ideal, um Fremde zu treffen, die auf der Suche nach zwanglosen Begegnungen sind. Sie sind an keine Bedingungen gekn\u00fcpft und Sie k\u00f6nnen leicht jemanden finden, der sich heute Abend treffen m\u00f6chte.<\/p>\n<p>Es spielt keine Rolle, ob Sie einen Mann oder eine Frau suchen, diese Seiten f\u00fcr Erwachsene sind immer voll von geilen Singles, die bereit sind, Spa\u00df zu haben.<\/p>\n<p>Es gibt viele Vorteile, wenn man sich f\u00fcr diese Art von Websites anmeldet. Zun\u00e4chst einmal m\u00fcssen Sie nie etwas f\u00fcr die Teilnahme bezahlen. Dar\u00fcber hinaus k\u00f6nnen Sie leicht mit Menschen in Kontakt treten, die \u00e4hnliche Interessen und W\u00fcnsche haben.<\/p>\n<p>Auf diesen Websites k\u00f6nnen Mitglieder Fotos und Videos von sich hochladen und dann andere Profile nach ihrem Standort durchsuchen. Einige Websites bieten sogar Chatr\u00e4ume an, in denen die Mitglieder miteinander kommunizieren k\u00f6nnen.<\/p>\n<h3>Online Sex finden<\/h3>\n<p>Noch nie war es so einfach, online Sex zu finden, wie auf den kostenlosen Kontaktb\u00f6rsen. Diese Websites erm\u00f6glichen es den Mitgliedern, andere Singles mit \u00e4hnlichen Interessen zu treffen, und sie bieten ein sicheres Umfeld, in dem jeder frei Kontakte kn\u00fcpfen und sich austauschen kann.<\/p>\n<p>Die Nutzung dieser Websites hat viele Vorteile, unter anderem die Tatsache, dass sie v\u00f6llig anonym sind. Das bedeutet, dass keine pers\u00f6nlichen Informationen weitergegeben werden und die Mitglieder v\u00f6llig privat bleiben k\u00f6nnen. Ein weiterer Vorteil ist, dass die meisten dieser Websites mobilfreundlich sind, d. h. Sie k\u00f6nnen sie von \u00fcberall aus aufrufen.<\/p>\n<p>Kostenlose Kontaktb\u00f6rsen sind auch sehr einfach zu bedienen. Alles, was Sie tun m\u00fcssen, ist, sich anzumelden, die Profile zu durchsuchen und interessierten Personen Nachrichten zu schicken. Das Beste daran ist, dass Sie mit jedem kommunizieren k\u00f6nnen, ohne etwas bezahlen zu m\u00fcssen. Es ist wirklich so einfach!<\/p>\n<p>Wenn Sie also auf der Suche nach einem unterhaltsamen Weg sind, jemand Besonderen kennenzulernen, probieren Sie noch heute eine dieser kostenlosen Dating-Seiten aus!<\/p>\n","protected":false},"excerpt":{"rendered":"<p>Kontaktb\u00f6rsen f\u00fcr Erwachsene erfreuen sich zunehmender Beliebtheit bei Erwachsenen, die auf der Suche nach zwanglosen Sexkontakten sind. Auf diesen Websites<\/p>\n","protected":false},"author":1,"featured_media":127,"parent":0,"menu_order":0,"comment_status":"closed","ping_status":"closed","template":"","meta":[],"yoast_head":"<!-- This site is optimized with the Yoast SEO plugin v19.1 - https:\/\/yoast.com\/wordpress\/plugins\/seo\/ -->\n<title>Die besten M\u00f6glichkeiten f\u00fcr ein Treffen zum Sex - Swallow Reviews<\/title>\n<meta name=\"robots\" content=\"index, follow, max-snippet:-1, max-image-preview:large, max-video-preview:-1\" \/>\n<link rel=\"canonical\" href=\"https:\/\/swallowdaily.com\/de\/die-besten-moeglichkeiten-fuer-ein-treffen-zum-sex\/\" \/>\n<meta property=\"og:locale\" content=\"de_DE\" \/>\n<meta property=\"og:type\" content=\"article\" \/>\n<meta property=\"og:title\" content=\"Die besten M\u00f6glichkeiten f\u00fcr ein Treffen zum Sex - Swallow Reviews\" \/>\n<meta property=\"og:description\" content=\"Kontaktb\u00f6rsen f\u00fcr Erwachsene erfreuen sich zunehmender Beliebtheit bei Erwachsenen, die auf der Suche nach zwanglosen Sexkontakten sind. Auf diesen Websites\" \/>\n<meta property=\"og:url\" content=\"https:\/\/swallowdaily.com\/de\/die-besten-moeglichkeiten-fuer-ein-treffen-zum-sex\/\" \/>\n<meta property=\"og:site_name\" content=\"Swallow Reviews\" \/>\n<meta name=\"twitter:card\" content=\"summary_large_image\" \/>\n<meta name=\"twitter:image\" content=\"https:\/\/swallowdaily.com\/wp-content\/uploads\/2022\/06\/love-match.webp\" \/>\n<meta name=\"twitter:label1\" content=\"Gesch\u00e4tzte Lesezeit\" \/>\n\t<meta name=\"twitter:data1\" content=\"3\u00a0Minuten\" \/>\n<script type=\"application\/ld+json\" class=\"yoast-schema-graph\">{\"@context\":\"https:\/\/schema.org\",\"@graph\":[{\"@type\":\"WebSite\",\"@id\":\"https:\/\/swallowdaily.com\/#website\",\"url\":\"https:\/\/swallowdaily.com\/\",\"name\":\"Swallow Reviews\",\"description\":\"Online-Kupplungsf\u00fchrer\",\"potentialAction\":[{\"@type\":\"SearchAction\",\"target\":{\"@type\":\"EntryPoint\",\"urlTemplate\":\"https:\/\/swallowdaily.com\/?s={search_term_string}\"},\"query-input\":\"required name=search_term_string\"}],\"inLanguage\":\"de\"},{\"@type\":\"ImageObject\",\"inLanguage\":\"de\",\"@id\":\"https:\/\/swallowdaily.com\/de\/die-besten-moeglichkeiten-fuer-ein-treffen-zum-sex\/#primaryimage\",\"url\":\"https:\/\/swallowdaily.com\/wp-content\/uploads\/2022\/06\/love-match.webp\",\"contentUrl\":\"https:\/\/swallowdaily.com\/wp-content\/uploads\/2022\/06\/love-match.webp\",\"width\":1600,\"height\":2400},{\"@type\":\"WebPage\",\"@id\":\"https:\/\/swallowdaily.com\/de\/die-besten-moeglichkeiten-fuer-ein-treffen-zum-sex\/#webpage\",\"url\":\"https:\/\/swallowdaily.com\/de\/die-besten-moeglichkeiten-fuer-ein-treffen-zum-sex\/\",\"name\":\"Die besten M\u00f6glichkeiten f\u00fcr ein Treffen zum Sex - Swallow Reviews\",\"isPartOf\":{\"@id\":\"https:\/\/swallowdaily.com\/#website\"},\"primaryImageOfPage\":{\"@id\":\"https:\/\/swallowdaily.com\/de\/die-besten-moeglichkeiten-fuer-ein-treffen-zum-sex\/#primaryimage\"},\"datePublished\":\"2022-06-27T15:05:09+00:00\",\"dateModified\":\"2022-06-27T15:05:09+00:00\",\"breadcrumb\":{\"@id\":\"https:\/\/swallowdaily.com\/de\/die-besten-moeglichkeiten-fuer-ein-treffen-zum-sex\/#breadcrumb\"},\"inLanguage\":\"de\",\"potentialAction\":[{\"@type\":\"ReadAction\",\"target\":[\"https:\/\/swallowdaily.com\/de\/die-besten-moeglichkeiten-fuer-ein-treffen-zum-sex\/\"]}]},{\"@type\":\"BreadcrumbList\",\"@id\":\"https:\/\/swallowdaily.com\/de\/die-besten-moeglichkeiten-fuer-ein-treffen-zum-sex\/#breadcrumb\",\"itemListElement\":[{\"@type\":\"ListItem\",\"position\":1,\"name\":\"Startseite\",\"item\":\"http:\/\/swallowdaily.com\/de\/\"},{\"@type\":\"ListItem\",\"position\":2,\"name\":\"Die besten M\u00f6glichkeiten f\u00fcr ein Treffen zum Sex\"}]}]}<\/script>\n<!-- \/ Yoast SEO plugin. -->","yoast_head_json":{"title":"Die besten M\u00f6glichkeiten f\u00fcr ein Treffen zum Sex - Swallow Reviews","robots":{"index":"index","follow":"follow","max-snippet":"max-snippet:-1","max-image-preview":"max-image-preview:large","max-video-preview":"max-video-preview:-1"},"canonical":"https:\/\/swallowdaily.com\/de\/die-besten-moeglichkeiten-fuer-ein-treffen-zum-sex\/","og_locale":"de_DE","og_type":"article","og_title":"Die besten M\u00f6glichkeiten f\u00fcr ein Treffen zum Sex - Swallow Reviews","og_description":"Kontaktb\u00f6rsen f\u00fcr Erwachsene erfreuen sich zunehmender Beliebtheit bei Erwachsenen, die auf der Suche nach zwanglosen Sexkontakten sind. Auf diesen Websites","og_url":"https:\/\/swallowdaily.com\/de\/die-besten-moeglichkeiten-fuer-ein-treffen-zum-sex\/","og_site_name":"Swallow Reviews","twitter_card":"summary_large_image","twitter_image":"https:\/\/swallowdaily.com\/wp-content\/uploads\/2022\/06\/love-match.webp","twitter_misc":{"Gesch\u00e4tzte Lesezeit":"3\u00a0Minuten"},"schema":{"@context":"https:\/\/schema.org","@graph":[{"@type":"WebSite","@id":"https:\/\/swallowdaily.com\/#website","url":"https:\/\/swallowdaily.com\/","name":"Swallow Reviews","description":"Online-Kupplungsf\u00fchrer","potentialAction":[{"@type":"SearchAction","target":{"@type":"EntryPoint","urlTemplate":"https:\/\/swallowdaily.com\/?s={search_term_string}"},"query-input":"required name=search_term_string"}],"inLanguage":"de"},{"@type":"ImageObject","inLanguage":"de","@id":"https:\/\/swallowdaily.com\/de\/die-besten-moeglichkeiten-fuer-ein-treffen-zum-sex\/#primaryimage","url":"https:\/\/swallowdaily.com\/wp-content\/uploads\/2022\/06\/love-match.webp","contentUrl":"https:\/\/swallowdaily.com\/wp-content\/uploads\/2022\/06\/love-match.webp","width":1600,"height":2400},{"@type":"WebPage","@id":"https:\/\/swallowdaily.com\/de\/die-besten-moeglichkeiten-fuer-ein-treffen-zum-sex\/#webpage","url":"https:\/\/swallowdaily.com\/de\/die-besten-moeglichkeiten-fuer-ein-treffen-zum-sex\/","name":"Die besten M\u00f6glichkeiten f\u00fcr ein Treffen zum Sex - Swallow Reviews","isPartOf":{"@id":"https:\/\/swallowdaily.com\/#website"},"primaryImageOfPage":{"@id":"https:\/\/swallowdaily.com\/de\/die-besten-moeglichkeiten-fuer-ein-treffen-zum-sex\/#primaryimage"},"datePublished":"2022-06-27T15:05:09+00:00","dateModified":"2022-06-27T15:05:09+00:00","breadcrumb":{"@id":"https:\/\/swallowdaily.com\/de\/die-besten-moeglichkeiten-fuer-ein-treffen-zum-sex\/#breadcrumb"},"inLanguage":"de","potentialAction":[{"@type":"ReadAction","target":["https:\/\/swallowdaily.com\/de\/die-besten-moeglichkeiten-fuer-ein-treffen-zum-sex\/"]}]},{"@type":"BreadcrumbList","@id":"https:\/\/swallowdaily.com\/de\/die-besten-moeglichkeiten-fuer-ein-treffen-zum-sex\/#breadcrumb","itemListElement":[{"@type":"ListItem","position":1,"name":"Startseite","item":"http:\/\/swallowdaily.com\/de\/"},{"@type":"ListItem","position":2,"name":"Die besten M\u00f6glichkeiten f\u00fcr ein Treffen zum Sex"}]}]}},"_links":{"self":[{"href":"https:\/\/swallowdaily.com\/de\/wp-json\/wp\/v2\/pages\/160"}],"collection":[{"href":"https:\/\/swallowdaily.com\/de\/wp-json\/wp\/v2\/pages"}],"about":[{"href":"https:\/\/swallowdaily.com\/de\/wp-json\/wp\/v2\/types\/page"}],"author":[{"embeddable":true,"href":"https:\/\/swallowdaily.com\/de\/wp-json\/wp\/v2\/users\/1"}],"replies":[{"embeddable":true,"href":"https:\/\/swallowdaily.com\/de\/wp-json\/wp\/v2\/comments?post=160"}],"version-history":[{"count":0,"href":"https:\/\/swallowdaily.com\/de\/wp-json\/wp\/v2\/pages\/160\/revisions"}],"wp:featuredmedia":[{"embeddable":true,"href":"https:\/\/swallowdaily.com\/de\/wp-json\/wp\/v2\/media\/127"}],"wp:attachment":[{"href":"https:\/\/swallowdaily.com\/de\/wp-json\/wp\/v2\/media?parent=160"}],"curies":[{"name":"wp","href":"https:\/\/api.w.org\/{rel}","templated":true}]}}