{"id":173,"date":"2022-06-27T15:44:56","date_gmt":"2022-06-27T14:44:56","guid":{"rendered":"http:\/\/swallowdaily.com\/kostenlose-sex-seiten\/"},"modified":"2022-07-20T18:17:03","modified_gmt":"2022-07-20T17:17:03","slug":"kostenlose-sex-seiten","status":"publish","type":"page","link":"https:\/\/swallowdaily.com\/de\/kostenlose-sex-seiten\/","title":{"rendered":"Kostenlose Sex-Seiten"},"content":{"rendered":"<p>Kostenlose Sexseiten werden bei Singles, die auf der Suche nach zwanglosen Begegnungen sind, immer beliebter. Diese Websites bieten den Mitgliedern einen kostenlosen Zugang, der es ihnen erm\u00f6glicht, Profile zu durchsuchen und Nachrichten zu verschicken, ohne im Voraus etwas bezahlen zu m\u00fcssen.<\/p>\n<p>Es gibt viele verschiedene Arten von kostenlosen Sexseiten, darunter auch solche, die sich auf bestimmte Nischen wie Swinger, BDSM, Fetisch usw. konzentrieren. Auf einigen <a href=\"http:\/\/www.adult-dating.net\/de\/heisse-milf-in-meiner-naehe\/\">milfs in der n\u00e4he<\/a> k\u00f6nnen die Mitglieder Fotos und Videos hochladen, auf anderen m\u00fcssen sie Textbeschreibungen eingeben.<\/p>\n<p>Einige kostenlose Sexseiten bieten auch Chatr\u00e4ume, in denen die Mitglieder miteinander kommunizieren k\u00f6nnen. Neben dem Chatten k\u00f6nnen die Mitglieder auch pers\u00f6nliche Details wie Interessen, Hobbys und sexuelle Fantasien austauschen.<\/p>\n<p>W\u00e4hrend die meisten kostenlosen Sexseiten v\u00f6llig kostenlos sind, verlangen einige eine kleine Geb\u00fchr, um zus\u00e4tzliche Funktionen anzuzeigen. Auf einigen Websites k\u00f6nnen die Mitglieder beispielsweise private Gruppen gr\u00fcnden und anderen Mitgliedern direkt Nachrichten schicken. Andere bieten kostenpflichtige Mitgliedschaften an, die es den Mitgliedern erm\u00f6glichen, andere Mitglieder au\u00dferhalb der Website zu kontaktieren.<\/p>\n<h2>Warum Sie Sex Hookup Apps verwenden sollten<\/h2>\n<p>Um mehr Besucher anzulocken, bieten kostenlose Sexseiten in der Regel gro\u00dfe Mitgliederdatenbanken und benutzerfreundliche Schnittstellen. Viele <a href=\"https:\/\/www.sextchat.net\/de\/kostenlose-hentai-spiele-eroge\/\">kostenlose hentai<\/a> bieten auch mobile Versionen an, so dass der Zugriff auf die Website von \u00fcberall aus m\u00f6glich ist.<\/p>\n<p>Bei so vielen Vorteilen ist es kein Wunder, dass kostenlose Sexseiten immer beliebter werden.<\/p>\n<p>Kostenlose Sexseiten sind eine gro\u00dfartige M\u00f6glichkeit, neue Leute kennenzulernen, die \u00e4hnliche Interessen haben. Es gibt viele verschiedene Arten von kostenlosen Sexseiten, darunter Cam-Seiten, Chatrooms f\u00fcr Erwachsene und Online-Kontaktanzeigen.<\/p>\n<p>Einige <a href=\"https:\/\/www.hookup-now.com\/de\/kostenlose-lokale-sexting-sites\/\">sextext me<\/a> bieten eine kostenlose Testphase an, in der Sie den Dienst ausprobieren k\u00f6nnen, ohne etwas im Voraus bezahlen zu m\u00fcssen. Bei anderen k\u00f6nnen Sie die Profile durchst\u00f6bern und den Mitgliedern Nachrichten schicken, ohne etwas zu bezahlen, bis Sie sich entschlie\u00dfen, Mitglied zu werden.<\/p>\n<h3>Sicher bleiben<\/h3>\n<p>Unabh\u00e4ngig davon, ob Sie sich f\u00fcr eine kostenpflichtige oder eine kostenlose Sexseite entscheiden, sollten Sie beim Surfen immer auf Sicherheit achten. Achten Sie darauf, dass Sie die Sicherheitsrichtlinien einhalten und niemals pers\u00f6nliche Informationen preisgeben. Und wenn Sie sich einmal unwohl f\u00fchlen, k\u00f6nnen Sie jederzeit den Kontakt zu einer Person blockieren.<\/p>\n","protected":false},"excerpt":{"rendered":"<p>Kostenlose Sexseiten werden bei Singles, die auf der Suche nach zwanglosen Begegnungen sind, immer beliebter. Diese Websites bieten den Mitgliedern<\/p>\n","protected":false},"author":1,"featured_media":99,"parent":0,"menu_order":0,"comment_status":"closed","ping_status":"closed","template":"","meta":[],"yoast_head":"<!-- This site is optimized with the Yoast SEO plugin v19.1 - https:\/\/yoast.com\/wordpress\/plugins\/seo\/ -->\n<title>Kostenlose Sex-Seiten - Swallow Reviews<\/title>\n<meta name=\"robots\" content=\"index, follow, max-snippet:-1, max-image-preview:large, max-video-preview:-1\" \/>\n<link rel=\"canonical\" href=\"https:\/\/swallowdaily.com\/de\/kostenlose-sex-seiten\/\" \/>\n<meta property=\"og:locale\" content=\"de_DE\" \/>\n<meta property=\"og:type\" content=\"article\" \/>\n<meta property=\"og:title\" content=\"Kostenlose Sex-Seiten - Swallow Reviews\" \/>\n<meta property=\"og:description\" content=\"Kostenlose Sexseiten werden bei Singles, die auf der Suche nach zwanglosen Begegnungen sind, immer beliebter. Diese Websites bieten den Mitgliedern\" \/>\n<meta property=\"og:url\" content=\"https:\/\/swallowdaily.com\/de\/kostenlose-sex-seiten\/\" \/>\n<meta property=\"og:site_name\" content=\"Swallow Reviews\" \/>\n<meta property=\"article:modified_time\" content=\"2022-07-20T17:17:03+00:00\" \/>\n<meta name=\"twitter:card\" content=\"summary_large_image\" \/>\n<meta name=\"twitter:image\" content=\"https:\/\/swallowdaily.com\/wp-content\/uploads\/2022\/06\/dating-apps-online.webp\" \/>\n<meta name=\"twitter:label1\" content=\"Gesch\u00e4tzte Lesezeit\" \/>\n\t<meta name=\"twitter:data1\" content=\"2\u00a0Minuten\" \/>\n<script type=\"application\/ld+json\" class=\"yoast-schema-graph\">{\"@context\":\"https:\/\/schema.org\",\"@graph\":[{\"@type\":\"WebSite\",\"@id\":\"http:\/\/swallowdaily.com\/de\/#website\",\"url\":\"http:\/\/swallowdaily.com\/de\/\",\"name\":\"Swallow Reviews\",\"description\":\"Online-Kupplungsf\u00fchrer\",\"potentialAction\":[{\"@type\":\"SearchAction\",\"target\":{\"@type\":\"EntryPoint\",\"urlTemplate\":\"http:\/\/swallowdaily.com\/de\/?s={search_term_string}\"},\"query-input\":\"required name=search_term_string\"}],\"inLanguage\":\"de\"},{\"@type\":\"ImageObject\",\"inLanguage\":\"de\",\"@id\":\"https:\/\/swallowdaily.com\/de\/kostenlose-sex-seiten\/#primaryimage\",\"url\":\"https:\/\/swallowdaily.com\/wp-content\/uploads\/2022\/06\/dating-apps-online.webp\",\"contentUrl\":\"https:\/\/swallowdaily.com\/wp-content\/uploads\/2022\/06\/dating-apps-online.webp\",\"width\":1600,\"height\":1067},{\"@type\":\"WebPage\",\"@id\":\"https:\/\/swallowdaily.com\/de\/kostenlose-sex-seiten\/#webpage\",\"url\":\"https:\/\/swallowdaily.com\/de\/kostenlose-sex-seiten\/\",\"name\":\"Kostenlose Sex-Seiten - Swallow Reviews\",\"isPartOf\":{\"@id\":\"http:\/\/swallowdaily.com\/de\/#website\"},\"primaryImageOfPage\":{\"@id\":\"https:\/\/swallowdaily.com\/de\/kostenlose-sex-seiten\/#primaryimage\"},\"datePublished\":\"2022-06-27T14:44:56+00:00\",\"dateModified\":\"2022-07-20T17:17:03+00:00\",\"breadcrumb\":{\"@id\":\"https:\/\/swallowdaily.com\/de\/kostenlose-sex-seiten\/#breadcrumb\"},\"inLanguage\":\"de\",\"potentialAction\":[{\"@type\":\"ReadAction\",\"target\":[\"https:\/\/swallowdaily.com\/de\/kostenlose-sex-seiten\/\"]}]},{\"@type\":\"BreadcrumbList\",\"@id\":\"https:\/\/swallowdaily.com\/de\/kostenlose-sex-seiten\/#breadcrumb\",\"itemListElement\":[{\"@type\":\"ListItem\",\"position\":1,\"name\":\"Startseite\",\"item\":\"http:\/\/swallowdaily.com\/de\/\"},{\"@type\":\"ListItem\",\"position\":2,\"name\":\"Kostenlose Sex-Seiten\"}]}]}<\/script>\n<!-- \/ Yoast SEO plugin. -->","yoast_head_json":{"title":"Kostenlose Sex-Seiten - Swallow Reviews","robots":{"index":"index","follow":"follow","max-snippet":"max-snippet:-1","max-image-preview":"max-image-preview:large","max-video-preview":"max-video-preview:-1"},"canonical":"https:\/\/swallowdaily.com\/de\/kostenlose-sex-seiten\/","og_locale":"de_DE","og_type":"article","og_title":"Kostenlose Sex-Seiten - Swallow Reviews","og_description":"Kostenlose Sexseiten werden bei Singles, die auf der Suche nach zwanglosen Begegnungen sind, immer beliebter. Diese Websites bieten den Mitgliedern","og_url":"https:\/\/swallowdaily.com\/de\/kostenlose-sex-seiten\/","og_site_name":"Swallow Reviews","article_modified_time":"2022-07-20T17:17:03+00:00","twitter_card":"summary_large_image","twitter_image":"https:\/\/swallowdaily.com\/wp-content\/uploads\/2022\/06\/dating-apps-online.webp","twitter_misc":{"Gesch\u00e4tzte Lesezeit":"2\u00a0Minuten"},"schema":{"@context":"https:\/\/schema.org","@graph":[{"@type":"WebSite","@id":"http:\/\/swallowdaily.com\/de\/#website","url":"http:\/\/swallowdaily.com\/de\/","name":"Swallow Reviews","description":"Online-Kupplungsf\u00fchrer","potentialAction":[{"@type":"SearchAction","target":{"@type":"EntryPoint","urlTemplate":"http:\/\/swallowdaily.com\/de\/?s={search_term_string}"},"query-input":"required name=search_term_string"}],"inLanguage":"de"},{"@type":"ImageObject","inLanguage":"de","@id":"https:\/\/swallowdaily.com\/de\/kostenlose-sex-seiten\/#primaryimage","url":"https:\/\/swallowdaily.com\/wp-content\/uploads\/2022\/06\/dating-apps-online.webp","contentUrl":"https:\/\/swallowdaily.com\/wp-content\/uploads\/2022\/06\/dating-apps-online.webp","width":1600,"height":1067},{"@type":"WebPage","@id":"https:\/\/swallowdaily.com\/de\/kostenlose-sex-seiten\/#webpage","url":"https:\/\/swallowdaily.com\/de\/kostenlose-sex-seiten\/","name":"Kostenlose Sex-Seiten - Swallow Reviews","isPartOf":{"@id":"http:\/\/swallowdaily.com\/de\/#website"},"primaryImageOfPage":{"@id":"https:\/\/swallowdaily.com\/de\/kostenlose-sex-seiten\/#primaryimage"},"datePublished":"2022-06-27T14:44:56+00:00","dateModified":"2022-07-20T17:17:03+00:00","breadcrumb":{"@id":"https:\/\/swallowdaily.com\/de\/kostenlose-sex-seiten\/#breadcrumb"},"inLanguage":"de","potentialAction":[{"@type":"ReadAction","target":["https:\/\/swallowdaily.com\/de\/kostenlose-sex-seiten\/"]}]},{"@type":"BreadcrumbList","@id":"https:\/\/swallowdaily.com\/de\/kostenlose-sex-seiten\/#breadcrumb","itemListElement":[{"@type":"ListItem","position":1,"name":"Startseite","item":"http:\/\/swallowdaily.com\/de\/"},{"@type":"ListItem","position":2,"name":"Kostenlose Sex-Seiten"}]}]}},"_links":{"self":[{"href":"https:\/\/swallowdaily.com\/de\/wp-json\/wp\/v2\/pages\/173"}],"collection":[{"href":"https:\/\/swallowdaily.com\/de\/wp-json\/wp\/v2\/pages"}],"about":[{"href":"https:\/\/swallowdaily.com\/de\/wp-json\/wp\/v2\/types\/page"}],"author":[{"embeddable":true,"href":"https:\/\/swallowdaily.com\/de\/wp-json\/wp\/v2\/users\/1"}],"replies":[{"embeddable":true,"href":"https:\/\/swallowdaily.com\/de\/wp-json\/wp\/v2\/comments?post=173"}],"version-history":[{"count":1,"href":"https:\/\/swallowdaily.com\/de\/wp-json\/wp\/v2\/pages\/173\/revisions"}],"predecessor-version":[{"id":321,"href":"https:\/\/swallowdaily.com\/de\/wp-json\/wp\/v2\/pages\/173\/revisions\/321"}],"wp:featuredmedia":[{"embeddable":true,"href":"https:\/\/swallowdaily.com\/de\/wp-json\/wp\/v2\/media\/99"}],"wp:attachment":[{"href":"https:\/\/swallowdaily.com\/de\/wp-json\/wp\/v2\/media?parent=173"}],"curies":[{"name":"wp","href":"https:\/\/api.w.org\/{rel}","templated":true}]}}