{"id":161,"date":"2022-06-27T15:44:52","date_gmt":"2022-06-27T14:44:52","guid":{"rendered":"http:\/\/swallowdaily.com\/sitios-web-de-citas-locales\/"},"modified":"2022-06-27T15:44:52","modified_gmt":"2022-06-27T14:44:52","slug":"sitios-web-de-citas-locales","status":"publish","type":"page","link":"https:\/\/swallowdaily.com\/es\/sitios-web-de-citas-locales\/","title":{"rendered":"Sitios web de citas locales"},"content":{"rendered":"<p>Los sitios web de citas son un lugar estupendo para conocer a posibles parejas, sobre todo si buscas el amor en l\u00ednea. Hay muchos sitios web de citas diferentes, cada uno con sus propias caracter\u00edsticas y ventajas.<\/p>\n<p>Algunos sitios web ofrecen membres\u00eda gratuita, mientras que otros requieren suscripciones de pago. Algunos permiten a los miembros navegar por los perfiles de forma an\u00f3nima, mientras que otros requieren datos personales para unirse. Algunos sitios web son estrictamente para adultos, mientras que otros se dirigen a los adolescentes.<\/p>\n<h2>Sitios de citas sexuales locales<\/h2>\n<p>Antes de inscribirse en un sitio web de citas, considere si se ajusta a sus necesidades. \u00bfPrefieres chatear con otros solteros en persona o por tel\u00e9fono? \u00bfEst\u00e1 interesado en conocer a alguien que comparta intereses o valores similares? \u00bfQu\u00e9 tipo de relaci\u00f3n te gustar\u00eda seguir?<\/p>\n<p>Una vez que hayas decidido qu\u00e9 tipo de sitio web de citas te gustar\u00eda probar, inscr\u00edbete en un per\u00edodo de prueba. Aprovecha las funciones gratuitas y comprueba si te gusta utilizar el servicio. Si decide que quiere seguir utilizando el sitio web despu\u00e9s de que termine el periodo de prueba, puede adquirir una suscripci\u00f3n.<\/p>\n<p>Hoy en d\u00eda existen varios tipos de sitios web de citas. Los m\u00e1s populares son:<\/p>\n<ul>\n<li>Match.com &#8211; Es uno de los mayores sitios web de citas del mundo. Cuenta con millones de miembros activos de todo el mundo.<\/li>\n<li>eHarmony &#8211; Este sitio web ofrece pruebas de compatibilidad basadas en rasgos de personalidad y preferencias de estilo de vida.<\/li>\n<li>PlentyOfFish &#8211; Este sitio web permite a los usuarios crear su propio perfil y buscar entre miles de perfiles de usuarios.<\/li>\n<li>ChristianMingle &#8211; Este sitio web se dirige espec\u00edficamente a los cristianos que buscan relaciones.<\/li>\n<li>OkCupid &#8211; Este sitio web est\u00e1 orientado a aquellos que est\u00e1n abiertos a las citas casuales.<\/li>\n<li>Zoosk &#8211; Este sitio web se centra en ayudar a los usuarios a encontrar relaciones duraderas.<\/li>\n<li>Badoo &#8211; Este sitio web est\u00e1 dise\u00f1ado para quienes buscan relaciones a corto plazo.<\/li>\n<\/ul>\n<p>Lo mejor de estos sitios web es que son completamente gratuitos. Sin embargo, algunos sitios web tienen servicios adicionales que cuestan dinero. Por ejemplo, los servicios premium de eHarmony incluyen mensajer\u00eda ilimitada y b\u00fasquedas avanzadas.<\/p>\n<p>Aunque hay muchos tipos diferentes de sitios web de citas, puedes encontrar el \u00e9xito en cualquiera de ellos. S\u00f3lo recuerde elegir un sitio web que se ajuste a sus necesidades y expectativas.<\/p>\n<h2>\u00bfQuieres s\u00f3lo una aventura?<\/h2>\n<p>Los sitios web de citas son un gran lugar para conocer a alguien especial. Tanto si buscas el amor como si s\u00f3lo quieres una aventura casual, estas plataformas de citas en l\u00ednea ofrecen muchas opciones.<\/p>\n<p>Hay muchos tipos diferentes de sitios web de citas, incluidos los centrados en intereses espec\u00edficos, grupos de edad y lugares. Algunos permiten a los miembros crear perfiles, mientras que otros requieren que rellenen un formulario. En cualquier caso, podr\u00e1 buscar posibles coincidencias en funci\u00f3n de los criterios que mejor se adapten a sus necesidades.<\/p>\n<p>Algunos sitios web de citas te permiten filtrar tus b\u00fasquedas por sexo, ubicaci\u00f3n y otras preferencias. Otros ofrecen funciones avanzadas, como salas de chat y tablones de anuncios en los que se puede interactuar con otros miembros. Es f\u00e1cil encontrar la pareja perfecta en un sitio web de citas, as\u00ed que pru\u00e9balo hoy mismo.<\/p>\n","protected":false},"excerpt":{"rendered":"<p>Los sitios web de citas son un lugar estupendo para conocer a posibles parejas, sobre todo si buscas el amor<\/p>\n","protected":false},"author":1,"featured_media":95,"parent":0,"menu_order":0,"comment_status":"closed","ping_status":"closed","template":"","meta":[],"yoast_head":"<!-- This site is optimized with the Yoast SEO plugin v19.1 - https:\/\/yoast.com\/wordpress\/plugins\/seo\/ -->\n<title>Sitios web de citas locales - Swallow Reviews<\/title>\n<meta name=\"robots\" content=\"index, follow, max-snippet:-1, max-image-preview:large, max-video-preview:-1\" \/>\n<link rel=\"canonical\" href=\"https:\/\/swallowdaily.com\/es\/sitios-web-de-citas-locales\/\" \/>\n<meta property=\"og:locale\" content=\"es_ES\" \/>\n<meta property=\"og:type\" content=\"article\" \/>\n<meta property=\"og:title\" content=\"Sitios web de citas locales - Swallow Reviews\" \/>\n<meta property=\"og:description\" content=\"Los sitios web de citas son un lugar estupendo para conocer a posibles parejas, sobre todo si buscas el amor\" \/>\n<meta property=\"og:url\" content=\"https:\/\/swallowdaily.com\/es\/sitios-web-de-citas-locales\/\" \/>\n<meta property=\"og:site_name\" content=\"Swallow Reviews\" \/>\n<meta name=\"twitter:card\" content=\"summary_large_image\" \/>\n<meta name=\"twitter:image\" content=\"https:\/\/swallowdaily.com\/wp-content\/uploads\/2022\/06\/sex-dating-apps.webp\" \/>\n<meta name=\"twitter:label1\" content=\"Tiempo de lectura\" \/>\n\t<meta name=\"twitter:data1\" content=\"3 minutos\" \/>\n<script type=\"application\/ld+json\" class=\"yoast-schema-graph\">{\"@context\":\"https:\/\/schema.org\",\"@graph\":[{\"@type\":\"WebSite\",\"@id\":\"http:\/\/swallowdaily.com\/de\/#website\",\"url\":\"http:\/\/swallowdaily.com\/de\/\",\"name\":\"Swallow Reviews\",\"description\":\"Gu\u00eda para ligar en l\u00ednea\",\"potentialAction\":[{\"@type\":\"SearchAction\",\"target\":{\"@type\":\"EntryPoint\",\"urlTemplate\":\"http:\/\/swallowdaily.com\/de\/?s={search_term_string}\"},\"query-input\":\"required name=search_term_string\"}],\"inLanguage\":\"es\"},{\"@type\":\"ImageObject\",\"inLanguage\":\"es\",\"@id\":\"https:\/\/swallowdaily.com\/es\/sitios-web-de-citas-locales\/#primaryimage\",\"url\":\"https:\/\/swallowdaily.com\/wp-content\/uploads\/2022\/06\/sex-dating-apps.webp\",\"contentUrl\":\"https:\/\/swallowdaily.com\/wp-content\/uploads\/2022\/06\/sex-dating-apps.webp\",\"width\":1600,\"height\":1068},{\"@type\":\"WebPage\",\"@id\":\"https:\/\/swallowdaily.com\/es\/sitios-web-de-citas-locales\/#webpage\",\"url\":\"https:\/\/swallowdaily.com\/es\/sitios-web-de-citas-locales\/\",\"name\":\"Sitios web de citas locales - Swallow Reviews\",\"isPartOf\":{\"@id\":\"http:\/\/swallowdaily.com\/de\/#website\"},\"primaryImageOfPage\":{\"@id\":\"https:\/\/swallowdaily.com\/es\/sitios-web-de-citas-locales\/#primaryimage\"},\"datePublished\":\"2022-06-27T14:44:52+00:00\",\"dateModified\":\"2022-06-27T14:44:52+00:00\",\"breadcrumb\":{\"@id\":\"https:\/\/swallowdaily.com\/es\/sitios-web-de-citas-locales\/#breadcrumb\"},\"inLanguage\":\"es\",\"potentialAction\":[{\"@type\":\"ReadAction\",\"target\":[\"https:\/\/swallowdaily.com\/es\/sitios-web-de-citas-locales\/\"]}]},{\"@type\":\"BreadcrumbList\",\"@id\":\"https:\/\/swallowdaily.com\/es\/sitios-web-de-citas-locales\/#breadcrumb\",\"itemListElement\":[{\"@type\":\"ListItem\",\"position\":1,\"name\":\"Hogar\",\"item\":\"http:\/\/swallowdaily.com\/es\/\"},{\"@type\":\"ListItem\",\"position\":2,\"name\":\"Sitios web de citas locales\"}]}]}<\/script>\n<!-- \/ Yoast SEO plugin. -->","yoast_head_json":{"title":"Sitios web de citas locales - Swallow Reviews","robots":{"index":"index","follow":"follow","max-snippet":"max-snippet:-1","max-image-preview":"max-image-preview:large","max-video-preview":"max-video-preview:-1"},"canonical":"https:\/\/swallowdaily.com\/es\/sitios-web-de-citas-locales\/","og_locale":"es_ES","og_type":"article","og_title":"Sitios web de citas locales - Swallow Reviews","og_description":"Los sitios web de citas son un lugar estupendo para conocer a posibles parejas, sobre todo si buscas el amor","og_url":"https:\/\/swallowdaily.com\/es\/sitios-web-de-citas-locales\/","og_site_name":"Swallow Reviews","twitter_card":"summary_large_image","twitter_image":"https:\/\/swallowdaily.com\/wp-content\/uploads\/2022\/06\/sex-dating-apps.webp","twitter_misc":{"Tiempo de lectura":"3 minutos"},"schema":{"@context":"https:\/\/schema.org","@graph":[{"@type":"WebSite","@id":"http:\/\/swallowdaily.com\/de\/#website","url":"http:\/\/swallowdaily.com\/de\/","name":"Swallow Reviews","description":"Gu\u00eda para ligar en l\u00ednea","potentialAction":[{"@type":"SearchAction","target":{"@type":"EntryPoint","urlTemplate":"http:\/\/swallowdaily.com\/de\/?s={search_term_string}"},"query-input":"required name=search_term_string"}],"inLanguage":"es"},{"@type":"ImageObject","inLanguage":"es","@id":"https:\/\/swallowdaily.com\/es\/sitios-web-de-citas-locales\/#primaryimage","url":"https:\/\/swallowdaily.com\/wp-content\/uploads\/2022\/06\/sex-dating-apps.webp","contentUrl":"https:\/\/swallowdaily.com\/wp-content\/uploads\/2022\/06\/sex-dating-apps.webp","width":1600,"height":1068},{"@type":"WebPage","@id":"https:\/\/swallowdaily.com\/es\/sitios-web-de-citas-locales\/#webpage","url":"https:\/\/swallowdaily.com\/es\/sitios-web-de-citas-locales\/","name":"Sitios web de citas locales - Swallow Reviews","isPartOf":{"@id":"http:\/\/swallowdaily.com\/de\/#website"},"primaryImageOfPage":{"@id":"https:\/\/swallowdaily.com\/es\/sitios-web-de-citas-locales\/#primaryimage"},"datePublished":"2022-06-27T14:44:52+00:00","dateModified":"2022-06-27T14:44:52+00:00","breadcrumb":{"@id":"https:\/\/swallowdaily.com\/es\/sitios-web-de-citas-locales\/#breadcrumb"},"inLanguage":"es","potentialAction":[{"@type":"ReadAction","target":["https:\/\/swallowdaily.com\/es\/sitios-web-de-citas-locales\/"]}]},{"@type":"BreadcrumbList","@id":"https:\/\/swallowdaily.com\/es\/sitios-web-de-citas-locales\/#breadcrumb","itemListElement":[{"@type":"ListItem","position":1,"name":"Hogar","item":"http:\/\/swallowdaily.com\/es\/"},{"@type":"ListItem","position":2,"name":"Sitios web de citas locales"}]}]}},"_links":{"self":[{"href":"https:\/\/swallowdaily.com\/es\/wp-json\/wp\/v2\/pages\/161"}],"collection":[{"href":"https:\/\/swallowdaily.com\/es\/wp-json\/wp\/v2\/pages"}],"about":[{"href":"https:\/\/swallowdaily.com\/es\/wp-json\/wp\/v2\/types\/page"}],"author":[{"embeddable":true,"href":"https:\/\/swallowdaily.com\/es\/wp-json\/wp\/v2\/users\/1"}],"replies":[{"embeddable":true,"href":"https:\/\/swallowdaily.com\/es\/wp-json\/wp\/v2\/comments?post=161"}],"version-history":[{"count":0,"href":"https:\/\/swallowdaily.com\/es\/wp-json\/wp\/v2\/pages\/161\/revisions"}],"wp:featuredmedia":[{"embeddable":true,"href":"https:\/\/swallowdaily.com\/es\/wp-json\/wp\/v2\/media\/95"}],"wp:attachment":[{"href":"https:\/\/swallowdaily.com\/es\/wp-json\/wp\/v2\/media?parent=161"}],"curies":[{"name":"wp","href":"https:\/\/api.w.org\/{rel}","templated":true}]}}