{"id":165,"date":"2022-06-27T16:05:09","date_gmt":"2022-06-27T15:05:09","guid":{"rendered":"http:\/\/swallowdaily.com\/las-mejores-formas-de-quedar-para-tener-sexo\/"},"modified":"2022-06-27T16:05:09","modified_gmt":"2022-06-27T15:05:09","slug":"las-mejores-formas-de-quedar-para-tener-sexo","status":"publish","type":"page","link":"https:\/\/swallowdaily.com\/es\/las-mejores-formas-de-quedar-para-tener-sexo\/","title":{"rendered":"Las mejores formas de quedar para tener sexo"},"content":{"rendered":"<p>Los sitios de contactos para adultos son cada vez m\u00e1s populares entre los adultos que buscan encuentros sexuales casuales. Estos sitios permiten a los miembros navegar por los perfiles de otros miembros, enviar mensajes y organizar encuentros.<\/p>\n<p>Hay muchos tipos de sitios de contactos para adultos, incluidos los que se dirigen espec\u00edficamente a los swingers, los entusiastas del BDSM y las parejas que buscan <a href=\"http:\/\/swallowdaily.com\/free-local-hookups\/\">aventuras discretas<\/a>. Algunos sitios tambi\u00e9n ofrecen la posibilidad de chatear por v\u00eddeo, lo que permite a los miembros reunirse cara a cara.<\/p>\n<h2>C\u00f3mo funciona<\/h2>\n<p>Aunque estos sitios no siempre son gratuitos, la mayor\u00eda cobran una peque\u00f1a cuota de inscripci\u00f3n. Lo mejor es que son completamente an\u00f3nimos, es decir, no se requiere ning\u00fan dato personal para inscribirse. Los miembros pueden crear un perfil y subir fotos sin tener que preocuparse por ser descubiertos.<\/p>\n<p>Estos sitios son perfectos para cualquiera que busque un poco m\u00e1s de emoci\u00f3n en su vida. Tanto si buscas una aventura de una noche como una relaci\u00f3n a largo plazo, los sitios de contactos para adultos ofrecen una forma c\u00f3moda de conectar con otras personas.<\/p>\n<p>Hoy en d\u00eda hay muchos sitios de citas para adultos en l\u00ednea, pero la mayor\u00eda de ellos se centran en encontrar a alguien especial para una relaci\u00f3n a largo plazo. Sin embargo, si lo que quieres es quedar con un desconocido para tener sexo, probablemente quieras probar uno de estos <a href=\"http:\/\/swallowdaily.com\/best-sex-chat-sites\/\">sitios de contactos para adultos<\/a>.<\/p>\n<h2>Encuentros casuales<\/h2>\n<p>Estos sitios son perfectos para quedar con desconocidos que buscan encuentros casuales. No hay ataduras, y puedes encontrar f\u00e1cilmente a alguien que quiera quedar esta noche.<\/p>\n<p>No importa si buscas un hombre o una mujer, estos sitios de encuentros para adultos siempre est\u00e1n llenos de solteros cachondos dispuestos a divertirse.<\/p>\n<p>Hay muchos beneficios al inscribirse en este tipo de sitios. Para empezar, nunca tienes que pagar nada para unirte. Adem\u00e1s, puedes conectar f\u00e1cilmente con personas que comparten intereses y deseos similares.<\/p>\n<p>Estos sitios permiten a los miembros subir fotos y v\u00eddeos de s\u00ed mismos y luego buscar otros perfiles seg\u00fan su ubicaci\u00f3n. Algunos sitios incluso ofrecen salas de chat donde los miembros pueden interactuar entre s\u00ed.<\/p>\n<h3>Encontrar sexo en l\u00ednea<\/h3>\n<p>Encontrar sexo en l\u00ednea nunca ha sido tan f\u00e1cil gracias a los sitios de contactos gratuitos. Estos sitios permiten a los miembros conocer a otros solteros que comparten intereses similares, y ofrecen un entorno seguro en el que todos pueden conectarse e interactuar libremente.<\/p>\n<p>El uso de este tipo de sitios tiene muchas ventajas, como el hecho de que son completamente an\u00f3nimos. Esto significa que nunca se comparte informaci\u00f3n personal, y los miembros pueden permanecer completamente privados. Otra ventaja es que la mayor\u00eda de estos sitios son aptos para m\u00f3viles, lo que significa que puedes acceder a ellos desde cualquier lugar.<\/p>\n<p>Los sitios de contactos gratuitos tambi\u00e9n son muy f\u00e1ciles de usar. Todo lo que tienes que hacer es registrarte, navegar por los perfiles y enviar mensajes a los interesados. Lo mejor es que puedes comunicarte con cualquier persona sin tener que pagar nada. Es as\u00ed de sencillo.<\/p>\n<p>As\u00ed que si buscas una forma divertida de conocer a alguien especial, prueba uno de estos sitios de citas gratis hoy mismo.<\/p>\n","protected":false},"excerpt":{"rendered":"<p>Los sitios de contactos para adultos son cada vez m\u00e1s populares entre los adultos que buscan encuentros sexuales casuales. Estos<\/p>\n","protected":false},"author":1,"featured_media":130,"parent":0,"menu_order":0,"comment_status":"closed","ping_status":"closed","template":"","meta":[],"yoast_head":"<!-- This site is optimized with the Yoast SEO plugin v19.1 - https:\/\/yoast.com\/wordpress\/plugins\/seo\/ -->\n<title>Las mejores formas de quedar para tener sexo - Swallow Reviews<\/title>\n<meta name=\"robots\" content=\"index, follow, max-snippet:-1, max-image-preview:large, max-video-preview:-1\" \/>\n<link rel=\"canonical\" href=\"https:\/\/swallowdaily.com\/es\/las-mejores-formas-de-quedar-para-tener-sexo\/\" \/>\n<meta property=\"og:locale\" content=\"es_ES\" \/>\n<meta property=\"og:type\" content=\"article\" \/>\n<meta property=\"og:title\" content=\"Las mejores formas de quedar para tener sexo - Swallow Reviews\" \/>\n<meta property=\"og:description\" content=\"Los sitios de contactos para adultos son cada vez m\u00e1s populares entre los adultos que buscan encuentros sexuales casuales. Estos\" \/>\n<meta property=\"og:url\" content=\"https:\/\/swallowdaily.com\/es\/las-mejores-formas-de-quedar-para-tener-sexo\/\" \/>\n<meta property=\"og:site_name\" content=\"Swallow Reviews\" \/>\n<meta name=\"twitter:card\" content=\"summary_large_image\" \/>\n<meta name=\"twitter:image\" content=\"https:\/\/swallowdaily.com\/wp-content\/uploads\/2022\/06\/love-match.webp\" \/>\n<meta name=\"twitter:label1\" content=\"Tiempo de lectura\" \/>\n\t<meta name=\"twitter:data1\" content=\"3 minutos\" \/>\n<script type=\"application\/ld+json\" class=\"yoast-schema-graph\">{\"@context\":\"https:\/\/schema.org\",\"@graph\":[{\"@type\":\"WebSite\",\"@id\":\"https:\/\/swallowdaily.com\/#website\",\"url\":\"https:\/\/swallowdaily.com\/\",\"name\":\"Swallow Reviews\",\"description\":\"Gu\u00eda para ligar en l\u00ednea\",\"potentialAction\":[{\"@type\":\"SearchAction\",\"target\":{\"@type\":\"EntryPoint\",\"urlTemplate\":\"https:\/\/swallowdaily.com\/?s={search_term_string}\"},\"query-input\":\"required name=search_term_string\"}],\"inLanguage\":\"es\"},{\"@type\":\"ImageObject\",\"inLanguage\":\"es\",\"@id\":\"https:\/\/swallowdaily.com\/es\/las-mejores-formas-de-quedar-para-tener-sexo\/#primaryimage\",\"url\":\"https:\/\/swallowdaily.com\/wp-content\/uploads\/2022\/06\/love-match.webp\",\"contentUrl\":\"https:\/\/swallowdaily.com\/wp-content\/uploads\/2022\/06\/love-match.webp\",\"width\":1600,\"height\":2400},{\"@type\":\"WebPage\",\"@id\":\"https:\/\/swallowdaily.com\/es\/las-mejores-formas-de-quedar-para-tener-sexo\/#webpage\",\"url\":\"https:\/\/swallowdaily.com\/es\/las-mejores-formas-de-quedar-para-tener-sexo\/\",\"name\":\"Las mejores formas de quedar para tener sexo - Swallow Reviews\",\"isPartOf\":{\"@id\":\"https:\/\/swallowdaily.com\/#website\"},\"primaryImageOfPage\":{\"@id\":\"https:\/\/swallowdaily.com\/es\/las-mejores-formas-de-quedar-para-tener-sexo\/#primaryimage\"},\"datePublished\":\"2022-06-27T15:05:09+00:00\",\"dateModified\":\"2022-06-27T15:05:09+00:00\",\"breadcrumb\":{\"@id\":\"https:\/\/swallowdaily.com\/es\/las-mejores-formas-de-quedar-para-tener-sexo\/#breadcrumb\"},\"inLanguage\":\"es\",\"potentialAction\":[{\"@type\":\"ReadAction\",\"target\":[\"https:\/\/swallowdaily.com\/es\/las-mejores-formas-de-quedar-para-tener-sexo\/\"]}]},{\"@type\":\"BreadcrumbList\",\"@id\":\"https:\/\/swallowdaily.com\/es\/las-mejores-formas-de-quedar-para-tener-sexo\/#breadcrumb\",\"itemListElement\":[{\"@type\":\"ListItem\",\"position\":1,\"name\":\"Hogar\",\"item\":\"https:\/\/swallowdaily.com\/es\/\"},{\"@type\":\"ListItem\",\"position\":2,\"name\":\"Las mejores formas de quedar para tener sexo\"}]}]}<\/script>\n<!-- \/ Yoast SEO plugin. -->","yoast_head_json":{"title":"Las mejores formas de quedar para tener sexo - Swallow Reviews","robots":{"index":"index","follow":"follow","max-snippet":"max-snippet:-1","max-image-preview":"max-image-preview:large","max-video-preview":"max-video-preview:-1"},"canonical":"https:\/\/swallowdaily.com\/es\/las-mejores-formas-de-quedar-para-tener-sexo\/","og_locale":"es_ES","og_type":"article","og_title":"Las mejores formas de quedar para tener sexo - Swallow Reviews","og_description":"Los sitios de contactos para adultos son cada vez m\u00e1s populares entre los adultos que buscan encuentros sexuales casuales. Estos","og_url":"https:\/\/swallowdaily.com\/es\/las-mejores-formas-de-quedar-para-tener-sexo\/","og_site_name":"Swallow Reviews","twitter_card":"summary_large_image","twitter_image":"https:\/\/swallowdaily.com\/wp-content\/uploads\/2022\/06\/love-match.webp","twitter_misc":{"Tiempo de lectura":"3 minutos"},"schema":{"@context":"https:\/\/schema.org","@graph":[{"@type":"WebSite","@id":"https:\/\/swallowdaily.com\/#website","url":"https:\/\/swallowdaily.com\/","name":"Swallow Reviews","description":"Gu\u00eda para ligar en l\u00ednea","potentialAction":[{"@type":"SearchAction","target":{"@type":"EntryPoint","urlTemplate":"https:\/\/swallowdaily.com\/?s={search_term_string}"},"query-input":"required name=search_term_string"}],"inLanguage":"es"},{"@type":"ImageObject","inLanguage":"es","@id":"https:\/\/swallowdaily.com\/es\/las-mejores-formas-de-quedar-para-tener-sexo\/#primaryimage","url":"https:\/\/swallowdaily.com\/wp-content\/uploads\/2022\/06\/love-match.webp","contentUrl":"https:\/\/swallowdaily.com\/wp-content\/uploads\/2022\/06\/love-match.webp","width":1600,"height":2400},{"@type":"WebPage","@id":"https:\/\/swallowdaily.com\/es\/las-mejores-formas-de-quedar-para-tener-sexo\/#webpage","url":"https:\/\/swallowdaily.com\/es\/las-mejores-formas-de-quedar-para-tener-sexo\/","name":"Las mejores formas de quedar para tener sexo - Swallow Reviews","isPartOf":{"@id":"https:\/\/swallowdaily.com\/#website"},"primaryImageOfPage":{"@id":"https:\/\/swallowdaily.com\/es\/las-mejores-formas-de-quedar-para-tener-sexo\/#primaryimage"},"datePublished":"2022-06-27T15:05:09+00:00","dateModified":"2022-06-27T15:05:09+00:00","breadcrumb":{"@id":"https:\/\/swallowdaily.com\/es\/las-mejores-formas-de-quedar-para-tener-sexo\/#breadcrumb"},"inLanguage":"es","potentialAction":[{"@type":"ReadAction","target":["https:\/\/swallowdaily.com\/es\/las-mejores-formas-de-quedar-para-tener-sexo\/"]}]},{"@type":"BreadcrumbList","@id":"https:\/\/swallowdaily.com\/es\/las-mejores-formas-de-quedar-para-tener-sexo\/#breadcrumb","itemListElement":[{"@type":"ListItem","position":1,"name":"Hogar","item":"https:\/\/swallowdaily.com\/es\/"},{"@type":"ListItem","position":2,"name":"Las mejores formas de quedar para tener sexo"}]}]}},"_links":{"self":[{"href":"https:\/\/swallowdaily.com\/es\/wp-json\/wp\/v2\/pages\/165"}],"collection":[{"href":"https:\/\/swallowdaily.com\/es\/wp-json\/wp\/v2\/pages"}],"about":[{"href":"https:\/\/swallowdaily.com\/es\/wp-json\/wp\/v2\/types\/page"}],"author":[{"embeddable":true,"href":"https:\/\/swallowdaily.com\/es\/wp-json\/wp\/v2\/users\/1"}],"replies":[{"embeddable":true,"href":"https:\/\/swallowdaily.com\/es\/wp-json\/wp\/v2\/comments?post=165"}],"version-history":[{"count":0,"href":"https:\/\/swallowdaily.com\/es\/wp-json\/wp\/v2\/pages\/165\/revisions"}],"wp:featuredmedia":[{"embeddable":true,"href":"https:\/\/swallowdaily.com\/es\/wp-json\/wp\/v2\/media\/130"}],"wp:attachment":[{"href":"https:\/\/swallowdaily.com\/es\/wp-json\/wp\/v2\/media?parent=165"}],"curies":[{"name":"wp","href":"https:\/\/api.w.org\/{rel}","templated":true}]}}