{"id":190,"date":"2022-06-27T15:44:50","date_gmt":"2022-06-27T14:44:50","guid":{"rendered":"http:\/\/swallowdaily.com\/por-que-utilizar-las-aplicaciones-de-citas\/"},"modified":"2022-08-15T17:47:26","modified_gmt":"2022-08-15T16:47:26","slug":"por-que-utilizar-las-aplicaciones-de-citas","status":"publish","type":"page","link":"https:\/\/swallowdaily.com\/es\/por-que-utilizar-las-aplicaciones-de-citas\/","title":{"rendered":"Por qu\u00e9 utilizar las aplicaciones de citas"},"content":{"rendered":"<p>Hoy en d\u00eda hay un mont\u00f3n de aplicaciones de citas, pero muchas de ellas no son muy \u00fatiles. De hecho, la mayor\u00eda se limita a ofrecer una plataforma para que la gente se conozca sin ayudarla a conectarse realmente.<\/p>\n<p>Aqu\u00ed es donde entran en juego los <a href=\"http:\/\/swallowdaily.com\/best-ways-to-meet-for-sex\/\">sitios de citas en l\u00ednea<\/a>. Estas plataformas permiten a las personas crear perfiles, subir fotos y escribir biograf\u00edas. Los usuarios tienen entonces la oportunidad de interactuar con otros que comparten intereses similares. Lo mejor es que estos sitios son gratuitos, por lo que es f\u00e1cil probarlos.<\/p>\n<p>Los sitios de citas en l\u00ednea tambi\u00e9n son un gran lugar para conocer a alguien especial. Es mucho m\u00e1s f\u00e1cil entablar <a href=\"https:\/\/www.sexting-sites.com\/es\/juegos-porno-gratis-no-te-registras\/\">juego hentai sin registro<\/a> una conversaci\u00f3n con alguien si ambos est\u00e1n en la misma aplicaci\u00f3n. Adem\u00e1s, como todo el mundo tiene acceso al mismo grupo de posibles parejas, nunca tendr\u00e1s que preocuparte por ser rechazado.<\/p>\n<h2>\u00bfLas aplicaciones de citas te ayudan a encontrar sexo?<\/h2>\n<p>Por supuesto, las <a href=\"http:\/\/swallowdaily.com\/best-ways-to-meet-for-sex\/\">citas online<\/a> tambi\u00e9n tienen sus inconvenientes. Para empezar, hay que salir a la calle. La gente podr\u00e1 ver todo, desde tu foto de perfil hasta tu m\u00fasica favorita. Por lo tanto, es importante que elijas sabiamente cuando decidas qu\u00e9 informaci\u00f3n incluir en tu perfil.<\/p>\n<p>Tambi\u00e9n es posible que acabes conociendo a alguien que no comparte tus valores. Aunque esto pueda parecer aterrador, en realidad no es nada de lo que preocuparse. Los sitios de citas en l\u00ednea est\u00e1n dise\u00f1ados para emparejar a las personas en funci\u00f3n de sus intereses comunes, por lo que no debe esperar encontrar a alguien que comparta sus creencias.<\/p>\n<p>As\u00ed que, tanto si decides utilizar un sitio de citas online como si no, recuerda que siempre es importante estar abierto a nuevas experiencias. Y, si alguna vez te sientes inc\u00f3modo, siempre puedes eliminar tu cuenta.<\/p>\n<p>Hoy en d\u00eda hay muchas aplicaciones de citas diferentes, y cada una tiene <a href=\"http:\/\/www.jerkoffforme.com\/es\/sitios-de-gay-cam\/\">gay free cam<\/a> sus propias caracter\u00edsticas. Algunos se centran en la compatibilidad, mientras que otros te permiten conectar con personas en funci\u00f3n de su ubicaci\u00f3n. Tambi\u00e9n hay aplicaciones que ofrecen ambas opciones, permiti\u00e9ndote elegir entre encontrar a alguien cerca o conocer a alguien que vive lejos.<\/p>\n<p>Una cosa que la mayor\u00eda de las aplicaciones de citas tienen en com\u00fan es que requieren que rellenes un perfil. Esto permite a otros usuarios saber m\u00e1s sobre ti y te da la oportunidad de compartir detalles sobre ti. Es importante incluir informaci\u00f3n precisa en tu perfil, como tu edad, altura, peso, color de pelo, color de ojos e intereses.<\/p>\n<h2>Los mejores sitios web para el sexo r\u00e1pido<\/h2>\n<p>Despu\u00e9s de rellenar tu perfil, querr\u00e1s a\u00f1adir fotos tuyas. La mejor manera de hacerlo es subir fotos desde el tel\u00e9fono o el ordenador. Aseg\u00farate de seleccionar una foto que muestre tus mejores atributos y evita los selfies. Adem\u00e1s, intenta evitar subir demasiadas fotos a la vez. En su lugar, elige s\u00f3lo unos pocos y ed\u00edtalos hasta que encuentres los perfectos.<\/p>\n<p>Una vez que hayas subido tus fotos, querr\u00e1s crear una foto de portada. Las fotos de portada suelen ser im\u00e1genes grandes y cuadradas que aparecen en la parte superior de tu perfil. Se utilizan para representarte en l\u00ednea y dar a las citas potenciales un vistazo r\u00e1pido a tu personalidad.<\/p>\n<p>A continuaci\u00f3n, deber\u00e1s escribir una breve biograf\u00eda. Aqu\u00ed es donde le dices <a href=\"http:\/\/www.gay-hookups.com\/es\/chatea-con-gays\/\">chat sexo gay<\/a> a la gente por qu\u00e9 est\u00e1s interesado en conectar con ellos. Incluya cualquier afici\u00f3n o inter\u00e9s que tenga y descr\u00edbase de forma positiva. Evita hacer declaraciones negativas sobre ti mismo o ser demasiado cr\u00edtico.<\/p>\n<p>Ahora que has escrito una gran biograf\u00eda, querr\u00e1s rellenar tu perfil por completo. A\u00f1ade todos los detalles posibles. S\u00e9 sincero y abierto sobre ti mismo y tu vida. No te preocupes si a\u00fan no sabes todo sobre ti; siempre puedes actualizar tu perfil m\u00e1s adelante.<\/p>\n<p>El \u00faltimo paso es a\u00f1adir algunos filtros a tu aplicaci\u00f3n. Los filtros le permiten reducir las coincidencias en funci\u00f3n de criterios espec\u00edficos. Por ejemplo, es posible que s\u00f3lo quieras emparejar a personas que est\u00e9n a una determinada distancia o que compartan intereses similares.<\/p>\n<p>Una vez que hayas completado estos pasos, estar\u00e1s listo para empezar a buscar nuevas conexiones. Buena suerte.<\/p>\n","protected":false},"excerpt":{"rendered":"<p>Hoy en d\u00eda hay un mont\u00f3n de aplicaciones de citas, pero muchas de ellas no son muy \u00fatiles. De hecho,<\/p>\n","protected":false},"author":1,"featured_media":88,"parent":0,"menu_order":0,"comment_status":"closed","ping_status":"closed","template":"","meta":[],"yoast_head":"<!-- This site is optimized with the Yoast SEO plugin v19.1 - https:\/\/yoast.com\/wordpress\/plugins\/seo\/ -->\n<title>Por qu\u00e9 utilizar las aplicaciones de citas - Swallow Reviews<\/title>\n<meta name=\"robots\" content=\"index, follow, max-snippet:-1, max-image-preview:large, max-video-preview:-1\" \/>\n<link rel=\"canonical\" href=\"https:\/\/swallowdaily.com\/es\/por-que-utilizar-las-aplicaciones-de-citas\/\" \/>\n<meta property=\"og:locale\" content=\"es_ES\" \/>\n<meta property=\"og:type\" content=\"article\" \/>\n<meta property=\"og:title\" content=\"Por qu\u00e9 utilizar las aplicaciones de citas - Swallow Reviews\" \/>\n<meta property=\"og:description\" content=\"Hoy en d\u00eda hay un mont\u00f3n de aplicaciones de citas, pero muchas de ellas no son muy \u00fatiles. De hecho,\" \/>\n<meta property=\"og:url\" content=\"https:\/\/swallowdaily.com\/es\/por-que-utilizar-las-aplicaciones-de-citas\/\" \/>\n<meta property=\"og:site_name\" content=\"Swallow Reviews\" \/>\n<meta property=\"article:modified_time\" content=\"2022-08-15T16:47:26+00:00\" \/>\n<meta property=\"og:image\" content=\"https:\/\/swallowdaily.com\/wp-content\/uploads\/2022\/06\/love-dating-sites.jpeg\" \/>\n\t<meta property=\"og:image:width\" content=\"1125\" \/>\n\t<meta property=\"og:image:height\" content=\"750\" \/>\n\t<meta property=\"og:image:type\" content=\"image\/jpeg\" \/>\n<meta name=\"twitter:card\" content=\"summary_large_image\" \/>\n<meta name=\"twitter:label1\" content=\"Tiempo de lectura\" \/>\n\t<meta name=\"twitter:data1\" content=\"4 minutos\" \/>\n<script type=\"application\/ld+json\" class=\"yoast-schema-graph\">{\"@context\":\"https:\/\/schema.org\",\"@graph\":[{\"@type\":\"WebSite\",\"@id\":\"https:\/\/swallowdaily.com\/#website\",\"url\":\"https:\/\/swallowdaily.com\/\",\"name\":\"Swallow Reviews\",\"description\":\"Gu\u00eda para ligar en l\u00ednea\",\"potentialAction\":[{\"@type\":\"SearchAction\",\"target\":{\"@type\":\"EntryPoint\",\"urlTemplate\":\"https:\/\/swallowdaily.com\/?s={search_term_string}\"},\"query-input\":\"required name=search_term_string\"}],\"inLanguage\":\"es\"},{\"@type\":\"ImageObject\",\"inLanguage\":\"es\",\"@id\":\"https:\/\/swallowdaily.com\/es\/por-que-utilizar-las-aplicaciones-de-citas\/#primaryimage\",\"url\":\"https:\/\/swallowdaily.com\/wp-content\/uploads\/2022\/06\/love-dating-sites.jpeg\",\"contentUrl\":\"https:\/\/swallowdaily.com\/wp-content\/uploads\/2022\/06\/love-dating-sites.jpeg\",\"width\":1125,\"height\":750},{\"@type\":\"WebPage\",\"@id\":\"https:\/\/swallowdaily.com\/es\/por-que-utilizar-las-aplicaciones-de-citas\/#webpage\",\"url\":\"https:\/\/swallowdaily.com\/es\/por-que-utilizar-las-aplicaciones-de-citas\/\",\"name\":\"Por qu\u00e9 utilizar las aplicaciones de citas - Swallow Reviews\",\"isPartOf\":{\"@id\":\"https:\/\/swallowdaily.com\/#website\"},\"primaryImageOfPage\":{\"@id\":\"https:\/\/swallowdaily.com\/es\/por-que-utilizar-las-aplicaciones-de-citas\/#primaryimage\"},\"datePublished\":\"2022-06-27T14:44:50+00:00\",\"dateModified\":\"2022-08-15T16:47:26+00:00\",\"breadcrumb\":{\"@id\":\"https:\/\/swallowdaily.com\/es\/por-que-utilizar-las-aplicaciones-de-citas\/#breadcrumb\"},\"inLanguage\":\"es\",\"potentialAction\":[{\"@type\":\"ReadAction\",\"target\":[\"https:\/\/swallowdaily.com\/es\/por-que-utilizar-las-aplicaciones-de-citas\/\"]}]},{\"@type\":\"BreadcrumbList\",\"@id\":\"https:\/\/swallowdaily.com\/es\/por-que-utilizar-las-aplicaciones-de-citas\/#breadcrumb\",\"itemListElement\":[{\"@type\":\"ListItem\",\"position\":1,\"name\":\"Hogar\",\"item\":\"http:\/\/swallowdaily.com\/es\/\"},{\"@type\":\"ListItem\",\"position\":2,\"name\":\"Por qu\u00e9 utilizar las aplicaciones de citas\"}]}]}<\/script>\n<!-- \/ Yoast SEO plugin. -->","yoast_head_json":{"title":"Por qu\u00e9 utilizar las aplicaciones de citas - Swallow Reviews","robots":{"index":"index","follow":"follow","max-snippet":"max-snippet:-1","max-image-preview":"max-image-preview:large","max-video-preview":"max-video-preview:-1"},"canonical":"https:\/\/swallowdaily.com\/es\/por-que-utilizar-las-aplicaciones-de-citas\/","og_locale":"es_ES","og_type":"article","og_title":"Por qu\u00e9 utilizar las aplicaciones de citas - Swallow Reviews","og_description":"Hoy en d\u00eda hay un mont\u00f3n de aplicaciones de citas, pero muchas de ellas no son muy \u00fatiles. De hecho,","og_url":"https:\/\/swallowdaily.com\/es\/por-que-utilizar-las-aplicaciones-de-citas\/","og_site_name":"Swallow Reviews","article_modified_time":"2022-08-15T16:47:26+00:00","og_image":[{"width":1125,"height":750,"url":"https:\/\/swallowdaily.com\/wp-content\/uploads\/2022\/06\/love-dating-sites.jpeg","type":"image\/jpeg"}],"twitter_card":"summary_large_image","twitter_misc":{"Tiempo de lectura":"4 minutos"},"schema":{"@context":"https:\/\/schema.org","@graph":[{"@type":"WebSite","@id":"https:\/\/swallowdaily.com\/#website","url":"https:\/\/swallowdaily.com\/","name":"Swallow Reviews","description":"Gu\u00eda para ligar en l\u00ednea","potentialAction":[{"@type":"SearchAction","target":{"@type":"EntryPoint","urlTemplate":"https:\/\/swallowdaily.com\/?s={search_term_string}"},"query-input":"required name=search_term_string"}],"inLanguage":"es"},{"@type":"ImageObject","inLanguage":"es","@id":"https:\/\/swallowdaily.com\/es\/por-que-utilizar-las-aplicaciones-de-citas\/#primaryimage","url":"https:\/\/swallowdaily.com\/wp-content\/uploads\/2022\/06\/love-dating-sites.jpeg","contentUrl":"https:\/\/swallowdaily.com\/wp-content\/uploads\/2022\/06\/love-dating-sites.jpeg","width":1125,"height":750},{"@type":"WebPage","@id":"https:\/\/swallowdaily.com\/es\/por-que-utilizar-las-aplicaciones-de-citas\/#webpage","url":"https:\/\/swallowdaily.com\/es\/por-que-utilizar-las-aplicaciones-de-citas\/","name":"Por qu\u00e9 utilizar las aplicaciones de citas - Swallow Reviews","isPartOf":{"@id":"https:\/\/swallowdaily.com\/#website"},"primaryImageOfPage":{"@id":"https:\/\/swallowdaily.com\/es\/por-que-utilizar-las-aplicaciones-de-citas\/#primaryimage"},"datePublished":"2022-06-27T14:44:50+00:00","dateModified":"2022-08-15T16:47:26+00:00","breadcrumb":{"@id":"https:\/\/swallowdaily.com\/es\/por-que-utilizar-las-aplicaciones-de-citas\/#breadcrumb"},"inLanguage":"es","potentialAction":[{"@type":"ReadAction","target":["https:\/\/swallowdaily.com\/es\/por-que-utilizar-las-aplicaciones-de-citas\/"]}]},{"@type":"BreadcrumbList","@id":"https:\/\/swallowdaily.com\/es\/por-que-utilizar-las-aplicaciones-de-citas\/#breadcrumb","itemListElement":[{"@type":"ListItem","position":1,"name":"Hogar","item":"http:\/\/swallowdaily.com\/es\/"},{"@type":"ListItem","position":2,"name":"Por qu\u00e9 utilizar las aplicaciones de citas"}]}]}},"_links":{"self":[{"href":"https:\/\/swallowdaily.com\/es\/wp-json\/wp\/v2\/pages\/190"}],"collection":[{"href":"https:\/\/swallowdaily.com\/es\/wp-json\/wp\/v2\/pages"}],"about":[{"href":"https:\/\/swallowdaily.com\/es\/wp-json\/wp\/v2\/types\/page"}],"author":[{"embeddable":true,"href":"https:\/\/swallowdaily.com\/es\/wp-json\/wp\/v2\/users\/1"}],"replies":[{"embeddable":true,"href":"https:\/\/swallowdaily.com\/es\/wp-json\/wp\/v2\/comments?post=190"}],"version-history":[{"count":1,"href":"https:\/\/swallowdaily.com\/es\/wp-json\/wp\/v2\/pages\/190\/revisions"}],"predecessor-version":[{"id":334,"href":"https:\/\/swallowdaily.com\/es\/wp-json\/wp\/v2\/pages\/190\/revisions\/334"}],"wp:featuredmedia":[{"embeddable":true,"href":"https:\/\/swallowdaily.com\/es\/wp-json\/wp\/v2\/media\/88"}],"wp:attachment":[{"href":"https:\/\/swallowdaily.com\/es\/wp-json\/wp\/v2\/media?parent=190"}],"curies":[{"name":"wp","href":"https:\/\/api.w.org\/{rel}","templated":true}]}}