{"id":194,"date":"2022-06-27T15:17:40","date_gmt":"2022-06-27T14:17:40","guid":{"rendered":"http:\/\/swallowdaily.com\/a-que-tipo-de-sitios-para-ligar-te-puedes-unir\/"},"modified":"2022-08-15T17:45:24","modified_gmt":"2022-08-15T16:45:24","slug":"a-que-tipo-de-sitios-para-ligar-te-puedes-unir","status":"publish","type":"page","link":"https:\/\/swallowdaily.com\/es\/","title":{"rendered":"\u00bfA qu\u00e9 tipo de sitios para ligar te puedes unir?"},"content":{"rendered":"<div id=\"text-body\">\n<p><img loading=\"lazy\" class=\"aligncenter size-large wp-image-33\" src=\"http:\/\/swallowdaily.com\/wp-content\/uploads\/2022\/06\/find-sex-near-you-1024x678.jpeg\" alt=\"\" width=\"640\" height=\"424\" srcset=\"https:\/\/swallowdaily.com\/wp-content\/uploads\/2022\/06\/find-sex-near-you-1024x678.jpeg 1024w, https:\/\/swallowdaily.com\/wp-content\/uploads\/2022\/06\/find-sex-near-you-300x199.jpeg 300w, https:\/\/swallowdaily.com\/wp-content\/uploads\/2022\/06\/find-sex-near-you-768x509.jpeg 768w, https:\/\/swallowdaily.com\/wp-content\/uploads\/2022\/06\/find-sex-near-you-1536x1017.jpeg 1536w, https:\/\/swallowdaily.com\/wp-content\/uploads\/2022\/06\/find-sex-near-you-2048x1356.jpeg 2048w\" sizes=\"(max-width: 640px) 100vw, 640px\" \/><\/p>\n<p>Hoy en d\u00eda hay muchas maneras de conocer a alguien en l\u00ednea. Algunas personas prefieren utilizar aplicaciones de citas, mientras que otras recurren a sitios de contactos gratuitos. Ambas opciones tienen sus pros y sus contras, pero si lo que buscas es una relaci\u00f3n casual, cualquiera de las dos opciones podr\u00eda funcionarte.<\/p>\n<p>Las aplicaciones de citas son estupendas para conocer a personas que comparten intereses similares <a href=\"https:\/\/www.adultsexsites.org\/es\/juegos-de-sexo-gratis-no-se-requiere-tarjeta-de-credito\/\">juegos sexo gratis<\/a>, pero no siempre son la mejor opci\u00f3n para encontrar pareja. Mientras que la mayor\u00eda de las aplicaciones de citas exigen que los usuarios paguen una cuota para acceder a las membres\u00edas, los sitios de contactos gratuitos ofrecen un grupo mucho mayor de posibles parejas.<\/p>\n<h3>\u00bfSon seguros los sitios y aplicaciones de contactos?<\/h3>\n<p>Aunque los sitios de contactos gratuitos son c\u00f3modos, tambi\u00e9n pueden ser frustrantes. Es dif\u00edcil escudri\u00f1ar entre cientos de perfiles para encontrar a la persona que buscas. La buena noticia es que puede ahorrarse mucho tiempo siguiendo unas sencillas reglas. Por ejemplo, debes evitar enviar mensajes a desconocidos, especialmente a aquellos que parecen demasiado interesados en ti.<\/p>\n<p>Tambi\u00e9n es una buena idea enviar mensajes s\u00f3lo a personas que parezcan realmente interesadas en conocerte. No env\u00edes mensajes a personas que parezcan desesperadas o que te hagan preguntas que normalmente no responder\u00edas. Por \u00faltimo, trate de mantenerse activo en el sitio. Publicar nuevas fotos y responder a los mensajes de otros usuarios te dar\u00e1 m\u00e1s oportunidades de conectar con la gente.<\/p>\n<p>Una vez que hayas encontrado a alguien que te parezca adecuado, puedes quedar con \u00e9l en la vida real. Esto suele hacerse mediante mensajes de texto o llamadas telef\u00f3nicas. Tenga cuidado al organizar reuniones porque nunca se sabe qui\u00e9n puede estar mirando.<\/p>\n<h3>\u00bfTengo que pagar para utilizar un sitio de conexi\u00f3n?<\/h3>\n<p>Los sitios de citas son cada vez m\u00e1s populares entre los solteros que quieren conocer a otras personas en l\u00ednea. Hay muchos tipos diferentes de sitios de citas gratuitos, incluidos los que permiten a los miembros navegar por los perfiles y enviar mensajes a otros. Algunos sitios ofrecen funciones adicionales, como salas de chat donde los miembros pueden interactuar entre s\u00ed.<\/p>\n<p>El hecho de inscribirse en un sitio tiene varias ventajas. En primer lugar, puede acceder f\u00e1cilmente a un gran grupo de socios potenciales sin tener que pagar nada por adelantado. En segundo lugar, estos sitios ofrecen un entorno seguro en el que se puede conectar con personas de todo el mundo. Por \u00faltimo, puedes utilizar los sitios de citas sin registro para conocer <a href=\"https:\/\/www.fuck-app.net\/es\/juegos-porno-android\/\">juegos porno android<\/a> a personas que comparten intereses similares.<\/p>\n<h2>Sitios para ligar gratis<\/h2>\n<p>Los sitios de contactos gratuitos tambi\u00e9n son un lugar ideal para encontrar parejas sexuales que est\u00e9n abiertas a encuentros casuales. Hay muchas mujeres y hombres que est\u00e1n dispuestos a mantener relaciones sexuales sin tener un compromiso a largo plazo. Sin embargo, no debe esperar encontrar a nadie que se ajuste a sus criterios espec\u00edficos. En lugar de eso, es probable que acabes pasando horas desplaz\u00e1ndote por los perfiles hasta que encuentres a alguien que parezca prometedor.<\/p>\n<h2>Sitios para ligar: \u00bfFuncionan realmente?<\/h2>\n<p>Aunque los sitios web de contactos son c\u00f3modos, tambi\u00e9n pueden ser arriesgados. Por ejemplo, si te registras en un sitio y luego decides que no quieres seguir utiliz\u00e1ndolo, podr\u00edas perder toda tu informaci\u00f3n personal. Adem\u00e1s, como la mayor\u00eda de estos sitios son completamente gratuitos, podr\u00edas acabar gastando dinero s\u00f3lo por probarlos.<\/p>\n<p>Adem\u00e1s de poder ver los perfiles y enviar mensajes, algunas aplicaciones de citas permiten a los miembros crear sus propios perfiles. Estos perfiles incluyen fotos, v\u00eddeos y descripciones detalladas de s\u00ed mismos. Aunque la creaci\u00f3n de un perfil es opcional, puede ser una gran manera de atraer a nuevos amigos.<\/p>\n<h2>  \u00bfSon necesarias las aplicaciones de citas?<\/h2>\n<p>Las aplicaciones de citas son una buena forma de conocer gente nueva. Hoy en d\u00eda hay muchas aplicaciones de citas diferentes, y cada una tiene sus propias caracter\u00edsticas. Algunos permiten navegar por los perfiles en funci\u00f3n de la ubicaci\u00f3n, mientras que otros permiten filtrar las posibles coincidencias en funci\u00f3n de la edad, el sexo, los intereses, etc.<\/p>\n<p>Tambi\u00e9n hay muchas aplicaciones de citas gratuitas que ofrecen una funcionalidad limitada, pero si buscas algo m\u00e1s robusto, podr\u00edas considerar pagar por una membres\u00eda premium. Las afiliaciones premium suelen incluir funciones adicionales, como la mensajer\u00eda ilimitada y el acceso a eventos exclusivos.<\/p>\n<p>Independientemente de que decidas pagar por una suscripci\u00f3n premium o no, siempre es una buena idea descargar la aplicaci\u00f3n y probarla antes de suscribirte. Esto le da la oportunidad de averiguar qu\u00e9 tipo de experiencia prefiere y le ayuda a evitar el desperdicio de dinero en una suscripci\u00f3n que no le sirve.<\/p>\n<\/div>\n","protected":false},"excerpt":{"rendered":"<p>Hoy en d\u00eda hay muchas maneras de conocer a alguien en l\u00ednea. Algunas personas prefieren utilizar aplicaciones de citas, mientras<\/p>\n","protected":false},"author":1,"featured_media":0,"parent":0,"menu_order":0,"comment_status":"closed","ping_status":"closed","template":"","meta":[],"yoast_head":"<!-- This site is optimized with the Yoast SEO plugin v19.1 - https:\/\/yoast.com\/wordpress\/plugins\/seo\/ -->\n<title>\u00bfA qu\u00e9 tipo de sitios para ligar te puedes unir? - Swallow Reviews<\/title>\n<meta name=\"robots\" content=\"index, follow, max-snippet:-1, max-image-preview:large, max-video-preview:-1\" \/>\n<link rel=\"canonical\" href=\"https:\/\/swallowdaily.com\/es\/\" \/>\n<meta property=\"og:locale\" content=\"es_ES\" \/>\n<meta property=\"og:type\" content=\"article\" \/>\n<meta property=\"og:title\" content=\"\u00bfA qu\u00e9 tipo de sitios para ligar te puedes unir? - Swallow Reviews\" \/>\n<meta property=\"og:description\" content=\"Hoy en d\u00eda hay muchas maneras de conocer a alguien en l\u00ednea. Algunas personas prefieren utilizar aplicaciones de citas, mientras\" \/>\n<meta property=\"og:url\" content=\"https:\/\/swallowdaily.com\/es\/\" \/>\n<meta property=\"og:site_name\" content=\"Swallow Reviews\" \/>\n<meta property=\"article:modified_time\" content=\"2022-08-15T16:45:24+00:00\" \/>\n<meta property=\"og:image\" content=\"http:\/\/swallowdaily.com\/wp-content\/uploads\/2022\/06\/find-sex-near-you-1024x678.jpeg\" \/>\n<meta name=\"twitter:card\" content=\"summary_large_image\" \/>\n<meta name=\"twitter:label1\" content=\"Tiempo de lectura\" \/>\n\t<meta name=\"twitter:data1\" content=\"4 minutos\" \/>\n<script type=\"application\/ld+json\" class=\"yoast-schema-graph\">{\"@context\":\"https:\/\/schema.org\",\"@graph\":[{\"@type\":\"WebSite\",\"@id\":\"https:\/\/swallowdaily.com\/#website\",\"url\":\"https:\/\/swallowdaily.com\/\",\"name\":\"Swallow Reviews\",\"description\":\"Gu\u00eda para ligar en l\u00ednea\",\"potentialAction\":[{\"@type\":\"SearchAction\",\"target\":{\"@type\":\"EntryPoint\",\"urlTemplate\":\"https:\/\/swallowdaily.com\/?s={search_term_string}\"},\"query-input\":\"required name=search_term_string\"}],\"inLanguage\":\"es\"},{\"@type\":\"ImageObject\",\"inLanguage\":\"es\",\"@id\":\"https:\/\/swallowdaily.com\/es\/#primaryimage\",\"url\":\"https:\/\/swallowdaily.com\/wp-content\/uploads\/2022\/06\/find-sex-near-you.jpeg\",\"contentUrl\":\"https:\/\/swallowdaily.com\/wp-content\/uploads\/2022\/06\/find-sex-near-you.jpeg\",\"width\":2265,\"height\":1500},{\"@type\":\"WebPage\",\"@id\":\"https:\/\/swallowdaily.com\/es\/#webpage\",\"url\":\"https:\/\/swallowdaily.com\/es\/\",\"name\":\"\u00bfA qu\u00e9 tipo de sitios para ligar te puedes unir? - Swallow Reviews\",\"isPartOf\":{\"@id\":\"https:\/\/swallowdaily.com\/#website\"},\"primaryImageOfPage\":{\"@id\":\"https:\/\/swallowdaily.com\/es\/#primaryimage\"},\"datePublished\":\"2022-06-27T14:17:40+00:00\",\"dateModified\":\"2022-08-15T16:45:24+00:00\",\"breadcrumb\":{\"@id\":\"https:\/\/swallowdaily.com\/es\/#breadcrumb\"},\"inLanguage\":\"es\",\"potentialAction\":[{\"@type\":\"ReadAction\",\"target\":[\"https:\/\/swallowdaily.com\/es\/\"]}]},{\"@type\":\"BreadcrumbList\",\"@id\":\"https:\/\/swallowdaily.com\/es\/#breadcrumb\",\"itemListElement\":[{\"@type\":\"ListItem\",\"position\":1,\"name\":\"Hogar\",\"item\":\"http:\/\/swallowdaily.com\/es\/\"},{\"@type\":\"ListItem\",\"position\":2,\"name\":\"\u00bfA qu\u00e9 tipo de sitios para ligar te puedes unir?\"}]}]}<\/script>\n<!-- \/ Yoast SEO plugin. -->","yoast_head_json":{"title":"\u00bfA qu\u00e9 tipo de sitios para ligar te puedes unir? - Swallow Reviews","robots":{"index":"index","follow":"follow","max-snippet":"max-snippet:-1","max-image-preview":"max-image-preview:large","max-video-preview":"max-video-preview:-1"},"canonical":"https:\/\/swallowdaily.com\/es\/","og_locale":"es_ES","og_type":"article","og_title":"\u00bfA qu\u00e9 tipo de sitios para ligar te puedes unir? - Swallow Reviews","og_description":"Hoy en d\u00eda hay muchas maneras de conocer a alguien en l\u00ednea. Algunas personas prefieren utilizar aplicaciones de citas, mientras","og_url":"https:\/\/swallowdaily.com\/es\/","og_site_name":"Swallow Reviews","article_modified_time":"2022-08-15T16:45:24+00:00","og_image":[{"url":"http:\/\/swallowdaily.com\/wp-content\/uploads\/2022\/06\/find-sex-near-you-1024x678.jpeg"}],"twitter_card":"summary_large_image","twitter_misc":{"Tiempo de lectura":"4 minutos"},"schema":{"@context":"https:\/\/schema.org","@graph":[{"@type":"WebSite","@id":"https:\/\/swallowdaily.com\/#website","url":"https:\/\/swallowdaily.com\/","name":"Swallow Reviews","description":"Gu\u00eda para ligar en l\u00ednea","potentialAction":[{"@type":"SearchAction","target":{"@type":"EntryPoint","urlTemplate":"https:\/\/swallowdaily.com\/?s={search_term_string}"},"query-input":"required name=search_term_string"}],"inLanguage":"es"},{"@type":"ImageObject","inLanguage":"es","@id":"https:\/\/swallowdaily.com\/es\/#primaryimage","url":"https:\/\/swallowdaily.com\/wp-content\/uploads\/2022\/06\/find-sex-near-you.jpeg","contentUrl":"https:\/\/swallowdaily.com\/wp-content\/uploads\/2022\/06\/find-sex-near-you.jpeg","width":2265,"height":1500},{"@type":"WebPage","@id":"https:\/\/swallowdaily.com\/es\/#webpage","url":"https:\/\/swallowdaily.com\/es\/","name":"\u00bfA qu\u00e9 tipo de sitios para ligar te puedes unir? - Swallow Reviews","isPartOf":{"@id":"https:\/\/swallowdaily.com\/#website"},"primaryImageOfPage":{"@id":"https:\/\/swallowdaily.com\/es\/#primaryimage"},"datePublished":"2022-06-27T14:17:40+00:00","dateModified":"2022-08-15T16:45:24+00:00","breadcrumb":{"@id":"https:\/\/swallowdaily.com\/es\/#breadcrumb"},"inLanguage":"es","potentialAction":[{"@type":"ReadAction","target":["https:\/\/swallowdaily.com\/es\/"]}]},{"@type":"BreadcrumbList","@id":"https:\/\/swallowdaily.com\/es\/#breadcrumb","itemListElement":[{"@type":"ListItem","position":1,"name":"Hogar","item":"http:\/\/swallowdaily.com\/es\/"},{"@type":"ListItem","position":2,"name":"\u00bfA qu\u00e9 tipo de sitios para ligar te puedes unir?"}]}]}},"_links":{"self":[{"href":"https:\/\/swallowdaily.com\/es\/wp-json\/wp\/v2\/pages\/194"}],"collection":[{"href":"https:\/\/swallowdaily.com\/es\/wp-json\/wp\/v2\/pages"}],"about":[{"href":"https:\/\/swallowdaily.com\/es\/wp-json\/wp\/v2\/types\/page"}],"author":[{"embeddable":true,"href":"https:\/\/swallowdaily.com\/es\/wp-json\/wp\/v2\/users\/1"}],"replies":[{"embeddable":true,"href":"https:\/\/swallowdaily.com\/es\/wp-json\/wp\/v2\/comments?post=194"}],"version-history":[{"count":1,"href":"https:\/\/swallowdaily.com\/es\/wp-json\/wp\/v2\/pages\/194\/revisions"}],"predecessor-version":[{"id":332,"href":"https:\/\/swallowdaily.com\/es\/wp-json\/wp\/v2\/pages\/194\/revisions\/332"}],"wp:attachment":[{"href":"https:\/\/swallowdaily.com\/es\/wp-json\/wp\/v2\/media?parent=194"}],"curies":[{"name":"wp","href":"https:\/\/api.w.org\/{rel}","templated":true}]}}