{"id":147,"date":"2022-06-27T15:49:22","date_gmt":"2022-06-27T14:49:22","guid":{"rendered":"http:\/\/swallowdaily.com\/rencontres-locales-gratuites\/"},"modified":"2022-06-27T15:49:22","modified_gmt":"2022-06-27T14:49:22","slug":"rencontres-locales-gratuites","status":"publish","type":"page","link":"https:\/\/swallowdaily.com\/fr\/rencontres-locales-gratuites\/","title":{"rendered":"Rencontres locales gratuites"},"content":{"rendered":"<p>Les applications de rencontre sont de plus en plus populaires parmi les c\u00e9libataires qui cherchent l&rsquo;amour en ligne. Ces applications permettent aux utilisateurs de se connecter \u00e0 d&rsquo;autres personnes en fonction de leur localisation, de leurs int\u00e9r\u00eats et de leurs amis communs.<\/p>\n<h2>Quelles sont les applications de rencontre qui conviennent le mieux aux c\u00e9libataires ?<\/h2>\n<p>Si les applications de rencontre sont pratiques, elles peuvent aussi \u00eatre dangereuses si elles sont mal utilis\u00e9es. Veillez \u00e0 faire attention aux personnes que vous rencontrez par le biais de <a href=\"http:\/\/swallowdaily.com\/fr\/applications-de-rencontres-sexuelles-gratuites\/\">ces applications<\/a> et \u00e0 respecter les consignes de s\u00e9curit\u00e9. Par exemple, ne partagez jamais d&rsquo;informations personnelles, comme votre num\u00e9ro de t\u00e9l\u00e9phone, votre adresse ou vos photos. \u00c9vitez \u00e9galement de rencontrer des inconnus dans les lieux publics et faites toujours preuve de bon sens lorsque vous rencontrez quelqu&rsquo;un de nouveau.<\/p>\n<p>Il est important de se rappeler que si les applications de rencontre peuvent \u00eatre amusantes, elles ne sont pas destin\u00e9es \u00e0 remplacer les interactions en face \u00e0 face. Au contraire, il s&rsquo;agit d&rsquo;un outil suppl\u00e9mentaire qui vous aide \u00e0 vous connecter aux autres. Alors, utilisez-les \u00e0 bon escient et profitez des avantages de trouver l&rsquo;amour en ligne !<\/p>\n<h2>Devriez-vous vous lancer ?<\/h2>\n<p>Les sites de sexe gratuits sont de plus en plus populaires parmi les c\u00e9libataires qui veulent explorer leur sexualit\u00e9 sans avoir \u00e0 payer quoi que ce soit au d\u00e9part. Ces sites offrent un acc\u00e8s gratuit \u00e0 des milliers de vid\u00e9os mettant en sc\u00e8ne de vrais couples en plein \u00e9bats.<\/p>\n<p>Il existe de nombreux types de <a href=\"http:\/\/swallowdaily.com\/fr\/meilleurs-sites-de-chat-sexuel\/\">sites de sexe<\/a> gratuits, dont le porno amateur, le sexe lesbien, le sexe gay, le sexe f\u00e9tichiste, et bien d&rsquo;autres encore. Chaque type offre ses propres avantages, donc si vous cherchez quelque chose de sp\u00e9cifique, essayez de parcourir les cat\u00e9gories pour trouver exactement ce que vous cherchez.<\/p>\n<p>L&rsquo;un des avantages de ces sites est qu&rsquo;ils vous permettent de regarder un nombre illimit\u00e9 de clips vid\u00e9o provenant de sources multiples. Vous pouvez parcourir des centaines de vid\u00e9os, et vous pouvez m\u00eame les t\u00e9l\u00e9charger pour les regarder hors ligne plus tard. Le plus int\u00e9ressant est que vous pouvez diffuser les vid\u00e9os directement sur votre ordinateur, votre tablette ou votre smartphone.<\/p>\n<p>Ces sites sont parfaits pour tous ceux qui veulent explorer leur c\u00f4t\u00e9 sexuel sans avoir \u00e0 d\u00e9penser de l&rsquo;argent. Il est facile de s&rsquo;inscrire et de commencer \u00e0 regarder des vid\u00e9os imm\u00e9diatement. Il n&rsquo;y a pas de frais d&rsquo;adh\u00e9sion ni de co\u00fbts cach\u00e9s, et vous pouvez profiter du service tout \u00e0 fait gratuitement.<\/p>\n","protected":false},"excerpt":{"rendered":"<p>Les applications de rencontre sont de plus en plus populaires parmi les c\u00e9libataires qui cherchent l&rsquo;amour en ligne. Ces applications<\/p>\n","protected":false},"author":1,"featured_media":112,"parent":0,"menu_order":0,"comment_status":"closed","ping_status":"closed","template":"","meta":[],"yoast_head":"<!-- This site is optimized with the Yoast SEO plugin v19.1 - https:\/\/yoast.com\/wordpress\/plugins\/seo\/ -->\n<title>Rencontres locales gratuites - Swallow Reviews<\/title>\n<meta name=\"robots\" content=\"index, follow, max-snippet:-1, max-image-preview:large, max-video-preview:-1\" \/>\n<link rel=\"canonical\" href=\"https:\/\/swallowdaily.com\/fr\/rencontres-locales-gratuites\/\" \/>\n<meta property=\"og:locale\" content=\"fr_FR\" \/>\n<meta property=\"og:type\" content=\"article\" \/>\n<meta property=\"og:title\" content=\"Rencontres locales gratuites - Swallow Reviews\" \/>\n<meta property=\"og:description\" content=\"Les applications de rencontre sont de plus en plus populaires parmi les c\u00e9libataires qui cherchent l&rsquo;amour en ligne. Ces applications\" \/>\n<meta property=\"og:url\" content=\"https:\/\/swallowdaily.com\/fr\/rencontres-locales-gratuites\/\" \/>\n<meta property=\"og:site_name\" content=\"Swallow Reviews\" \/>\n<meta property=\"og:image\" content=\"https:\/\/swallowdaily.com\/wp-content\/uploads\/2022\/06\/adult-dating-websites.jpeg\" \/>\n\t<meta property=\"og:image:width\" content=\"1600\" \/>\n\t<meta property=\"og:image:height\" content=\"2400\" \/>\n\t<meta property=\"og:image:type\" content=\"image\/jpeg\" \/>\n<meta name=\"twitter:card\" content=\"summary_large_image\" \/>\n<meta name=\"twitter:label1\" content=\"Dur\u00e9e de lecture estim\u00e9e\" \/>\n\t<meta name=\"twitter:data1\" content=\"2 minutes\" \/>\n<script type=\"application\/ld+json\" class=\"yoast-schema-graph\">{\"@context\":\"https:\/\/schema.org\",\"@graph\":[{\"@type\":\"WebSite\",\"@id\":\"http:\/\/swallowdaily.com\/de\/#website\",\"url\":\"http:\/\/swallowdaily.com\/de\/\",\"name\":\"Swallow Reviews\",\"description\":\"Guide de la drague en ligne\",\"potentialAction\":[{\"@type\":\"SearchAction\",\"target\":{\"@type\":\"EntryPoint\",\"urlTemplate\":\"http:\/\/swallowdaily.com\/de\/?s={search_term_string}\"},\"query-input\":\"required name=search_term_string\"}],\"inLanguage\":\"fr-FR\"},{\"@type\":\"ImageObject\",\"inLanguage\":\"fr-FR\",\"@id\":\"https:\/\/swallowdaily.com\/fr\/rencontres-locales-gratuites\/#primaryimage\",\"url\":\"https:\/\/swallowdaily.com\/wp-content\/uploads\/2022\/06\/adult-dating-websites.jpeg\",\"contentUrl\":\"https:\/\/swallowdaily.com\/wp-content\/uploads\/2022\/06\/adult-dating-websites.jpeg\",\"width\":1600,\"height\":2400},{\"@type\":\"WebPage\",\"@id\":\"https:\/\/swallowdaily.com\/fr\/rencontres-locales-gratuites\/#webpage\",\"url\":\"https:\/\/swallowdaily.com\/fr\/rencontres-locales-gratuites\/\",\"name\":\"Rencontres locales gratuites - Swallow Reviews\",\"isPartOf\":{\"@id\":\"http:\/\/swallowdaily.com\/de\/#website\"},\"primaryImageOfPage\":{\"@id\":\"https:\/\/swallowdaily.com\/fr\/rencontres-locales-gratuites\/#primaryimage\"},\"datePublished\":\"2022-06-27T14:49:22+00:00\",\"dateModified\":\"2022-06-27T14:49:22+00:00\",\"breadcrumb\":{\"@id\":\"https:\/\/swallowdaily.com\/fr\/rencontres-locales-gratuites\/#breadcrumb\"},\"inLanguage\":\"fr-FR\",\"potentialAction\":[{\"@type\":\"ReadAction\",\"target\":[\"https:\/\/swallowdaily.com\/fr\/rencontres-locales-gratuites\/\"]}]},{\"@type\":\"BreadcrumbList\",\"@id\":\"https:\/\/swallowdaily.com\/fr\/rencontres-locales-gratuites\/#breadcrumb\",\"itemListElement\":[{\"@type\":\"ListItem\",\"position\":1,\"name\":\"domicile\",\"item\":\"https:\/\/swallowdaily.com\/fr\/\"},{\"@type\":\"ListItem\",\"position\":2,\"name\":\"Rencontres locales gratuites\"}]}]}<\/script>\n<!-- \/ Yoast SEO plugin. -->","yoast_head_json":{"title":"Rencontres locales gratuites - Swallow Reviews","robots":{"index":"index","follow":"follow","max-snippet":"max-snippet:-1","max-image-preview":"max-image-preview:large","max-video-preview":"max-video-preview:-1"},"canonical":"https:\/\/swallowdaily.com\/fr\/rencontres-locales-gratuites\/","og_locale":"fr_FR","og_type":"article","og_title":"Rencontres locales gratuites - Swallow Reviews","og_description":"Les applications de rencontre sont de plus en plus populaires parmi les c\u00e9libataires qui cherchent l&rsquo;amour en ligne. Ces applications","og_url":"https:\/\/swallowdaily.com\/fr\/rencontres-locales-gratuites\/","og_site_name":"Swallow Reviews","og_image":[{"width":1600,"height":2400,"url":"https:\/\/swallowdaily.com\/wp-content\/uploads\/2022\/06\/adult-dating-websites.jpeg","type":"image\/jpeg"}],"twitter_card":"summary_large_image","twitter_misc":{"Dur\u00e9e de lecture estim\u00e9e":"2 minutes"},"schema":{"@context":"https:\/\/schema.org","@graph":[{"@type":"WebSite","@id":"http:\/\/swallowdaily.com\/de\/#website","url":"http:\/\/swallowdaily.com\/de\/","name":"Swallow Reviews","description":"Guide de la drague en ligne","potentialAction":[{"@type":"SearchAction","target":{"@type":"EntryPoint","urlTemplate":"http:\/\/swallowdaily.com\/de\/?s={search_term_string}"},"query-input":"required name=search_term_string"}],"inLanguage":"fr-FR"},{"@type":"ImageObject","inLanguage":"fr-FR","@id":"https:\/\/swallowdaily.com\/fr\/rencontres-locales-gratuites\/#primaryimage","url":"https:\/\/swallowdaily.com\/wp-content\/uploads\/2022\/06\/adult-dating-websites.jpeg","contentUrl":"https:\/\/swallowdaily.com\/wp-content\/uploads\/2022\/06\/adult-dating-websites.jpeg","width":1600,"height":2400},{"@type":"WebPage","@id":"https:\/\/swallowdaily.com\/fr\/rencontres-locales-gratuites\/#webpage","url":"https:\/\/swallowdaily.com\/fr\/rencontres-locales-gratuites\/","name":"Rencontres locales gratuites - Swallow Reviews","isPartOf":{"@id":"http:\/\/swallowdaily.com\/de\/#website"},"primaryImageOfPage":{"@id":"https:\/\/swallowdaily.com\/fr\/rencontres-locales-gratuites\/#primaryimage"},"datePublished":"2022-06-27T14:49:22+00:00","dateModified":"2022-06-27T14:49:22+00:00","breadcrumb":{"@id":"https:\/\/swallowdaily.com\/fr\/rencontres-locales-gratuites\/#breadcrumb"},"inLanguage":"fr-FR","potentialAction":[{"@type":"ReadAction","target":["https:\/\/swallowdaily.com\/fr\/rencontres-locales-gratuites\/"]}]},{"@type":"BreadcrumbList","@id":"https:\/\/swallowdaily.com\/fr\/rencontres-locales-gratuites\/#breadcrumb","itemListElement":[{"@type":"ListItem","position":1,"name":"domicile","item":"https:\/\/swallowdaily.com\/fr\/"},{"@type":"ListItem","position":2,"name":"Rencontres locales gratuites"}]}]}},"_links":{"self":[{"href":"https:\/\/swallowdaily.com\/fr\/wp-json\/wp\/v2\/pages\/147"}],"collection":[{"href":"https:\/\/swallowdaily.com\/fr\/wp-json\/wp\/v2\/pages"}],"about":[{"href":"https:\/\/swallowdaily.com\/fr\/wp-json\/wp\/v2\/types\/page"}],"author":[{"embeddable":true,"href":"https:\/\/swallowdaily.com\/fr\/wp-json\/wp\/v2\/users\/1"}],"replies":[{"embeddable":true,"href":"https:\/\/swallowdaily.com\/fr\/wp-json\/wp\/v2\/comments?post=147"}],"version-history":[{"count":0,"href":"https:\/\/swallowdaily.com\/fr\/wp-json\/wp\/v2\/pages\/147\/revisions"}],"wp:featuredmedia":[{"embeddable":true,"href":"https:\/\/swallowdaily.com\/fr\/wp-json\/wp\/v2\/media\/112"}],"wp:attachment":[{"href":"https:\/\/swallowdaily.com\/fr\/wp-json\/wp\/v2\/media?parent=147"}],"curies":[{"name":"wp","href":"https:\/\/api.w.org\/{rel}","templated":true}]}}