{"id":159,"date":"2022-06-27T16:06:48","date_gmt":"2022-06-27T15:06:48","guid":{"rendered":"http:\/\/swallowdaily.com\/les-rencontres-sexuelles-pourquoi-vous-devriez-les-utiliser-pour-le-sexe\/"},"modified":"2022-06-27T16:06:48","modified_gmt":"2022-06-27T15:06:48","slug":"les-rencontres-sexuelles-pourquoi-vous-devriez-les-utiliser-pour-le-sexe","status":"publish","type":"page","link":"https:\/\/swallowdaily.com\/fr\/les-rencontres-sexuelles-pourquoi-vous-devriez-les-utiliser-pour-le-sexe\/","title":{"rendered":"Les rencontres sexuelles : Pourquoi vous devriez les utiliser pour le sexe"},"content":{"rendered":"<p>Les rencontres sont une partie amusante des rendez-vous, mais elles peuvent aussi \u00eatre risqu\u00e9es si vous ne faites pas attention. Il est facile de prendre de mauvaises habitudes apr\u00e8s avoir rencontr\u00e9 quelqu&rsquo;un, surtout si vous n&rsquo;avez pas eu de relation depuis longtemps.<\/p>\n<p>Avant de vous jeter \u00e0 nouveau dans la piscine des rencontres, assurez-vous d&rsquo;\u00eatre pr\u00eat \u00e0 g\u00e9rer ces situations. Parlez \u00e0 vos amis et aux membres de votre famille de vos projets et demandez-leur des conseils pour \u00e9viter de faire des erreurs. Une fois que vous avez la certitude de savoir ce que vous faites, vous pouvez avancer en toute confiance.<\/p>\n<p>Il est \u00e9galement important de se rappeler que les \u00ab\u00a0hookups\u00a0\u00bb ne sont qu&rsquo;un type d&rsquo;application de rencontre. Il existe de nombreuses autres options, notamment les <a href=\"http:\/\/swallowdaily.com\/fr\/rencontres-locales-gratuites\/\">sites de rencontre en ligne<\/a>, les applications mobiles et m\u00eame les \u00e9v\u00e9nements locaux. La meilleure option d\u00e9pend du type de personne que vous recherchez et de votre lieu de r\u00e9sidence.<\/p>\n<h2>Sites de sexe locaux<\/h2>\n<p>Les sites de sexe sont un endroit id\u00e9al pour rencontrer des personnes qui partagent les m\u00eames int\u00e9r\u00eats. Que vous soyez int\u00e9ress\u00e9 par le sexe occasionnel, l&rsquo;\u00e9changisme ou simplement la rencontre de quelqu&rsquo;un de nouveau, ces sites offrent un environnement s\u00fbr o\u00f9 vous pouvez entrer en contact avec d&rsquo;autres personnes ouvertes \u00e0 l&rsquo;exploration de nouvelles exp\u00e9riences.<\/p>\n<p>Il existe de nombreux types de sites de sexe, des sites de niche ax\u00e9s sur des sujets sp\u00e9cifiques aux sites de rencontre g\u00e9n\u00e9raux. Certains sites se concentrent sur la mise en relation de personnes en fonction de leur localisation, tandis que d&rsquo;autres permettent aux membres de parcourir les profils en fonction de l&rsquo;\u00e2ge, du sexe, de l&rsquo;origine ethnique, de l&rsquo;orientation sexuelle, etc. Le plus int\u00e9ressant, c&rsquo;est que la plupart des sites de sexe sont enti\u00e8rement gratuits, ce qui vous permet d&rsquo;essayer plusieurs options diff\u00e9rentes sans d\u00e9penser trop d&rsquo;argent.<\/p>\n<p>Par exemple, si vous recherchez du <a href=\"http:\/\/swallowdaily.com\/fr\/les-meilleurs-moyens-de-se-rencontrer-pour-le-sexe\/\">sexe occasionnel<\/a>, vous pouvez essayer une application de rencontre. Cependant, si vous cherchez \u00e0 rencontrer quelqu&rsquo;un qui partage les m\u00eames int\u00e9r\u00eats que vous, vous pouvez essayer une application de rencontre. Quel que soit votre choix, assurez-vous de choisir une application de rencontre qui correspond \u00e0 vos besoins et \u00e0 vos pr\u00e9f\u00e9rences.<\/p>\n<h2>Commencez \u00e0 utiliser le sexe occasionnel<\/h2>\n<p>Il est important d&rsquo;\u00eatre prudent lorsque vous utilisez des sites de rencontres sexuelles, surtout si vous rencontrez des inconnus. Assurez-vous de lire les critiques et de parler \u00e0 vos amis avant de vous inscrire sur un site, et v\u00e9rifiez toujours l&rsquo;identit\u00e9 de la personne avant d&rsquo;accepter de la rencontrer. De m\u00eame, ne donnez jamais d&rsquo;informations personnelles si vous ne vous sentez pas \u00e0 l&rsquo;aise pour le faire.<\/p>\n<p>Il existe de nombreux types de sites de rencontres sexuelles, chacun r\u00e9pondant \u00e0 des pr\u00e9f\u00e9rences sp\u00e9cifiques. Certains sites se concentrent sur les rencontres occasionnelles, d&rsquo;autres sur les relations \u00e0 long terme. Le type de site que vous choisissez d\u00e9pend de vos besoins et de vos envies. Par exemple, si vous cherchez quelqu&rsquo;un avec qui partager une relation, vous pouvez envisager de vous inscrire sur un site de rencontres \u00e0 long terme.<\/p>\n<p>Toutefois, si vous voulez simplement vous amuser, essayez plut\u00f4t un site de rencontres occasionnelles. Ces sites vous permettent de rencontrer des personnes en fonction de leur localisation, de leurs int\u00e9r\u00eats et de leur orientation sexuelle. De nombreuses options sont disponibles, de sorte que vous pouvez trouver exactement ce que vous recherchez.<\/p>\n","protected":false},"excerpt":{"rendered":"<p>Les rencontres sont une partie amusante des rendez-vous, mais elles peuvent aussi \u00eatre risqu\u00e9es si vous ne faites pas attention.<\/p>\n","protected":false},"author":1,"featured_media":133,"parent":0,"menu_order":0,"comment_status":"closed","ping_status":"closed","template":"","meta":[],"yoast_head":"<!-- This site is optimized with the Yoast SEO plugin v19.1 - https:\/\/yoast.com\/wordpress\/plugins\/seo\/ -->\n<title>Les rencontres sexuelles : Pourquoi vous devriez les utiliser pour le sexe - Swallow Reviews<\/title>\n<meta name=\"robots\" content=\"index, follow, max-snippet:-1, max-image-preview:large, max-video-preview:-1\" \/>\n<link rel=\"canonical\" href=\"https:\/\/swallowdaily.com\/fr\/les-rencontres-sexuelles-pourquoi-vous-devriez-les-utiliser-pour-le-sexe\/\" \/>\n<meta property=\"og:locale\" content=\"fr_FR\" \/>\n<meta property=\"og:type\" content=\"article\" \/>\n<meta property=\"og:title\" content=\"Les rencontres sexuelles : Pourquoi vous devriez les utiliser pour le sexe - Swallow Reviews\" \/>\n<meta property=\"og:description\" content=\"Les rencontres sont une partie amusante des rendez-vous, mais elles peuvent aussi \u00eatre risqu\u00e9es si vous ne faites pas attention.\" \/>\n<meta property=\"og:url\" content=\"https:\/\/swallowdaily.com\/fr\/les-rencontres-sexuelles-pourquoi-vous-devriez-les-utiliser-pour-le-sexe\/\" \/>\n<meta property=\"og:site_name\" content=\"Swallow Reviews\" \/>\n<meta property=\"og:image\" content=\"https:\/\/swallowdaily.com\/wp-content\/uploads\/2022\/06\/local-sex-dating-reviews.jpeg\" \/>\n\t<meta property=\"og:image:width\" content=\"1125\" \/>\n\t<meta property=\"og:image:height\" content=\"750\" \/>\n\t<meta property=\"og:image:type\" content=\"image\/jpeg\" \/>\n<meta name=\"twitter:card\" content=\"summary_large_image\" \/>\n<meta name=\"twitter:label1\" content=\"Dur\u00e9e de lecture estim\u00e9e\" \/>\n\t<meta name=\"twitter:data1\" content=\"3 minutes\" \/>\n<script type=\"application\/ld+json\" class=\"yoast-schema-graph\">{\"@context\":\"https:\/\/schema.org\",\"@graph\":[{\"@type\":\"WebSite\",\"@id\":\"http:\/\/swallowdaily.com\/de\/#website\",\"url\":\"http:\/\/swallowdaily.com\/de\/\",\"name\":\"Swallow Reviews\",\"description\":\"Guide de la drague en ligne\",\"potentialAction\":[{\"@type\":\"SearchAction\",\"target\":{\"@type\":\"EntryPoint\",\"urlTemplate\":\"http:\/\/swallowdaily.com\/de\/?s={search_term_string}\"},\"query-input\":\"required name=search_term_string\"}],\"inLanguage\":\"fr-FR\"},{\"@type\":\"ImageObject\",\"inLanguage\":\"fr-FR\",\"@id\":\"https:\/\/swallowdaily.com\/fr\/les-rencontres-sexuelles-pourquoi-vous-devriez-les-utiliser-pour-le-sexe\/#primaryimage\",\"url\":\"https:\/\/swallowdaily.com\/wp-content\/uploads\/2022\/06\/local-sex-dating-reviews.jpeg\",\"contentUrl\":\"https:\/\/swallowdaily.com\/wp-content\/uploads\/2022\/06\/local-sex-dating-reviews.jpeg\",\"width\":1125,\"height\":750},{\"@type\":\"WebPage\",\"@id\":\"https:\/\/swallowdaily.com\/fr\/les-rencontres-sexuelles-pourquoi-vous-devriez-les-utiliser-pour-le-sexe\/#webpage\",\"url\":\"https:\/\/swallowdaily.com\/fr\/les-rencontres-sexuelles-pourquoi-vous-devriez-les-utiliser-pour-le-sexe\/\",\"name\":\"Les rencontres sexuelles : Pourquoi vous devriez les utiliser pour le sexe - Swallow Reviews\",\"isPartOf\":{\"@id\":\"http:\/\/swallowdaily.com\/de\/#website\"},\"primaryImageOfPage\":{\"@id\":\"https:\/\/swallowdaily.com\/fr\/les-rencontres-sexuelles-pourquoi-vous-devriez-les-utiliser-pour-le-sexe\/#primaryimage\"},\"datePublished\":\"2022-06-27T15:06:48+00:00\",\"dateModified\":\"2022-06-27T15:06:48+00:00\",\"breadcrumb\":{\"@id\":\"https:\/\/swallowdaily.com\/fr\/les-rencontres-sexuelles-pourquoi-vous-devriez-les-utiliser-pour-le-sexe\/#breadcrumb\"},\"inLanguage\":\"fr-FR\",\"potentialAction\":[{\"@type\":\"ReadAction\",\"target\":[\"https:\/\/swallowdaily.com\/fr\/les-rencontres-sexuelles-pourquoi-vous-devriez-les-utiliser-pour-le-sexe\/\"]}]},{\"@type\":\"BreadcrumbList\",\"@id\":\"https:\/\/swallowdaily.com\/fr\/les-rencontres-sexuelles-pourquoi-vous-devriez-les-utiliser-pour-le-sexe\/#breadcrumb\",\"itemListElement\":[{\"@type\":\"ListItem\",\"position\":1,\"name\":\"domicile\",\"item\":\"https:\/\/swallowdaily.com\/fr\/\"},{\"@type\":\"ListItem\",\"position\":2,\"name\":\"Les rencontres sexuelles : Pourquoi vous devriez les utiliser pour le sexe\"}]}]}<\/script>\n<!-- \/ Yoast SEO plugin. -->","yoast_head_json":{"title":"Les rencontres sexuelles : Pourquoi vous devriez les utiliser pour le sexe - Swallow Reviews","robots":{"index":"index","follow":"follow","max-snippet":"max-snippet:-1","max-image-preview":"max-image-preview:large","max-video-preview":"max-video-preview:-1"},"canonical":"https:\/\/swallowdaily.com\/fr\/les-rencontres-sexuelles-pourquoi-vous-devriez-les-utiliser-pour-le-sexe\/","og_locale":"fr_FR","og_type":"article","og_title":"Les rencontres sexuelles : Pourquoi vous devriez les utiliser pour le sexe - Swallow Reviews","og_description":"Les rencontres sont une partie amusante des rendez-vous, mais elles peuvent aussi \u00eatre risqu\u00e9es si vous ne faites pas attention.","og_url":"https:\/\/swallowdaily.com\/fr\/les-rencontres-sexuelles-pourquoi-vous-devriez-les-utiliser-pour-le-sexe\/","og_site_name":"Swallow Reviews","og_image":[{"width":1125,"height":750,"url":"https:\/\/swallowdaily.com\/wp-content\/uploads\/2022\/06\/local-sex-dating-reviews.jpeg","type":"image\/jpeg"}],"twitter_card":"summary_large_image","twitter_misc":{"Dur\u00e9e de lecture estim\u00e9e":"3 minutes"},"schema":{"@context":"https:\/\/schema.org","@graph":[{"@type":"WebSite","@id":"http:\/\/swallowdaily.com\/de\/#website","url":"http:\/\/swallowdaily.com\/de\/","name":"Swallow Reviews","description":"Guide de la drague en ligne","potentialAction":[{"@type":"SearchAction","target":{"@type":"EntryPoint","urlTemplate":"http:\/\/swallowdaily.com\/de\/?s={search_term_string}"},"query-input":"required name=search_term_string"}],"inLanguage":"fr-FR"},{"@type":"ImageObject","inLanguage":"fr-FR","@id":"https:\/\/swallowdaily.com\/fr\/les-rencontres-sexuelles-pourquoi-vous-devriez-les-utiliser-pour-le-sexe\/#primaryimage","url":"https:\/\/swallowdaily.com\/wp-content\/uploads\/2022\/06\/local-sex-dating-reviews.jpeg","contentUrl":"https:\/\/swallowdaily.com\/wp-content\/uploads\/2022\/06\/local-sex-dating-reviews.jpeg","width":1125,"height":750},{"@type":"WebPage","@id":"https:\/\/swallowdaily.com\/fr\/les-rencontres-sexuelles-pourquoi-vous-devriez-les-utiliser-pour-le-sexe\/#webpage","url":"https:\/\/swallowdaily.com\/fr\/les-rencontres-sexuelles-pourquoi-vous-devriez-les-utiliser-pour-le-sexe\/","name":"Les rencontres sexuelles : Pourquoi vous devriez les utiliser pour le sexe - Swallow Reviews","isPartOf":{"@id":"http:\/\/swallowdaily.com\/de\/#website"},"primaryImageOfPage":{"@id":"https:\/\/swallowdaily.com\/fr\/les-rencontres-sexuelles-pourquoi-vous-devriez-les-utiliser-pour-le-sexe\/#primaryimage"},"datePublished":"2022-06-27T15:06:48+00:00","dateModified":"2022-06-27T15:06:48+00:00","breadcrumb":{"@id":"https:\/\/swallowdaily.com\/fr\/les-rencontres-sexuelles-pourquoi-vous-devriez-les-utiliser-pour-le-sexe\/#breadcrumb"},"inLanguage":"fr-FR","potentialAction":[{"@type":"ReadAction","target":["https:\/\/swallowdaily.com\/fr\/les-rencontres-sexuelles-pourquoi-vous-devriez-les-utiliser-pour-le-sexe\/"]}]},{"@type":"BreadcrumbList","@id":"https:\/\/swallowdaily.com\/fr\/les-rencontres-sexuelles-pourquoi-vous-devriez-les-utiliser-pour-le-sexe\/#breadcrumb","itemListElement":[{"@type":"ListItem","position":1,"name":"domicile","item":"https:\/\/swallowdaily.com\/fr\/"},{"@type":"ListItem","position":2,"name":"Les rencontres sexuelles : Pourquoi vous devriez les utiliser pour le sexe"}]}]}},"_links":{"self":[{"href":"https:\/\/swallowdaily.com\/fr\/wp-json\/wp\/v2\/pages\/159"}],"collection":[{"href":"https:\/\/swallowdaily.com\/fr\/wp-json\/wp\/v2\/pages"}],"about":[{"href":"https:\/\/swallowdaily.com\/fr\/wp-json\/wp\/v2\/types\/page"}],"author":[{"embeddable":true,"href":"https:\/\/swallowdaily.com\/fr\/wp-json\/wp\/v2\/users\/1"}],"replies":[{"embeddable":true,"href":"https:\/\/swallowdaily.com\/fr\/wp-json\/wp\/v2\/comments?post=159"}],"version-history":[{"count":0,"href":"https:\/\/swallowdaily.com\/fr\/wp-json\/wp\/v2\/pages\/159\/revisions"}],"wp:featuredmedia":[{"embeddable":true,"href":"https:\/\/swallowdaily.com\/fr\/wp-json\/wp\/v2\/media\/133"}],"wp:attachment":[{"href":"https:\/\/swallowdaily.com\/fr\/wp-json\/wp\/v2\/media?parent=159"}],"curies":[{"name":"wp","href":"https:\/\/api.w.org\/{rel}","templated":true}]}}