{"id":163,"date":"2022-06-27T16:05:09","date_gmt":"2022-06-27T15:05:09","guid":{"rendered":"http:\/\/swallowdaily.com\/les-meilleurs-moyens-de-se-rencontrer-pour-le-sexe\/"},"modified":"2022-06-27T16:05:09","modified_gmt":"2022-06-27T15:05:09","slug":"les-meilleurs-moyens-de-se-rencontrer-pour-le-sexe","status":"publish","type":"page","link":"https:\/\/swallowdaily.com\/fr\/les-meilleurs-moyens-de-se-rencontrer-pour-le-sexe\/","title":{"rendered":"Les meilleurs moyens de se rencontrer pour le sexe"},"content":{"rendered":"<p>Les sites de rencontres pour adultes sont de plus en plus populaires parmi les adultes qui recherchent des rencontres sexuelles occasionnelles. Ces sites permettent aux membres de consulter les profils des autres membres, d&rsquo;envoyer des messages et d&rsquo;organiser des rencontres.<\/p>\n<p>Il existe de nombreux types de sites de rencontres pour adultes, notamment ceux qui s&rsquo;adressent sp\u00e9cifiquement aux \u00e9changistes, aux amateurs de BDSM et aux couples \u00e0 la recherche d&rsquo;<a href=\"http:\/\/swallowdaily.com\/free-local-hookups\/\">aventures discr\u00e8tes<\/a>. Certains sites proposent \u00e9galement des fonctions de chat vid\u00e9o, ce qui permet aux membres de se rencontrer en face \u00e0 face.<\/p>\n<h2>Comment \u00e7a marche<\/h2>\n<p>Bien que ces sites ne soient pas toujours gratuits, la plupart d&rsquo;entre eux demandent un petit droit d&rsquo;entr\u00e9e. Le plus int\u00e9ressant est qu&rsquo;ils sont totalement anonymes, ce qui signifie qu&rsquo;aucune information personnelle n&rsquo;est requise pour s&rsquo;inscrire. Les membres peuvent cr\u00e9er un profil et t\u00e9l\u00e9charger des photos sans avoir \u00e0 se soucier d&rsquo;\u00eatre d\u00e9couverts.<\/p>\n<p>Ces sites sont parfaits pour tous ceux qui recherchent un peu plus d&rsquo;excitation dans leur vie. Que vous soyez \u00e0 la recherche d&rsquo;un coup d&rsquo;un soir ou d&rsquo;une relation \u00e0 long terme, les sites de rencontre pour adultes offrent un moyen pratique de se connecter avec d&rsquo;autres personnes.<\/p>\n<p>Il existe aujourd&rsquo;hui de nombreux sites de rencontres pour adultes en ligne, mais la plupart d&rsquo;entre eux se concentrent sur la recherche d&rsquo;une personne sp\u00e9ciale pour une relation \u00e0 long terme. Toutefois, si vous souhaitez simplement rencontrer un inconnu pour du sexe, vous voudrez probablement essayer l&rsquo;un de ces <a href=\"http:\/\/swallowdaily.com\/best-sex-chat-sites\/\">sites de rencontres pour adultes<\/a>.<\/p>\n<h2>Rencontres occasionnelles<\/h2>\n<p>Ces sites sont parfaits pour rencontrer des inconnus \u00e0 la recherche de rencontres occasionnelles. Il n&rsquo;y a aucune obligation et vous pouvez facilement trouver quelqu&rsquo;un qui veut se rencontrer ce soir.<\/p>\n<p>Peu importe que vous recherchiez un homme ou une femme, ces sites de rencontre pour adultes sont toujours remplis de c\u00e9libataires excit\u00e9s pr\u00eats \u00e0 s&rsquo;amuser.<\/p>\n<p>Il y a de nombreux avantages \u00e0 s&rsquo;inscrire sur ce type de sites. Pour commencer, vous ne devez jamais payer quoi que ce soit pour vous inscrire. En outre, vous pouvez facilement entrer en contact avec des personnes qui partagent les m\u00eames int\u00e9r\u00eats et d\u00e9sirs.<\/p>\n<p>Ces sites permettent aux membres de t\u00e9l\u00e9charger des photos et des vid\u00e9os d&rsquo;eux-m\u00eames, puis de consulter d&rsquo;autres profils en fonction de leur localisation. Certains sites proposent m\u00eame des salons de discussion o\u00f9 les membres peuvent interagir les uns avec les autres.<\/p>\n<h3>Trouver du sexe en ligne<\/h3>\n<p>Trouver du sexe en ligne n&rsquo;a jamais \u00e9t\u00e9 aussi facile gr\u00e2ce aux sites de rencontres gratuits. Ces sites permettent aux membres de rencontrer d&rsquo;autres c\u00e9libataires qui partagent des int\u00e9r\u00eats similaires, et ils offrent un environnement s\u00fbr o\u00f9 chacun peut se connecter et interagir librement.<\/p>\n<p>L&rsquo;utilisation de ce type de sites pr\u00e9sente de nombreux avantages, notamment le fait qu&rsquo;ils sont totalement anonymes. Cela signifie qu&rsquo;aucune information personnelle n&rsquo;est jamais partag\u00e9e et que les membres peuvent rester totalement priv\u00e9s. Un autre avantage est que la plupart de ces sites sont adapt\u00e9s aux t\u00e9l\u00e9phones portables, ce qui signifie que vous pouvez y acc\u00e9der de n&rsquo;importe o\u00f9.<\/p>\n<p>Les sites de rencontre gratuits sont \u00e9galement tr\u00e8s faciles \u00e0 utiliser. Il vous suffit de vous inscrire, de parcourir les profils et d&rsquo;envoyer des messages aux personnes int\u00e9ress\u00e9es. Le plus int\u00e9ressant est que vous pouvez communiquer avec n&rsquo;importe qui sans avoir \u00e0 payer quoi que ce soit. C&rsquo;est vraiment aussi simple que cela !<\/p>\n<p>Si vous cherchez un moyen amusant de rencontrer quelqu&rsquo;un de sp\u00e9cial, essayez l&rsquo;un de ces sites de rencontres gratuits d\u00e8s aujourd&rsquo;hui !<\/p>\n","protected":false},"excerpt":{"rendered":"<p>Les sites de rencontres pour adultes sont de plus en plus populaires parmi les adultes qui recherchent des rencontres sexuelles<\/p>\n","protected":false},"author":1,"featured_media":126,"parent":0,"menu_order":0,"comment_status":"closed","ping_status":"closed","template":"","meta":[],"yoast_head":"<!-- This site is optimized with the Yoast SEO plugin v19.1 - https:\/\/yoast.com\/wordpress\/plugins\/seo\/ -->\n<title>Les meilleurs moyens de se rencontrer pour le sexe - Swallow Reviews<\/title>\n<meta name=\"robots\" content=\"index, follow, max-snippet:-1, max-image-preview:large, max-video-preview:-1\" \/>\n<link rel=\"canonical\" href=\"https:\/\/swallowdaily.com\/fr\/les-meilleurs-moyens-de-se-rencontrer-pour-le-sexe\/\" \/>\n<meta property=\"og:locale\" content=\"fr_FR\" \/>\n<meta property=\"og:type\" content=\"article\" \/>\n<meta property=\"og:title\" content=\"Les meilleurs moyens de se rencontrer pour le sexe - Swallow Reviews\" \/>\n<meta property=\"og:description\" content=\"Les sites de rencontres pour adultes sont de plus en plus populaires parmi les adultes qui recherchent des rencontres sexuelles\" \/>\n<meta property=\"og:url\" content=\"https:\/\/swallowdaily.com\/fr\/les-meilleurs-moyens-de-se-rencontrer-pour-le-sexe\/\" \/>\n<meta property=\"og:site_name\" content=\"Swallow Reviews\" \/>\n<meta name=\"twitter:card\" content=\"summary_large_image\" \/>\n<meta name=\"twitter:image\" content=\"https:\/\/swallowdaily.com\/wp-content\/uploads\/2022\/06\/love-match.webp\" \/>\n<meta name=\"twitter:label1\" content=\"Dur\u00e9e de lecture estim\u00e9e\" \/>\n\t<meta name=\"twitter:data1\" content=\"3 minutes\" \/>\n<script type=\"application\/ld+json\" class=\"yoast-schema-graph\">{\"@context\":\"https:\/\/schema.org\",\"@graph\":[{\"@type\":\"WebSite\",\"@id\":\"https:\/\/swallowdaily.com\/#website\",\"url\":\"https:\/\/swallowdaily.com\/\",\"name\":\"Swallow Reviews\",\"description\":\"Guide de la drague en ligne\",\"potentialAction\":[{\"@type\":\"SearchAction\",\"target\":{\"@type\":\"EntryPoint\",\"urlTemplate\":\"https:\/\/swallowdaily.com\/?s={search_term_string}\"},\"query-input\":\"required name=search_term_string\"}],\"inLanguage\":\"fr-FR\"},{\"@type\":\"ImageObject\",\"inLanguage\":\"fr-FR\",\"@id\":\"https:\/\/swallowdaily.com\/fr\/les-meilleurs-moyens-de-se-rencontrer-pour-le-sexe\/#primaryimage\",\"url\":\"https:\/\/swallowdaily.com\/wp-content\/uploads\/2022\/06\/love-match.webp\",\"contentUrl\":\"https:\/\/swallowdaily.com\/wp-content\/uploads\/2022\/06\/love-match.webp\",\"width\":1600,\"height\":2400},{\"@type\":\"WebPage\",\"@id\":\"https:\/\/swallowdaily.com\/fr\/les-meilleurs-moyens-de-se-rencontrer-pour-le-sexe\/#webpage\",\"url\":\"https:\/\/swallowdaily.com\/fr\/les-meilleurs-moyens-de-se-rencontrer-pour-le-sexe\/\",\"name\":\"Les meilleurs moyens de se rencontrer pour le sexe - Swallow Reviews\",\"isPartOf\":{\"@id\":\"https:\/\/swallowdaily.com\/#website\"},\"primaryImageOfPage\":{\"@id\":\"https:\/\/swallowdaily.com\/fr\/les-meilleurs-moyens-de-se-rencontrer-pour-le-sexe\/#primaryimage\"},\"datePublished\":\"2022-06-27T15:05:09+00:00\",\"dateModified\":\"2022-06-27T15:05:09+00:00\",\"breadcrumb\":{\"@id\":\"https:\/\/swallowdaily.com\/fr\/les-meilleurs-moyens-de-se-rencontrer-pour-le-sexe\/#breadcrumb\"},\"inLanguage\":\"fr-FR\",\"potentialAction\":[{\"@type\":\"ReadAction\",\"target\":[\"https:\/\/swallowdaily.com\/fr\/les-meilleurs-moyens-de-se-rencontrer-pour-le-sexe\/\"]}]},{\"@type\":\"BreadcrumbList\",\"@id\":\"https:\/\/swallowdaily.com\/fr\/les-meilleurs-moyens-de-se-rencontrer-pour-le-sexe\/#breadcrumb\",\"itemListElement\":[{\"@type\":\"ListItem\",\"position\":1,\"name\":\"domicile\",\"item\":\"http:\/\/swallowdaily.com\/fr\/\"},{\"@type\":\"ListItem\",\"position\":2,\"name\":\"Les meilleurs moyens de se rencontrer pour le sexe\"}]}]}<\/script>\n<!-- \/ Yoast SEO plugin. -->","yoast_head_json":{"title":"Les meilleurs moyens de se rencontrer pour le sexe - Swallow Reviews","robots":{"index":"index","follow":"follow","max-snippet":"max-snippet:-1","max-image-preview":"max-image-preview:large","max-video-preview":"max-video-preview:-1"},"canonical":"https:\/\/swallowdaily.com\/fr\/les-meilleurs-moyens-de-se-rencontrer-pour-le-sexe\/","og_locale":"fr_FR","og_type":"article","og_title":"Les meilleurs moyens de se rencontrer pour le sexe - Swallow Reviews","og_description":"Les sites de rencontres pour adultes sont de plus en plus populaires parmi les adultes qui recherchent des rencontres sexuelles","og_url":"https:\/\/swallowdaily.com\/fr\/les-meilleurs-moyens-de-se-rencontrer-pour-le-sexe\/","og_site_name":"Swallow Reviews","twitter_card":"summary_large_image","twitter_image":"https:\/\/swallowdaily.com\/wp-content\/uploads\/2022\/06\/love-match.webp","twitter_misc":{"Dur\u00e9e de lecture estim\u00e9e":"3 minutes"},"schema":{"@context":"https:\/\/schema.org","@graph":[{"@type":"WebSite","@id":"https:\/\/swallowdaily.com\/#website","url":"https:\/\/swallowdaily.com\/","name":"Swallow Reviews","description":"Guide de la drague en ligne","potentialAction":[{"@type":"SearchAction","target":{"@type":"EntryPoint","urlTemplate":"https:\/\/swallowdaily.com\/?s={search_term_string}"},"query-input":"required name=search_term_string"}],"inLanguage":"fr-FR"},{"@type":"ImageObject","inLanguage":"fr-FR","@id":"https:\/\/swallowdaily.com\/fr\/les-meilleurs-moyens-de-se-rencontrer-pour-le-sexe\/#primaryimage","url":"https:\/\/swallowdaily.com\/wp-content\/uploads\/2022\/06\/love-match.webp","contentUrl":"https:\/\/swallowdaily.com\/wp-content\/uploads\/2022\/06\/love-match.webp","width":1600,"height":2400},{"@type":"WebPage","@id":"https:\/\/swallowdaily.com\/fr\/les-meilleurs-moyens-de-se-rencontrer-pour-le-sexe\/#webpage","url":"https:\/\/swallowdaily.com\/fr\/les-meilleurs-moyens-de-se-rencontrer-pour-le-sexe\/","name":"Les meilleurs moyens de se rencontrer pour le sexe - Swallow Reviews","isPartOf":{"@id":"https:\/\/swallowdaily.com\/#website"},"primaryImageOfPage":{"@id":"https:\/\/swallowdaily.com\/fr\/les-meilleurs-moyens-de-se-rencontrer-pour-le-sexe\/#primaryimage"},"datePublished":"2022-06-27T15:05:09+00:00","dateModified":"2022-06-27T15:05:09+00:00","breadcrumb":{"@id":"https:\/\/swallowdaily.com\/fr\/les-meilleurs-moyens-de-se-rencontrer-pour-le-sexe\/#breadcrumb"},"inLanguage":"fr-FR","potentialAction":[{"@type":"ReadAction","target":["https:\/\/swallowdaily.com\/fr\/les-meilleurs-moyens-de-se-rencontrer-pour-le-sexe\/"]}]},{"@type":"BreadcrumbList","@id":"https:\/\/swallowdaily.com\/fr\/les-meilleurs-moyens-de-se-rencontrer-pour-le-sexe\/#breadcrumb","itemListElement":[{"@type":"ListItem","position":1,"name":"domicile","item":"http:\/\/swallowdaily.com\/fr\/"},{"@type":"ListItem","position":2,"name":"Les meilleurs moyens de se rencontrer pour le sexe"}]}]}},"_links":{"self":[{"href":"https:\/\/swallowdaily.com\/fr\/wp-json\/wp\/v2\/pages\/163"}],"collection":[{"href":"https:\/\/swallowdaily.com\/fr\/wp-json\/wp\/v2\/pages"}],"about":[{"href":"https:\/\/swallowdaily.com\/fr\/wp-json\/wp\/v2\/types\/page"}],"author":[{"embeddable":true,"href":"https:\/\/swallowdaily.com\/fr\/wp-json\/wp\/v2\/users\/1"}],"replies":[{"embeddable":true,"href":"https:\/\/swallowdaily.com\/fr\/wp-json\/wp\/v2\/comments?post=163"}],"version-history":[{"count":0,"href":"https:\/\/swallowdaily.com\/fr\/wp-json\/wp\/v2\/pages\/163\/revisions"}],"wp:featuredmedia":[{"embeddable":true,"href":"https:\/\/swallowdaily.com\/fr\/wp-json\/wp\/v2\/media\/126"}],"wp:attachment":[{"href":"https:\/\/swallowdaily.com\/fr\/wp-json\/wp\/v2\/media?parent=163"}],"curies":[{"name":"wp","href":"https:\/\/api.w.org\/{rel}","templated":true}]}}