{"id":195,"date":"2022-06-27T15:17:40","date_gmt":"2022-06-27T14:17:40","guid":{"rendered":"http:\/\/swallowdaily.com\/quels-types-de-sites-de-rencontres-pouvez-vous-rejoindre\/"},"modified":"2022-07-06T14:04:27","modified_gmt":"2022-07-06T13:04:27","slug":"quels-types-de-sites-de-rencontres-pouvez-vous-rejoindre","status":"publish","type":"page","link":"https:\/\/swallowdaily.com\/fr\/","title":{"rendered":"Quels types de sites de rencontres pouvez-vous rejoindre ?"},"content":{"rendered":"<div id=\"text-body\">\n<p><img loading=\"lazy\" class=\"aligncenter size-large wp-image-33\" src=\"http:\/\/swallowdaily.com\/wp-content\/uploads\/2022\/06\/find-sex-near-you-1024x678.jpeg\" alt=\"\" width=\"640\" height=\"424\" srcset=\"https:\/\/swallowdaily.com\/wp-content\/uploads\/2022\/06\/find-sex-near-you-1024x678.jpeg 1024w, https:\/\/swallowdaily.com\/wp-content\/uploads\/2022\/06\/find-sex-near-you-300x199.jpeg 300w, https:\/\/swallowdaily.com\/wp-content\/uploads\/2022\/06\/find-sex-near-you-768x509.jpeg 768w, https:\/\/swallowdaily.com\/wp-content\/uploads\/2022\/06\/find-sex-near-you-1536x1017.jpeg 1536w, https:\/\/swallowdaily.com\/wp-content\/uploads\/2022\/06\/find-sex-near-you-2048x1356.jpeg 2048w\" sizes=\"(max-width: 640px) 100vw, 640px\" \/><\/p>\n<p>De nos jours, il existe de nombreuses fa\u00e7ons de rencontrer quelqu&rsquo;un en ligne. Certaines personnes pr\u00e9f\u00e8rent utiliser des applications de rencontre, tandis que d&rsquo;autres se tournent vers des sites de rencontres gratuits. Les deux options ont leurs avantages et leurs inconv\u00e9nients, mais si vous recherchez une relation occasionnelle, l&rsquo;une ou l&rsquo;autre peut vous convenir.<\/p>\n<p>Les applications de rencontre sont id\u00e9ales pour <a href=\"http:\/\/www.rencontre-sexe.org\">rencontre sexe gratuite<\/a> partageant des int\u00e9r\u00eats similaires, mais elles ne sont pas toujours le meilleur choix pour trouver une relation amoureuse. Alors que la plupart des applications de rencontre exigent des utilisateurs qu&rsquo;ils paient pour acc\u00e9der \u00e0 leurs membres, les sites de rencontre gratuits offrent un r\u00e9servoir beaucoup plus important de correspondances potentielles.<\/p>\n<h3>Les sites et applications de drague sont-ils s\u00fbrs ?<\/h3>\n<p>Si les sites de rencontres gratuits sont pratiques, ils peuvent aussi \u00eatre frustrants. Il est difficile de passer en revue des centaines de profils pour trouver la personne que vous recherchez. La bonne nouvelle est que vous pouvez gagner beaucoup de temps en suivant quelques r\u00e8gles simples. Par exemple, vous devriez \u00e9viter d&rsquo;envoyer des messages \u00e0 des inconnus, surtout ceux qui semblent trop int\u00e9ress\u00e9s par vous.<\/p>\n<p>Il est \u00e9galement conseill\u00e9 de n&rsquo;envoyer des messages qu&rsquo;aux personnes qui semblent r\u00e9ellement int\u00e9ress\u00e9es par une rencontre avec vous. N&rsquo;envoyez pas de messages aux personnes qui semblent d\u00e9sesp\u00e9r\u00e9es ou qui vous posent des questions auxquelles vous ne r\u00e9pondriez pas normalement. Enfin, essayez de rester actif sur le site. En publiant de nouvelles photos et en r\u00e9pondant aux messages des autres utilisateurs, vous aurez davantage d&rsquo;occasions d&rsquo;entrer en contact avec les gens.<\/p>\n<p>Une fois que vous avez trouv\u00e9 une personne qui vous convient <a href=\"http:\/\/www.rencontresexuelle.net\">RencontreSexuelle.net<\/a>, vous pouvez la rencontrer en personne. Cela se fait g\u00e9n\u00e9ralement par le biais de messages textuels ou d&rsquo;appels t\u00e9l\u00e9phoniques. Soyez prudent lorsque vous organisez des r\u00e9unions, car vous ne savez jamais qui peut vous observer.<\/p>\n<h3>Dois-je payer pour utiliser un site de branchement ?<\/h3>\n<p>Les sites de rencontres sont de plus en plus populaires aupr\u00e8s des c\u00e9libataires qui veulent rencontrer d&rsquo;autres personnes en ligne. Il existe de nombreux types de sites de rencontres gratuits, notamment ceux qui permettent aux membres de consulter des profils et d&rsquo;envoyer des messages. Certains sites proposent des fonctionnalit\u00e9s suppl\u00e9mentaires, comme des salons de discussion o\u00f9 les membres peuvent interagir entre eux.<\/p>\n<p>Il y a plusieurs avantages \u00e0 s&rsquo;inscrire sur un site. Tout d&rsquo;abord, vous pouvez facilement acc\u00e9der \u00e0 un large \u00e9ventail de partenaires potentiels sans avoir \u00e0 payer quoi que ce soit au d\u00e9part. Deuxi\u00e8mement, ces sites offrent un environnement s\u00fbr o\u00f9 vous pouvez entrer en contact avec des personnes du monde entier. Enfin, vous pouvez utiliser les sites de rencontres sans inscription pour rencontrer des personnes qui partagent les m\u00eames int\u00e9r\u00eats.<\/p>\n<h2>Sites de rencontre gratuits<\/h2>\n<p>Les sites de rencontre gratuits sont \u00e9galement un endroit id\u00e9al pour trouver des partenaires sexuels qui sont ouverts aux rencontres occasionnelles. Il y a beaucoup de femmes et d&rsquo;hommes qui sont pr\u00eats \u00e0 s&rsquo;engager dans une activit\u00e9 sexuelle sans avoir un engagement \u00e0 long terme. Toutefois, vous ne devez pas vous attendre \u00e0 trouver quelqu&rsquo;un qui r\u00e9ponde \u00e0 vos crit\u00e8res sp\u00e9cifiques. Au lieu de cela, vous finirez probablement par passer des heures \u00e0 faire d\u00e9filer les profils jusqu&rsquo;\u00e0 ce que vous trouviez quelqu&rsquo;un qui semble prometteur.<\/p>\n<h2>Sites de rencontres : Cela fonctionne-t-il vraiment ?<\/h2>\n<p>Si les sites de rencontres sont pratiques, ils peuvent aussi \u00eatre risqu\u00e9s. Par exemple, si vous vous inscrivez sur un site et que vous d\u00e9cidez ensuite de ne plus l&rsquo;utiliser, vous risquez de perdre toutes vos informations personnelles. En outre, comme la plupart de ces sites sont enti\u00e8rement gratuits, vous pourriez finir par d\u00e9penser de l&rsquo;argent juste pour les essayer.<\/p>\n<p>Outre la possibilit\u00e9 de consulter des profils et d&rsquo;envoyer des messages, certaines applications de rencontre permettent aux membres de cr\u00e9er leur propre profil. Ces profils comprennent des photos, des vid\u00e9os et des descriptions d\u00e9taill\u00e9es d&rsquo;eux-m\u00eames. Bien que la cr\u00e9ation d&rsquo;un profil soit facultative, elle peut \u00eatre un excellent moyen d&rsquo;attirer de nouveaux amis.<\/p>\n<h2>  Les applications de rencontre sont-elles n\u00e9cessaires ?<\/h2>\n<p>Les applications de rencontre sont un excellent moyen de rencontrer de nouvelles personnes. Il existe aujourd&rsquo;hui un grand nombre d&rsquo;applications de rencontre diff\u00e9rentes, chacune ayant ses propres caract\u00e9ristiques. Certains vous permettent de parcourir les profils en fonction du lieu, tandis que d&rsquo;autres vous permettent de filtrer les correspondances potentielles en fonction de l&rsquo;\u00e2ge, du sexe, des int\u00e9r\u00eats, etc.<\/p>\n<p>Il existe \u00e9galement de nombreuses applications de rencontre gratuites qui offrent des fonctionnalit\u00e9s limit\u00e9es, mais si vous recherchez quelque chose de plus robuste, vous pouvez envisager de payer un abonnement premium. Les adh\u00e9sions premium comprennent g\u00e9n\u00e9ralement des fonctionnalit\u00e9s suppl\u00e9mentaires, telles que la messagerie illimit\u00e9e et l&rsquo;acc\u00e8s \u00e0 des \u00e9v\u00e9nements exclusifs.<\/p>\n<p>Que vous d\u00e9cidiez de payer ou non un abonnement premium, il est toujours bon de t\u00e9l\u00e9charger l&rsquo;application et de l&rsquo;essayer avant de vous inscrire. Cela vous permet de savoir quel type d&rsquo;exp\u00e9rience vous pr\u00e9f\u00e9rez et vous \u00e9vite de gaspiller de l&rsquo;argent dans un abonnement qui ne vous convient pas.<\/p>\n<\/div>\n","protected":false},"excerpt":{"rendered":"<p>De nos jours, il existe de nombreuses fa\u00e7ons de rencontrer quelqu&rsquo;un en ligne. Certaines personnes pr\u00e9f\u00e8rent utiliser des applications de<\/p>\n","protected":false},"author":1,"featured_media":0,"parent":0,"menu_order":0,"comment_status":"closed","ping_status":"closed","template":"","meta":[],"yoast_head":"<!-- This site is optimized with the Yoast SEO plugin v19.1 - https:\/\/yoast.com\/wordpress\/plugins\/seo\/ -->\n<title>Quels types de sites de rencontres pouvez-vous rejoindre ? - Swallow Reviews<\/title>\n<meta name=\"robots\" content=\"index, follow, max-snippet:-1, max-image-preview:large, max-video-preview:-1\" \/>\n<link rel=\"canonical\" href=\"https:\/\/swallowdaily.com\/fr\/\" \/>\n<meta property=\"og:locale\" content=\"fr_FR\" \/>\n<meta property=\"og:type\" content=\"article\" \/>\n<meta property=\"og:title\" content=\"Quels types de sites de rencontres pouvez-vous rejoindre ? - Swallow Reviews\" \/>\n<meta property=\"og:description\" content=\"De nos jours, il existe de nombreuses fa\u00e7ons de rencontrer quelqu&rsquo;un en ligne. Certaines personnes pr\u00e9f\u00e8rent utiliser des applications de\" \/>\n<meta property=\"og:url\" content=\"https:\/\/swallowdaily.com\/fr\/\" \/>\n<meta property=\"og:site_name\" content=\"Swallow Reviews\" \/>\n<meta property=\"article:modified_time\" content=\"2022-07-06T13:04:27+00:00\" \/>\n<meta property=\"og:image\" content=\"http:\/\/swallowdaily.com\/wp-content\/uploads\/2022\/06\/find-sex-near-you-1024x678.jpeg\" \/>\n<meta name=\"twitter:card\" content=\"summary_large_image\" \/>\n<meta name=\"twitter:label1\" content=\"Dur\u00e9e de lecture estim\u00e9e\" \/>\n\t<meta name=\"twitter:data1\" content=\"4 minutes\" \/>\n<script type=\"application\/ld+json\" class=\"yoast-schema-graph\">{\"@context\":\"https:\/\/schema.org\",\"@graph\":[{\"@type\":\"WebSite\",\"@id\":\"https:\/\/swallowdaily.com\/#website\",\"url\":\"https:\/\/swallowdaily.com\/\",\"name\":\"Swallow Reviews\",\"description\":\"Guide de la drague en ligne\",\"potentialAction\":[{\"@type\":\"SearchAction\",\"target\":{\"@type\":\"EntryPoint\",\"urlTemplate\":\"https:\/\/swallowdaily.com\/?s={search_term_string}\"},\"query-input\":\"required name=search_term_string\"}],\"inLanguage\":\"fr-FR\"},{\"@type\":\"ImageObject\",\"inLanguage\":\"fr-FR\",\"@id\":\"https:\/\/swallowdaily.com\/fr\/#primaryimage\",\"url\":\"https:\/\/swallowdaily.com\/wp-content\/uploads\/2022\/06\/find-sex-near-you.jpeg\",\"contentUrl\":\"https:\/\/swallowdaily.com\/wp-content\/uploads\/2022\/06\/find-sex-near-you.jpeg\",\"width\":2265,\"height\":1500},{\"@type\":\"WebPage\",\"@id\":\"https:\/\/swallowdaily.com\/fr\/#webpage\",\"url\":\"https:\/\/swallowdaily.com\/fr\/\",\"name\":\"Quels types de sites de rencontres pouvez-vous rejoindre ? - Swallow Reviews\",\"isPartOf\":{\"@id\":\"https:\/\/swallowdaily.com\/#website\"},\"primaryImageOfPage\":{\"@id\":\"https:\/\/swallowdaily.com\/fr\/#primaryimage\"},\"datePublished\":\"2022-06-27T14:17:40+00:00\",\"dateModified\":\"2022-07-06T13:04:27+00:00\",\"breadcrumb\":{\"@id\":\"https:\/\/swallowdaily.com\/fr\/#breadcrumb\"},\"inLanguage\":\"fr-FR\",\"potentialAction\":[{\"@type\":\"ReadAction\",\"target\":[\"https:\/\/swallowdaily.com\/fr\/\"]}]},{\"@type\":\"BreadcrumbList\",\"@id\":\"https:\/\/swallowdaily.com\/fr\/#breadcrumb\",\"itemListElement\":[{\"@type\":\"ListItem\",\"position\":1,\"name\":\"domicile\",\"item\":\"https:\/\/swallowdaily.com\/fr\/\"},{\"@type\":\"ListItem\",\"position\":2,\"name\":\"Quels types de sites de rencontres pouvez-vous rejoindre ?\"}]}]}<\/script>\n<!-- \/ Yoast SEO plugin. -->","yoast_head_json":{"title":"Quels types de sites de rencontres pouvez-vous rejoindre ? - Swallow Reviews","robots":{"index":"index","follow":"follow","max-snippet":"max-snippet:-1","max-image-preview":"max-image-preview:large","max-video-preview":"max-video-preview:-1"},"canonical":"https:\/\/swallowdaily.com\/fr\/","og_locale":"fr_FR","og_type":"article","og_title":"Quels types de sites de rencontres pouvez-vous rejoindre ? - Swallow Reviews","og_description":"De nos jours, il existe de nombreuses fa\u00e7ons de rencontrer quelqu&rsquo;un en ligne. Certaines personnes pr\u00e9f\u00e8rent utiliser des applications de","og_url":"https:\/\/swallowdaily.com\/fr\/","og_site_name":"Swallow Reviews","article_modified_time":"2022-07-06T13:04:27+00:00","og_image":[{"url":"http:\/\/swallowdaily.com\/wp-content\/uploads\/2022\/06\/find-sex-near-you-1024x678.jpeg"}],"twitter_card":"summary_large_image","twitter_misc":{"Dur\u00e9e de lecture estim\u00e9e":"4 minutes"},"schema":{"@context":"https:\/\/schema.org","@graph":[{"@type":"WebSite","@id":"https:\/\/swallowdaily.com\/#website","url":"https:\/\/swallowdaily.com\/","name":"Swallow Reviews","description":"Guide de la drague en ligne","potentialAction":[{"@type":"SearchAction","target":{"@type":"EntryPoint","urlTemplate":"https:\/\/swallowdaily.com\/?s={search_term_string}"},"query-input":"required name=search_term_string"}],"inLanguage":"fr-FR"},{"@type":"ImageObject","inLanguage":"fr-FR","@id":"https:\/\/swallowdaily.com\/fr\/#primaryimage","url":"https:\/\/swallowdaily.com\/wp-content\/uploads\/2022\/06\/find-sex-near-you.jpeg","contentUrl":"https:\/\/swallowdaily.com\/wp-content\/uploads\/2022\/06\/find-sex-near-you.jpeg","width":2265,"height":1500},{"@type":"WebPage","@id":"https:\/\/swallowdaily.com\/fr\/#webpage","url":"https:\/\/swallowdaily.com\/fr\/","name":"Quels types de sites de rencontres pouvez-vous rejoindre ? - Swallow Reviews","isPartOf":{"@id":"https:\/\/swallowdaily.com\/#website"},"primaryImageOfPage":{"@id":"https:\/\/swallowdaily.com\/fr\/#primaryimage"},"datePublished":"2022-06-27T14:17:40+00:00","dateModified":"2022-07-06T13:04:27+00:00","breadcrumb":{"@id":"https:\/\/swallowdaily.com\/fr\/#breadcrumb"},"inLanguage":"fr-FR","potentialAction":[{"@type":"ReadAction","target":["https:\/\/swallowdaily.com\/fr\/"]}]},{"@type":"BreadcrumbList","@id":"https:\/\/swallowdaily.com\/fr\/#breadcrumb","itemListElement":[{"@type":"ListItem","position":1,"name":"domicile","item":"https:\/\/swallowdaily.com\/fr\/"},{"@type":"ListItem","position":2,"name":"Quels types de sites de rencontres pouvez-vous rejoindre ?"}]}]}},"_links":{"self":[{"href":"https:\/\/swallowdaily.com\/fr\/wp-json\/wp\/v2\/pages\/195"}],"collection":[{"href":"https:\/\/swallowdaily.com\/fr\/wp-json\/wp\/v2\/pages"}],"about":[{"href":"https:\/\/swallowdaily.com\/fr\/wp-json\/wp\/v2\/types\/page"}],"author":[{"embeddable":true,"href":"https:\/\/swallowdaily.com\/fr\/wp-json\/wp\/v2\/users\/1"}],"replies":[{"embeddable":true,"href":"https:\/\/swallowdaily.com\/fr\/wp-json\/wp\/v2\/comments?post=195"}],"version-history":[{"count":1,"href":"https:\/\/swallowdaily.com\/fr\/wp-json\/wp\/v2\/pages\/195\/revisions"}],"predecessor-version":[{"id":305,"href":"https:\/\/swallowdaily.com\/fr\/wp-json\/wp\/v2\/pages\/195\/revisions\/305"}],"wp:attachment":[{"href":"https:\/\/swallowdaily.com\/fr\/wp-json\/wp\/v2\/media?parent=195"}],"curies":[{"name":"wp","href":"https:\/\/api.w.org\/{rel}","templated":true}]}}