{"id":141,"date":"2022-06-27T15:59:46","date_gmt":"2022-06-27T14:59:46","guid":{"rendered":"http:\/\/swallowdaily.com\/melhores-sites-de-conversacao-sexual\/"},"modified":"2022-07-07T15:34:44","modified_gmt":"2022-07-07T14:34:44","slug":"melhores-sites-de-conversacao-sexual","status":"publish","type":"page","link":"https:\/\/swallowdaily.com\/pt-pt\/melhores-sites-de-conversacao-sexual\/","title":{"rendered":"Melhores sites de conversa\u00e7\u00e3o sexual"},"content":{"rendered":"<p>Existem muitas aplica\u00e7\u00f5es de data\u00e7\u00e3o dispon\u00edveis hoje em dia, mas a maioria delas concentra-se na correspond\u00eancia de solteiros com base na localiza\u00e7\u00e3o. Contudo, se estiver \u00e0 procura de algo diferente, tente uma aplica\u00e7\u00e3o de encontros que se concentre em ajudar as pessoas a ligarem-se com base em interesses.<\/p>\n<h2>Come\u00e7ando com as salas de encontros<\/h2>\n<p>Os sites de encontros s\u00e3o uma op\u00e7\u00e3o popular para encontrar amor online. Quer esteja \u00e0 procura de encontros casuais <a href=\"http:\/\/www.encontros-para-sexo.com\/apps-para-encontros-sexuais\/\">encontros sexuais<\/a> ou rela\u00e7\u00f5es de longa dura\u00e7\u00e3o, estes sites s\u00e3o um \u00f3ptimo local para conhecer algu\u00e9m especial.<\/p>\n<p>Enquanto que a maioria dos sites de encontros oferece a ades\u00e3o gratuita, outros cobram taxas por funcionalidades premium ou servi\u00e7os adicionais. Algumas delas incluem mensagens, chat de v\u00eddeo, e outras regalias. \u00c9 melhor escolher um site de encontros com base no que se procura do que apenas no custo.<\/p>\n<h2>Aplicativos a experimentar?<\/h2>\n<p>A dobradi\u00e7a \u00e9 gratuita para descarregar, mas pode pagar $0,99 mensais para desbloquear <a href=\"http:\/\/www.sites-de-sexo.com\/apps-de-encontros-casuais\/\">sites de sexo casual<\/a> funcionalidades adicionais. A aplica\u00e7\u00e3o tem mais de 10 milh\u00f5es de utilizadores activos em todo o mundo, o que a torna uma das <a href=\"http:\/\/swallowdaily.com\/pt-pt\/aplicativos-gratuitos-de-sex-hookup\/\">maiores aplica\u00e7\u00f5es de data\u00e7\u00e3o<\/a> dispon\u00edveis actualmente. Funciona de forma semelhante a outros sites de encontros em linha, mas em vez de procurar encontros com base na localiza\u00e7\u00e3o, procura liga\u00e7\u00f5es baseadas em interesses comuns.<\/p>\n<p>Outras op\u00e7\u00f5es incluem Bumble, Tinder, OkCupid, Match, PlentyOfFish, Zoosk, e Coffee Meets Bagel. Cada uma destas aplica\u00e7\u00f5es oferece benef\u00edcios \u00fanicos, pelo que vale a pena experiment\u00e1-las para ver qual delas melhor se adapta \u00e0s suas necessidades.<\/p>\n<p>Alguns destes s\u00edtios oferecem um per\u00edodo experimental gratuito onde pode experimentar o servi\u00e7o sem ter de pagar nada adiantado. Outros permitem-lhe navegar por perfis e membros de mensagens sem pagar nada at\u00e9 que decida tornar-se membro.<\/p>\n<h2>Salas de encontros sexuais<\/h2>\n<p>A data\u00e7\u00e3o sexual tem-se tornado cada vez mais popular nos \u00faltimos anos, especialmente <a href=\"http:\/\/www.paginas-para-follar.com\/mejores-webs-para-ligar-gratis\/\">p\u00e1ginas para ligar gratis<\/a> entre milenares de anos. N\u00e3o \u00e9 surpresa que muitas pessoas se estejam a virar para plataformas online para se encontrarem com outras que partilham interesses semelhantes.<\/p>\n<p>H\u00e1 muitos <a href=\"http:\/\/swallowdaily.com\/pt-pt\/sitios-de-sexo-gratis\/\">sites de encontros sexuais<\/a> dispon\u00edveis hoje em dia, mas a maioria deles exige uma taxa para aderir. Felizmente, existem alternativas gratuitas que lhe permitem ligar-se a outros solteiros sem ter de pagar nada adiantado.<\/p>\n<p>Uma das melhores op\u00e7\u00f5es \u00e9 o Bumble, que permite que as mulheres iniciem conversas com os homens. A aplica\u00e7\u00e3o utiliza um sistema em que ambas as partes devem aprovar as mensagens uma da outra antes de se iniciar o chat. Isto significa que pode enviar mensagens a potenciais jogos sem se preocupar em ser rejeitado.<\/p>\n<p>Outras aplica\u00e7\u00f5es de encontros sexuais gratuitos incluem Tinder, OkCupid, e Grindr. Cada plataforma funciona de forma diferente, por isso experimente-as para ver qual delas se adapta melhor \u00e0s suas necessidades.<\/p>\n","protected":false},"excerpt":{"rendered":"<p>Existem muitas aplica\u00e7\u00f5es de data\u00e7\u00e3o dispon\u00edveis hoje em dia, mas a maioria delas concentra-se na correspond\u00eancia de solteiros com base<\/p>\n","protected":false},"author":1,"featured_media":122,"parent":0,"menu_order":0,"comment_status":"closed","ping_status":"closed","template":"","meta":[],"yoast_head":"<!-- This site is optimized with the Yoast SEO plugin v19.1 - https:\/\/yoast.com\/wordpress\/plugins\/seo\/ -->\n<title>Melhores sites de conversa\u00e7\u00e3o sexual Swallow Reviews - t\u00edtulo<\/title>\n<meta name=\"robots\" content=\"index, follow, max-snippet:-1, max-image-preview:large, max-video-preview:-1\" \/>\n<link rel=\"canonical\" href=\"https:\/\/swallowdaily.com\/pt-pt\/melhores-sites-de-conversacao-sexual\/\" \/>\n<meta property=\"og:locale\" content=\"pt_PT\" \/>\n<meta property=\"og:type\" content=\"article\" \/>\n<meta property=\"og:title\" content=\"Melhores sites de conversa\u00e7\u00e3o sexual Swallow Reviews - t\u00edtulo\" \/>\n<meta property=\"og:description\" content=\"Existem muitas aplica\u00e7\u00f5es de data\u00e7\u00e3o dispon\u00edveis hoje em dia, mas a maioria delas concentra-se na correspond\u00eancia de solteiros com base\" \/>\n<meta property=\"og:url\" content=\"https:\/\/swallowdaily.com\/pt-pt\/melhores-sites-de-conversacao-sexual\/\" \/>\n<meta property=\"og:site_name\" content=\"Swallow Reviews\" \/>\n<meta property=\"article:modified_time\" content=\"2022-07-07T14:34:44+00:00\" \/>\n<meta property=\"og:image\" content=\"https:\/\/swallowdaily.com\/wp-content\/uploads\/2022\/06\/love-dolls.jpeg\" \/>\n\t<meta property=\"og:image:width\" content=\"1125\" \/>\n\t<meta property=\"og:image:height\" content=\"750\" \/>\n\t<meta property=\"og:image:type\" content=\"image\/jpeg\" \/>\n<meta name=\"twitter:card\" content=\"summary_large_image\" \/>\n<meta name=\"twitter:label1\" content=\"Tempo estimado de leitura\" \/>\n\t<meta name=\"twitter:data1\" content=\"2 minutos\" \/>\n<script type=\"application\/ld+json\" class=\"yoast-schema-graph\">{\"@context\":\"https:\/\/schema.org\",\"@graph\":[{\"@type\":\"WebSite\",\"@id\":\"https:\/\/swallowdaily.com\/#website\",\"url\":\"https:\/\/swallowdaily.com\/\",\"name\":\"Swallow Reviews\",\"description\":\"Guia de liga\u00e7\u00e3o online\",\"potentialAction\":[{\"@type\":\"SearchAction\",\"target\":{\"@type\":\"EntryPoint\",\"urlTemplate\":\"https:\/\/swallowdaily.com\/?s={search_term_string}\"},\"query-input\":\"required name=search_term_string\"}],\"inLanguage\":\"pt-PT\"},{\"@type\":\"ImageObject\",\"inLanguage\":\"pt-PT\",\"@id\":\"https:\/\/swallowdaily.com\/pt-pt\/melhores-sites-de-conversacao-sexual\/#primaryimage\",\"url\":\"https:\/\/swallowdaily.com\/wp-content\/uploads\/2022\/06\/love-dolls.jpeg\",\"contentUrl\":\"https:\/\/swallowdaily.com\/wp-content\/uploads\/2022\/06\/love-dolls.jpeg\",\"width\":1125,\"height\":750},{\"@type\":\"WebPage\",\"@id\":\"https:\/\/swallowdaily.com\/pt-pt\/melhores-sites-de-conversacao-sexual\/#webpage\",\"url\":\"https:\/\/swallowdaily.com\/pt-pt\/melhores-sites-de-conversacao-sexual\/\",\"name\":\"Melhores sites de conversa\u00e7\u00e3o sexual Swallow Reviews - t\u00edtulo\",\"isPartOf\":{\"@id\":\"https:\/\/swallowdaily.com\/#website\"},\"primaryImageOfPage\":{\"@id\":\"https:\/\/swallowdaily.com\/pt-pt\/melhores-sites-de-conversacao-sexual\/#primaryimage\"},\"datePublished\":\"2022-06-27T14:59:46+00:00\",\"dateModified\":\"2022-07-07T14:34:44+00:00\",\"breadcrumb\":{\"@id\":\"https:\/\/swallowdaily.com\/pt-pt\/melhores-sites-de-conversacao-sexual\/#breadcrumb\"},\"inLanguage\":\"pt-PT\",\"potentialAction\":[{\"@type\":\"ReadAction\",\"target\":[\"https:\/\/swallowdaily.com\/pt-pt\/melhores-sites-de-conversacao-sexual\/\"]}]},{\"@type\":\"BreadcrumbList\",\"@id\":\"https:\/\/swallowdaily.com\/pt-pt\/melhores-sites-de-conversacao-sexual\/#breadcrumb\",\"itemListElement\":[{\"@type\":\"ListItem\",\"position\":1,\"name\":\"Casa\",\"item\":\"http:\/\/swallowdaily.com\/pt-pt\/\"},{\"@type\":\"ListItem\",\"position\":2,\"name\":\"Melhores sites de conversa\u00e7\u00e3o sexual\"}]}]}<\/script>\n<!-- \/ Yoast SEO plugin. -->","yoast_head_json":{"title":"Melhores sites de conversa\u00e7\u00e3o sexual Swallow Reviews - t\u00edtulo","robots":{"index":"index","follow":"follow","max-snippet":"max-snippet:-1","max-image-preview":"max-image-preview:large","max-video-preview":"max-video-preview:-1"},"canonical":"https:\/\/swallowdaily.com\/pt-pt\/melhores-sites-de-conversacao-sexual\/","og_locale":"pt_PT","og_type":"article","og_title":"Melhores sites de conversa\u00e7\u00e3o sexual Swallow Reviews - t\u00edtulo","og_description":"Existem muitas aplica\u00e7\u00f5es de data\u00e7\u00e3o dispon\u00edveis hoje em dia, mas a maioria delas concentra-se na correspond\u00eancia de solteiros com base","og_url":"https:\/\/swallowdaily.com\/pt-pt\/melhores-sites-de-conversacao-sexual\/","og_site_name":"Swallow Reviews","article_modified_time":"2022-07-07T14:34:44+00:00","og_image":[{"width":1125,"height":750,"url":"https:\/\/swallowdaily.com\/wp-content\/uploads\/2022\/06\/love-dolls.jpeg","type":"image\/jpeg"}],"twitter_card":"summary_large_image","twitter_misc":{"Tempo estimado de leitura":"2 minutos"},"schema":{"@context":"https:\/\/schema.org","@graph":[{"@type":"WebSite","@id":"https:\/\/swallowdaily.com\/#website","url":"https:\/\/swallowdaily.com\/","name":"Swallow Reviews","description":"Guia de liga\u00e7\u00e3o online","potentialAction":[{"@type":"SearchAction","target":{"@type":"EntryPoint","urlTemplate":"https:\/\/swallowdaily.com\/?s={search_term_string}"},"query-input":"required name=search_term_string"}],"inLanguage":"pt-PT"},{"@type":"ImageObject","inLanguage":"pt-PT","@id":"https:\/\/swallowdaily.com\/pt-pt\/melhores-sites-de-conversacao-sexual\/#primaryimage","url":"https:\/\/swallowdaily.com\/wp-content\/uploads\/2022\/06\/love-dolls.jpeg","contentUrl":"https:\/\/swallowdaily.com\/wp-content\/uploads\/2022\/06\/love-dolls.jpeg","width":1125,"height":750},{"@type":"WebPage","@id":"https:\/\/swallowdaily.com\/pt-pt\/melhores-sites-de-conversacao-sexual\/#webpage","url":"https:\/\/swallowdaily.com\/pt-pt\/melhores-sites-de-conversacao-sexual\/","name":"Melhores sites de conversa\u00e7\u00e3o sexual Swallow Reviews - t\u00edtulo","isPartOf":{"@id":"https:\/\/swallowdaily.com\/#website"},"primaryImageOfPage":{"@id":"https:\/\/swallowdaily.com\/pt-pt\/melhores-sites-de-conversacao-sexual\/#primaryimage"},"datePublished":"2022-06-27T14:59:46+00:00","dateModified":"2022-07-07T14:34:44+00:00","breadcrumb":{"@id":"https:\/\/swallowdaily.com\/pt-pt\/melhores-sites-de-conversacao-sexual\/#breadcrumb"},"inLanguage":"pt-PT","potentialAction":[{"@type":"ReadAction","target":["https:\/\/swallowdaily.com\/pt-pt\/melhores-sites-de-conversacao-sexual\/"]}]},{"@type":"BreadcrumbList","@id":"https:\/\/swallowdaily.com\/pt-pt\/melhores-sites-de-conversacao-sexual\/#breadcrumb","itemListElement":[{"@type":"ListItem","position":1,"name":"Casa","item":"http:\/\/swallowdaily.com\/pt-pt\/"},{"@type":"ListItem","position":2,"name":"Melhores sites de conversa\u00e7\u00e3o sexual"}]}]}},"_links":{"self":[{"href":"https:\/\/swallowdaily.com\/pt-pt\/wp-json\/wp\/v2\/pages\/141"}],"collection":[{"href":"https:\/\/swallowdaily.com\/pt-pt\/wp-json\/wp\/v2\/pages"}],"about":[{"href":"https:\/\/swallowdaily.com\/pt-pt\/wp-json\/wp\/v2\/types\/page"}],"author":[{"embeddable":true,"href":"https:\/\/swallowdaily.com\/pt-pt\/wp-json\/wp\/v2\/users\/1"}],"replies":[{"embeddable":true,"href":"https:\/\/swallowdaily.com\/pt-pt\/wp-json\/wp\/v2\/comments?post=141"}],"version-history":[{"count":1,"href":"https:\/\/swallowdaily.com\/pt-pt\/wp-json\/wp\/v2\/pages\/141\/revisions"}],"predecessor-version":[{"id":307,"href":"https:\/\/swallowdaily.com\/pt-pt\/wp-json\/wp\/v2\/pages\/141\/revisions\/307"}],"wp:featuredmedia":[{"embeddable":true,"href":"https:\/\/swallowdaily.com\/pt-pt\/wp-json\/wp\/v2\/media\/122"}],"wp:attachment":[{"href":"https:\/\/swallowdaily.com\/pt-pt\/wp-json\/wp\/v2\/media?parent=141"}],"curies":[{"name":"wp","href":"https:\/\/api.w.org\/{rel}","templated":true}]}}