{"id":154,"date":"2022-06-27T15:44:52","date_gmt":"2022-06-27T14:44:52","guid":{"rendered":"http:\/\/swallowdaily.com\/sites-de-datacao-locais\/"},"modified":"2022-07-07T15:35:12","modified_gmt":"2022-07-07T14:35:12","slug":"sites-de-datacao-locais","status":"publish","type":"page","link":"https:\/\/swallowdaily.com\/pt-pt\/sites-de-datacao-locais\/","title":{"rendered":"Sites de Data\u00e7\u00e3o Locais"},"content":{"rendered":"<p>Os sites de encontros s\u00e3o um \u00f3ptimo local para conhecer potenciais parceiros, especialmente se estiver \u00e0 procura de amor online. H\u00e1 muitos sites de encontros diferentes dispon\u00edveis, cada um com as suas pr\u00f3prias caracter\u00edsticas e benef\u00edcios \u00fanicos.<\/p>\n<p>Alguns s\u00edtios web oferecem a ades\u00e3o gratuita enquanto outros requerem subscri\u00e7\u00f5es <a href=\"http:\/\/www.paginas-para-follar.com\/quedar-y-follar-gratis\/\">quedar para follar<\/a> pagas. Alguns permitem que os membros naveguem anonimamente nos perfis, enquanto outros requerem dados pessoais para aderir. Alguns websites s\u00e3o estritamente para adultos enquanto outros servem adolescentes.<\/p>\n<h2>Sites locais de encontros sexuais<\/h2>\n<p>Antes de se inscrever num site de encontros, considere se este satisfaz as suas necessidades. Prefere conversar com outros solteiros em pessoa ou por telefone? Est\u00e1 interessado em conhecer algu\u00e9m que partilhe interesses ou valores semelhantes? Que tipo de rela\u00e7\u00e3o gostaria de prosseguir?<\/p>\n<p>Depois de decidir que tipo de site de encontros gostaria de tentar <a href=\"http:\/\/www.sites-de-sexo.com\/site-de-relacionamento-que-nao-precisa-de-email\/\">sites de encontro totalmente gratuito<\/a>, inscreva-se para um per\u00edodo experimental. Aproveite as funcionalidades gratuitas e veja se gosta de utilizar o servi\u00e7o. Se decidir que pretende continuar a utilizar o s\u00edtio web ap\u00f3s o per\u00edodo experimental terminar, pode adquirir uma subscri\u00e7\u00e3o.<\/p>\n<p>H\u00e1 v\u00e1rios tipos de sites de encontros dispon\u00edveis hoje em dia. As mais populares incluem:<\/p>\n<ul>\n<li>Match.com &#8211; Este \u00e9 um dos maiores sites de encontros do mundo. Tem milh\u00f5es de membros activos de todo o mundo.<\/li>\n<li>eHarmony &#8211; Este website oferece testes de compatibilidade baseados em tra\u00e7os de personalidade e prefer\u00eancias de estilo de vida.<\/li>\n<li>PlentyOfFish &#8211; Este website permite aos utilizadores criar o seu pr\u00f3prio perfil e pesquisar atrav\u00e9s de milhares de perfis de utilizadores.<\/li>\n<li>ChristianMingle &#8211; Este s\u00edtio web destina-se especificamente aos crist\u00e3os que procuram relacionamentos.<\/li>\n<li>OkCupid &#8211; Este website est\u00e1 orientado para aqueles que est\u00e3o abertos a encontros casuais.<\/li>\n<li>Zoosk &#8211; Este site centra-se em ajudar os utilizadores a encontrar rela\u00e7\u00f5es a longo prazo.<\/li>\n<li>Badoo &#8211; Este website foi concebido para aqueles que procuram rela\u00e7\u00f5es de curto prazo.<\/li>\n<\/ul>\n<p>A melhor parte destes sites \u00e9 que s\u00e3o completamente gratuitos. No entanto <a href=\"http:\/\/www.encontros-para-sexo.com\/sexo-casual\/\">sites de sexo casual gr\u00e1tis<\/a>, alguns websites t\u00eam servi\u00e7os adicionais que custam dinheiro. Por exemplo, os servi\u00e7os premium no eHarmony incluem mensagens ilimitadas e pesquisas avan\u00e7adas.<\/p>\n<p>Embora existam muitos tipos diferentes de sites de encontros por a\u00ed, ainda se pode encontrar sucesso em qualquer um deles. Lembre-se apenas de escolher um website que se adapte \u00e0s suas necessidades e expectativas.<\/p>\n<h2>Quer apenas um Fling?<\/h2>\n<p>Os sites de encontros s\u00e3o um \u00f3ptimo local para conhecer algu\u00e9m especial. Quer esteja \u00e0 procura de amor ou apenas de um namoro casual, estas plataformas de encontros em linha oferecem muitas op\u00e7\u00f5es.<\/p>\n<p>Existem muitos tipos diferentes de sites de encontros, incluindo os centrados em interesses espec\u00edficos, grupos et\u00e1rios, e locais. Alguns permitem que os membros criem perfis enquanto outros exigem que preencham um formul\u00e1rio. Seja como for, poder\u00e1 navegar por potenciais combina\u00e7\u00f5es com base em crit\u00e9rios que melhor se adaptem \u00e0s suas necessidades.<\/p>\n<p>Alguns sites de encontros permitem-lhe filtrar as suas pesquisas por sexo, localiza\u00e7\u00e3o, e outras prefer\u00eancias. Outros oferecem funcionalidades avan\u00e7adas, como salas de chat e quadros de mensagens onde se pode interagir com outros membros. \u00c9 f\u00e1cil encontrar o par perfeito num site de encontros, por isso experimente-o hoje mesmo!<\/p>\n","protected":false},"excerpt":{"rendered":"<p>Os sites de encontros s\u00e3o um \u00f3ptimo local para conhecer potenciais parceiros, especialmente se estiver \u00e0 procura de amor online.<\/p>\n","protected":false},"author":1,"featured_media":94,"parent":0,"menu_order":0,"comment_status":"closed","ping_status":"closed","template":"","meta":[],"yoast_head":"<!-- This site is optimized with the Yoast SEO plugin v19.1 - https:\/\/yoast.com\/wordpress\/plugins\/seo\/ -->\n<title>Sites de Data\u00e7\u00e3o Locais Swallow Reviews - t\u00edtulo<\/title>\n<meta name=\"robots\" content=\"index, follow, max-snippet:-1, max-image-preview:large, max-video-preview:-1\" \/>\n<link rel=\"canonical\" href=\"https:\/\/swallowdaily.com\/pt-pt\/sites-de-datacao-locais\/\" \/>\n<meta property=\"og:locale\" content=\"pt_PT\" \/>\n<meta property=\"og:type\" content=\"article\" \/>\n<meta property=\"og:title\" content=\"Sites de Data\u00e7\u00e3o Locais Swallow Reviews - t\u00edtulo\" \/>\n<meta property=\"og:description\" content=\"Os sites de encontros s\u00e3o um \u00f3ptimo local para conhecer potenciais parceiros, especialmente se estiver \u00e0 procura de amor online.\" \/>\n<meta property=\"og:url\" content=\"https:\/\/swallowdaily.com\/pt-pt\/sites-de-datacao-locais\/\" \/>\n<meta property=\"og:site_name\" content=\"Swallow Reviews\" \/>\n<meta property=\"article:modified_time\" content=\"2022-07-07T14:35:12+00:00\" \/>\n<meta name=\"twitter:card\" content=\"summary_large_image\" \/>\n<meta name=\"twitter:image\" content=\"https:\/\/swallowdaily.com\/wp-content\/uploads\/2022\/06\/sex-dating-apps.webp\" \/>\n<meta name=\"twitter:label1\" content=\"Tempo estimado de leitura\" \/>\n\t<meta name=\"twitter:data1\" content=\"3 minutos\" \/>\n<script type=\"application\/ld+json\" class=\"yoast-schema-graph\">{\"@context\":\"https:\/\/schema.org\",\"@graph\":[{\"@type\":\"WebSite\",\"@id\":\"https:\/\/swallowdaily.com\/#website\",\"url\":\"https:\/\/swallowdaily.com\/\",\"name\":\"Swallow Reviews\",\"description\":\"Guia de liga\u00e7\u00e3o online\",\"potentialAction\":[{\"@type\":\"SearchAction\",\"target\":{\"@type\":\"EntryPoint\",\"urlTemplate\":\"https:\/\/swallowdaily.com\/?s={search_term_string}\"},\"query-input\":\"required name=search_term_string\"}],\"inLanguage\":\"pt-PT\"},{\"@type\":\"ImageObject\",\"inLanguage\":\"pt-PT\",\"@id\":\"https:\/\/swallowdaily.com\/pt-pt\/sites-de-datacao-locais\/#primaryimage\",\"url\":\"https:\/\/swallowdaily.com\/wp-content\/uploads\/2022\/06\/sex-dating-apps.webp\",\"contentUrl\":\"https:\/\/swallowdaily.com\/wp-content\/uploads\/2022\/06\/sex-dating-apps.webp\",\"width\":1600,\"height\":1068},{\"@type\":\"WebPage\",\"@id\":\"https:\/\/swallowdaily.com\/pt-pt\/sites-de-datacao-locais\/#webpage\",\"url\":\"https:\/\/swallowdaily.com\/pt-pt\/sites-de-datacao-locais\/\",\"name\":\"Sites de Data\u00e7\u00e3o Locais Swallow Reviews - t\u00edtulo\",\"isPartOf\":{\"@id\":\"https:\/\/swallowdaily.com\/#website\"},\"primaryImageOfPage\":{\"@id\":\"https:\/\/swallowdaily.com\/pt-pt\/sites-de-datacao-locais\/#primaryimage\"},\"datePublished\":\"2022-06-27T14:44:52+00:00\",\"dateModified\":\"2022-07-07T14:35:12+00:00\",\"breadcrumb\":{\"@id\":\"https:\/\/swallowdaily.com\/pt-pt\/sites-de-datacao-locais\/#breadcrumb\"},\"inLanguage\":\"pt-PT\",\"potentialAction\":[{\"@type\":\"ReadAction\",\"target\":[\"https:\/\/swallowdaily.com\/pt-pt\/sites-de-datacao-locais\/\"]}]},{\"@type\":\"BreadcrumbList\",\"@id\":\"https:\/\/swallowdaily.com\/pt-pt\/sites-de-datacao-locais\/#breadcrumb\",\"itemListElement\":[{\"@type\":\"ListItem\",\"position\":1,\"name\":\"Casa\",\"item\":\"https:\/\/swallowdaily.com\/pt-pt\/\"},{\"@type\":\"ListItem\",\"position\":2,\"name\":\"Sites de Data\u00e7\u00e3o Locais\"}]}]}<\/script>\n<!-- \/ Yoast SEO plugin. -->","yoast_head_json":{"title":"Sites de Data\u00e7\u00e3o Locais Swallow Reviews - t\u00edtulo","robots":{"index":"index","follow":"follow","max-snippet":"max-snippet:-1","max-image-preview":"max-image-preview:large","max-video-preview":"max-video-preview:-1"},"canonical":"https:\/\/swallowdaily.com\/pt-pt\/sites-de-datacao-locais\/","og_locale":"pt_PT","og_type":"article","og_title":"Sites de Data\u00e7\u00e3o Locais Swallow Reviews - t\u00edtulo","og_description":"Os sites de encontros s\u00e3o um \u00f3ptimo local para conhecer potenciais parceiros, especialmente se estiver \u00e0 procura de amor online.","og_url":"https:\/\/swallowdaily.com\/pt-pt\/sites-de-datacao-locais\/","og_site_name":"Swallow Reviews","article_modified_time":"2022-07-07T14:35:12+00:00","twitter_card":"summary_large_image","twitter_image":"https:\/\/swallowdaily.com\/wp-content\/uploads\/2022\/06\/sex-dating-apps.webp","twitter_misc":{"Tempo estimado de leitura":"3 minutos"},"schema":{"@context":"https:\/\/schema.org","@graph":[{"@type":"WebSite","@id":"https:\/\/swallowdaily.com\/#website","url":"https:\/\/swallowdaily.com\/","name":"Swallow Reviews","description":"Guia de liga\u00e7\u00e3o online","potentialAction":[{"@type":"SearchAction","target":{"@type":"EntryPoint","urlTemplate":"https:\/\/swallowdaily.com\/?s={search_term_string}"},"query-input":"required name=search_term_string"}],"inLanguage":"pt-PT"},{"@type":"ImageObject","inLanguage":"pt-PT","@id":"https:\/\/swallowdaily.com\/pt-pt\/sites-de-datacao-locais\/#primaryimage","url":"https:\/\/swallowdaily.com\/wp-content\/uploads\/2022\/06\/sex-dating-apps.webp","contentUrl":"https:\/\/swallowdaily.com\/wp-content\/uploads\/2022\/06\/sex-dating-apps.webp","width":1600,"height":1068},{"@type":"WebPage","@id":"https:\/\/swallowdaily.com\/pt-pt\/sites-de-datacao-locais\/#webpage","url":"https:\/\/swallowdaily.com\/pt-pt\/sites-de-datacao-locais\/","name":"Sites de Data\u00e7\u00e3o Locais Swallow Reviews - t\u00edtulo","isPartOf":{"@id":"https:\/\/swallowdaily.com\/#website"},"primaryImageOfPage":{"@id":"https:\/\/swallowdaily.com\/pt-pt\/sites-de-datacao-locais\/#primaryimage"},"datePublished":"2022-06-27T14:44:52+00:00","dateModified":"2022-07-07T14:35:12+00:00","breadcrumb":{"@id":"https:\/\/swallowdaily.com\/pt-pt\/sites-de-datacao-locais\/#breadcrumb"},"inLanguage":"pt-PT","potentialAction":[{"@type":"ReadAction","target":["https:\/\/swallowdaily.com\/pt-pt\/sites-de-datacao-locais\/"]}]},{"@type":"BreadcrumbList","@id":"https:\/\/swallowdaily.com\/pt-pt\/sites-de-datacao-locais\/#breadcrumb","itemListElement":[{"@type":"ListItem","position":1,"name":"Casa","item":"https:\/\/swallowdaily.com\/pt-pt\/"},{"@type":"ListItem","position":2,"name":"Sites de Data\u00e7\u00e3o Locais"}]}]}},"_links":{"self":[{"href":"https:\/\/swallowdaily.com\/pt-pt\/wp-json\/wp\/v2\/pages\/154"}],"collection":[{"href":"https:\/\/swallowdaily.com\/pt-pt\/wp-json\/wp\/v2\/pages"}],"about":[{"href":"https:\/\/swallowdaily.com\/pt-pt\/wp-json\/wp\/v2\/types\/page"}],"author":[{"embeddable":true,"href":"https:\/\/swallowdaily.com\/pt-pt\/wp-json\/wp\/v2\/users\/1"}],"replies":[{"embeddable":true,"href":"https:\/\/swallowdaily.com\/pt-pt\/wp-json\/wp\/v2\/comments?post=154"}],"version-history":[{"count":2,"href":"https:\/\/swallowdaily.com\/pt-pt\/wp-json\/wp\/v2\/pages\/154\/revisions"}],"predecessor-version":[{"id":308,"href":"https:\/\/swallowdaily.com\/pt-pt\/wp-json\/wp\/v2\/pages\/154\/revisions\/308"}],"wp:featuredmedia":[{"embeddable":true,"href":"https:\/\/swallowdaily.com\/pt-pt\/wp-json\/wp\/v2\/media\/94"}],"wp:attachment":[{"href":"https:\/\/swallowdaily.com\/pt-pt\/wp-json\/wp\/v2\/media?parent=154"}],"curies":[{"name":"wp","href":"https:\/\/api.w.org\/{rel}","templated":true}]}}