{"id":169,"date":"2022-06-27T16:05:09","date_gmt":"2022-06-27T15:05:09","guid":{"rendered":"http:\/\/swallowdaily.com\/melhores-maneiras-de-se-encontrar-para-o-sexo\/"},"modified":"2022-06-27T16:05:09","modified_gmt":"2022-06-27T15:05:09","slug":"melhores-maneiras-de-se-encontrar-para-o-sexo","status":"publish","type":"page","link":"https:\/\/swallowdaily.com\/pt-pt\/melhores-maneiras-de-se-encontrar-para-o-sexo\/","title":{"rendered":"Melhores maneiras de se encontrar para o sexo"},"content":{"rendered":"<p>Os s\u00edtios de engate de adultos est\u00e3o a tornar-se cada vez mais populares entre os adultos que procuram encontros sexuais casuais. Estes s\u00edtios permitem aos membros navegar em perfis de outros membros, enviar mensagens e organizar reuni\u00f5es.<\/p>\n<p>H\u00e1 muitos tipos diferentes de s\u00edtios de engate de adultos, incluindo os que servem especificamente para swingers, entusiastas de BDSM, e casais que procuram <a href=\"http:\/\/swallowdaily.com\/free-local-hookups\/\">assuntos discretos<\/a>. Alguns s\u00edtios tamb\u00e9m oferecem capacidades de conversa\u00e7\u00e3o em v\u00eddeo, permitindo que os membros se encontrem frente a frente.<\/p>\n<h2>Como Funciona<\/h2>\n<p>Embora estes s\u00edtios nem sempre sejam gratuitos, a maioria cobra uma pequena taxa para aderir. A melhor parte \u00e9 que s\u00e3o completamente an\u00f3nimos, o que significa que n\u00e3o s\u00e3o necess\u00e1rios dados pessoais para se inscreverem. Os membros podem criar um perfil e carregar fotografias sem terem de se preocupar em serem descobertos.<\/p>\n<p>Estes sites s\u00e3o perfeitos para quem procura um pouco de excita\u00e7\u00e3o extra nas suas vidas. Quer esteja \u00e0 procura de um encontro de uma noite ou de uma rela\u00e7\u00e3o a longo prazo, os s\u00edtios de engate de adultos proporcionam uma forma conveniente de liga\u00e7\u00e3o com outros.<\/p>\n<p>Existem hoje muitos sites de encontros de adultos em linha, mas a maioria deles concentra-se em encontrar algu\u00e9m especial para uma rela\u00e7\u00e3o a longo prazo. No entanto, se apenas se quiser encontrar com um estranho para sexo, ent\u00e3o \u00e9 prov\u00e1vel que queira experimentar um destes <a href=\"http:\/\/swallowdaily.com\/best-sex-chat-sites\/\">sites de engate de adultos<\/a>.<\/p>\n<h2>Encontros Casuais<\/h2>\n<p>Estes s\u00edtios s\u00e3o perfeitos para encontros com estranhos que procuram encontros casuais. N\u00e3o h\u00e1 compromissos, e pode facilmente encontrar algu\u00e9m que se queira encontrar esta noite.<\/p>\n<p>N\u00e3o importa se est\u00e1 \u00e0 procura de um homem ou mulher, estes s\u00edtios de engate para adultos est\u00e3o sempre cheios de solteiros excitados prontos para se divertirem.<\/p>\n<p>H\u00e1 muitos benef\u00edcios em inscrever-se para este tipo de s\u00edtios. Para come\u00e7ar, nunca ter\u00e1 de pagar nada para aderir. Al\u00e9m disso, pode ligar-se facilmente com pessoas que partilham interesses e desejos semelhantes.<\/p>\n<p>Estes s\u00edtios permitem aos membros carregar fotografias e v\u00eddeos de si pr\u00f3prios e depois navegar noutros perfis com base na localiza\u00e7\u00e3o. Alguns s\u00edtios oferecem at\u00e9 salas de chat onde os membros podem interagir uns com os outros.<\/p>\n<h3>Encontrar sexo online<\/h3>\n<p>Encontrar sexo em linha nunca foi t\u00e3o f\u00e1cil gra\u00e7as aos sites de engate gratuito. Estes s\u00edtios permitem aos membros conhecer outros solteiros que partilham interesses semelhantes, e oferecem um ambiente seguro onde todos se podem ligar e interagir livremente.<\/p>\n<p>H\u00e1 muitos benef\u00edcios na utiliza\u00e7\u00e3o deste tipo de s\u00edtios, incluindo o facto de serem completamente an\u00f3nimos. Isto significa que nenhuma informa\u00e7\u00e3o pessoal \u00e9 jamais partilhada, e os membros podem permanecer completamente privados. Outro benef\u00edcio \u00e9 que a maioria destes sites s\u00e3o amigos da mobilidade, o que significa que se pode aceder a eles a partir de qualquer lugar.<\/p>\n<p>Os s\u00edtios de engate gratuito s\u00e3o tamb\u00e9m muito f\u00e1ceis de utilizar. Tudo o que precisa de fazer \u00e9 inscrever-se, navegar pelos perfis, e enviar mensagens \u00e0s partes interessadas. A melhor parte \u00e9 que se pode comunicar com qualquer pessoa sem ter de pagar nada. \u00c9 realmente assim t\u00e3o simples!<\/p>\n<p>Por isso, se procura uma forma divertida de conhecer algu\u00e9m especial, experimente hoje um destes sites de encontros gratuitos!<\/p>\n","protected":false},"excerpt":{"rendered":"<p>Os s\u00edtios de engate de adultos est\u00e3o a tornar-se cada vez mais populares entre os adultos que procuram encontros sexuais<\/p>\n","protected":false},"author":1,"featured_media":129,"parent":0,"menu_order":0,"comment_status":"closed","ping_status":"closed","template":"","meta":[],"yoast_head":"<!-- This site is optimized with the Yoast SEO plugin v19.1 - https:\/\/yoast.com\/wordpress\/plugins\/seo\/ -->\n<title>Melhores maneiras de se encontrar para o sexo Swallow Reviews - t\u00edtulo<\/title>\n<meta name=\"robots\" content=\"index, follow, max-snippet:-1, max-image-preview:large, max-video-preview:-1\" \/>\n<link rel=\"canonical\" href=\"https:\/\/swallowdaily.com\/pt-pt\/melhores-maneiras-de-se-encontrar-para-o-sexo\/\" \/>\n<meta property=\"og:locale\" content=\"pt_PT\" \/>\n<meta property=\"og:type\" content=\"article\" \/>\n<meta property=\"og:title\" content=\"Melhores maneiras de se encontrar para o sexo Swallow Reviews - t\u00edtulo\" \/>\n<meta property=\"og:description\" content=\"Os s\u00edtios de engate de adultos est\u00e3o a tornar-se cada vez mais populares entre os adultos que procuram encontros sexuais\" \/>\n<meta property=\"og:url\" content=\"https:\/\/swallowdaily.com\/pt-pt\/melhores-maneiras-de-se-encontrar-para-o-sexo\/\" \/>\n<meta property=\"og:site_name\" content=\"Swallow Reviews\" \/>\n<meta name=\"twitter:card\" content=\"summary_large_image\" \/>\n<meta name=\"twitter:image\" content=\"https:\/\/swallowdaily.com\/wp-content\/uploads\/2022\/06\/love-match.webp\" \/>\n<meta name=\"twitter:label1\" content=\"Tempo estimado de leitura\" \/>\n\t<meta name=\"twitter:data1\" content=\"3 minutos\" \/>\n<script type=\"application\/ld+json\" class=\"yoast-schema-graph\">{\"@context\":\"https:\/\/schema.org\",\"@graph\":[{\"@type\":\"WebSite\",\"@id\":\"https:\/\/swallowdaily.com\/#website\",\"url\":\"https:\/\/swallowdaily.com\/\",\"name\":\"Swallow Reviews\",\"description\":\"Guia de liga\u00e7\u00e3o online\",\"potentialAction\":[{\"@type\":\"SearchAction\",\"target\":{\"@type\":\"EntryPoint\",\"urlTemplate\":\"https:\/\/swallowdaily.com\/?s={search_term_string}\"},\"query-input\":\"required name=search_term_string\"}],\"inLanguage\":\"pt-PT\"},{\"@type\":\"ImageObject\",\"inLanguage\":\"pt-PT\",\"@id\":\"https:\/\/swallowdaily.com\/pt-pt\/melhores-maneiras-de-se-encontrar-para-o-sexo\/#primaryimage\",\"url\":\"https:\/\/swallowdaily.com\/wp-content\/uploads\/2022\/06\/love-match.webp\",\"contentUrl\":\"https:\/\/swallowdaily.com\/wp-content\/uploads\/2022\/06\/love-match.webp\",\"width\":1600,\"height\":2400},{\"@type\":\"WebPage\",\"@id\":\"https:\/\/swallowdaily.com\/pt-pt\/melhores-maneiras-de-se-encontrar-para-o-sexo\/#webpage\",\"url\":\"https:\/\/swallowdaily.com\/pt-pt\/melhores-maneiras-de-se-encontrar-para-o-sexo\/\",\"name\":\"Melhores maneiras de se encontrar para o sexo Swallow Reviews - t\u00edtulo\",\"isPartOf\":{\"@id\":\"https:\/\/swallowdaily.com\/#website\"},\"primaryImageOfPage\":{\"@id\":\"https:\/\/swallowdaily.com\/pt-pt\/melhores-maneiras-de-se-encontrar-para-o-sexo\/#primaryimage\"},\"datePublished\":\"2022-06-27T15:05:09+00:00\",\"dateModified\":\"2022-06-27T15:05:09+00:00\",\"breadcrumb\":{\"@id\":\"https:\/\/swallowdaily.com\/pt-pt\/melhores-maneiras-de-se-encontrar-para-o-sexo\/#breadcrumb\"},\"inLanguage\":\"pt-PT\",\"potentialAction\":[{\"@type\":\"ReadAction\",\"target\":[\"https:\/\/swallowdaily.com\/pt-pt\/melhores-maneiras-de-se-encontrar-para-o-sexo\/\"]}]},{\"@type\":\"BreadcrumbList\",\"@id\":\"https:\/\/swallowdaily.com\/pt-pt\/melhores-maneiras-de-se-encontrar-para-o-sexo\/#breadcrumb\",\"itemListElement\":[{\"@type\":\"ListItem\",\"position\":1,\"name\":\"Casa\",\"item\":\"https:\/\/swallowdaily.com\/pt-pt\/\"},{\"@type\":\"ListItem\",\"position\":2,\"name\":\"Melhores maneiras de se encontrar para o sexo\"}]}]}<\/script>\n<!-- \/ Yoast SEO plugin. -->","yoast_head_json":{"title":"Melhores maneiras de se encontrar para o sexo Swallow Reviews - t\u00edtulo","robots":{"index":"index","follow":"follow","max-snippet":"max-snippet:-1","max-image-preview":"max-image-preview:large","max-video-preview":"max-video-preview:-1"},"canonical":"https:\/\/swallowdaily.com\/pt-pt\/melhores-maneiras-de-se-encontrar-para-o-sexo\/","og_locale":"pt_PT","og_type":"article","og_title":"Melhores maneiras de se encontrar para o sexo Swallow Reviews - t\u00edtulo","og_description":"Os s\u00edtios de engate de adultos est\u00e3o a tornar-se cada vez mais populares entre os adultos que procuram encontros sexuais","og_url":"https:\/\/swallowdaily.com\/pt-pt\/melhores-maneiras-de-se-encontrar-para-o-sexo\/","og_site_name":"Swallow Reviews","twitter_card":"summary_large_image","twitter_image":"https:\/\/swallowdaily.com\/wp-content\/uploads\/2022\/06\/love-match.webp","twitter_misc":{"Tempo estimado de leitura":"3 minutos"},"schema":{"@context":"https:\/\/schema.org","@graph":[{"@type":"WebSite","@id":"https:\/\/swallowdaily.com\/#website","url":"https:\/\/swallowdaily.com\/","name":"Swallow Reviews","description":"Guia de liga\u00e7\u00e3o online","potentialAction":[{"@type":"SearchAction","target":{"@type":"EntryPoint","urlTemplate":"https:\/\/swallowdaily.com\/?s={search_term_string}"},"query-input":"required name=search_term_string"}],"inLanguage":"pt-PT"},{"@type":"ImageObject","inLanguage":"pt-PT","@id":"https:\/\/swallowdaily.com\/pt-pt\/melhores-maneiras-de-se-encontrar-para-o-sexo\/#primaryimage","url":"https:\/\/swallowdaily.com\/wp-content\/uploads\/2022\/06\/love-match.webp","contentUrl":"https:\/\/swallowdaily.com\/wp-content\/uploads\/2022\/06\/love-match.webp","width":1600,"height":2400},{"@type":"WebPage","@id":"https:\/\/swallowdaily.com\/pt-pt\/melhores-maneiras-de-se-encontrar-para-o-sexo\/#webpage","url":"https:\/\/swallowdaily.com\/pt-pt\/melhores-maneiras-de-se-encontrar-para-o-sexo\/","name":"Melhores maneiras de se encontrar para o sexo Swallow Reviews - t\u00edtulo","isPartOf":{"@id":"https:\/\/swallowdaily.com\/#website"},"primaryImageOfPage":{"@id":"https:\/\/swallowdaily.com\/pt-pt\/melhores-maneiras-de-se-encontrar-para-o-sexo\/#primaryimage"},"datePublished":"2022-06-27T15:05:09+00:00","dateModified":"2022-06-27T15:05:09+00:00","breadcrumb":{"@id":"https:\/\/swallowdaily.com\/pt-pt\/melhores-maneiras-de-se-encontrar-para-o-sexo\/#breadcrumb"},"inLanguage":"pt-PT","potentialAction":[{"@type":"ReadAction","target":["https:\/\/swallowdaily.com\/pt-pt\/melhores-maneiras-de-se-encontrar-para-o-sexo\/"]}]},{"@type":"BreadcrumbList","@id":"https:\/\/swallowdaily.com\/pt-pt\/melhores-maneiras-de-se-encontrar-para-o-sexo\/#breadcrumb","itemListElement":[{"@type":"ListItem","position":1,"name":"Casa","item":"https:\/\/swallowdaily.com\/pt-pt\/"},{"@type":"ListItem","position":2,"name":"Melhores maneiras de se encontrar para o sexo"}]}]}},"_links":{"self":[{"href":"https:\/\/swallowdaily.com\/pt-pt\/wp-json\/wp\/v2\/pages\/169"}],"collection":[{"href":"https:\/\/swallowdaily.com\/pt-pt\/wp-json\/wp\/v2\/pages"}],"about":[{"href":"https:\/\/swallowdaily.com\/pt-pt\/wp-json\/wp\/v2\/types\/page"}],"author":[{"embeddable":true,"href":"https:\/\/swallowdaily.com\/pt-pt\/wp-json\/wp\/v2\/users\/1"}],"replies":[{"embeddable":true,"href":"https:\/\/swallowdaily.com\/pt-pt\/wp-json\/wp\/v2\/comments?post=169"}],"version-history":[{"count":0,"href":"https:\/\/swallowdaily.com\/pt-pt\/wp-json\/wp\/v2\/pages\/169\/revisions"}],"wp:featuredmedia":[{"embeddable":true,"href":"https:\/\/swallowdaily.com\/pt-pt\/wp-json\/wp\/v2\/media\/129"}],"wp:attachment":[{"href":"https:\/\/swallowdaily.com\/pt-pt\/wp-json\/wp\/v2\/media?parent=169"}],"curies":[{"name":"wp","href":"https:\/\/api.w.org\/{rel}","templated":true}]}}