{"id":181,"date":"2022-06-27T15:49:22","date_gmt":"2022-06-27T14:49:22","guid":{"rendered":"http:\/\/swallowdaily.com\/ligacoes-locais-gratuitas\/"},"modified":"2022-06-27T15:49:22","modified_gmt":"2022-06-27T14:49:22","slug":"ligacoes-locais-gratuitas","status":"publish","type":"page","link":"https:\/\/swallowdaily.com\/pt-pt\/ligacoes-locais-gratuitas\/","title":{"rendered":"Liga\u00e7\u00f5es locais gratuitas"},"content":{"rendered":"<p>As aplica\u00e7\u00f5es de encontros est\u00e3o a tornar-se cada vez mais populares entre os solteiros que procuram o amor online. Estas aplica\u00e7\u00f5es permitem aos utilizadores ligarem-se com outras pessoas com base na localiza\u00e7\u00e3o, interesses, e amigos m\u00fatuos.<\/p>\n<h2>Que aplica\u00e7\u00f5es de namoro funcionam melhor para solteiros?<\/h2>\n<p>Embora as aplica\u00e7\u00f5es de data\u00e7\u00e3o sejam convenientes, tamb\u00e9m podem ser perigosas se usadas incorrectamente. Certifique-se de que tem cuidado com quem encontra atrav\u00e9s <a href=\"http:\/\/swallowdaily.com\/free-sex-hookup-apps\/\">destas aplica\u00e7\u00f5es<\/a> e que segue as directrizes de seguran\u00e7a. Por exemplo, nunca partilhe informa\u00e7\u00f5es pessoais, incluindo o seu n\u00famero de telefone, morada, ou fotografias. Evite tamb\u00e9m conhecer estranhos em locais p\u00fablicos e use sempre o bom senso quando conhecer algu\u00e9m novo.<\/p>\n<p>\u00c9 importante lembrar que embora as aplica\u00e7\u00f5es de namoro possam ser divertidas, n\u00e3o se destinam a substituir as interac\u00e7\u00f5es cara-a-cara. Em vez disso, s\u00e3o apenas mais uma ferramenta que o ajuda a conectar-se com outros. Portanto, use-os sabiamente e desfrute dos benef\u00edcios de encontrar o amor online!<\/p>\n<h2>Deve come\u00e7ar?<\/h2>\n<p>Os s\u00edtios de sexo gratuito est\u00e3o a tornar-se cada vez mais populares entre os solteiros que querem explorar a sua sexualidade sem terem de pagar nada adiantado. Estes sites oferecem acesso gratuito a milhares de v\u00eddeos com casais reais que fazem sexo escaldante.<\/p>\n<p>H\u00e1 muitos tipos diferentes de <a href=\"http:\/\/swallowdaily.com\/best-sex-chat-sites\/\">sites de sexo<\/a> gratuito dispon\u00edveis, incluindo pornografia amadora, sexo l\u00e9sbico, sexo gay, sexo fetiche, e muito mais. Cada tipo oferece os seus pr\u00f3prios benef\u00edcios \u00fanicos, por isso se estiver \u00e0 procura de algo espec\u00edfico, tente navegar atrav\u00e9s das categorias para encontrar exactamente o que procura.<\/p>\n<p>Uma das melhores coisas sobre estes sites \u00e9 que eles permitem ver v\u00eddeos ilimitados de m\u00faltiplas fontes. Pode navegar atrav\u00e9s de centenas de v\u00eddeos, e pode at\u00e9 descarreg\u00e1-los para os ver mais tarde offline. A melhor parte \u00e9 que pode transmitir os v\u00eddeos directamente para o seu computador, tablet, ou smartphone.<\/p>\n<p>Estes sites s\u00e3o perfeitos para quem quer explorar o seu lado sexual sem ter de gastar dinheiro. \u00c9 f\u00e1cil inscrever-se e come\u00e7ar a ver v\u00eddeos imediatamente. N\u00e3o h\u00e1 taxas de ades\u00e3o ou custos ocultos, e pode usufruir do servi\u00e7o completamente sem custos.<\/p>\n","protected":false},"excerpt":{"rendered":"<p>As aplica\u00e7\u00f5es de encontros est\u00e3o a tornar-se cada vez mais populares entre os solteiros que procuram o amor online. Estas<\/p>\n","protected":false},"author":1,"featured_media":115,"parent":0,"menu_order":0,"comment_status":"closed","ping_status":"closed","template":"","meta":[],"yoast_head":"<!-- This site is optimized with the Yoast SEO plugin v19.1 - https:\/\/yoast.com\/wordpress\/plugins\/seo\/ -->\n<title>Liga\u00e7\u00f5es locais gratuitas Swallow Reviews - t\u00edtulo<\/title>\n<meta name=\"robots\" content=\"index, follow, max-snippet:-1, max-image-preview:large, max-video-preview:-1\" \/>\n<link rel=\"canonical\" href=\"https:\/\/swallowdaily.com\/pt-pt\/ligacoes-locais-gratuitas\/\" \/>\n<meta property=\"og:locale\" content=\"pt_PT\" \/>\n<meta property=\"og:type\" content=\"article\" \/>\n<meta property=\"og:title\" content=\"Liga\u00e7\u00f5es locais gratuitas Swallow Reviews - t\u00edtulo\" \/>\n<meta property=\"og:description\" content=\"As aplica\u00e7\u00f5es de encontros est\u00e3o a tornar-se cada vez mais populares entre os solteiros que procuram o amor online. Estas\" \/>\n<meta property=\"og:url\" content=\"https:\/\/swallowdaily.com\/pt-pt\/ligacoes-locais-gratuitas\/\" \/>\n<meta property=\"og:site_name\" content=\"Swallow Reviews\" \/>\n<meta property=\"og:image\" content=\"https:\/\/swallowdaily.com\/wp-content\/uploads\/2022\/06\/adult-dating-websites.jpeg\" \/>\n\t<meta property=\"og:image:width\" content=\"1600\" \/>\n\t<meta property=\"og:image:height\" content=\"2400\" \/>\n\t<meta property=\"og:image:type\" content=\"image\/jpeg\" \/>\n<meta name=\"twitter:card\" content=\"summary_large_image\" \/>\n<meta name=\"twitter:label1\" content=\"Tempo estimado de leitura\" \/>\n\t<meta name=\"twitter:data1\" content=\"2 minutos\" \/>\n<script type=\"application\/ld+json\" class=\"yoast-schema-graph\">{\"@context\":\"https:\/\/schema.org\",\"@graph\":[{\"@type\":\"WebSite\",\"@id\":\"http:\/\/swallowdaily.com\/de\/#website\",\"url\":\"http:\/\/swallowdaily.com\/de\/\",\"name\":\"Swallow Reviews\",\"description\":\"Guia de liga\u00e7\u00e3o online\",\"potentialAction\":[{\"@type\":\"SearchAction\",\"target\":{\"@type\":\"EntryPoint\",\"urlTemplate\":\"http:\/\/swallowdaily.com\/de\/?s={search_term_string}\"},\"query-input\":\"required name=search_term_string\"}],\"inLanguage\":\"pt-PT\"},{\"@type\":\"ImageObject\",\"inLanguage\":\"pt-PT\",\"@id\":\"https:\/\/swallowdaily.com\/pt-pt\/ligacoes-locais-gratuitas\/#primaryimage\",\"url\":\"https:\/\/swallowdaily.com\/wp-content\/uploads\/2022\/06\/adult-dating-websites.jpeg\",\"contentUrl\":\"https:\/\/swallowdaily.com\/wp-content\/uploads\/2022\/06\/adult-dating-websites.jpeg\",\"width\":1600,\"height\":2400},{\"@type\":\"WebPage\",\"@id\":\"https:\/\/swallowdaily.com\/pt-pt\/ligacoes-locais-gratuitas\/#webpage\",\"url\":\"https:\/\/swallowdaily.com\/pt-pt\/ligacoes-locais-gratuitas\/\",\"name\":\"Liga\u00e7\u00f5es locais gratuitas Swallow Reviews - t\u00edtulo\",\"isPartOf\":{\"@id\":\"http:\/\/swallowdaily.com\/de\/#website\"},\"primaryImageOfPage\":{\"@id\":\"https:\/\/swallowdaily.com\/pt-pt\/ligacoes-locais-gratuitas\/#primaryimage\"},\"datePublished\":\"2022-06-27T14:49:22+00:00\",\"dateModified\":\"2022-06-27T14:49:22+00:00\",\"breadcrumb\":{\"@id\":\"https:\/\/swallowdaily.com\/pt-pt\/ligacoes-locais-gratuitas\/#breadcrumb\"},\"inLanguage\":\"pt-PT\",\"potentialAction\":[{\"@type\":\"ReadAction\",\"target\":[\"https:\/\/swallowdaily.com\/pt-pt\/ligacoes-locais-gratuitas\/\"]}]},{\"@type\":\"BreadcrumbList\",\"@id\":\"https:\/\/swallowdaily.com\/pt-pt\/ligacoes-locais-gratuitas\/#breadcrumb\",\"itemListElement\":[{\"@type\":\"ListItem\",\"position\":1,\"name\":\"Casa\",\"item\":\"https:\/\/swallowdaily.com\/pt-pt\/\"},{\"@type\":\"ListItem\",\"position\":2,\"name\":\"Liga\u00e7\u00f5es locais gratuitas\"}]}]}<\/script>\n<!-- \/ Yoast SEO plugin. -->","yoast_head_json":{"title":"Liga\u00e7\u00f5es locais gratuitas Swallow Reviews - t\u00edtulo","robots":{"index":"index","follow":"follow","max-snippet":"max-snippet:-1","max-image-preview":"max-image-preview:large","max-video-preview":"max-video-preview:-1"},"canonical":"https:\/\/swallowdaily.com\/pt-pt\/ligacoes-locais-gratuitas\/","og_locale":"pt_PT","og_type":"article","og_title":"Liga\u00e7\u00f5es locais gratuitas Swallow Reviews - t\u00edtulo","og_description":"As aplica\u00e7\u00f5es de encontros est\u00e3o a tornar-se cada vez mais populares entre os solteiros que procuram o amor online. Estas","og_url":"https:\/\/swallowdaily.com\/pt-pt\/ligacoes-locais-gratuitas\/","og_site_name":"Swallow Reviews","og_image":[{"width":1600,"height":2400,"url":"https:\/\/swallowdaily.com\/wp-content\/uploads\/2022\/06\/adult-dating-websites.jpeg","type":"image\/jpeg"}],"twitter_card":"summary_large_image","twitter_misc":{"Tempo estimado de leitura":"2 minutos"},"schema":{"@context":"https:\/\/schema.org","@graph":[{"@type":"WebSite","@id":"http:\/\/swallowdaily.com\/de\/#website","url":"http:\/\/swallowdaily.com\/de\/","name":"Swallow Reviews","description":"Guia de liga\u00e7\u00e3o online","potentialAction":[{"@type":"SearchAction","target":{"@type":"EntryPoint","urlTemplate":"http:\/\/swallowdaily.com\/de\/?s={search_term_string}"},"query-input":"required name=search_term_string"}],"inLanguage":"pt-PT"},{"@type":"ImageObject","inLanguage":"pt-PT","@id":"https:\/\/swallowdaily.com\/pt-pt\/ligacoes-locais-gratuitas\/#primaryimage","url":"https:\/\/swallowdaily.com\/wp-content\/uploads\/2022\/06\/adult-dating-websites.jpeg","contentUrl":"https:\/\/swallowdaily.com\/wp-content\/uploads\/2022\/06\/adult-dating-websites.jpeg","width":1600,"height":2400},{"@type":"WebPage","@id":"https:\/\/swallowdaily.com\/pt-pt\/ligacoes-locais-gratuitas\/#webpage","url":"https:\/\/swallowdaily.com\/pt-pt\/ligacoes-locais-gratuitas\/","name":"Liga\u00e7\u00f5es locais gratuitas Swallow Reviews - t\u00edtulo","isPartOf":{"@id":"http:\/\/swallowdaily.com\/de\/#website"},"primaryImageOfPage":{"@id":"https:\/\/swallowdaily.com\/pt-pt\/ligacoes-locais-gratuitas\/#primaryimage"},"datePublished":"2022-06-27T14:49:22+00:00","dateModified":"2022-06-27T14:49:22+00:00","breadcrumb":{"@id":"https:\/\/swallowdaily.com\/pt-pt\/ligacoes-locais-gratuitas\/#breadcrumb"},"inLanguage":"pt-PT","potentialAction":[{"@type":"ReadAction","target":["https:\/\/swallowdaily.com\/pt-pt\/ligacoes-locais-gratuitas\/"]}]},{"@type":"BreadcrumbList","@id":"https:\/\/swallowdaily.com\/pt-pt\/ligacoes-locais-gratuitas\/#breadcrumb","itemListElement":[{"@type":"ListItem","position":1,"name":"Casa","item":"https:\/\/swallowdaily.com\/pt-pt\/"},{"@type":"ListItem","position":2,"name":"Liga\u00e7\u00f5es locais gratuitas"}]}]}},"_links":{"self":[{"href":"https:\/\/swallowdaily.com\/pt-pt\/wp-json\/wp\/v2\/pages\/181"}],"collection":[{"href":"https:\/\/swallowdaily.com\/pt-pt\/wp-json\/wp\/v2\/pages"}],"about":[{"href":"https:\/\/swallowdaily.com\/pt-pt\/wp-json\/wp\/v2\/types\/page"}],"author":[{"embeddable":true,"href":"https:\/\/swallowdaily.com\/pt-pt\/wp-json\/wp\/v2\/users\/1"}],"replies":[{"embeddable":true,"href":"https:\/\/swallowdaily.com\/pt-pt\/wp-json\/wp\/v2\/comments?post=181"}],"version-history":[{"count":0,"href":"https:\/\/swallowdaily.com\/pt-pt\/wp-json\/wp\/v2\/pages\/181\/revisions"}],"wp:featuredmedia":[{"embeddable":true,"href":"https:\/\/swallowdaily.com\/pt-pt\/wp-json\/wp\/v2\/media\/115"}],"wp:attachment":[{"href":"https:\/\/swallowdaily.com\/pt-pt\/wp-json\/wp\/v2\/media?parent=181"}],"curies":[{"name":"wp","href":"https:\/\/api.w.org\/{rel}","templated":true}]}}