{"id":184,"date":"2022-06-27T15:44:50","date_gmt":"2022-06-27T14:44:50","guid":{"rendered":"http:\/\/swallowdaily.com\/porque-usar-aplicacoes-de-datacao\/"},"modified":"2022-06-27T15:44:50","modified_gmt":"2022-06-27T14:44:50","slug":"porque-usar-aplicacoes-de-datacao","status":"publish","type":"page","link":"https:\/\/swallowdaily.com\/pt-pt\/porque-usar-aplicacoes-de-datacao\/","title":{"rendered":"Porqu\u00ea usar aplica\u00e7\u00f5es de data\u00e7\u00e3o"},"content":{"rendered":"<p>Existem muitas aplica\u00e7\u00f5es de encontros dispon\u00edveis hoje em dia, mas muitas delas n\u00e3o s\u00e3o muito \u00fateis. De facto, a maioria deles apenas proporciona uma plataforma para as pessoas se encontrarem umas com as outras sem as ajudar realmente a ligarem-se.<\/p>\n<p>\u00c9 aqui que entram em jogo <a href=\"http:\/\/swallowdaily.com\/best-ways-to-meet-for-sex\/\">os sites de encontros em linha<\/a>. Estas plataformas permitem \u00e0s pessoas criar perfis, carregar fotografias, e escrever biografias. Os utilizadores t\u00eam ent\u00e3o a oportunidade de interagir com outros que partilham interesses semelhantes. A melhor parte \u00e9 que estes s\u00edtios s\u00e3o livres de aderir, tornando-os f\u00e1ceis de experimentar.<\/p>\n<p>Os sites de encontros on-line s\u00e3o tamb\u00e9m um \u00f3ptimo local para conhecer algu\u00e9m especial. \u00c9 muito mais f\u00e1cil iniciar uma conversa com algu\u00e9m se ambos estiverem na mesma aplica\u00e7\u00e3o. Al\u00e9m disso, uma vez que todos t\u00eam acesso ao mesmo conjunto de potenciais jogos, nunca \u00e9 preciso preocupar-se em ser rejeitado.<\/p>\n<h2>As aplica\u00e7\u00f5es de namoro ajudam-no a encontrar sexo?<\/h2>\n<p>\u00c9 claro que tamb\u00e9m h\u00e1 inconvenientes nos <a href=\"http:\/\/swallowdaily.com\/best-ways-to-meet-for-sex\/\">encontros online<\/a>. Para come\u00e7ar, tem de se colocar l\u00e1 fora. As pessoas poder\u00e3o ver tudo, desde a sua foto de perfil at\u00e9 \u00e0 sua m\u00fasica favorita. Por isso, \u00e9 importante escolher sabiamente ao decidir que informa\u00e7\u00e3o incluir no seu perfil.<\/p>\n<p>Tamb\u00e9m \u00e9 poss\u00edvel que acabe por conhecer algu\u00e9m que n\u00e3o partilhe os seus valores. Embora isto possa parecer assustador, n\u00e3o \u00e9 realmente nada de preocupante. Os sites de encontros em linha s\u00e3o concebidos para combinar pessoas com base nos seus interesses comuns, por isso n\u00e3o deve esperar encontrar algu\u00e9m que partilhe as suas cren\u00e7as.<\/p>\n<p>Portanto, quer decida ou n\u00e3o utilizar um site de encontros online, lembre-se que \u00e9 sempre importante estar aberto a novas experi\u00eancias. E, se alguma vez se sentir desconfort\u00e1vel, pode sempre apagar a sua conta.<\/p>\n<p>H\u00e1 muitas aplica\u00e7\u00f5es de data\u00e7\u00e3o diferentes dispon\u00edveis hoje em dia, e cada uma tem as suas pr\u00f3prias caracter\u00edsticas \u00fanicas. Alguns concentram-se na compatibilidade enquanto outros permitem a liga\u00e7\u00e3o com pessoas com base na localiza\u00e7\u00e3o. H\u00e1 tamb\u00e9m aplica\u00e7\u00f5es que oferecem ambas as op\u00e7\u00f5es, permitindo-lhe escolher entre encontrar algu\u00e9m pr\u00f3ximo ou conhecer algu\u00e9m que vive longe.<\/p>\n<p>Uma coisa que a maioria das aplica\u00e7\u00f5es de data\u00e7\u00e3o t\u00eam em comum \u00e9 que requerem que se preencha um perfil. Isto permite a outros utilizadores saber mais sobre si e d\u00e1-lhe a oportunidade de partilhar detalhes sobre si mesmo. \u00c9 importante incluir informa\u00e7\u00e3o precisa no seu perfil, incluindo a sua idade, altura, peso, cor do cabelo, cor dos olhos, e interesses.<\/p>\n<h2>Melhores Websites para sexo r\u00e1pido<\/h2>\n<p>Depois de preencher o seu perfil, vai querer adicionar fotos de si mesmo. A melhor maneira de o fazer \u00e9 carregar fotografias do seu telefone ou computador. Certifique-se de seleccionar uma fotografia que mostre os seus melhores atributos e evite selar. Tente tamb\u00e9m evitar o carregamento de demasiadas fotos ao mesmo tempo. Em vez disso, escolha apenas alguns e edite-os at\u00e9 encontrar os perfeitos.<\/p>\n<p>Depois de ter carregado as suas fotografias, vai querer criar uma fotografia de capa. As fotos da capa s\u00e3o geralmente imagens grandes e quadradas que aparecem no topo do seu perfil. Estes s\u00e3o utilizados para o representar online e dar uma r\u00e1pida olhada na sua personalidade.<\/p>\n<p>A seguir, vai querer escrever uma breve biografia. \u00c9 aqui que se diz \u00e0s pessoas porque se est\u00e1 interessado em se ligarem a elas. Incluir quaisquer passatempos ou interesses que tenha e descrever-se a si pr\u00f3prio de uma forma positiva. Evite fazer afirma\u00e7\u00f5es negativas sobre si mesmo ou ser demasiado cr\u00edtico.<\/p>\n<p>Agora que escreveu uma grande biografia, vai querer preencher completamente o seu perfil. Acrescentar o m\u00e1ximo de detalhes poss\u00edvel. Seja honesto e aberto sobre si mesmo e sobre a sua vida. N\u00e3o se preocupe se ainda n\u00e3o sabe tudo sobre si mesmo; pode sempre actualizar o seu perfil mais tarde.<\/p>\n<p>O \u00faltimo passo \u00e9 adicionar alguns filtros \u00e0 sua aplica\u00e7\u00e3o. Os filtros permitem-lhe reduzir os seus resultados com base em crit\u00e9rios espec\u00edficos. Por exemplo, poder\u00e1 querer combinar apenas pessoas dentro de uma certa dist\u00e2ncia ou que partilhem interesses semelhantes.<\/p>\n<p>Uma vez completados estes passos, estar\u00e1 pronto para come\u00e7ar a procurar novas liga\u00e7\u00f5es. Boa sorte!<\/p>\n","protected":false},"excerpt":{"rendered":"<p>Existem muitas aplica\u00e7\u00f5es de encontros dispon\u00edveis hoje em dia, mas muitas delas n\u00e3o s\u00e3o muito \u00fateis. De facto, a maioria<\/p>\n","protected":false},"author":1,"featured_media":87,"parent":0,"menu_order":0,"comment_status":"closed","ping_status":"closed","template":"","meta":[],"yoast_head":"<!-- This site is optimized with the Yoast SEO plugin v19.1 - https:\/\/yoast.com\/wordpress\/plugins\/seo\/ -->\n<title>Porqu\u00ea usar aplica\u00e7\u00f5es de data\u00e7\u00e3o Swallow Reviews - t\u00edtulo<\/title>\n<meta name=\"robots\" content=\"index, follow, max-snippet:-1, max-image-preview:large, max-video-preview:-1\" \/>\n<link rel=\"canonical\" href=\"https:\/\/swallowdaily.com\/pt-pt\/porque-usar-aplicacoes-de-datacao\/\" \/>\n<meta property=\"og:locale\" content=\"pt_PT\" \/>\n<meta property=\"og:type\" content=\"article\" \/>\n<meta property=\"og:title\" content=\"Porqu\u00ea usar aplica\u00e7\u00f5es de data\u00e7\u00e3o Swallow Reviews - t\u00edtulo\" \/>\n<meta property=\"og:description\" content=\"Existem muitas aplica\u00e7\u00f5es de encontros dispon\u00edveis hoje em dia, mas muitas delas n\u00e3o s\u00e3o muito \u00fateis. De facto, a maioria\" \/>\n<meta property=\"og:url\" content=\"https:\/\/swallowdaily.com\/pt-pt\/porque-usar-aplicacoes-de-datacao\/\" \/>\n<meta property=\"og:site_name\" content=\"Swallow Reviews\" \/>\n<meta property=\"og:image\" content=\"https:\/\/swallowdaily.com\/wp-content\/uploads\/2022\/06\/love-dating-sites.jpeg\" \/>\n\t<meta property=\"og:image:width\" content=\"1125\" \/>\n\t<meta property=\"og:image:height\" content=\"750\" \/>\n\t<meta property=\"og:image:type\" content=\"image\/jpeg\" \/>\n<meta name=\"twitter:card\" content=\"summary_large_image\" \/>\n<meta name=\"twitter:label1\" content=\"Tempo estimado de leitura\" \/>\n\t<meta name=\"twitter:data1\" content=\"4 minutos\" \/>\n<script type=\"application\/ld+json\" class=\"yoast-schema-graph\">{\"@context\":\"https:\/\/schema.org\",\"@graph\":[{\"@type\":\"WebSite\",\"@id\":\"https:\/\/swallowdaily.com\/#website\",\"url\":\"https:\/\/swallowdaily.com\/\",\"name\":\"Swallow Reviews\",\"description\":\"Guia de liga\u00e7\u00e3o online\",\"potentialAction\":[{\"@type\":\"SearchAction\",\"target\":{\"@type\":\"EntryPoint\",\"urlTemplate\":\"https:\/\/swallowdaily.com\/?s={search_term_string}\"},\"query-input\":\"required name=search_term_string\"}],\"inLanguage\":\"pt-PT\"},{\"@type\":\"ImageObject\",\"inLanguage\":\"pt-PT\",\"@id\":\"https:\/\/swallowdaily.com\/pt-pt\/porque-usar-aplicacoes-de-datacao\/#primaryimage\",\"url\":\"https:\/\/swallowdaily.com\/wp-content\/uploads\/2022\/06\/love-dating-sites.jpeg\",\"contentUrl\":\"https:\/\/swallowdaily.com\/wp-content\/uploads\/2022\/06\/love-dating-sites.jpeg\",\"width\":1125,\"height\":750},{\"@type\":\"WebPage\",\"@id\":\"https:\/\/swallowdaily.com\/pt-pt\/porque-usar-aplicacoes-de-datacao\/#webpage\",\"url\":\"https:\/\/swallowdaily.com\/pt-pt\/porque-usar-aplicacoes-de-datacao\/\",\"name\":\"Porqu\u00ea usar aplica\u00e7\u00f5es de data\u00e7\u00e3o Swallow Reviews - t\u00edtulo\",\"isPartOf\":{\"@id\":\"https:\/\/swallowdaily.com\/#website\"},\"primaryImageOfPage\":{\"@id\":\"https:\/\/swallowdaily.com\/pt-pt\/porque-usar-aplicacoes-de-datacao\/#primaryimage\"},\"datePublished\":\"2022-06-27T14:44:50+00:00\",\"dateModified\":\"2022-06-27T14:44:50+00:00\",\"breadcrumb\":{\"@id\":\"https:\/\/swallowdaily.com\/pt-pt\/porque-usar-aplicacoes-de-datacao\/#breadcrumb\"},\"inLanguage\":\"pt-PT\",\"potentialAction\":[{\"@type\":\"ReadAction\",\"target\":[\"https:\/\/swallowdaily.com\/pt-pt\/porque-usar-aplicacoes-de-datacao\/\"]}]},{\"@type\":\"BreadcrumbList\",\"@id\":\"https:\/\/swallowdaily.com\/pt-pt\/porque-usar-aplicacoes-de-datacao\/#breadcrumb\",\"itemListElement\":[{\"@type\":\"ListItem\",\"position\":1,\"name\":\"Casa\",\"item\":\"http:\/\/swallowdaily.com\/pt-pt\/\"},{\"@type\":\"ListItem\",\"position\":2,\"name\":\"Porqu\u00ea usar aplica\u00e7\u00f5es de data\u00e7\u00e3o\"}]}]}<\/script>\n<!-- \/ Yoast SEO plugin. -->","yoast_head_json":{"title":"Porqu\u00ea usar aplica\u00e7\u00f5es de data\u00e7\u00e3o Swallow Reviews - t\u00edtulo","robots":{"index":"index","follow":"follow","max-snippet":"max-snippet:-1","max-image-preview":"max-image-preview:large","max-video-preview":"max-video-preview:-1"},"canonical":"https:\/\/swallowdaily.com\/pt-pt\/porque-usar-aplicacoes-de-datacao\/","og_locale":"pt_PT","og_type":"article","og_title":"Porqu\u00ea usar aplica\u00e7\u00f5es de data\u00e7\u00e3o Swallow Reviews - t\u00edtulo","og_description":"Existem muitas aplica\u00e7\u00f5es de encontros dispon\u00edveis hoje em dia, mas muitas delas n\u00e3o s\u00e3o muito \u00fateis. De facto, a maioria","og_url":"https:\/\/swallowdaily.com\/pt-pt\/porque-usar-aplicacoes-de-datacao\/","og_site_name":"Swallow Reviews","og_image":[{"width":1125,"height":750,"url":"https:\/\/swallowdaily.com\/wp-content\/uploads\/2022\/06\/love-dating-sites.jpeg","type":"image\/jpeg"}],"twitter_card":"summary_large_image","twitter_misc":{"Tempo estimado de leitura":"4 minutos"},"schema":{"@context":"https:\/\/schema.org","@graph":[{"@type":"WebSite","@id":"https:\/\/swallowdaily.com\/#website","url":"https:\/\/swallowdaily.com\/","name":"Swallow Reviews","description":"Guia de liga\u00e7\u00e3o online","potentialAction":[{"@type":"SearchAction","target":{"@type":"EntryPoint","urlTemplate":"https:\/\/swallowdaily.com\/?s={search_term_string}"},"query-input":"required name=search_term_string"}],"inLanguage":"pt-PT"},{"@type":"ImageObject","inLanguage":"pt-PT","@id":"https:\/\/swallowdaily.com\/pt-pt\/porque-usar-aplicacoes-de-datacao\/#primaryimage","url":"https:\/\/swallowdaily.com\/wp-content\/uploads\/2022\/06\/love-dating-sites.jpeg","contentUrl":"https:\/\/swallowdaily.com\/wp-content\/uploads\/2022\/06\/love-dating-sites.jpeg","width":1125,"height":750},{"@type":"WebPage","@id":"https:\/\/swallowdaily.com\/pt-pt\/porque-usar-aplicacoes-de-datacao\/#webpage","url":"https:\/\/swallowdaily.com\/pt-pt\/porque-usar-aplicacoes-de-datacao\/","name":"Porqu\u00ea usar aplica\u00e7\u00f5es de data\u00e7\u00e3o Swallow Reviews - t\u00edtulo","isPartOf":{"@id":"https:\/\/swallowdaily.com\/#website"},"primaryImageOfPage":{"@id":"https:\/\/swallowdaily.com\/pt-pt\/porque-usar-aplicacoes-de-datacao\/#primaryimage"},"datePublished":"2022-06-27T14:44:50+00:00","dateModified":"2022-06-27T14:44:50+00:00","breadcrumb":{"@id":"https:\/\/swallowdaily.com\/pt-pt\/porque-usar-aplicacoes-de-datacao\/#breadcrumb"},"inLanguage":"pt-PT","potentialAction":[{"@type":"ReadAction","target":["https:\/\/swallowdaily.com\/pt-pt\/porque-usar-aplicacoes-de-datacao\/"]}]},{"@type":"BreadcrumbList","@id":"https:\/\/swallowdaily.com\/pt-pt\/porque-usar-aplicacoes-de-datacao\/#breadcrumb","itemListElement":[{"@type":"ListItem","position":1,"name":"Casa","item":"http:\/\/swallowdaily.com\/pt-pt\/"},{"@type":"ListItem","position":2,"name":"Porqu\u00ea usar aplica\u00e7\u00f5es de data\u00e7\u00e3o"}]}]}},"_links":{"self":[{"href":"https:\/\/swallowdaily.com\/pt-pt\/wp-json\/wp\/v2\/pages\/184"}],"collection":[{"href":"https:\/\/swallowdaily.com\/pt-pt\/wp-json\/wp\/v2\/pages"}],"about":[{"href":"https:\/\/swallowdaily.com\/pt-pt\/wp-json\/wp\/v2\/types\/page"}],"author":[{"embeddable":true,"href":"https:\/\/swallowdaily.com\/pt-pt\/wp-json\/wp\/v2\/users\/1"}],"replies":[{"embeddable":true,"href":"https:\/\/swallowdaily.com\/pt-pt\/wp-json\/wp\/v2\/comments?post=184"}],"version-history":[{"count":0,"href":"https:\/\/swallowdaily.com\/pt-pt\/wp-json\/wp\/v2\/pages\/184\/revisions"}],"wp:featuredmedia":[{"embeddable":true,"href":"https:\/\/swallowdaily.com\/pt-pt\/wp-json\/wp\/v2\/media\/87"}],"wp:attachment":[{"href":"https:\/\/swallowdaily.com\/pt-pt\/wp-json\/wp\/v2\/media?parent=184"}],"curies":[{"name":"wp","href":"https:\/\/api.w.org\/{rel}","templated":true}]}}