{"id":196,"date":"2022-06-27T15:17:40","date_gmt":"2022-06-27T14:17:40","guid":{"rendered":"http:\/\/swallowdaily.com\/que-tipos-de-sitios-de-ligacao-podem-aderir\/"},"modified":"2022-07-05T13:12:09","modified_gmt":"2022-07-05T12:12:09","slug":"que-tipos-de-sitios-de-ligacao-podem-aderir","status":"publish","type":"page","link":"https:\/\/swallowdaily.com\/pt-pt\/","title":{"rendered":"Que tipos de s\u00edtios de liga\u00e7\u00e3o podem aderir?"},"content":{"rendered":"<div id=\"text-body\">\n<p><img loading=\"lazy\" class=\"aligncenter size-large wp-image-33\" src=\"http:\/\/swallowdaily.com\/wp-content\/uploads\/2022\/06\/find-sex-near-you-1024x678.jpeg\" alt=\"\" width=\"640\" height=\"424\" srcset=\"https:\/\/swallowdaily.com\/wp-content\/uploads\/2022\/06\/find-sex-near-you-1024x678.jpeg 1024w, https:\/\/swallowdaily.com\/wp-content\/uploads\/2022\/06\/find-sex-near-you-300x199.jpeg 300w, https:\/\/swallowdaily.com\/wp-content\/uploads\/2022\/06\/find-sex-near-you-768x509.jpeg 768w, https:\/\/swallowdaily.com\/wp-content\/uploads\/2022\/06\/find-sex-near-you-1536x1017.jpeg 1536w, https:\/\/swallowdaily.com\/wp-content\/uploads\/2022\/06\/find-sex-near-you-2048x1356.jpeg 2048w\" sizes=\"(max-width: 640px) 100vw, 640px\" \/><\/p>\n<p>H\u00e1 muitas formas diferentes de conhecer algu\u00e9m online nos dias de hoje. Algumas pessoas preferem utilizar aplica\u00e7\u00f5es de encontros enquanto outras recorrem a sites de encontros gratuitos. Ambas as op\u00e7\u00f5es t\u00eam os seus pr\u00f3s e contras, mas se estiver \u00e0 procura de uma rela\u00e7\u00e3o casual, ent\u00e3o qualquer uma das op\u00e7\u00f5es pode funcionar para si.<\/p>\n<p>As aplica\u00e7\u00f5es de encontros s\u00e3o \u00f3ptimas para conhecer pessoas que partilham interesses semelhantes, mas nem sempre s\u00e3o a melhor escolha para encontrar um engate. Enquanto a maioria das aplica\u00e7\u00f5es de encontros exige que os utilizadores paguem uma taxa para ter acesso a membros, os sites de encontros gratuitos oferecem um conjunto muito maior de potenciais encontros.<\/p>\n<h3>Os sites e aplica\u00e7\u00f5es de engate s\u00e3o seguros?<\/h3>\n<p>Embora os s\u00edtios de engate livre sejam convenientes, tamb\u00e9m podem ser frustrantes. \u00c9 dif\u00edcil tirar as ervas daninhas de centenas de perfis <a href=\"http:\/\/www.encontros-para-sexo.com\">Encontros-Para-Sexo.com<\/a> a pessoa que se procura. A boa not\u00edcia \u00e9 que se pode poupar muito tempo, seguindo algumas regras simples. Por exemplo, deve evitar enviar mensagens a estranhos, especialmente \u00e0queles que parecem demasiado interessados em si.<\/p>\n<p>\u00c9 tamb\u00e9m uma boa ideia enviar uma mensagem apenas a pessoas que pare\u00e7am genuinamente interessadas em conhec\u00ea-lo. N\u00e3o envie mensagens a pessoas que pare\u00e7am desesperadas ou que lhe fa\u00e7am perguntas \u00e0s quais normalmente n\u00e3o responderia. Finalmente, tente manter-se activo no site. A publica\u00e7\u00e3o de novas fotografias e a resposta a mensagens de outros utilizadores dar-lhe-\u00e3o mais oportunidades de se ligar \u00e0s pessoas.<\/p>\n<p>Uma vez encontrado algu\u00e9m que lhe pare\u00e7a um bom ajuste, pode arranjar para se encontrar com ele na vida real. Isto \u00e9 normalmente feito atrav\u00e9s de mensagens de texto ou chamadas telef\u00f3nicas. Tenha cuidado ao organizar reuni\u00f5es porque nunca se sabe quem pode estar a assistir.<\/p>\n<h3>Tenho de pagar para usar um site de engate?<\/h3>\n<p>Os sites de encontros est\u00e3o a tornar-se cada vez mais populares <a href=\"http:\/\/www.encontros-para-sexo.com\/site-de-relacionamento-gratuito-e-confiavel-online\/\">sexo online site<\/a> que querem conhecer outras pessoas em linha. H\u00e1 muitos tipos diferentes de sites de encontros gratuitos dispon\u00edveis, incluindo os que permitem aos membros navegar nos perfis e enviar mensagens a outros. Alguns s\u00edtios oferecem caracter\u00edsticas adicionais, tais como salas de chat onde os membros podem interagir uns com os outros.<\/p>\n<p>H\u00e1 v\u00e1rios benef\u00edcios em inscrever-se num site. Em primeiro lugar, pode aceder facilmente a um grande conjunto de potenciais parceiros sem ter de pagar nada adiantado. Em segundo lugar, estes s\u00edtios proporcionam um ambiente seguro onde se pode conectar com pessoas de todo o mundo. Finalmente, n\u00e3o pode utilizar os sites de encontros inscritos para conhecer pessoas que partilham interesses semelhantes.<\/p>\n<h2>S\u00edtios de engate gr\u00e1tis<\/h2>\n<p>Os s\u00edtios de engate gratuito s\u00e3o tamb\u00e9m um \u00f3ptimo local para encontrar parceiros sexuais que est\u00e3o abertos a encontros casuais. H\u00e1 muitas mulheres e homens que est\u00e3o dispostos a envolver-se em actividades <a href=\"http:\/\/www.sites-de-sexo.com\/apps-de-encontros-casuais\/\">sites de sexo casual<\/a> sem terem um compromisso a longo prazo. No entanto, n\u00e3o deve esperar encontrar ningu\u00e9m que se ajuste aos seus crit\u00e9rios espec\u00edficos. Em vez disso, provavelmente acabar\u00e1 por passar horas a percorrer os perfis at\u00e9 encontrar algu\u00e9m que pare\u00e7a promissor.<\/p>\n<h2>S\u00edtios de engate: Funciona Realmente?<\/h2>\n<p>Embora os sites de engate sejam convenientes, tamb\u00e9m podem ser arriscados. Por exemplo, se se inscrever num site e depois decidir que n\u00e3o quer continuar a utiliz\u00e1-lo, poder\u00e1 perder todas as suas informa\u00e7\u00f5es pessoais. Al\u00e9m disso, uma vez que a maioria destes s\u00edtios s\u00e3o completamente gratuitos, pode acabar por gastar dinheiro apenas para os experimentar.<\/p>\n<p>Para al\u00e9m de poderem visualizar perfis e enviar mensagens, algumas aplica\u00e7\u00f5es de encontros permitem aos membros criar os seus pr\u00f3prios perfis. Estes perfis incluem fotografias, v\u00eddeos, e descri\u00e7\u00f5es detalhadas de si mesmos. Embora a cria\u00e7\u00e3o de um perfil seja opcional, pode ser uma \u00f3ptima forma de atrair novos amigos.<\/p>\n<h2>  S\u00e3o necess\u00e1rias aplica\u00e7\u00f5es de data\u00e7\u00e3o?<\/h2>\n<p>As aplica\u00e7\u00f5es de data\u00e7\u00e3o s\u00e3o uma \u00f3ptima forma de conhecer novas pessoas. H\u00e1 muitas aplica\u00e7\u00f5es de data\u00e7\u00e3o diferentes dispon\u00edveis hoje em dia, e cada uma tem as suas pr\u00f3prias caracter\u00edsticas \u00fanicas. Alguns permitem-lhe navegar por perfis com base na localiza\u00e7\u00e3o, enquanto outros permitem-lhe filtrar potenciais correspond\u00eancias com base na idade, sexo, interesses, etc.<\/p>\n<p>H\u00e1 tamb\u00e9m muitos aplicativos de encontros gratuitos que oferecem funcionalidade limitada, mas se estiver \u00e0 procura de algo mais robusto, pode considerar pagar por uma ades\u00e3o premium. Os membros Premium incluem normalmente caracter\u00edsticas adicionais, tais como o envio ilimitado de mensagens e o acesso a eventos exclusivos.<\/p>\n<p>Independentemente de decidir ou n\u00e3o pagar por uma ades\u00e3o premium, \u00e9 sempre uma boa ideia descarregar a aplica\u00e7\u00e3o e experiment\u00e1-la antes de se inscrever. Isto d\u00e1-lhe uma oportunidade de descobrir que tipo de experi\u00eancia prefere e ajuda-o a evitar desperdi\u00e7ar dinheiro numa subscri\u00e7\u00e3o que n\u00e3o funciona para si.<\/p>\n<\/div>\n","protected":false},"excerpt":{"rendered":"<p>H\u00e1 muitas formas diferentes de conhecer algu\u00e9m online nos dias de hoje. Algumas pessoas preferem utilizar aplica\u00e7\u00f5es de encontros enquanto<\/p>\n","protected":false},"author":1,"featured_media":0,"parent":0,"menu_order":0,"comment_status":"closed","ping_status":"closed","template":"","meta":[],"yoast_head":"<!-- This site is optimized with the Yoast SEO plugin v19.1 - https:\/\/yoast.com\/wordpress\/plugins\/seo\/ -->\n<title>Que tipos de s\u00edtios de liga\u00e7\u00e3o podem aderir? Swallow Reviews - t\u00edtulo<\/title>\n<meta name=\"robots\" content=\"index, follow, max-snippet:-1, max-image-preview:large, max-video-preview:-1\" \/>\n<link rel=\"canonical\" href=\"https:\/\/swallowdaily.com\/pt-pt\/\" \/>\n<meta property=\"og:locale\" content=\"pt_PT\" \/>\n<meta property=\"og:type\" content=\"article\" \/>\n<meta property=\"og:title\" content=\"Que tipos de s\u00edtios de liga\u00e7\u00e3o podem aderir? Swallow Reviews - t\u00edtulo\" \/>\n<meta property=\"og:description\" content=\"H\u00e1 muitas formas diferentes de conhecer algu\u00e9m online nos dias de hoje. Algumas pessoas preferem utilizar aplica\u00e7\u00f5es de encontros enquanto\" \/>\n<meta property=\"og:url\" content=\"https:\/\/swallowdaily.com\/pt-pt\/\" \/>\n<meta property=\"og:site_name\" content=\"Swallow Reviews\" \/>\n<meta property=\"article:modified_time\" content=\"2022-07-05T12:12:09+00:00\" \/>\n<meta property=\"og:image\" content=\"http:\/\/swallowdaily.com\/wp-content\/uploads\/2022\/06\/find-sex-near-you-1024x678.jpeg\" \/>\n<meta name=\"twitter:card\" content=\"summary_large_image\" \/>\n<meta name=\"twitter:label1\" content=\"Tempo estimado de leitura\" \/>\n\t<meta name=\"twitter:data1\" content=\"4 minutos\" \/>\n<script type=\"application\/ld+json\" class=\"yoast-schema-graph\">{\"@context\":\"https:\/\/schema.org\",\"@graph\":[{\"@type\":\"WebSite\",\"@id\":\"https:\/\/swallowdaily.com\/#website\",\"url\":\"https:\/\/swallowdaily.com\/\",\"name\":\"Swallow Reviews\",\"description\":\"Guia de liga\u00e7\u00e3o online\",\"potentialAction\":[{\"@type\":\"SearchAction\",\"target\":{\"@type\":\"EntryPoint\",\"urlTemplate\":\"https:\/\/swallowdaily.com\/?s={search_term_string}\"},\"query-input\":\"required name=search_term_string\"}],\"inLanguage\":\"pt-PT\"},{\"@type\":\"ImageObject\",\"inLanguage\":\"pt-PT\",\"@id\":\"https:\/\/swallowdaily.com\/pt-pt\/#primaryimage\",\"url\":\"https:\/\/swallowdaily.com\/wp-content\/uploads\/2022\/06\/find-sex-near-you.jpeg\",\"contentUrl\":\"https:\/\/swallowdaily.com\/wp-content\/uploads\/2022\/06\/find-sex-near-you.jpeg\",\"width\":2265,\"height\":1500},{\"@type\":\"WebPage\",\"@id\":\"https:\/\/swallowdaily.com\/pt-pt\/#webpage\",\"url\":\"https:\/\/swallowdaily.com\/pt-pt\/\",\"name\":\"Que tipos de s\u00edtios de liga\u00e7\u00e3o podem aderir? Swallow Reviews - t\u00edtulo\",\"isPartOf\":{\"@id\":\"https:\/\/swallowdaily.com\/#website\"},\"primaryImageOfPage\":{\"@id\":\"https:\/\/swallowdaily.com\/pt-pt\/#primaryimage\"},\"datePublished\":\"2022-06-27T14:17:40+00:00\",\"dateModified\":\"2022-07-05T12:12:09+00:00\",\"breadcrumb\":{\"@id\":\"https:\/\/swallowdaily.com\/pt-pt\/#breadcrumb\"},\"inLanguage\":\"pt-PT\",\"potentialAction\":[{\"@type\":\"ReadAction\",\"target\":[\"https:\/\/swallowdaily.com\/pt-pt\/\"]}]},{\"@type\":\"BreadcrumbList\",\"@id\":\"https:\/\/swallowdaily.com\/pt-pt\/#breadcrumb\",\"itemListElement\":[{\"@type\":\"ListItem\",\"position\":1,\"name\":\"Casa\",\"item\":\"https:\/\/swallowdaily.com\/pt-pt\/\"},{\"@type\":\"ListItem\",\"position\":2,\"name\":\"Que tipos de s\u00edtios de liga\u00e7\u00e3o podem aderir?\"}]}]}<\/script>\n<!-- \/ Yoast SEO plugin. -->","yoast_head_json":{"title":"Que tipos de s\u00edtios de liga\u00e7\u00e3o podem aderir? Swallow Reviews - t\u00edtulo","robots":{"index":"index","follow":"follow","max-snippet":"max-snippet:-1","max-image-preview":"max-image-preview:large","max-video-preview":"max-video-preview:-1"},"canonical":"https:\/\/swallowdaily.com\/pt-pt\/","og_locale":"pt_PT","og_type":"article","og_title":"Que tipos de s\u00edtios de liga\u00e7\u00e3o podem aderir? Swallow Reviews - t\u00edtulo","og_description":"H\u00e1 muitas formas diferentes de conhecer algu\u00e9m online nos dias de hoje. Algumas pessoas preferem utilizar aplica\u00e7\u00f5es de encontros enquanto","og_url":"https:\/\/swallowdaily.com\/pt-pt\/","og_site_name":"Swallow Reviews","article_modified_time":"2022-07-05T12:12:09+00:00","og_image":[{"url":"http:\/\/swallowdaily.com\/wp-content\/uploads\/2022\/06\/find-sex-near-you-1024x678.jpeg"}],"twitter_card":"summary_large_image","twitter_misc":{"Tempo estimado de leitura":"4 minutos"},"schema":{"@context":"https:\/\/schema.org","@graph":[{"@type":"WebSite","@id":"https:\/\/swallowdaily.com\/#website","url":"https:\/\/swallowdaily.com\/","name":"Swallow Reviews","description":"Guia de liga\u00e7\u00e3o online","potentialAction":[{"@type":"SearchAction","target":{"@type":"EntryPoint","urlTemplate":"https:\/\/swallowdaily.com\/?s={search_term_string}"},"query-input":"required name=search_term_string"}],"inLanguage":"pt-PT"},{"@type":"ImageObject","inLanguage":"pt-PT","@id":"https:\/\/swallowdaily.com\/pt-pt\/#primaryimage","url":"https:\/\/swallowdaily.com\/wp-content\/uploads\/2022\/06\/find-sex-near-you.jpeg","contentUrl":"https:\/\/swallowdaily.com\/wp-content\/uploads\/2022\/06\/find-sex-near-you.jpeg","width":2265,"height":1500},{"@type":"WebPage","@id":"https:\/\/swallowdaily.com\/pt-pt\/#webpage","url":"https:\/\/swallowdaily.com\/pt-pt\/","name":"Que tipos de s\u00edtios de liga\u00e7\u00e3o podem aderir? Swallow Reviews - t\u00edtulo","isPartOf":{"@id":"https:\/\/swallowdaily.com\/#website"},"primaryImageOfPage":{"@id":"https:\/\/swallowdaily.com\/pt-pt\/#primaryimage"},"datePublished":"2022-06-27T14:17:40+00:00","dateModified":"2022-07-05T12:12:09+00:00","breadcrumb":{"@id":"https:\/\/swallowdaily.com\/pt-pt\/#breadcrumb"},"inLanguage":"pt-PT","potentialAction":[{"@type":"ReadAction","target":["https:\/\/swallowdaily.com\/pt-pt\/"]}]},{"@type":"BreadcrumbList","@id":"https:\/\/swallowdaily.com\/pt-pt\/#breadcrumb","itemListElement":[{"@type":"ListItem","position":1,"name":"Casa","item":"https:\/\/swallowdaily.com\/pt-pt\/"},{"@type":"ListItem","position":2,"name":"Que tipos de s\u00edtios de liga\u00e7\u00e3o podem aderir?"}]}]}},"_links":{"self":[{"href":"https:\/\/swallowdaily.com\/pt-pt\/wp-json\/wp\/v2\/pages\/196"}],"collection":[{"href":"https:\/\/swallowdaily.com\/pt-pt\/wp-json\/wp\/v2\/pages"}],"about":[{"href":"https:\/\/swallowdaily.com\/pt-pt\/wp-json\/wp\/v2\/types\/page"}],"author":[{"embeddable":true,"href":"https:\/\/swallowdaily.com\/pt-pt\/wp-json\/wp\/v2\/users\/1"}],"replies":[{"embeddable":true,"href":"https:\/\/swallowdaily.com\/pt-pt\/wp-json\/wp\/v2\/comments?post=196"}],"version-history":[{"count":2,"href":"https:\/\/swallowdaily.com\/pt-pt\/wp-json\/wp\/v2\/pages\/196\/revisions"}],"predecessor-version":[{"id":295,"href":"https:\/\/swallowdaily.com\/pt-pt\/wp-json\/wp\/v2\/pages\/196\/revisions\/295"}],"wp:attachment":[{"href":"https:\/\/swallowdaily.com\/pt-pt\/wp-json\/wp\/v2\/media?parent=196"}],"curies":[{"name":"wp","href":"https:\/\/api.w.org\/{rel}","templated":true}]}}