{"id":146,"date":"2022-06-27T15:51:39","date_gmt":"2022-06-27T14:51:39","guid":{"rendered":"http:\/\/swallowdaily.com\/gratis-sex-hookup-apps\/"},"modified":"2022-06-27T15:51:39","modified_gmt":"2022-06-27T14:51:39","slug":"gratis-sex-hookup-apps","status":"publish","type":"page","link":"https:\/\/swallowdaily.com\/sv\/gratis-sex-hookup-apps\/","title":{"rendered":"Gratis Sex Hookup Apps"},"content":{"rendered":"<p>Det finns m\u00e5nga olika dejtingsajter idag, och alla har sina egna unika funktioner. Vissa fokuserar p\u00e5 kompatibilitet medan andra \u00e4r inriktade p\u00e5 specifika intressen. De b\u00e4sta dejtingsajterna erbjuder b\u00e5da alternativen, s\u00e5 att anv\u00e4ndarna kan v\u00e4lja mellan olika alternativ utifr\u00e5n sina preferenser.<\/p>\n<p>En av de mest popul\u00e4ra typerna av dejtingsajter \u00e4r den app-baserade dejtingplattformen. Dessa plattformar g\u00f6r det m\u00f6jligt f\u00f6r anv\u00e4ndare att ansluta till andra medlemmar via en smartphoneapp. Anv\u00e4ndarna kan bl\u00e4ddra bland profiler, skicka meddelanden och chatta med potentiella matchningar utan att beh\u00f6va l\u00e4mna sina hem.<\/p>\n<p>N\u00e5gra av dessa appar \u00e4r Tinder, Bumble, OkCupid, PlentyOfFish, Match och Zoosk. Alla erbjuder en n\u00e5got annorlunda upplevelse, men de har alla liknande funktioner. De till\u00e5ter till exempel alla anv\u00e4ndare att skapa en profil, ladda upp foton och se andra medlemmars profiler.<\/p>\n<h2>Funktioner av sex dejtingsajter<\/h2>\n<p>F\u00f6rutom att de erbjuder ett stort antal funktioner ger dessa appar ocks\u00e5 ytterligare f\u00f6rdelar. I vissa appar kan anv\u00e4ndarna till exempel skicka meddelanden till andra medlemmar direkt fr\u00e5n sj\u00e4lva appen. Detta g\u00f6r att du inte beh\u00f6ver \u00f6ppna ett nytt f\u00f6nster eller en ny flik, vilket sparar tid och energi.<\/p>\n<p>Dessa appar g\u00f6r det ocks\u00e5 m\u00f6jligt f\u00f6r anv\u00e4ndarna att fastst\u00e4lla vissa regler f\u00f6r vem de interagerar med. Vissa appar begr\u00e4nsar till exempel meddelanden till medlemmar som befinner sig inom ett visst avst\u00e5nd fr\u00e5n anv\u00e4ndaren. Andra kr\u00e4ver att anv\u00e4ndarna godk\u00e4nner alla meddelanden innan de publiceras.<\/p>\n<p>\u00c4ven om dessa appar kan tyckas vara ett bra alternativ f\u00f6r dem som s\u00f6ker en mer avslappnad relation kan de ocks\u00e5 anv\u00e4ndas f\u00f6r att tr\u00e4ffa n\u00e5gon speciell. M\u00e5nga av dessa appar har miljontals aktiva anv\u00e4ndare, vilket g\u00f6r dem till ett bra st\u00e4lle att b\u00f6rja om du precis har b\u00f6rjat utforska n\u00e4tdejting.<\/p>\n<p>Det finns ocks\u00e5 allm\u00e4nna fria sexsidor d\u00e4r medlemmarna kan bl\u00e4ddra bland profiler och tr\u00e4ffa andra baserat p\u00e5 plats, \u00e5lder, k\u00f6n, sexuell l\u00e4ggning, etnicitet med mera. Dessa webbplatser \u00e4r vanligtvis mycket l\u00e4tta att navigera och erbjuder en m\u00e4ngd olika funktioner.<\/p>\n<p>N\u00e4r du har hittat n\u00e5gra potentiella matchningar kan du skicka meddelanden till intresserade parter direkt fr\u00e5n katalogen. Det \u00e4r ett bra s\u00e4tt att spara tid och energi och samtidigt tr\u00e4ffa n\u00e5gon ny.<\/p>\n<h3>Typer av datingappar att anv\u00e4nda<\/h3>\n<p>Dejtingsidor \u00e4r ett utm\u00e4rkt st\u00e4lle att tr\u00e4ffa n\u00e5gon speciell. Oavsett om du s\u00f6ker k\u00e4rlek eller bara en tillf\u00e4llig fl\u00f6rt erbjuder dessa webbplatser m\u00e5nga m\u00f6jligheter att tr\u00e4ffa andra som delar liknande intressen.<\/p>\n<p>Det finns m\u00e5nga olika typer av dejtingsajter idag, inklusive nischade dejtingsajter, allm\u00e4nna dejtingsajter och till och med appar. Vissa av dessa webbplatser \u00e4r gratis, medan andra tar ut en m\u00e5nadsavgift. Oavsett om du v\u00e4ljer ett betalat eller gratis alternativ \u00e4r det alltid b\u00e4st att registrera dig f\u00f6r en v\u00e4lrenommerad tj\u00e4nst.<\/p>\n","protected":false},"excerpt":{"rendered":"<p>Det finns m\u00e5nga olika dejtingsajter idag, och alla har sina egna unika funktioner. Vissa fokuserar p\u00e5 kompatibilitet medan andra \u00e4r<\/p>\n","protected":false},"author":1,"featured_media":110,"parent":0,"menu_order":0,"comment_status":"closed","ping_status":"closed","template":"","meta":[],"yoast_head":"<!-- This site is optimized with the Yoast SEO plugin v19.1 - https:\/\/yoast.com\/wordpress\/plugins\/seo\/ -->\n<title>Gratis Sex Hookup Apps - Swallow Reviews<\/title>\n<meta name=\"robots\" content=\"index, follow, max-snippet:-1, max-image-preview:large, max-video-preview:-1\" \/>\n<link rel=\"canonical\" href=\"https:\/\/swallowdaily.com\/sv\/gratis-sex-hookup-apps\/\" \/>\n<meta property=\"og:locale\" content=\"sv_SE\" \/>\n<meta property=\"og:type\" content=\"article\" \/>\n<meta property=\"og:title\" content=\"Gratis Sex Hookup Apps - Swallow Reviews\" \/>\n<meta property=\"og:description\" content=\"Det finns m\u00e5nga olika dejtingsajter idag, och alla har sina egna unika funktioner. Vissa fokuserar p\u00e5 kompatibilitet medan andra \u00e4r\" \/>\n<meta property=\"og:url\" content=\"https:\/\/swallowdaily.com\/sv\/gratis-sex-hookup-apps\/\" \/>\n<meta property=\"og:site_name\" content=\"Swallow Reviews\" \/>\n<meta name=\"twitter:card\" content=\"summary_large_image\" \/>\n<meta name=\"twitter:image\" content=\"https:\/\/swallowdaily.com\/wp-content\/uploads\/2022\/06\/free-sex-dating-apps.webp\" \/>\n<meta name=\"twitter:label1\" content=\"Ber\u00e4knad l\u00e4stid\" \/>\n\t<meta name=\"twitter:data1\" content=\"3 minuter\" \/>\n<script type=\"application\/ld+json\" class=\"yoast-schema-graph\">{\"@context\":\"https:\/\/schema.org\",\"@graph\":[{\"@type\":\"WebSite\",\"@id\":\"https:\/\/swallowdaily.com\/#website\",\"url\":\"https:\/\/swallowdaily.com\/\",\"name\":\"Swallow Reviews\",\"description\":\"Guide f\u00f6r uppkoppling p\u00e5 n\u00e4tet\",\"potentialAction\":[{\"@type\":\"SearchAction\",\"target\":{\"@type\":\"EntryPoint\",\"urlTemplate\":\"https:\/\/swallowdaily.com\/?s={search_term_string}\"},\"query-input\":\"required name=search_term_string\"}],\"inLanguage\":\"sv-SE\"},{\"@type\":\"ImageObject\",\"inLanguage\":\"sv-SE\",\"@id\":\"https:\/\/swallowdaily.com\/sv\/gratis-sex-hookup-apps\/#primaryimage\",\"url\":\"https:\/\/swallowdaily.com\/wp-content\/uploads\/2022\/06\/free-sex-dating-apps.webp\",\"contentUrl\":\"https:\/\/swallowdaily.com\/wp-content\/uploads\/2022\/06\/free-sex-dating-apps.webp\",\"width\":1600,\"height\":1067},{\"@type\":\"WebPage\",\"@id\":\"https:\/\/swallowdaily.com\/sv\/gratis-sex-hookup-apps\/#webpage\",\"url\":\"https:\/\/swallowdaily.com\/sv\/gratis-sex-hookup-apps\/\",\"name\":\"Gratis Sex Hookup Apps - Swallow Reviews\",\"isPartOf\":{\"@id\":\"https:\/\/swallowdaily.com\/#website\"},\"primaryImageOfPage\":{\"@id\":\"https:\/\/swallowdaily.com\/sv\/gratis-sex-hookup-apps\/#primaryimage\"},\"datePublished\":\"2022-06-27T14:51:39+00:00\",\"dateModified\":\"2022-06-27T14:51:39+00:00\",\"breadcrumb\":{\"@id\":\"https:\/\/swallowdaily.com\/sv\/gratis-sex-hookup-apps\/#breadcrumb\"},\"inLanguage\":\"sv-SE\",\"potentialAction\":[{\"@type\":\"ReadAction\",\"target\":[\"https:\/\/swallowdaily.com\/sv\/gratis-sex-hookup-apps\/\"]}]},{\"@type\":\"BreadcrumbList\",\"@id\":\"https:\/\/swallowdaily.com\/sv\/gratis-sex-hookup-apps\/#breadcrumb\",\"itemListElement\":[{\"@type\":\"ListItem\",\"position\":1,\"name\":\"Hem\",\"item\":\"https:\/\/swallowdaily.com\/sv\/\"},{\"@type\":\"ListItem\",\"position\":2,\"name\":\"Gratis Sex Hookup Apps\"}]}]}<\/script>\n<!-- \/ Yoast SEO plugin. -->","yoast_head_json":{"title":"Gratis Sex Hookup Apps - Swallow Reviews","robots":{"index":"index","follow":"follow","max-snippet":"max-snippet:-1","max-image-preview":"max-image-preview:large","max-video-preview":"max-video-preview:-1"},"canonical":"https:\/\/swallowdaily.com\/sv\/gratis-sex-hookup-apps\/","og_locale":"sv_SE","og_type":"article","og_title":"Gratis Sex Hookup Apps - Swallow Reviews","og_description":"Det finns m\u00e5nga olika dejtingsajter idag, och alla har sina egna unika funktioner. Vissa fokuserar p\u00e5 kompatibilitet medan andra \u00e4r","og_url":"https:\/\/swallowdaily.com\/sv\/gratis-sex-hookup-apps\/","og_site_name":"Swallow Reviews","twitter_card":"summary_large_image","twitter_image":"https:\/\/swallowdaily.com\/wp-content\/uploads\/2022\/06\/free-sex-dating-apps.webp","twitter_misc":{"Ber\u00e4knad l\u00e4stid":"3 minuter"},"schema":{"@context":"https:\/\/schema.org","@graph":[{"@type":"WebSite","@id":"https:\/\/swallowdaily.com\/#website","url":"https:\/\/swallowdaily.com\/","name":"Swallow Reviews","description":"Guide f\u00f6r uppkoppling p\u00e5 n\u00e4tet","potentialAction":[{"@type":"SearchAction","target":{"@type":"EntryPoint","urlTemplate":"https:\/\/swallowdaily.com\/?s={search_term_string}"},"query-input":"required name=search_term_string"}],"inLanguage":"sv-SE"},{"@type":"ImageObject","inLanguage":"sv-SE","@id":"https:\/\/swallowdaily.com\/sv\/gratis-sex-hookup-apps\/#primaryimage","url":"https:\/\/swallowdaily.com\/wp-content\/uploads\/2022\/06\/free-sex-dating-apps.webp","contentUrl":"https:\/\/swallowdaily.com\/wp-content\/uploads\/2022\/06\/free-sex-dating-apps.webp","width":1600,"height":1067},{"@type":"WebPage","@id":"https:\/\/swallowdaily.com\/sv\/gratis-sex-hookup-apps\/#webpage","url":"https:\/\/swallowdaily.com\/sv\/gratis-sex-hookup-apps\/","name":"Gratis Sex Hookup Apps - Swallow Reviews","isPartOf":{"@id":"https:\/\/swallowdaily.com\/#website"},"primaryImageOfPage":{"@id":"https:\/\/swallowdaily.com\/sv\/gratis-sex-hookup-apps\/#primaryimage"},"datePublished":"2022-06-27T14:51:39+00:00","dateModified":"2022-06-27T14:51:39+00:00","breadcrumb":{"@id":"https:\/\/swallowdaily.com\/sv\/gratis-sex-hookup-apps\/#breadcrumb"},"inLanguage":"sv-SE","potentialAction":[{"@type":"ReadAction","target":["https:\/\/swallowdaily.com\/sv\/gratis-sex-hookup-apps\/"]}]},{"@type":"BreadcrumbList","@id":"https:\/\/swallowdaily.com\/sv\/gratis-sex-hookup-apps\/#breadcrumb","itemListElement":[{"@type":"ListItem","position":1,"name":"Hem","item":"https:\/\/swallowdaily.com\/sv\/"},{"@type":"ListItem","position":2,"name":"Gratis Sex Hookup Apps"}]}]}},"_links":{"self":[{"href":"https:\/\/swallowdaily.com\/sv\/wp-json\/wp\/v2\/pages\/146"}],"collection":[{"href":"https:\/\/swallowdaily.com\/sv\/wp-json\/wp\/v2\/pages"}],"about":[{"href":"https:\/\/swallowdaily.com\/sv\/wp-json\/wp\/v2\/types\/page"}],"author":[{"embeddable":true,"href":"https:\/\/swallowdaily.com\/sv\/wp-json\/wp\/v2\/users\/1"}],"replies":[{"embeddable":true,"href":"https:\/\/swallowdaily.com\/sv\/wp-json\/wp\/v2\/comments?post=146"}],"version-history":[{"count":0,"href":"https:\/\/swallowdaily.com\/sv\/wp-json\/wp\/v2\/pages\/146\/revisions"}],"wp:featuredmedia":[{"embeddable":true,"href":"https:\/\/swallowdaily.com\/sv\/wp-json\/wp\/v2\/media\/110"}],"wp:attachment":[{"href":"https:\/\/swallowdaily.com\/sv\/wp-json\/wp\/v2\/media?parent=146"}],"curies":[{"name":"wp","href":"https:\/\/api.w.org\/{rel}","templated":true}]}}