{"id":157,"date":"2022-06-27T16:06:48","date_gmt":"2022-06-27T15:06:48","guid":{"rendered":"http:\/\/swallowdaily.com\/sex-dating-hookups-varfor-du-bor-anvanda-dem-for-sex\/"},"modified":"2022-07-20T18:58:16","modified_gmt":"2022-07-20T17:58:16","slug":"sex-dating-hookups-varfor-du-bor-anvanda-dem-for-sex","status":"publish","type":"page","link":"https:\/\/swallowdaily.com\/sv\/sex-dating-hookups-varfor-du-bor-anvanda-dem-for-sex\/","title":{"rendered":"Sex Dating Hookups: Varf\u00f6r du b\u00f6r anv\u00e4nda dem f\u00f6r sex"},"content":{"rendered":"<p>Hookups \u00e4r en rolig del av dejting, men de kan ocks\u00e5 vara riskabla om du inte \u00e4r f\u00f6rsiktig. Det \u00e4r l\u00e4tt att f\u00e5 d\u00e5liga vanor efter att ha tr\u00e4ffat n\u00e5gon, s\u00e4rskilt om du inte varit i ett f\u00f6rh\u00e5llande p\u00e5 ett tag.<\/p>\n<p>Innan du hoppar tillbaka i dejtingpoolen ska du se till att du \u00e4r redo att <a href=\"https:\/\/www.fucksites.net\/sv\/hitta-en-knullkompis\/\">hitta knullkompis<\/a> hantera dessa situationer. Prata med dina v\u00e4nner och familjemedlemmar om dina planer och be dem om tips om hur du kan undvika att g\u00f6ra misstag. N\u00e4r du k\u00e4nner dig s\u00e4ker p\u00e5 att du vet vad du g\u00f6r kan du g\u00e5 vidare med sj\u00e4lvf\u00f6rtroende.<\/p>\n<p>Det \u00e4r ocks\u00e5 viktigt att komma ih\u00e5g att hookups bara \u00e4r en typ av dejtingapp. Det finns m\u00e5nga andra alternativ, till exempel <a href=\"http:\/\/swallowdaily.com\/sv\/gratis-lokala-uppkopplingar\/\">dejtingsajter p\u00e5 n\u00e4tet<\/a>, mobilappar och till och med lokala evenemang. Det b\u00e4sta alternativet beror p\u00e5 vilken typ av person du s\u00f6ker och var du bor.<\/p>\n<h2>Lokala sexsidor<\/h2>\n<p>Sexsajter \u00e4r en bra plats f\u00f6r att tr\u00e4ffa andra m\u00e4nniskor som <a href=\"https:\/\/www.hookup-now.com\/sv\/hitta-knullkompisar-i-narheten\/\">hitta knullkompis<\/a> delar liknande intressen. Oavsett om du \u00e4r intresserad av tillf\u00e4llig sex, swinging eller bara vill tr\u00e4ffa n\u00e5gon ny, erbjuder dessa webbplatser en s\u00e4ker milj\u00f6 d\u00e4r du kan tr\u00e4ffa andra som \u00e4r \u00f6ppna f\u00f6r att utforska nya erfarenheter.<\/p>\n<p>Det finns m\u00e5nga olika typer av sexsidor, fr\u00e5n nischade sidor med fokus p\u00e5 specifika \u00e4mnen till allm\u00e4nna dejtingsidor. Vissa sajter fokuserar p\u00e5 att sammanf\u00f6ra m\u00e4nniskor baserat p\u00e5 plats, medan andra l\u00e5ter medlemmarna bl\u00e4ddra bland profiler baserat p\u00e5 \u00e5lder, k\u00f6n, etnicitet, sexuell l\u00e4ggning osv. Det b\u00e4sta \u00e4r att de flesta sexsajter \u00e4r helt gratis att g\u00e5 med i, vilket g\u00f6r det enkelt att prova n\u00e5gra olika alternativ utan att spendera f\u00f6r mycket pengar.<\/p>\n<p>Om du till exempel letar efter <a href=\"http:\/\/swallowdaily.com\/sv\/basta-satten-att-traffas-for-sex\/\">tillf\u00e4llig sex<\/a> kan du prova en hookup-app. Om du d\u00e4remot vill tr\u00e4ffa n\u00e5gon som har liknande intressen kan du prova en dejtingapp i st\u00e4llet. Oavsett vad du v\u00e4ljer, se till att du v\u00e4ljer en dejtingapp som passar dina behov och preferenser.<\/p>\n<h2>B\u00f6rja anv\u00e4nda Casual Sex<\/h2>\n<p>Det \u00e4r viktigt att vara f\u00f6rsiktig n\u00e4r du anv\u00e4nder sexdejtingsajter <a href=\"http:\/\/wank.io\/sv\/baesta-sexchattrum\/\">svensk sexchat<\/a>, s\u00e4rskilt om du tr\u00e4ffar fr\u00e4mlingar. Se till att l\u00e4sa recensioner och prata med v\u00e4nner innan du g\u00e5r med p\u00e5 en webbplats, och kontrollera alltid personens identitet innan du g\u00e5r med p\u00e5 att tr\u00e4ffas. Ge aldrig ut personlig information om du inte \u00e4r bekv\u00e4m med att g\u00f6ra det.<\/p>\n<p>Det finns m\u00e5nga olika typer av sexdejtingsajter, var och en f\u00f6r att tillgodose specifika \u00f6nskem\u00e5l. Vissa sajter fokuserar p\u00e5 tillf\u00e4lliga m\u00f6ten medan andra \u00e4r inriktade p\u00e5 l\u00e5ngsiktiga relationer. Vilken typ av webbplats du v\u00e4ljer beror p\u00e5 dina behov och \u00f6nskem\u00e5l. Om du till exempel letar efter n\u00e5gon att dela ett f\u00f6rh\u00e5llande med kan du \u00f6verv\u00e4ga att registrera dig p\u00e5 en l\u00e5ngtidsdatingwebbplats.<\/p>\n<p>Men om du bara vill ha kul kan du prova en webbplats f\u00f6r tillf\u00e4lliga m\u00f6ten ist\u00e4llet. P\u00e5 dessa webbplatser kan du tr\u00e4ffa m\u00e4nniskor utifr\u00e5n plats, intressen och sexuell l\u00e4ggning. Det finns m\u00e5nga alternativ, s\u00e5 du kan hitta exakt det du s\u00f6ker.<\/p>\n","protected":false},"excerpt":{"rendered":"<p>Hookups \u00e4r en rolig del av dejting, men de kan ocks\u00e5 vara riskabla om du inte \u00e4r f\u00f6rsiktig. Det \u00e4r<\/p>\n","protected":false},"author":1,"featured_media":138,"parent":0,"menu_order":0,"comment_status":"closed","ping_status":"closed","template":"","meta":[],"yoast_head":"<!-- This site is optimized with the Yoast SEO plugin v19.1 - https:\/\/yoast.com\/wordpress\/plugins\/seo\/ -->\n<title>Sex Dating Hookups: Varf\u00f6r du b\u00f6r anv\u00e4nda dem f\u00f6r sex - Swallow Reviews<\/title>\n<meta name=\"robots\" content=\"index, follow, max-snippet:-1, max-image-preview:large, max-video-preview:-1\" \/>\n<link rel=\"canonical\" href=\"https:\/\/swallowdaily.com\/sv\/sex-dating-hookups-varfor-du-bor-anvanda-dem-for-sex\/\" \/>\n<meta property=\"og:locale\" content=\"sv_SE\" \/>\n<meta property=\"og:type\" content=\"article\" \/>\n<meta property=\"og:title\" content=\"Sex Dating Hookups: Varf\u00f6r du b\u00f6r anv\u00e4nda dem f\u00f6r sex - Swallow Reviews\" \/>\n<meta property=\"og:description\" content=\"Hookups \u00e4r en rolig del av dejting, men de kan ocks\u00e5 vara riskabla om du inte \u00e4r f\u00f6rsiktig. Det \u00e4r\" \/>\n<meta property=\"og:url\" content=\"https:\/\/swallowdaily.com\/sv\/sex-dating-hookups-varfor-du-bor-anvanda-dem-for-sex\/\" \/>\n<meta property=\"og:site_name\" content=\"Swallow Reviews\" \/>\n<meta property=\"article:modified_time\" content=\"2022-07-20T17:58:16+00:00\" \/>\n<meta property=\"og:image\" content=\"https:\/\/swallowdaily.com\/wp-content\/uploads\/2022\/06\/local-sex-dating-reviews.jpeg\" \/>\n\t<meta property=\"og:image:width\" content=\"1125\" \/>\n\t<meta property=\"og:image:height\" content=\"750\" \/>\n\t<meta property=\"og:image:type\" content=\"image\/jpeg\" \/>\n<meta name=\"twitter:card\" content=\"summary_large_image\" \/>\n<meta name=\"twitter:label1\" content=\"Ber\u00e4knad l\u00e4stid\" \/>\n\t<meta name=\"twitter:data1\" content=\"3 minuter\" \/>\n<script type=\"application\/ld+json\" class=\"yoast-schema-graph\">{\"@context\":\"https:\/\/schema.org\",\"@graph\":[{\"@type\":\"WebSite\",\"@id\":\"https:\/\/swallowdaily.com\/#website\",\"url\":\"https:\/\/swallowdaily.com\/\",\"name\":\"Swallow Reviews\",\"description\":\"Guide f\u00f6r uppkoppling p\u00e5 n\u00e4tet\",\"potentialAction\":[{\"@type\":\"SearchAction\",\"target\":{\"@type\":\"EntryPoint\",\"urlTemplate\":\"https:\/\/swallowdaily.com\/?s={search_term_string}\"},\"query-input\":\"required name=search_term_string\"}],\"inLanguage\":\"sv-SE\"},{\"@type\":\"ImageObject\",\"inLanguage\":\"sv-SE\",\"@id\":\"https:\/\/swallowdaily.com\/sv\/sex-dating-hookups-varfor-du-bor-anvanda-dem-for-sex\/#primaryimage\",\"url\":\"https:\/\/swallowdaily.com\/wp-content\/uploads\/2022\/06\/local-sex-dating-reviews.jpeg\",\"contentUrl\":\"https:\/\/swallowdaily.com\/wp-content\/uploads\/2022\/06\/local-sex-dating-reviews.jpeg\",\"width\":1125,\"height\":750},{\"@type\":\"WebPage\",\"@id\":\"https:\/\/swallowdaily.com\/sv\/sex-dating-hookups-varfor-du-bor-anvanda-dem-for-sex\/#webpage\",\"url\":\"https:\/\/swallowdaily.com\/sv\/sex-dating-hookups-varfor-du-bor-anvanda-dem-for-sex\/\",\"name\":\"Sex Dating Hookups: Varf\u00f6r du b\u00f6r anv\u00e4nda dem f\u00f6r sex - Swallow Reviews\",\"isPartOf\":{\"@id\":\"https:\/\/swallowdaily.com\/#website\"},\"primaryImageOfPage\":{\"@id\":\"https:\/\/swallowdaily.com\/sv\/sex-dating-hookups-varfor-du-bor-anvanda-dem-for-sex\/#primaryimage\"},\"datePublished\":\"2022-06-27T15:06:48+00:00\",\"dateModified\":\"2022-07-20T17:58:16+00:00\",\"breadcrumb\":{\"@id\":\"https:\/\/swallowdaily.com\/sv\/sex-dating-hookups-varfor-du-bor-anvanda-dem-for-sex\/#breadcrumb\"},\"inLanguage\":\"sv-SE\",\"potentialAction\":[{\"@type\":\"ReadAction\",\"target\":[\"https:\/\/swallowdaily.com\/sv\/sex-dating-hookups-varfor-du-bor-anvanda-dem-for-sex\/\"]}]},{\"@type\":\"BreadcrumbList\",\"@id\":\"https:\/\/swallowdaily.com\/sv\/sex-dating-hookups-varfor-du-bor-anvanda-dem-for-sex\/#breadcrumb\",\"itemListElement\":[{\"@type\":\"ListItem\",\"position\":1,\"name\":\"Hem\",\"item\":\"https:\/\/swallowdaily.com\/sv\/\"},{\"@type\":\"ListItem\",\"position\":2,\"name\":\"Sex Dating Hookups: Varf\u00f6r du b\u00f6r anv\u00e4nda dem f\u00f6r sex\"}]}]}<\/script>\n<!-- \/ Yoast SEO plugin. -->","yoast_head_json":{"title":"Sex Dating Hookups: Varf\u00f6r du b\u00f6r anv\u00e4nda dem f\u00f6r sex - Swallow Reviews","robots":{"index":"index","follow":"follow","max-snippet":"max-snippet:-1","max-image-preview":"max-image-preview:large","max-video-preview":"max-video-preview:-1"},"canonical":"https:\/\/swallowdaily.com\/sv\/sex-dating-hookups-varfor-du-bor-anvanda-dem-for-sex\/","og_locale":"sv_SE","og_type":"article","og_title":"Sex Dating Hookups: Varf\u00f6r du b\u00f6r anv\u00e4nda dem f\u00f6r sex - Swallow Reviews","og_description":"Hookups \u00e4r en rolig del av dejting, men de kan ocks\u00e5 vara riskabla om du inte \u00e4r f\u00f6rsiktig. Det \u00e4r","og_url":"https:\/\/swallowdaily.com\/sv\/sex-dating-hookups-varfor-du-bor-anvanda-dem-for-sex\/","og_site_name":"Swallow Reviews","article_modified_time":"2022-07-20T17:58:16+00:00","og_image":[{"width":1125,"height":750,"url":"https:\/\/swallowdaily.com\/wp-content\/uploads\/2022\/06\/local-sex-dating-reviews.jpeg","type":"image\/jpeg"}],"twitter_card":"summary_large_image","twitter_misc":{"Ber\u00e4knad l\u00e4stid":"3 minuter"},"schema":{"@context":"https:\/\/schema.org","@graph":[{"@type":"WebSite","@id":"https:\/\/swallowdaily.com\/#website","url":"https:\/\/swallowdaily.com\/","name":"Swallow Reviews","description":"Guide f\u00f6r uppkoppling p\u00e5 n\u00e4tet","potentialAction":[{"@type":"SearchAction","target":{"@type":"EntryPoint","urlTemplate":"https:\/\/swallowdaily.com\/?s={search_term_string}"},"query-input":"required name=search_term_string"}],"inLanguage":"sv-SE"},{"@type":"ImageObject","inLanguage":"sv-SE","@id":"https:\/\/swallowdaily.com\/sv\/sex-dating-hookups-varfor-du-bor-anvanda-dem-for-sex\/#primaryimage","url":"https:\/\/swallowdaily.com\/wp-content\/uploads\/2022\/06\/local-sex-dating-reviews.jpeg","contentUrl":"https:\/\/swallowdaily.com\/wp-content\/uploads\/2022\/06\/local-sex-dating-reviews.jpeg","width":1125,"height":750},{"@type":"WebPage","@id":"https:\/\/swallowdaily.com\/sv\/sex-dating-hookups-varfor-du-bor-anvanda-dem-for-sex\/#webpage","url":"https:\/\/swallowdaily.com\/sv\/sex-dating-hookups-varfor-du-bor-anvanda-dem-for-sex\/","name":"Sex Dating Hookups: Varf\u00f6r du b\u00f6r anv\u00e4nda dem f\u00f6r sex - Swallow Reviews","isPartOf":{"@id":"https:\/\/swallowdaily.com\/#website"},"primaryImageOfPage":{"@id":"https:\/\/swallowdaily.com\/sv\/sex-dating-hookups-varfor-du-bor-anvanda-dem-for-sex\/#primaryimage"},"datePublished":"2022-06-27T15:06:48+00:00","dateModified":"2022-07-20T17:58:16+00:00","breadcrumb":{"@id":"https:\/\/swallowdaily.com\/sv\/sex-dating-hookups-varfor-du-bor-anvanda-dem-for-sex\/#breadcrumb"},"inLanguage":"sv-SE","potentialAction":[{"@type":"ReadAction","target":["https:\/\/swallowdaily.com\/sv\/sex-dating-hookups-varfor-du-bor-anvanda-dem-for-sex\/"]}]},{"@type":"BreadcrumbList","@id":"https:\/\/swallowdaily.com\/sv\/sex-dating-hookups-varfor-du-bor-anvanda-dem-for-sex\/#breadcrumb","itemListElement":[{"@type":"ListItem","position":1,"name":"Hem","item":"https:\/\/swallowdaily.com\/sv\/"},{"@type":"ListItem","position":2,"name":"Sex Dating Hookups: Varf\u00f6r du b\u00f6r anv\u00e4nda dem f\u00f6r sex"}]}]}},"_links":{"self":[{"href":"https:\/\/swallowdaily.com\/sv\/wp-json\/wp\/v2\/pages\/157"}],"collection":[{"href":"https:\/\/swallowdaily.com\/sv\/wp-json\/wp\/v2\/pages"}],"about":[{"href":"https:\/\/swallowdaily.com\/sv\/wp-json\/wp\/v2\/types\/page"}],"author":[{"embeddable":true,"href":"https:\/\/swallowdaily.com\/sv\/wp-json\/wp\/v2\/users\/1"}],"replies":[{"embeddable":true,"href":"https:\/\/swallowdaily.com\/sv\/wp-json\/wp\/v2\/comments?post=157"}],"version-history":[{"count":1,"href":"https:\/\/swallowdaily.com\/sv\/wp-json\/wp\/v2\/pages\/157\/revisions"}],"predecessor-version":[{"id":324,"href":"https:\/\/swallowdaily.com\/sv\/wp-json\/wp\/v2\/pages\/157\/revisions\/324"}],"wp:featuredmedia":[{"embeddable":true,"href":"https:\/\/swallowdaily.com\/sv\/wp-json\/wp\/v2\/media\/138"}],"wp:attachment":[{"href":"https:\/\/swallowdaily.com\/sv\/wp-json\/wp\/v2\/media?parent=157"}],"curies":[{"name":"wp","href":"https:\/\/api.w.org\/{rel}","templated":true}]}}