{"id":167,"date":"2022-06-27T16:05:09","date_gmt":"2022-06-27T15:05:09","guid":{"rendered":"http:\/\/swallowdaily.com\/basta-satten-att-traffas-for-sex\/"},"modified":"2022-07-20T18:58:47","modified_gmt":"2022-07-20T17:58:47","slug":"basta-satten-att-traffas-for-sex","status":"publish","type":"page","link":"https:\/\/swallowdaily.com\/sv\/basta-satten-att-traffas-for-sex\/","title":{"rendered":"B\u00e4sta s\u00e4tten att tr\u00e4ffas f\u00f6r sex"},"content":{"rendered":"<p>Sajter f\u00f6r vuxenkontakter blir alltmer popul\u00e4ra bland vuxna som vill ha tillf\u00e4lliga sexm\u00f6ten. P\u00e5 dessa webbplatser kan medlemmarna titta p\u00e5 andra medlemmars profiler, skicka meddelanden och ordna m\u00f6ten.<\/p>\n<p>Det finns m\u00e5nga olika typer av sajter f\u00f6r vuxna, bland annat s\u00e5dana som riktar sig till swingers, BDSM-entusiaster och par som vill ha <a href=\"http:\/\/swallowdaily.com\/free-local-hookups\/\">diskreta aff\u00e4rer<\/a>. Vissa webbplatser erbjuder ocks\u00e5 videochatt, vilket g\u00f6r det m\u00f6jligt f\u00f6r medlemmarna att tr\u00e4ffas ansikte mot ansikte.<\/p>\n<h2>Hur det fungerar<\/h2>\n<p>Dessa webbplatser \u00e4r inte alltid gratis, men de flesta tar ut en liten avgift f\u00f6r att g\u00e5 med <a href=\"http:\/\/www.singles-sites.com\/fi\/parhaat-hienovaraiset-treffisovellukset\/\">parhaat treffisovellukset<\/a>. Det b\u00e4sta \u00e4r att de \u00e4r helt anonyma, vilket inneb\u00e4r att det inte kr\u00e4vs n\u00e5gra personliga uppgifter f\u00f6r att registrera sig. Medlemmarna kan skapa en profil och ladda upp bilder utan att beh\u00f6va oroa sig f\u00f6r att bli uppt\u00e4ckta.<\/p>\n<p>Dessa webbplatser \u00e4r perfekta f\u00f6r alla som vill ha lite extra sp\u00e4nning i sina liv. Vare sig du letar efter ett eng\u00e5ngsligg eller ett l\u00e5ngvarigt f\u00f6rh\u00e5llande erbjuder sajter f\u00f6r vuxna ett bekv\u00e4mt s\u00e4tt att komma i kontakt med andra.<\/p>\n<p>Det finns m\u00e5nga dejtingsajter f\u00f6r vuxna p\u00e5 n\u00e4tet idag, men de flesta av dem fokuserar p\u00e5 att hitta n\u00e5gon speciell f\u00f6r ett l\u00e5ngsiktigt f\u00f6rh\u00e5llande. Men om du bara vill tr\u00e4ffa en fr\u00e4mling f\u00f6r att ha sex, b\u00f6r du f\u00f6rmodligen prova en av dessa <a href=\"http:\/\/swallowdaily.com\/best-sex-chat-sites\/\">sidor f\u00f6r vuxna<\/a>.<\/p>\n<h2>Fritidsm\u00f6ten<\/h2>\n<p>Dessa webbplatser \u00e4r perfekta f\u00f6r att tr\u00e4ffa fr\u00e4mlingar som vill ha tillf\u00e4lliga m\u00f6ten. Det finns inga villkor och du kan l\u00e4tt hitta n\u00e5gon som vill tr\u00e4ffa dig ikv\u00e4ll.<\/p>\n<p>Det spelar ingen roll om du letar efter en man eller <a href=\"https:\/\/adultxxxdate.net\/da\/gratis-sex-chat-websites\/\">sex chat gratis<\/a> en kvinna, dessa sidor f\u00f6r vuxna \u00e4r alltid fulla av k\u00e5ta singlar som \u00e4r redo att ha kul.<\/p>\n<p>Det finns m\u00e5nga f\u00f6rdelar med att registrera sig p\u00e5 dessa typer av webbplatser. Till att b\u00f6rja med beh\u00f6ver du aldrig betala n\u00e5got f\u00f6r att g\u00e5 med. Dessutom kan du l\u00e4tt f\u00e5 kontakt med personer som har liknande intressen och \u00f6nskem\u00e5l.<\/p>\n<p>P\u00e5 dessa webbplatser kan medlemmarna ladda upp foton <a href=\"https:\/\/www.hookup-now.com\/sv\/gratis-sex-nej-registrera-dig\/\">gratis sexsajt<\/a> och videor av sig sj\u00e4lva och sedan bl\u00e4ddra bland andra profiler baserat p\u00e5 plats. Vissa webbplatser erbjuder \u00e4ven chattrum d\u00e4r medlemmarna kan interagera med varandra.<\/p>\n<h3>Hitta sex p\u00e5 n\u00e4tet<\/h3>\n<p>Det har aldrig varit l\u00e4ttare att hitta sex p\u00e5 n\u00e4tet tack vare gratis hookup-sidor. Dessa webbplatser g\u00f6r det m\u00f6jligt f\u00f6r medlemmarna att tr\u00e4ffa andra singlar som delar liknande intressen, och de erbjuder en s\u00e4ker milj\u00f6 d\u00e4r alla kan ansluta och interagera fritt.<\/p>\n<p>Det finns m\u00e5nga f\u00f6rdelar med att anv\u00e4nda dessa typer av webbplatser, bland annat att de \u00e4r helt anonyma. Detta inneb\u00e4r att ingen personlig information delas och att medlemmarna kan f\u00f6rbli helt privata. En annan f\u00f6rdel \u00e4r att de flesta av dessa webbplatser \u00e4r mobilanpassade, vilket inneb\u00e4r att du kan komma \u00e5t dem var som helst.<\/p>\n<p>Gratis hookup-webbplatser \u00e4r ocks\u00e5 mycket enkla att anv\u00e4nda. Allt du beh\u00f6ver g\u00f6ra \u00e4r att registrera dig, bl\u00e4ddra bland profiler och skicka meddelanden till intresserade parter. Det b\u00e4sta \u00e4r att du kan kommunicera med vem som helst utan att beh\u00f6va betala n\u00e5gonting. Det \u00e4r verkligen s\u00e5 enkelt!<\/p>\n<p>S\u00e5 om du letar efter ett roligt s\u00e4tt att tr\u00e4ffa n\u00e5gon speciell, prova en av dessa gratis dejtingsajter idag!<\/p>\n","protected":false},"excerpt":{"rendered":"<p>Sajter f\u00f6r vuxenkontakter blir alltmer popul\u00e4ra bland vuxna som vill ha tillf\u00e4lliga sexm\u00f6ten. P\u00e5 dessa webbplatser kan medlemmarna titta p\u00e5<\/p>\n","protected":false},"author":1,"featured_media":131,"parent":0,"menu_order":0,"comment_status":"closed","ping_status":"closed","template":"","meta":[],"yoast_head":"<!-- This site is optimized with the Yoast SEO plugin v19.1 - https:\/\/yoast.com\/wordpress\/plugins\/seo\/ -->\n<title>B\u00e4sta s\u00e4tten att tr\u00e4ffas f\u00f6r sex - Swallow Reviews<\/title>\n<meta name=\"robots\" content=\"index, follow, max-snippet:-1, max-image-preview:large, max-video-preview:-1\" \/>\n<link rel=\"canonical\" href=\"https:\/\/swallowdaily.com\/sv\/basta-satten-att-traffas-for-sex\/\" \/>\n<meta property=\"og:locale\" content=\"sv_SE\" \/>\n<meta property=\"og:type\" content=\"article\" \/>\n<meta property=\"og:title\" content=\"B\u00e4sta s\u00e4tten att tr\u00e4ffas f\u00f6r sex - Swallow Reviews\" \/>\n<meta property=\"og:description\" content=\"Sajter f\u00f6r vuxenkontakter blir alltmer popul\u00e4ra bland vuxna som vill ha tillf\u00e4lliga sexm\u00f6ten. P\u00e5 dessa webbplatser kan medlemmarna titta p\u00e5\" \/>\n<meta property=\"og:url\" content=\"https:\/\/swallowdaily.com\/sv\/basta-satten-att-traffas-for-sex\/\" \/>\n<meta property=\"og:site_name\" content=\"Swallow Reviews\" \/>\n<meta property=\"article:modified_time\" content=\"2022-07-20T17:58:47+00:00\" \/>\n<meta name=\"twitter:card\" content=\"summary_large_image\" \/>\n<meta name=\"twitter:image\" content=\"https:\/\/swallowdaily.com\/wp-content\/uploads\/2022\/06\/love-match.webp\" \/>\n<meta name=\"twitter:label1\" content=\"Ber\u00e4knad l\u00e4stid\" \/>\n\t<meta name=\"twitter:data1\" content=\"3 minuter\" \/>\n<script type=\"application\/ld+json\" class=\"yoast-schema-graph\">{\"@context\":\"https:\/\/schema.org\",\"@graph\":[{\"@type\":\"WebSite\",\"@id\":\"https:\/\/swallowdaily.com\/#website\",\"url\":\"https:\/\/swallowdaily.com\/\",\"name\":\"Swallow Reviews\",\"description\":\"Guide f\u00f6r uppkoppling p\u00e5 n\u00e4tet\",\"potentialAction\":[{\"@type\":\"SearchAction\",\"target\":{\"@type\":\"EntryPoint\",\"urlTemplate\":\"https:\/\/swallowdaily.com\/?s={search_term_string}\"},\"query-input\":\"required name=search_term_string\"}],\"inLanguage\":\"sv-SE\"},{\"@type\":\"ImageObject\",\"inLanguage\":\"sv-SE\",\"@id\":\"https:\/\/swallowdaily.com\/sv\/basta-satten-att-traffas-for-sex\/#primaryimage\",\"url\":\"https:\/\/swallowdaily.com\/wp-content\/uploads\/2022\/06\/love-match.webp\",\"contentUrl\":\"https:\/\/swallowdaily.com\/wp-content\/uploads\/2022\/06\/love-match.webp\",\"width\":1600,\"height\":2400},{\"@type\":\"WebPage\",\"@id\":\"https:\/\/swallowdaily.com\/sv\/basta-satten-att-traffas-for-sex\/#webpage\",\"url\":\"https:\/\/swallowdaily.com\/sv\/basta-satten-att-traffas-for-sex\/\",\"name\":\"B\u00e4sta s\u00e4tten att tr\u00e4ffas f\u00f6r sex - Swallow Reviews\",\"isPartOf\":{\"@id\":\"https:\/\/swallowdaily.com\/#website\"},\"primaryImageOfPage\":{\"@id\":\"https:\/\/swallowdaily.com\/sv\/basta-satten-att-traffas-for-sex\/#primaryimage\"},\"datePublished\":\"2022-06-27T15:05:09+00:00\",\"dateModified\":\"2022-07-20T17:58:47+00:00\",\"breadcrumb\":{\"@id\":\"https:\/\/swallowdaily.com\/sv\/basta-satten-att-traffas-for-sex\/#breadcrumb\"},\"inLanguage\":\"sv-SE\",\"potentialAction\":[{\"@type\":\"ReadAction\",\"target\":[\"https:\/\/swallowdaily.com\/sv\/basta-satten-att-traffas-for-sex\/\"]}]},{\"@type\":\"BreadcrumbList\",\"@id\":\"https:\/\/swallowdaily.com\/sv\/basta-satten-att-traffas-for-sex\/#breadcrumb\",\"itemListElement\":[{\"@type\":\"ListItem\",\"position\":1,\"name\":\"Hem\",\"item\":\"https:\/\/swallowdaily.com\/sv\/\"},{\"@type\":\"ListItem\",\"position\":2,\"name\":\"B\u00e4sta s\u00e4tten att tr\u00e4ffas f\u00f6r sex\"}]}]}<\/script>\n<!-- \/ Yoast SEO plugin. -->","yoast_head_json":{"title":"B\u00e4sta s\u00e4tten att tr\u00e4ffas f\u00f6r sex - Swallow Reviews","robots":{"index":"index","follow":"follow","max-snippet":"max-snippet:-1","max-image-preview":"max-image-preview:large","max-video-preview":"max-video-preview:-1"},"canonical":"https:\/\/swallowdaily.com\/sv\/basta-satten-att-traffas-for-sex\/","og_locale":"sv_SE","og_type":"article","og_title":"B\u00e4sta s\u00e4tten att tr\u00e4ffas f\u00f6r sex - Swallow Reviews","og_description":"Sajter f\u00f6r vuxenkontakter blir alltmer popul\u00e4ra bland vuxna som vill ha tillf\u00e4lliga sexm\u00f6ten. P\u00e5 dessa webbplatser kan medlemmarna titta p\u00e5","og_url":"https:\/\/swallowdaily.com\/sv\/basta-satten-att-traffas-for-sex\/","og_site_name":"Swallow Reviews","article_modified_time":"2022-07-20T17:58:47+00:00","twitter_card":"summary_large_image","twitter_image":"https:\/\/swallowdaily.com\/wp-content\/uploads\/2022\/06\/love-match.webp","twitter_misc":{"Ber\u00e4knad l\u00e4stid":"3 minuter"},"schema":{"@context":"https:\/\/schema.org","@graph":[{"@type":"WebSite","@id":"https:\/\/swallowdaily.com\/#website","url":"https:\/\/swallowdaily.com\/","name":"Swallow Reviews","description":"Guide f\u00f6r uppkoppling p\u00e5 n\u00e4tet","potentialAction":[{"@type":"SearchAction","target":{"@type":"EntryPoint","urlTemplate":"https:\/\/swallowdaily.com\/?s={search_term_string}"},"query-input":"required name=search_term_string"}],"inLanguage":"sv-SE"},{"@type":"ImageObject","inLanguage":"sv-SE","@id":"https:\/\/swallowdaily.com\/sv\/basta-satten-att-traffas-for-sex\/#primaryimage","url":"https:\/\/swallowdaily.com\/wp-content\/uploads\/2022\/06\/love-match.webp","contentUrl":"https:\/\/swallowdaily.com\/wp-content\/uploads\/2022\/06\/love-match.webp","width":1600,"height":2400},{"@type":"WebPage","@id":"https:\/\/swallowdaily.com\/sv\/basta-satten-att-traffas-for-sex\/#webpage","url":"https:\/\/swallowdaily.com\/sv\/basta-satten-att-traffas-for-sex\/","name":"B\u00e4sta s\u00e4tten att tr\u00e4ffas f\u00f6r sex - Swallow Reviews","isPartOf":{"@id":"https:\/\/swallowdaily.com\/#website"},"primaryImageOfPage":{"@id":"https:\/\/swallowdaily.com\/sv\/basta-satten-att-traffas-for-sex\/#primaryimage"},"datePublished":"2022-06-27T15:05:09+00:00","dateModified":"2022-07-20T17:58:47+00:00","breadcrumb":{"@id":"https:\/\/swallowdaily.com\/sv\/basta-satten-att-traffas-for-sex\/#breadcrumb"},"inLanguage":"sv-SE","potentialAction":[{"@type":"ReadAction","target":["https:\/\/swallowdaily.com\/sv\/basta-satten-att-traffas-for-sex\/"]}]},{"@type":"BreadcrumbList","@id":"https:\/\/swallowdaily.com\/sv\/basta-satten-att-traffas-for-sex\/#breadcrumb","itemListElement":[{"@type":"ListItem","position":1,"name":"Hem","item":"https:\/\/swallowdaily.com\/sv\/"},{"@type":"ListItem","position":2,"name":"B\u00e4sta s\u00e4tten att tr\u00e4ffas f\u00f6r sex"}]}]}},"_links":{"self":[{"href":"https:\/\/swallowdaily.com\/sv\/wp-json\/wp\/v2\/pages\/167"}],"collection":[{"href":"https:\/\/swallowdaily.com\/sv\/wp-json\/wp\/v2\/pages"}],"about":[{"href":"https:\/\/swallowdaily.com\/sv\/wp-json\/wp\/v2\/types\/page"}],"author":[{"embeddable":true,"href":"https:\/\/swallowdaily.com\/sv\/wp-json\/wp\/v2\/users\/1"}],"replies":[{"embeddable":true,"href":"https:\/\/swallowdaily.com\/sv\/wp-json\/wp\/v2\/comments?post=167"}],"version-history":[{"count":1,"href":"https:\/\/swallowdaily.com\/sv\/wp-json\/wp\/v2\/pages\/167\/revisions"}],"predecessor-version":[{"id":325,"href":"https:\/\/swallowdaily.com\/sv\/wp-json\/wp\/v2\/pages\/167\/revisions\/325"}],"wp:featuredmedia":[{"embeddable":true,"href":"https:\/\/swallowdaily.com\/sv\/wp-json\/wp\/v2\/media\/131"}],"wp:attachment":[{"href":"https:\/\/swallowdaily.com\/sv\/wp-json\/wp\/v2\/media?parent=167"}],"curies":[{"name":"wp","href":"https:\/\/api.w.org\/{rel}","templated":true}]}}