{"id":198,"date":"2022-06-27T15:17:40","date_gmt":"2022-06-27T14:17:40","guid":{"rendered":"http:\/\/swallowdaily.com\/vilka-typer-av-hookup-sites-kan-du-ansluta-dig-till\/"},"modified":"2022-06-27T15:17:40","modified_gmt":"2022-06-27T14:17:40","slug":"vilka-typer-av-hookup-sites-kan-du-ansluta-dig-till","status":"publish","type":"page","link":"https:\/\/swallowdaily.com\/sv\/","title":{"rendered":"Vilka typer av Hookup Sites kan du ansluta dig till?"},"content":{"rendered":"<div id=\"text-body\">\n<p><img loading=\"lazy\" class=\"aligncenter size-large wp-image-33\" src=\"http:\/\/swallowdaily.com\/wp-content\/uploads\/2022\/06\/find-sex-near-you-1024x678.jpeg\" alt=\"\" width=\"640\" height=\"424\" srcset=\"https:\/\/swallowdaily.com\/wp-content\/uploads\/2022\/06\/find-sex-near-you-1024x678.jpeg 1024w, https:\/\/swallowdaily.com\/wp-content\/uploads\/2022\/06\/find-sex-near-you-300x199.jpeg 300w, https:\/\/swallowdaily.com\/wp-content\/uploads\/2022\/06\/find-sex-near-you-768x509.jpeg 768w, https:\/\/swallowdaily.com\/wp-content\/uploads\/2022\/06\/find-sex-near-you-1536x1017.jpeg 1536w, https:\/\/swallowdaily.com\/wp-content\/uploads\/2022\/06\/find-sex-near-you-2048x1356.jpeg 2048w\" sizes=\"(max-width: 640px) 100vw, 640px\" \/><\/p>\n<p>Det finns m\u00e5nga olika s\u00e4tt att tr\u00e4ffa n\u00e5gon p\u00e5 n\u00e4tet i dag. Vissa f\u00f6redrar att anv\u00e4nda dejtingappar medan andra anv\u00e4nder gratis hookup-sidor. B\u00e5da alternativen har sina f\u00f6r- och nackdelar, men om du \u00e4r ute efter en tillf\u00e4llig relation kan b\u00e5da alternativen fungera f\u00f6r dig.<\/p>\n<p>Dejtingappar \u00e4r bra f\u00f6r att tr\u00e4ffa m\u00e4nniskor som delar liknande intressen, men de \u00e4r inte alltid det b\u00e4sta valet f\u00f6r att hitta en dejt. Medan de flesta dejtingappar kr\u00e4ver att anv\u00e4ndarna betalar en avgift f\u00f6r att f\u00e5 tillg\u00e5ng till medlemskap, erbjuder kostnadsfria hookup-sajter en mycket st\u00f6rre pool av potentiella matchningar.<\/p>\n<h3>\u00c4r hookup-sajter och appar s\u00e4kra?<\/h3>\n<p>Gratis hookup-webbplatser \u00e4r praktiska, men de kan ocks\u00e5 vara frustrerande. Det \u00e4r sv\u00e5rt att leta igenom hundratals profiler f\u00f6r att hitta den person du s\u00f6ker. Den goda nyheten \u00e4r att du kan spara mycket tid genom att f\u00f6lja n\u00e5gra enkla regler. Du b\u00f6r till exempel undvika att skicka meddelanden till fr\u00e4mlingar, s\u00e4rskilt till dem som verkar alltf\u00f6r intresserade av dig.<\/p>\n<p>Det \u00e4r ocks\u00e5 en bra id\u00e9 att bara skicka meddelanden till personer som verkar vara genuint intresserade av att tr\u00e4ffa dig. Skicka inte meddelanden till personer som verkar desperata eller som st\u00e4ller fr\u00e5gor som du normalt sett inte skulle svara p\u00e5. Slutligen b\u00f6r du f\u00f6rs\u00f6ka vara aktiv p\u00e5 webbplatsen. Genom att l\u00e4gga upp nya bilder och svara p\u00e5 andra anv\u00e4ndares meddelanden f\u00e5r du fler m\u00f6jligheter att komma i kontakt med andra.<\/p>\n<p>N\u00e4r du har hittat n\u00e5gon som verkar passa dig kan du ordna ett m\u00f6te i verkligheten. Detta sker vanligtvis via sms eller telefonsamtal. Var f\u00f6rsiktig n\u00e4r du ordnar m\u00f6ten eftersom du aldrig vet vem som kan titta p\u00e5.<\/p>\n<h3>M\u00e5ste jag betala f\u00f6r att anv\u00e4nda en uppkopplingsplats?<\/h3>\n<p>Dejtingsidor blir alltmer popul\u00e4ra bland singlar som vill tr\u00e4ffa andra m\u00e4nniskor online. Det finns m\u00e5nga olika typer av gratis dejtingsajter, bland annat s\u00e5dana som l\u00e5ter medlemmarna bl\u00e4ddra bland profiler och skicka meddelanden till andra. Vissa webbplatser erbjuder ytterligare funktioner, till exempel chattrum d\u00e4r medlemmarna kan interagera med varandra.<\/p>\n<p>Det finns flera f\u00f6rdelar med att registrera sig p\u00e5 en webbplats. F\u00f6r det f\u00f6rsta kan du enkelt f\u00e5 tillg\u00e5ng till en stor pool av potentiella partners utan att beh\u00f6va betala n\u00e5got i f\u00f6rv\u00e4g. F\u00f6r det andra erbjuder dessa webbplatser en s\u00e4ker milj\u00f6 d\u00e4r du kan f\u00e5 kontakt med m\u00e4nniskor fr\u00e5n hela v\u00e4rlden. Slutligen kan du anv\u00e4nda dejtingsajter utan registrering f\u00f6r att tr\u00e4ffa m\u00e4nniskor som delar liknande intressen.<\/p>\n<h2>Gratis Hookup webbplatser<\/h2>\n<p>Gratis hookup-webbplatser \u00e4r ocks\u00e5 en bra plats f\u00f6r att hitta sexpartners som \u00e4r \u00f6ppna f\u00f6r tillf\u00e4lliga m\u00f6ten. Det finns m\u00e5nga kvinnor och m\u00e4n som \u00e4r villiga att delta i sexuell aktivitet utan att ha ett l\u00e5ngsiktigt \u00e5tagande. Du ska dock inte f\u00f6rv\u00e4nta dig att hitta n\u00e5gon som uppfyller dina specifika kriterier. Ist\u00e4llet kommer du f\u00f6rmodligen att tillbringa timmar med att bl\u00e4ddra igenom profiler tills du hittar n\u00e5gon som verkar lovande.<\/p>\n<h2>Uppkopplingsplatser: Fungerar det verkligen?<\/h2>\n<p>\u00c4ven om det \u00e4r bekv\u00e4mt att ha en dejtingsajt kan den ocks\u00e5 vara riskabel. Om du till exempel registrerar dig p\u00e5 en webbplats och sedan best\u00e4mmer dig f\u00f6r att du inte vill forts\u00e4tta att anv\u00e4nda den, kan du f\u00f6rlora all din personliga information. Eftersom de flesta av dessa sajter \u00e4r helt gratis kan det sluta med att du spenderar pengar bara f\u00f6r att prova dem.<\/p>\n<p>F\u00f6rutom att kunna se profiler och skicka meddelanden kan medlemmarna i vissa dejtingappar skapa sina egna profiler. Profilerna inneh\u00e5ller foton, videor och detaljerade beskrivningar av sig sj\u00e4lva. Det \u00e4r frivilligt att skapa en profil, men det kan vara ett bra s\u00e4tt att f\u00e5 nya v\u00e4nner.<\/p>\n<h2>  Beh\u00f6vs datingappar?<\/h2>\n<p>Datingappar \u00e4r ett bra s\u00e4tt att tr\u00e4ffa nya m\u00e4nniskor. Det finns m\u00e5nga olika dejtingappar idag, och alla har sina egna unika funktioner. Vissa l\u00e5ter dig bl\u00e4ddra bland profiler baserat p\u00e5 plats, medan andra l\u00e5ter dig filtrera potentiella matchningar baserat p\u00e5 \u00e5lder, k\u00f6n, intressen osv.<\/p>\n<p>Det finns ocks\u00e5 gott om gratis dejtingappar med begr\u00e4nsad funktionalitet, men om du letar efter n\u00e5got mer robust kan du \u00f6verv\u00e4ga att betala f\u00f6r ett premiummedlemskap. Premiummedlemskap inkluderar vanligtvis ytterligare funktioner, t.ex. obegr\u00e4nsad meddelandehantering och tillg\u00e5ng till exklusiva evenemang.<\/p>\n<p>Oavsett om du v\u00e4ljer att betala f\u00f6r ett premiummedlemskap eller inte \u00e4r det alltid en bra id\u00e9 att ladda ner appen och prova den innan du registrerar dig. Det ger dig en chans att ta reda p\u00e5 vilken typ av upplevelse du f\u00f6redrar och hj\u00e4lper dig att undvika att sl\u00f6sa pengar p\u00e5 en prenumeration som inte fungerar f\u00f6r dig.<\/p>\n<\/div>\n","protected":false},"excerpt":{"rendered":"<p>Det finns m\u00e5nga olika s\u00e4tt att tr\u00e4ffa n\u00e5gon p\u00e5 n\u00e4tet i dag. Vissa f\u00f6redrar att anv\u00e4nda dejtingappar medan andra anv\u00e4nder<\/p>\n","protected":false},"author":1,"featured_media":0,"parent":0,"menu_order":0,"comment_status":"closed","ping_status":"closed","template":"","meta":[],"yoast_head":"<!-- This site is optimized with the Yoast SEO plugin v19.1 - https:\/\/yoast.com\/wordpress\/plugins\/seo\/ -->\n<title>Vilka typer av Hookup Sites kan du ansluta dig till? - Swallow Reviews<\/title>\n<meta name=\"robots\" content=\"index, follow, max-snippet:-1, max-image-preview:large, max-video-preview:-1\" \/>\n<link rel=\"canonical\" href=\"https:\/\/swallowdaily.com\/sv\/\" \/>\n<meta property=\"og:locale\" content=\"sv_SE\" \/>\n<meta property=\"og:type\" content=\"article\" \/>\n<meta property=\"og:title\" content=\"Vilka typer av Hookup Sites kan du ansluta dig till? - Swallow Reviews\" \/>\n<meta property=\"og:description\" content=\"Det finns m\u00e5nga olika s\u00e4tt att tr\u00e4ffa n\u00e5gon p\u00e5 n\u00e4tet i dag. Vissa f\u00f6redrar att anv\u00e4nda dejtingappar medan andra anv\u00e4nder\" \/>\n<meta property=\"og:url\" content=\"https:\/\/swallowdaily.com\/sv\/\" \/>\n<meta property=\"og:site_name\" content=\"Swallow Reviews\" \/>\n<meta property=\"og:image\" content=\"http:\/\/swallowdaily.com\/wp-content\/uploads\/2022\/06\/find-sex-near-you-1024x678.jpeg\" \/>\n<meta name=\"twitter:card\" content=\"summary_large_image\" \/>\n<meta name=\"twitter:label1\" content=\"Ber\u00e4knad l\u00e4stid\" \/>\n\t<meta name=\"twitter:data1\" content=\"4 minuter\" \/>\n<script type=\"application\/ld+json\" class=\"yoast-schema-graph\">{\"@context\":\"https:\/\/schema.org\",\"@graph\":[{\"@type\":\"WebSite\",\"@id\":\"https:\/\/swallowdaily.com\/#website\",\"url\":\"https:\/\/swallowdaily.com\/\",\"name\":\"Swallow Reviews\",\"description\":\"Guide f\u00f6r uppkoppling p\u00e5 n\u00e4tet\",\"potentialAction\":[{\"@type\":\"SearchAction\",\"target\":{\"@type\":\"EntryPoint\",\"urlTemplate\":\"https:\/\/swallowdaily.com\/?s={search_term_string}\"},\"query-input\":\"required name=search_term_string\"}],\"inLanguage\":\"sv-SE\"},{\"@type\":\"ImageObject\",\"inLanguage\":\"sv-SE\",\"@id\":\"https:\/\/swallowdaily.com\/sv\/#primaryimage\",\"url\":\"https:\/\/swallowdaily.com\/wp-content\/uploads\/2022\/06\/find-sex-near-you.jpeg\",\"contentUrl\":\"https:\/\/swallowdaily.com\/wp-content\/uploads\/2022\/06\/find-sex-near-you.jpeg\",\"width\":2265,\"height\":1500},{\"@type\":\"WebPage\",\"@id\":\"https:\/\/swallowdaily.com\/sv\/#webpage\",\"url\":\"https:\/\/swallowdaily.com\/sv\/\",\"name\":\"Vilka typer av Hookup Sites kan du ansluta dig till? - Swallow Reviews\",\"isPartOf\":{\"@id\":\"https:\/\/swallowdaily.com\/#website\"},\"primaryImageOfPage\":{\"@id\":\"https:\/\/swallowdaily.com\/sv\/#primaryimage\"},\"datePublished\":\"2022-06-27T14:17:40+00:00\",\"dateModified\":\"2022-06-27T14:17:40+00:00\",\"breadcrumb\":{\"@id\":\"https:\/\/swallowdaily.com\/sv\/#breadcrumb\"},\"inLanguage\":\"sv-SE\",\"potentialAction\":[{\"@type\":\"ReadAction\",\"target\":[\"https:\/\/swallowdaily.com\/sv\/\"]}]},{\"@type\":\"BreadcrumbList\",\"@id\":\"https:\/\/swallowdaily.com\/sv\/#breadcrumb\",\"itemListElement\":[{\"@type\":\"ListItem\",\"position\":1,\"name\":\"Hem\",\"item\":\"http:\/\/swallowdaily.com\/sv\/\"},{\"@type\":\"ListItem\",\"position\":2,\"name\":\"Vilka typer av Hookup Sites kan du ansluta dig till?\"}]}]}<\/script>\n<!-- \/ Yoast SEO plugin. -->","yoast_head_json":{"title":"Vilka typer av Hookup Sites kan du ansluta dig till? - Swallow Reviews","robots":{"index":"index","follow":"follow","max-snippet":"max-snippet:-1","max-image-preview":"max-image-preview:large","max-video-preview":"max-video-preview:-1"},"canonical":"https:\/\/swallowdaily.com\/sv\/","og_locale":"sv_SE","og_type":"article","og_title":"Vilka typer av Hookup Sites kan du ansluta dig till? - Swallow Reviews","og_description":"Det finns m\u00e5nga olika s\u00e4tt att tr\u00e4ffa n\u00e5gon p\u00e5 n\u00e4tet i dag. Vissa f\u00f6redrar att anv\u00e4nda dejtingappar medan andra anv\u00e4nder","og_url":"https:\/\/swallowdaily.com\/sv\/","og_site_name":"Swallow Reviews","og_image":[{"url":"http:\/\/swallowdaily.com\/wp-content\/uploads\/2022\/06\/find-sex-near-you-1024x678.jpeg"}],"twitter_card":"summary_large_image","twitter_misc":{"Ber\u00e4knad l\u00e4stid":"4 minuter"},"schema":{"@context":"https:\/\/schema.org","@graph":[{"@type":"WebSite","@id":"https:\/\/swallowdaily.com\/#website","url":"https:\/\/swallowdaily.com\/","name":"Swallow Reviews","description":"Guide f\u00f6r uppkoppling p\u00e5 n\u00e4tet","potentialAction":[{"@type":"SearchAction","target":{"@type":"EntryPoint","urlTemplate":"https:\/\/swallowdaily.com\/?s={search_term_string}"},"query-input":"required name=search_term_string"}],"inLanguage":"sv-SE"},{"@type":"ImageObject","inLanguage":"sv-SE","@id":"https:\/\/swallowdaily.com\/sv\/#primaryimage","url":"https:\/\/swallowdaily.com\/wp-content\/uploads\/2022\/06\/find-sex-near-you.jpeg","contentUrl":"https:\/\/swallowdaily.com\/wp-content\/uploads\/2022\/06\/find-sex-near-you.jpeg","width":2265,"height":1500},{"@type":"WebPage","@id":"https:\/\/swallowdaily.com\/sv\/#webpage","url":"https:\/\/swallowdaily.com\/sv\/","name":"Vilka typer av Hookup Sites kan du ansluta dig till? - Swallow Reviews","isPartOf":{"@id":"https:\/\/swallowdaily.com\/#website"},"primaryImageOfPage":{"@id":"https:\/\/swallowdaily.com\/sv\/#primaryimage"},"datePublished":"2022-06-27T14:17:40+00:00","dateModified":"2022-06-27T14:17:40+00:00","breadcrumb":{"@id":"https:\/\/swallowdaily.com\/sv\/#breadcrumb"},"inLanguage":"sv-SE","potentialAction":[{"@type":"ReadAction","target":["https:\/\/swallowdaily.com\/sv\/"]}]},{"@type":"BreadcrumbList","@id":"https:\/\/swallowdaily.com\/sv\/#breadcrumb","itemListElement":[{"@type":"ListItem","position":1,"name":"Hem","item":"http:\/\/swallowdaily.com\/sv\/"},{"@type":"ListItem","position":2,"name":"Vilka typer av Hookup Sites kan du ansluta dig till?"}]}]}},"_links":{"self":[{"href":"https:\/\/swallowdaily.com\/sv\/wp-json\/wp\/v2\/pages\/198"}],"collection":[{"href":"https:\/\/swallowdaily.com\/sv\/wp-json\/wp\/v2\/pages"}],"about":[{"href":"https:\/\/swallowdaily.com\/sv\/wp-json\/wp\/v2\/types\/page"}],"author":[{"embeddable":true,"href":"https:\/\/swallowdaily.com\/sv\/wp-json\/wp\/v2\/users\/1"}],"replies":[{"embeddable":true,"href":"https:\/\/swallowdaily.com\/sv\/wp-json\/wp\/v2\/comments?post=198"}],"version-history":[{"count":0,"href":"https:\/\/swallowdaily.com\/sv\/wp-json\/wp\/v2\/pages\/198\/revisions"}],"wp:attachment":[{"href":"https:\/\/swallowdaily.com\/sv\/wp-json\/wp\/v2\/media?parent=198"}],"curies":[{"name":"wp","href":"https:\/\/api.w.org\/{rel}","templated":true}]}}