{"id":199,"date":"2022-06-27T15:44:50","date_gmt":"2022-06-27T14:44:50","guid":{"rendered":"http:\/\/swallowdaily.com\/varfor-anvanda-datingappar\/"},"modified":"2022-06-27T15:44:50","modified_gmt":"2022-06-27T14:44:50","slug":"varfor-anvanda-datingappar","status":"publish","type":"page","link":"https:\/\/swallowdaily.com\/sv\/varfor-anvanda-datingappar\/","title":{"rendered":"Varf\u00f6r anv\u00e4nda datingappar?"},"content":{"rendered":"<p>Det finns m\u00e5nga dejtingappar idag, men m\u00e5nga av dem \u00e4r inte s\u00e4rskilt anv\u00e4ndbara. De flesta av dem erbjuder faktiskt bara en plattform d\u00e4r m\u00e4nniskor kan tr\u00e4ffa varandra utan att hj\u00e4lpa dem att komma i kontakt med varandra.<\/p>\n<p>Det \u00e4r h\u00e4r som <a href=\"http:\/\/swallowdaily.com\/best-ways-to-meet-for-sex\/\">dejtingsajter p\u00e5 n\u00e4tet<\/a> kommer in i bilden. P\u00e5 dessa plattformar kan man skapa profiler, ladda upp foton och skriva biografier. Anv\u00e4ndarna har sedan m\u00f6jlighet att interagera med andra som delar liknande intressen. Det b\u00e4sta \u00e4r att det \u00e4r gratis att g\u00e5 med p\u00e5 dessa sajter, vilket g\u00f6r det enkelt att prova dem.<\/p>\n<p>Online dejtingsajter \u00e4r ocks\u00e5 ett utm\u00e4rkt st\u00e4lle att tr\u00e4ffa n\u00e5gon speciell. Det \u00e4r mycket l\u00e4ttare att inleda en konversation med n\u00e5gon om ni har samma app. Eftersom alla har tillg\u00e5ng till samma grupp av potentiella matchningar beh\u00f6ver du aldrig oroa dig f\u00f6r att bli avvisad.<\/p>\n<h2>Hj\u00e4lper datingappar dig att hitta sex?<\/h2>\n<p>Naturligtvis finns det ocks\u00e5 nackdelar med <a href=\"http:\/\/swallowdaily.com\/best-ways-to-meet-for-sex\/\">n\u00e4tdejting<\/a>. Till att b\u00f6rja med m\u00e5ste du visa upp dig sj\u00e4lv. Folk kommer att kunna se allt fr\u00e5n din profilbild till din favoritmusik. Det \u00e4r d\u00e4rf\u00f6r viktigt att v\u00e4lja klokt n\u00e4r du best\u00e4mmer vilken information du ska ha med i din profil.<\/p>\n<p>Det \u00e4r ocks\u00e5 m\u00f6jligt att du tr\u00e4ffar n\u00e5gon som inte delar dina v\u00e4rderingar. Detta kan verka skr\u00e4mmande, men det \u00e4r egentligen inget att oroa sig f\u00f6r. Dejtingsajter p\u00e5 n\u00e4tet \u00e4r utformade f\u00f6r att matcha m\u00e4nniskor utifr\u00e5n deras gemensamma intressen, s\u00e5 du ska inte f\u00f6rv\u00e4nta dig att hitta n\u00e5gon som delar dina \u00e5sikter.<\/p>\n<p>Oavsett om du v\u00e4ljer att anv\u00e4nda en dejtingsajt eller inte, kom ih\u00e5g att det alltid \u00e4r viktigt att vara \u00f6ppen f\u00f6r nya erfarenheter. Och om du k\u00e4nner dig obekv\u00e4m kan du alltid radera ditt konto.<\/p>\n<p>Det finns m\u00e5nga olika dejtingappar idag, och alla har sina egna unika funktioner. Vissa fokuserar p\u00e5 kompatibilitet, medan andra l\u00e5ter dig komma i kontakt med personer baserat p\u00e5 plats. Det finns ocks\u00e5 appar som erbjuder b\u00e5da alternativen, s\u00e5 att du kan v\u00e4lja mellan att hitta n\u00e5gon i n\u00e4rheten eller att tr\u00e4ffa n\u00e5gon som bor l\u00e5ngt borta.<\/p>\n<p>En sak som de flesta dejtingappar har gemensamt \u00e4r att de kr\u00e4ver att du fyller i en profil. Detta g\u00f6r det m\u00f6jligt f\u00f6r andra anv\u00e4ndare att l\u00e4ra sig mer om dig och ger dig m\u00f6jlighet att dela med dig av information om dig sj\u00e4lv. Det \u00e4r viktigt att du anger korrekt information i din profil, till exempel \u00e5lder, l\u00e4ngd, vikt, h\u00e5rf\u00e4rg, \u00f6gonf\u00e4rg och intressen.<\/p>\n<h2>B\u00e4sta webbplatser f\u00f6r snabbt sex<\/h2>\n<p>N\u00e4r du har fyllt i din profil vill du l\u00e4gga till bilder p\u00e5 dig sj\u00e4lv. Det b\u00e4sta s\u00e4ttet att g\u00f6ra detta \u00e4r att ladda upp bilder fr\u00e5n din telefon eller dator. Se till att du v\u00e4ljer ett foto som visar upp dina b\u00e4sta egenskaper och undvik selfies. F\u00f6rs\u00f6k ocks\u00e5 att undvika att ladda upp f\u00f6r m\u00e5nga bilder samtidigt. V\u00e4lj i st\u00e4llet n\u00e5gra f\u00e5 och redigera dem tills du hittar de perfekta.<\/p>\n<p>N\u00e4r du har laddat upp dina bilder vill du skapa ett omslagsbild. Omslagsbilder \u00e4r vanligtvis stora, fyrkantiga bilder som visas h\u00f6gst upp p\u00e5 din profil. Dessa anv\u00e4nds f\u00f6r att representera dig p\u00e5 n\u00e4tet och ge potentiella dejter en snabb inblick i din personlighet.<\/p>\n<p>D\u00e4refter vill du skriva en kort biografi. H\u00e4r ber\u00e4ttar du varf\u00f6r du \u00e4r intresserad av att kontakta dem. Ta med eventuella hobbies eller intressen som du har och beskriv dig sj\u00e4lv p\u00e5 ett positivt s\u00e4tt. Undvik att g\u00f6ra negativa uttalanden om dig sj\u00e4lv eller att vara \u00f6verdrivet kritisk.<\/p>\n<p>Nu n\u00e4r du har skrivit en bra biografi vill du fylla ut din profil fullst\u00e4ndigt. L\u00e4gg till s\u00e5 m\u00e5nga detaljer som m\u00f6jligt. Var \u00e4rlig och \u00f6ppen om dig sj\u00e4lv och ditt liv. Oroa dig inte om du inte vet allt om dig sj\u00e4lv \u00e4n, du kan alltid uppdatera din profil senare.<\/p>\n<p>Det sista steget \u00e4r att l\u00e4gga till n\u00e5gra filter i appen. Med hj\u00e4lp av filter kan du begr\u00e4nsa dina tr\u00e4ffar utifr\u00e5n specifika kriterier. Du kanske till exempel bara vill matcha personer som befinner sig inom ett visst avst\u00e5nd eller som har liknande intressen.<\/p>\n<p>N\u00e4r du har slutf\u00f6rt dessa steg \u00e4r du redo att b\u00f6rja s\u00f6ka efter nya kontakter. Lycka till!<\/p>\n","protected":false},"excerpt":{"rendered":"<p>Det finns m\u00e5nga dejtingappar idag, men m\u00e5nga av dem \u00e4r inte s\u00e4rskilt anv\u00e4ndbara. De flesta av dem erbjuder faktiskt bara<\/p>\n","protected":false},"author":1,"featured_media":89,"parent":0,"menu_order":0,"comment_status":"closed","ping_status":"closed","template":"","meta":[],"yoast_head":"<!-- This site is optimized with the Yoast SEO plugin v19.1 - https:\/\/yoast.com\/wordpress\/plugins\/seo\/ -->\n<title>Varf\u00f6r anv\u00e4nda datingappar? - Swallow Reviews<\/title>\n<meta name=\"robots\" content=\"index, follow, max-snippet:-1, max-image-preview:large, max-video-preview:-1\" \/>\n<link rel=\"canonical\" href=\"https:\/\/swallowdaily.com\/sv\/varfor-anvanda-datingappar\/\" \/>\n<meta property=\"og:locale\" content=\"sv_SE\" \/>\n<meta property=\"og:type\" content=\"article\" \/>\n<meta property=\"og:title\" content=\"Varf\u00f6r anv\u00e4nda datingappar? - Swallow Reviews\" \/>\n<meta property=\"og:description\" content=\"Det finns m\u00e5nga dejtingappar idag, men m\u00e5nga av dem \u00e4r inte s\u00e4rskilt anv\u00e4ndbara. De flesta av dem erbjuder faktiskt bara\" \/>\n<meta property=\"og:url\" content=\"https:\/\/swallowdaily.com\/sv\/varfor-anvanda-datingappar\/\" \/>\n<meta property=\"og:site_name\" content=\"Swallow Reviews\" \/>\n<meta property=\"og:image\" content=\"https:\/\/swallowdaily.com\/wp-content\/uploads\/2022\/06\/love-dating-sites.jpeg\" \/>\n\t<meta property=\"og:image:width\" content=\"1125\" \/>\n\t<meta property=\"og:image:height\" content=\"750\" \/>\n\t<meta property=\"og:image:type\" content=\"image\/jpeg\" \/>\n<meta name=\"twitter:card\" content=\"summary_large_image\" \/>\n<meta name=\"twitter:label1\" content=\"Ber\u00e4knad l\u00e4stid\" \/>\n\t<meta name=\"twitter:data1\" content=\"4 minuter\" \/>\n<script type=\"application\/ld+json\" class=\"yoast-schema-graph\">{\"@context\":\"https:\/\/schema.org\",\"@graph\":[{\"@type\":\"WebSite\",\"@id\":\"https:\/\/swallowdaily.com\/#website\",\"url\":\"https:\/\/swallowdaily.com\/\",\"name\":\"Swallow Reviews\",\"description\":\"Guide f\u00f6r uppkoppling p\u00e5 n\u00e4tet\",\"potentialAction\":[{\"@type\":\"SearchAction\",\"target\":{\"@type\":\"EntryPoint\",\"urlTemplate\":\"https:\/\/swallowdaily.com\/?s={search_term_string}\"},\"query-input\":\"required name=search_term_string\"}],\"inLanguage\":\"sv-SE\"},{\"@type\":\"ImageObject\",\"inLanguage\":\"sv-SE\",\"@id\":\"https:\/\/swallowdaily.com\/sv\/varfor-anvanda-datingappar\/#primaryimage\",\"url\":\"https:\/\/swallowdaily.com\/wp-content\/uploads\/2022\/06\/love-dating-sites.jpeg\",\"contentUrl\":\"https:\/\/swallowdaily.com\/wp-content\/uploads\/2022\/06\/love-dating-sites.jpeg\",\"width\":1125,\"height\":750},{\"@type\":\"WebPage\",\"@id\":\"https:\/\/swallowdaily.com\/sv\/varfor-anvanda-datingappar\/#webpage\",\"url\":\"https:\/\/swallowdaily.com\/sv\/varfor-anvanda-datingappar\/\",\"name\":\"Varf\u00f6r anv\u00e4nda datingappar? - Swallow Reviews\",\"isPartOf\":{\"@id\":\"https:\/\/swallowdaily.com\/#website\"},\"primaryImageOfPage\":{\"@id\":\"https:\/\/swallowdaily.com\/sv\/varfor-anvanda-datingappar\/#primaryimage\"},\"datePublished\":\"2022-06-27T14:44:50+00:00\",\"dateModified\":\"2022-06-27T14:44:50+00:00\",\"breadcrumb\":{\"@id\":\"https:\/\/swallowdaily.com\/sv\/varfor-anvanda-datingappar\/#breadcrumb\"},\"inLanguage\":\"sv-SE\",\"potentialAction\":[{\"@type\":\"ReadAction\",\"target\":[\"https:\/\/swallowdaily.com\/sv\/varfor-anvanda-datingappar\/\"]}]},{\"@type\":\"BreadcrumbList\",\"@id\":\"https:\/\/swallowdaily.com\/sv\/varfor-anvanda-datingappar\/#breadcrumb\",\"itemListElement\":[{\"@type\":\"ListItem\",\"position\":1,\"name\":\"Hem\",\"item\":\"https:\/\/swallowdaily.com\/sv\/\"},{\"@type\":\"ListItem\",\"position\":2,\"name\":\"Varf\u00f6r anv\u00e4nda datingappar?\"}]}]}<\/script>\n<!-- \/ Yoast SEO plugin. -->","yoast_head_json":{"title":"Varf\u00f6r anv\u00e4nda datingappar? - Swallow Reviews","robots":{"index":"index","follow":"follow","max-snippet":"max-snippet:-1","max-image-preview":"max-image-preview:large","max-video-preview":"max-video-preview:-1"},"canonical":"https:\/\/swallowdaily.com\/sv\/varfor-anvanda-datingappar\/","og_locale":"sv_SE","og_type":"article","og_title":"Varf\u00f6r anv\u00e4nda datingappar? - Swallow Reviews","og_description":"Det finns m\u00e5nga dejtingappar idag, men m\u00e5nga av dem \u00e4r inte s\u00e4rskilt anv\u00e4ndbara. De flesta av dem erbjuder faktiskt bara","og_url":"https:\/\/swallowdaily.com\/sv\/varfor-anvanda-datingappar\/","og_site_name":"Swallow Reviews","og_image":[{"width":1125,"height":750,"url":"https:\/\/swallowdaily.com\/wp-content\/uploads\/2022\/06\/love-dating-sites.jpeg","type":"image\/jpeg"}],"twitter_card":"summary_large_image","twitter_misc":{"Ber\u00e4knad l\u00e4stid":"4 minuter"},"schema":{"@context":"https:\/\/schema.org","@graph":[{"@type":"WebSite","@id":"https:\/\/swallowdaily.com\/#website","url":"https:\/\/swallowdaily.com\/","name":"Swallow Reviews","description":"Guide f\u00f6r uppkoppling p\u00e5 n\u00e4tet","potentialAction":[{"@type":"SearchAction","target":{"@type":"EntryPoint","urlTemplate":"https:\/\/swallowdaily.com\/?s={search_term_string}"},"query-input":"required name=search_term_string"}],"inLanguage":"sv-SE"},{"@type":"ImageObject","inLanguage":"sv-SE","@id":"https:\/\/swallowdaily.com\/sv\/varfor-anvanda-datingappar\/#primaryimage","url":"https:\/\/swallowdaily.com\/wp-content\/uploads\/2022\/06\/love-dating-sites.jpeg","contentUrl":"https:\/\/swallowdaily.com\/wp-content\/uploads\/2022\/06\/love-dating-sites.jpeg","width":1125,"height":750},{"@type":"WebPage","@id":"https:\/\/swallowdaily.com\/sv\/varfor-anvanda-datingappar\/#webpage","url":"https:\/\/swallowdaily.com\/sv\/varfor-anvanda-datingappar\/","name":"Varf\u00f6r anv\u00e4nda datingappar? - Swallow Reviews","isPartOf":{"@id":"https:\/\/swallowdaily.com\/#website"},"primaryImageOfPage":{"@id":"https:\/\/swallowdaily.com\/sv\/varfor-anvanda-datingappar\/#primaryimage"},"datePublished":"2022-06-27T14:44:50+00:00","dateModified":"2022-06-27T14:44:50+00:00","breadcrumb":{"@id":"https:\/\/swallowdaily.com\/sv\/varfor-anvanda-datingappar\/#breadcrumb"},"inLanguage":"sv-SE","potentialAction":[{"@type":"ReadAction","target":["https:\/\/swallowdaily.com\/sv\/varfor-anvanda-datingappar\/"]}]},{"@type":"BreadcrumbList","@id":"https:\/\/swallowdaily.com\/sv\/varfor-anvanda-datingappar\/#breadcrumb","itemListElement":[{"@type":"ListItem","position":1,"name":"Hem","item":"https:\/\/swallowdaily.com\/sv\/"},{"@type":"ListItem","position":2,"name":"Varf\u00f6r anv\u00e4nda datingappar?"}]}]}},"_links":{"self":[{"href":"https:\/\/swallowdaily.com\/sv\/wp-json\/wp\/v2\/pages\/199"}],"collection":[{"href":"https:\/\/swallowdaily.com\/sv\/wp-json\/wp\/v2\/pages"}],"about":[{"href":"https:\/\/swallowdaily.com\/sv\/wp-json\/wp\/v2\/types\/page"}],"author":[{"embeddable":true,"href":"https:\/\/swallowdaily.com\/sv\/wp-json\/wp\/v2\/users\/1"}],"replies":[{"embeddable":true,"href":"https:\/\/swallowdaily.com\/sv\/wp-json\/wp\/v2\/comments?post=199"}],"version-history":[{"count":0,"href":"https:\/\/swallowdaily.com\/sv\/wp-json\/wp\/v2\/pages\/199\/revisions"}],"wp:featuredmedia":[{"embeddable":true,"href":"https:\/\/swallowdaily.com\/sv\/wp-json\/wp\/v2\/media\/89"}],"wp:attachment":[{"href":"https:\/\/swallowdaily.com\/sv\/wp-json\/wp\/v2\/media?parent=199"}],"curies":[{"name":"wp","href":"https:\/\/api.w.org\/{rel}","templated":true}]}}