{"id":200,"date":"2022-06-27T15:49:22","date_gmt":"2022-06-27T14:49:22","guid":{"rendered":"http:\/\/swallowdaily.com\/gratis-lokala-uppkopplingar\/"},"modified":"2022-07-20T18:59:25","modified_gmt":"2022-07-20T17:59:25","slug":"gratis-lokala-uppkopplingar","status":"publish","type":"page","link":"https:\/\/swallowdaily.com\/sv\/gratis-lokala-uppkopplingar\/","title":{"rendered":"Gratis lokala uppkopplingar"},"content":{"rendered":"<p>Datingappar blir alltmer popul\u00e4ra bland singlar som s\u00f6ker k\u00e4rlek p\u00e5 n\u00e4tet. Dessa appar <a href=\"https:\/\/adultxxxdate.net\/tr\/sikismek-isteyen-kadinlar\/\">siki\u015fmek isteyen kad\u0131nlar<\/a> g\u00f6r det m\u00f6jligt f\u00f6r anv\u00e4ndarna att komma i kontakt med andra m\u00e4nniskor baserat p\u00e5 plats, intressen och gemensamma v\u00e4nner.<\/p>\n<h2>Vilka datingappar fungerar b\u00e4st f\u00f6r singlar?<\/h2>\n<p>Dejtappar \u00e4r praktiska, men de kan ocks\u00e5 vara farliga om de anv\u00e4nds p\u00e5 fel s\u00e4tt. Se till att du \u00e4r f\u00f6rsiktig med vem du tr\u00e4ffar via <a href=\"http:\/\/swallowdaily.com\/free-sex-hookup-apps\/\">dessa appar<\/a> och att du f\u00f6ljer s\u00e4kerhetsriktlinjerna. Dela till exempel aldrig personlig information, inklusive ditt telefonnummer, din adress eller foton. Undvik ocks\u00e5 att tr\u00e4ffa fr\u00e4mlingar p\u00e5 offentliga platser och anv\u00e4nd alltid sunt f\u00f6rnuft n\u00e4r du tr\u00e4ffar n\u00e5gon ny.<\/p>\n<p>Det \u00e4r viktigt att komma ih\u00e5g att dejtingappar kan vara roliga, men att <a href=\"http:\/\/www.jerkingresources.com\/tr\/ucretsiz-sexting-uygulamalari\/\">sexting uygulamalar\u0131<\/a> de inte \u00e4r avsedda att ers\u00e4tta personliga kontakter. I st\u00e4llet \u00e4r de bara ytterligare ett verktyg som hj\u00e4lper dig att komma i kontakt med andra. S\u00e5 anv\u00e4nd dem klokt och njut av f\u00f6rdelarna med att hitta k\u00e4rleken p\u00e5 n\u00e4tet!<\/p>\n<h2>Ska du b\u00f6rja?<\/h2>\n<p>Gratis sexsidor blir alltmer popul\u00e4ra bland singlar som vill utforska sin sexualitet utan att beh\u00f6va betala n\u00e5got i f\u00f6rv\u00e4g. Dessa webbplatser erbjuder fri tillg\u00e5ng till tusentals videor med riktiga par som har hett sex.<\/p>\n<p>Det finns m\u00e5nga olika typer av gratis <a href=\"http:\/\/swallowdaily.com\/best-sex-chat-sites\/\">sexsidor<\/a>, bland annat amat\u00f6rporr, lesbisk sex, gaysex, fetischsex och mycket mer. Varje typ har sina egna unika f\u00f6rdelar, s\u00e5 om du letar efter n\u00e5got specifikt kan du bl\u00e4ddra bland kategorierna f\u00f6r att hitta exakt det du s\u00f6ker.<\/p>\n<p>En av de b\u00e4sta sakerna med dessa sajter \u00e4r att du kan titta <a href=\"http:\/\/www.bulletforcegame.com\/ro\/\">jocuriporno<\/a> p\u00e5 obegr\u00e4nsat antal videoklipp fr\u00e5n flera olika k\u00e4llor. Du kan bl\u00e4ddra bland hundratals videor och du kan \u00e4ven ladda ner dem f\u00f6r att titta offline senare. Det b\u00e4sta \u00e4r att du kan str\u00f6mma videorna direkt till din dator, surfplatta eller smartphone.<\/p>\n<p>Dessa webbplatser \u00e4r perfekta f\u00f6r alla som vill utforska sin sexuella sida utan att beh\u00f6va spendera pengar. Det \u00e4r enkelt att registrera sig och b\u00f6rja titta p\u00e5 videor direkt. Det finns inga medlemsavgifter eller dolda kostnader och du kan anv\u00e4nda tj\u00e4nsten helt gratis.<\/p>\n","protected":false},"excerpt":{"rendered":"<p>Datingappar blir alltmer popul\u00e4ra bland singlar som s\u00f6ker k\u00e4rlek p\u00e5 n\u00e4tet. Dessa appar siki\u015fmek isteyen kad\u0131nlar g\u00f6r det m\u00f6jligt f\u00f6r<\/p>\n","protected":false},"author":1,"featured_media":117,"parent":0,"menu_order":0,"comment_status":"closed","ping_status":"closed","template":"","meta":[],"yoast_head":"<!-- This site is optimized with the Yoast SEO plugin v19.1 - https:\/\/yoast.com\/wordpress\/plugins\/seo\/ -->\n<title>Gratis lokala uppkopplingar - Swallow Reviews<\/title>\n<meta name=\"robots\" content=\"index, follow, max-snippet:-1, max-image-preview:large, max-video-preview:-1\" \/>\n<link rel=\"canonical\" href=\"https:\/\/swallowdaily.com\/sv\/gratis-lokala-uppkopplingar\/\" \/>\n<meta property=\"og:locale\" content=\"sv_SE\" \/>\n<meta property=\"og:type\" content=\"article\" \/>\n<meta property=\"og:title\" content=\"Gratis lokala uppkopplingar - Swallow Reviews\" \/>\n<meta property=\"og:description\" content=\"Datingappar blir alltmer popul\u00e4ra bland singlar som s\u00f6ker k\u00e4rlek p\u00e5 n\u00e4tet. Dessa appar siki\u015fmek isteyen kad\u0131nlar g\u00f6r det m\u00f6jligt f\u00f6r\" \/>\n<meta property=\"og:url\" content=\"https:\/\/swallowdaily.com\/sv\/gratis-lokala-uppkopplingar\/\" \/>\n<meta property=\"og:site_name\" content=\"Swallow Reviews\" \/>\n<meta property=\"article:modified_time\" content=\"2022-07-20T17:59:25+00:00\" \/>\n<meta property=\"og:image\" content=\"https:\/\/swallowdaily.com\/wp-content\/uploads\/2022\/06\/adult-dating-websites.jpeg\" \/>\n\t<meta property=\"og:image:width\" content=\"1600\" \/>\n\t<meta property=\"og:image:height\" content=\"2400\" \/>\n\t<meta property=\"og:image:type\" content=\"image\/jpeg\" \/>\n<meta name=\"twitter:card\" content=\"summary_large_image\" \/>\n<meta name=\"twitter:label1\" content=\"Ber\u00e4knad l\u00e4stid\" \/>\n\t<meta name=\"twitter:data1\" content=\"2 minuter\" \/>\n<script type=\"application\/ld+json\" class=\"yoast-schema-graph\">{\"@context\":\"https:\/\/schema.org\",\"@graph\":[{\"@type\":\"WebSite\",\"@id\":\"http:\/\/swallowdaily.com\/de\/#website\",\"url\":\"http:\/\/swallowdaily.com\/de\/\",\"name\":\"Swallow Reviews\",\"description\":\"Guide f\u00f6r uppkoppling p\u00e5 n\u00e4tet\",\"potentialAction\":[{\"@type\":\"SearchAction\",\"target\":{\"@type\":\"EntryPoint\",\"urlTemplate\":\"http:\/\/swallowdaily.com\/de\/?s={search_term_string}\"},\"query-input\":\"required name=search_term_string\"}],\"inLanguage\":\"sv-SE\"},{\"@type\":\"ImageObject\",\"inLanguage\":\"sv-SE\",\"@id\":\"https:\/\/swallowdaily.com\/sv\/gratis-lokala-uppkopplingar\/#primaryimage\",\"url\":\"https:\/\/swallowdaily.com\/wp-content\/uploads\/2022\/06\/adult-dating-websites.jpeg\",\"contentUrl\":\"https:\/\/swallowdaily.com\/wp-content\/uploads\/2022\/06\/adult-dating-websites.jpeg\",\"width\":1600,\"height\":2400},{\"@type\":\"WebPage\",\"@id\":\"https:\/\/swallowdaily.com\/sv\/gratis-lokala-uppkopplingar\/#webpage\",\"url\":\"https:\/\/swallowdaily.com\/sv\/gratis-lokala-uppkopplingar\/\",\"name\":\"Gratis lokala uppkopplingar - Swallow Reviews\",\"isPartOf\":{\"@id\":\"http:\/\/swallowdaily.com\/de\/#website\"},\"primaryImageOfPage\":{\"@id\":\"https:\/\/swallowdaily.com\/sv\/gratis-lokala-uppkopplingar\/#primaryimage\"},\"datePublished\":\"2022-06-27T14:49:22+00:00\",\"dateModified\":\"2022-07-20T17:59:25+00:00\",\"breadcrumb\":{\"@id\":\"https:\/\/swallowdaily.com\/sv\/gratis-lokala-uppkopplingar\/#breadcrumb\"},\"inLanguage\":\"sv-SE\",\"potentialAction\":[{\"@type\":\"ReadAction\",\"target\":[\"https:\/\/swallowdaily.com\/sv\/gratis-lokala-uppkopplingar\/\"]}]},{\"@type\":\"BreadcrumbList\",\"@id\":\"https:\/\/swallowdaily.com\/sv\/gratis-lokala-uppkopplingar\/#breadcrumb\",\"itemListElement\":[{\"@type\":\"ListItem\",\"position\":1,\"name\":\"Hem\",\"item\":\"https:\/\/swallowdaily.com\/sv\/\"},{\"@type\":\"ListItem\",\"position\":2,\"name\":\"Gratis lokala uppkopplingar\"}]}]}<\/script>\n<!-- \/ Yoast SEO plugin. -->","yoast_head_json":{"title":"Gratis lokala uppkopplingar - Swallow Reviews","robots":{"index":"index","follow":"follow","max-snippet":"max-snippet:-1","max-image-preview":"max-image-preview:large","max-video-preview":"max-video-preview:-1"},"canonical":"https:\/\/swallowdaily.com\/sv\/gratis-lokala-uppkopplingar\/","og_locale":"sv_SE","og_type":"article","og_title":"Gratis lokala uppkopplingar - Swallow Reviews","og_description":"Datingappar blir alltmer popul\u00e4ra bland singlar som s\u00f6ker k\u00e4rlek p\u00e5 n\u00e4tet. Dessa appar siki\u015fmek isteyen kad\u0131nlar g\u00f6r det m\u00f6jligt f\u00f6r","og_url":"https:\/\/swallowdaily.com\/sv\/gratis-lokala-uppkopplingar\/","og_site_name":"Swallow Reviews","article_modified_time":"2022-07-20T17:59:25+00:00","og_image":[{"width":1600,"height":2400,"url":"https:\/\/swallowdaily.com\/wp-content\/uploads\/2022\/06\/adult-dating-websites.jpeg","type":"image\/jpeg"}],"twitter_card":"summary_large_image","twitter_misc":{"Ber\u00e4knad l\u00e4stid":"2 minuter"},"schema":{"@context":"https:\/\/schema.org","@graph":[{"@type":"WebSite","@id":"http:\/\/swallowdaily.com\/de\/#website","url":"http:\/\/swallowdaily.com\/de\/","name":"Swallow Reviews","description":"Guide f\u00f6r uppkoppling p\u00e5 n\u00e4tet","potentialAction":[{"@type":"SearchAction","target":{"@type":"EntryPoint","urlTemplate":"http:\/\/swallowdaily.com\/de\/?s={search_term_string}"},"query-input":"required name=search_term_string"}],"inLanguage":"sv-SE"},{"@type":"ImageObject","inLanguage":"sv-SE","@id":"https:\/\/swallowdaily.com\/sv\/gratis-lokala-uppkopplingar\/#primaryimage","url":"https:\/\/swallowdaily.com\/wp-content\/uploads\/2022\/06\/adult-dating-websites.jpeg","contentUrl":"https:\/\/swallowdaily.com\/wp-content\/uploads\/2022\/06\/adult-dating-websites.jpeg","width":1600,"height":2400},{"@type":"WebPage","@id":"https:\/\/swallowdaily.com\/sv\/gratis-lokala-uppkopplingar\/#webpage","url":"https:\/\/swallowdaily.com\/sv\/gratis-lokala-uppkopplingar\/","name":"Gratis lokala uppkopplingar - Swallow Reviews","isPartOf":{"@id":"http:\/\/swallowdaily.com\/de\/#website"},"primaryImageOfPage":{"@id":"https:\/\/swallowdaily.com\/sv\/gratis-lokala-uppkopplingar\/#primaryimage"},"datePublished":"2022-06-27T14:49:22+00:00","dateModified":"2022-07-20T17:59:25+00:00","breadcrumb":{"@id":"https:\/\/swallowdaily.com\/sv\/gratis-lokala-uppkopplingar\/#breadcrumb"},"inLanguage":"sv-SE","potentialAction":[{"@type":"ReadAction","target":["https:\/\/swallowdaily.com\/sv\/gratis-lokala-uppkopplingar\/"]}]},{"@type":"BreadcrumbList","@id":"https:\/\/swallowdaily.com\/sv\/gratis-lokala-uppkopplingar\/#breadcrumb","itemListElement":[{"@type":"ListItem","position":1,"name":"Hem","item":"https:\/\/swallowdaily.com\/sv\/"},{"@type":"ListItem","position":2,"name":"Gratis lokala uppkopplingar"}]}]}},"_links":{"self":[{"href":"https:\/\/swallowdaily.com\/sv\/wp-json\/wp\/v2\/pages\/200"}],"collection":[{"href":"https:\/\/swallowdaily.com\/sv\/wp-json\/wp\/v2\/pages"}],"about":[{"href":"https:\/\/swallowdaily.com\/sv\/wp-json\/wp\/v2\/types\/page"}],"author":[{"embeddable":true,"href":"https:\/\/swallowdaily.com\/sv\/wp-json\/wp\/v2\/users\/1"}],"replies":[{"embeddable":true,"href":"https:\/\/swallowdaily.com\/sv\/wp-json\/wp\/v2\/comments?post=200"}],"version-history":[{"count":2,"href":"https:\/\/swallowdaily.com\/sv\/wp-json\/wp\/v2\/pages\/200\/revisions"}],"predecessor-version":[{"id":326,"href":"https:\/\/swallowdaily.com\/sv\/wp-json\/wp\/v2\/pages\/200\/revisions\/326"}],"wp:featuredmedia":[{"embeddable":true,"href":"https:\/\/swallowdaily.com\/sv\/wp-json\/wp\/v2\/media\/117"}],"wp:attachment":[{"href":"https:\/\/swallowdaily.com\/sv\/wp-json\/wp\/v2\/media?parent=200"}],"curies":[{"name":"wp","href":"https:\/\/api.w.org\/{rel}","templated":true}]}}