{"id":201,"date":"2022-06-27T15:44:52","date_gmt":"2022-06-27T14:44:52","guid":{"rendered":"http:\/\/swallowdaily.com\/lokala-dejtingsajter\/"},"modified":"2022-06-27T15:44:52","modified_gmt":"2022-06-27T14:44:52","slug":"lokala-dejtingsajter","status":"publish","type":"page","link":"https:\/\/swallowdaily.com\/sv\/lokala-dejtingsajter\/","title":{"rendered":"Lokala dejtingsajter"},"content":{"rendered":"<p>Dejtingsidor \u00e4r ett utm\u00e4rkt st\u00e4lle att tr\u00e4ffa potentiella partners p\u00e5, s\u00e4rskilt om du letar efter k\u00e4rlek p\u00e5 n\u00e4tet. Det finns m\u00e5nga olika dejtingsidor, alla med sina egna unika funktioner och f\u00f6rdelar.<\/p>\n<p>Vissa webbplatser erbjuder gratis medlemskap medan andra kr\u00e4ver betalda prenumerationer. Vissa l\u00e5ter medlemmarna bl\u00e4ddra igenom profiler anonymt medan andra kr\u00e4ver personliga uppgifter f\u00f6r att g\u00e5 med. Vissa webbplatser \u00e4r enbart avsedda f\u00f6r vuxna medan andra riktar sig till ton\u00e5ringar.<\/p>\n<h2>Lokala sex dejtingsajter<\/h2>\n<p>Innan du registrerar dig p\u00e5 en dejtingsajt b\u00f6r du \u00f6verv\u00e4ga om den uppfyller dina behov. F\u00f6redrar du att chatta med andra singlar personligen eller via telefon? \u00c4r du intresserad av att tr\u00e4ffa n\u00e5gon som har liknande intressen eller v\u00e4rderingar? Vilken typ av relation skulle du vilja ha?<\/p>\n<p>N\u00e4r du har best\u00e4mt dig f\u00f6r vilken typ av dejtingsajt du vill prova kan du registrera dig f\u00f6r en provperiod. Utnyttja de kostnadsfria funktionerna och se om du tycker om att anv\u00e4nda tj\u00e4nsten. Om du best\u00e4mmer dig f\u00f6r att forts\u00e4tta anv\u00e4nda webbplatsen efter provperioden kan du k\u00f6pa en prenumeration.<\/p>\n<p>Det finns flera olika typer av dejtingsidor idag. De mest popul\u00e4ra \u00e4r:<\/p>\n<ul>\n<li>Match.com &#8211; Detta \u00e4r en av v\u00e4rldens st\u00f6rsta dejtingsajter. Det har miljontals aktiva medlemmar fr\u00e5n hela v\u00e4rlden.<\/li>\n<li>eHarmony &#8211; Denna webbplats erbjuder kompatibilitetstester baserade p\u00e5 personlighetsdrag och livsstilspreferenser.<\/li>\n<li>PlentyOfFish &#8211; P\u00e5 denna webbplats kan anv\u00e4ndare skapa sin egen profil och s\u00f6ka bland tusentals anv\u00e4ndarprofiler.<\/li>\n<li>ChristianMingle &#8211; Denna webbplats riktar sig s\u00e4rskilt till kristna som s\u00f6ker relationer.<\/li>\n<li>OkCupid &#8211; Den h\u00e4r webbplatsen \u00e4r inriktad p\u00e5 dem som \u00e4r \u00f6ppna f\u00f6r tillf\u00e4llig dejting.<\/li>\n<li>Zoosk &#8211; Den h\u00e4r webbplatsen \u00e4r inriktad p\u00e5 att hj\u00e4lpa anv\u00e4ndarna att hitta l\u00e5ngsiktiga relationer.<\/li>\n<li>Badoo &#8211; Den h\u00e4r webbplatsen \u00e4r utformad f\u00f6r dem som s\u00f6ker kortsiktiga relationer.<\/li>\n<\/ul>\n<p>Det b\u00e4sta med dessa webbplatser \u00e4r att de \u00e4r helt gratis. Vissa webbplatser har dock till\u00e4ggstj\u00e4nster som kostar pengar. Premiumtj\u00e4nsterna p\u00e5 eHarmony inkluderar till exempel obegr\u00e4nsad meddelandehantering och avancerade s\u00f6kningar.<\/p>\n<p>\u00c4ven om det finns m\u00e5nga olika typer av dejtingsajter kan du lyckas med alla dessa. Kom bara ih\u00e5g att v\u00e4lja en webbplats som passar dina behov och f\u00f6rv\u00e4ntningar.<\/p>\n<h2>Vill du bara ha en fl\u00f6rt?<\/h2>\n<p>Dejtingsidor \u00e4r ett utm\u00e4rkt st\u00e4lle att tr\u00e4ffa n\u00e5gon speciell. Oavsett om du letar efter k\u00e4rlek eller bara en tillf\u00e4llig fl\u00f6rt erbjuder dessa online dejtingplattformar m\u00e5nga alternativ.<\/p>\n<p>Det finns m\u00e5nga olika typer av dejtingsidor, bland annat s\u00e5dana som \u00e4r inriktade p\u00e5 specifika intressen, \u00e5ldersgrupper och platser. Vissa l\u00e5ter medlemmarna skapa profiler medan andra kr\u00e4ver att de fyller i ett formul\u00e4r. I b\u00e5da fallen kan du bl\u00e4ddra bland potentiella matchningar utifr\u00e5n de kriterier som b\u00e4st passar dina behov.<\/p>\n<p>P\u00e5 vissa dejtingsajter kan du filtrera dina s\u00f6kningar efter k\u00f6n, plats och andra preferenser. Andra erbjuder avancerade funktioner som chattrum och anslagstavlor d\u00e4r du kan interagera med andra medlemmar. Det \u00e4r l\u00e4tt att hitta den perfekta matchningen p\u00e5 en dejtingsajt, s\u00e5 prova idag!<\/p>\n","protected":false},"excerpt":{"rendered":"<p>Dejtingsidor \u00e4r ett utm\u00e4rkt st\u00e4lle att tr\u00e4ffa potentiella partners p\u00e5, s\u00e4rskilt om du letar efter k\u00e4rlek p\u00e5 n\u00e4tet. Det finns<\/p>\n","protected":false},"author":1,"featured_media":96,"parent":0,"menu_order":0,"comment_status":"closed","ping_status":"closed","template":"","meta":[],"yoast_head":"<!-- This site is optimized with the Yoast SEO plugin v19.1 - https:\/\/yoast.com\/wordpress\/plugins\/seo\/ -->\n<title>Lokala dejtingsajter - Swallow Reviews<\/title>\n<meta name=\"robots\" content=\"index, follow, max-snippet:-1, max-image-preview:large, max-video-preview:-1\" \/>\n<link rel=\"canonical\" href=\"https:\/\/swallowdaily.com\/sv\/lokala-dejtingsajter\/\" \/>\n<meta property=\"og:locale\" content=\"sv_SE\" \/>\n<meta property=\"og:type\" content=\"article\" \/>\n<meta property=\"og:title\" content=\"Lokala dejtingsajter - Swallow Reviews\" \/>\n<meta property=\"og:description\" content=\"Dejtingsidor \u00e4r ett utm\u00e4rkt st\u00e4lle att tr\u00e4ffa potentiella partners p\u00e5, s\u00e4rskilt om du letar efter k\u00e4rlek p\u00e5 n\u00e4tet. Det finns\" \/>\n<meta property=\"og:url\" content=\"https:\/\/swallowdaily.com\/sv\/lokala-dejtingsajter\/\" \/>\n<meta property=\"og:site_name\" content=\"Swallow Reviews\" \/>\n<meta name=\"twitter:card\" content=\"summary_large_image\" \/>\n<meta name=\"twitter:image\" content=\"https:\/\/swallowdaily.com\/wp-content\/uploads\/2022\/06\/sex-dating-apps.webp\" \/>\n<meta name=\"twitter:label1\" content=\"Ber\u00e4knad l\u00e4stid\" \/>\n\t<meta name=\"twitter:data1\" content=\"3 minuter\" \/>\n<script type=\"application\/ld+json\" class=\"yoast-schema-graph\">{\"@context\":\"https:\/\/schema.org\",\"@graph\":[{\"@type\":\"WebSite\",\"@id\":\"http:\/\/swallowdaily.com\/de\/#website\",\"url\":\"http:\/\/swallowdaily.com\/de\/\",\"name\":\"Swallow Reviews\",\"description\":\"Guide f\u00f6r uppkoppling p\u00e5 n\u00e4tet\",\"potentialAction\":[{\"@type\":\"SearchAction\",\"target\":{\"@type\":\"EntryPoint\",\"urlTemplate\":\"http:\/\/swallowdaily.com\/de\/?s={search_term_string}\"},\"query-input\":\"required name=search_term_string\"}],\"inLanguage\":\"sv-SE\"},{\"@type\":\"ImageObject\",\"inLanguage\":\"sv-SE\",\"@id\":\"https:\/\/swallowdaily.com\/sv\/lokala-dejtingsajter\/#primaryimage\",\"url\":\"https:\/\/swallowdaily.com\/wp-content\/uploads\/2022\/06\/sex-dating-apps.webp\",\"contentUrl\":\"https:\/\/swallowdaily.com\/wp-content\/uploads\/2022\/06\/sex-dating-apps.webp\",\"width\":1600,\"height\":1068},{\"@type\":\"WebPage\",\"@id\":\"https:\/\/swallowdaily.com\/sv\/lokala-dejtingsajter\/#webpage\",\"url\":\"https:\/\/swallowdaily.com\/sv\/lokala-dejtingsajter\/\",\"name\":\"Lokala dejtingsajter - Swallow Reviews\",\"isPartOf\":{\"@id\":\"http:\/\/swallowdaily.com\/de\/#website\"},\"primaryImageOfPage\":{\"@id\":\"https:\/\/swallowdaily.com\/sv\/lokala-dejtingsajter\/#primaryimage\"},\"datePublished\":\"2022-06-27T14:44:52+00:00\",\"dateModified\":\"2022-06-27T14:44:52+00:00\",\"breadcrumb\":{\"@id\":\"https:\/\/swallowdaily.com\/sv\/lokala-dejtingsajter\/#breadcrumb\"},\"inLanguage\":\"sv-SE\",\"potentialAction\":[{\"@type\":\"ReadAction\",\"target\":[\"https:\/\/swallowdaily.com\/sv\/lokala-dejtingsajter\/\"]}]},{\"@type\":\"BreadcrumbList\",\"@id\":\"https:\/\/swallowdaily.com\/sv\/lokala-dejtingsajter\/#breadcrumb\",\"itemListElement\":[{\"@type\":\"ListItem\",\"position\":1,\"name\":\"Hem\",\"item\":\"https:\/\/swallowdaily.com\/sv\/\"},{\"@type\":\"ListItem\",\"position\":2,\"name\":\"Lokala dejtingsajter\"}]}]}<\/script>\n<!-- \/ Yoast SEO plugin. -->","yoast_head_json":{"title":"Lokala dejtingsajter - Swallow Reviews","robots":{"index":"index","follow":"follow","max-snippet":"max-snippet:-1","max-image-preview":"max-image-preview:large","max-video-preview":"max-video-preview:-1"},"canonical":"https:\/\/swallowdaily.com\/sv\/lokala-dejtingsajter\/","og_locale":"sv_SE","og_type":"article","og_title":"Lokala dejtingsajter - Swallow Reviews","og_description":"Dejtingsidor \u00e4r ett utm\u00e4rkt st\u00e4lle att tr\u00e4ffa potentiella partners p\u00e5, s\u00e4rskilt om du letar efter k\u00e4rlek p\u00e5 n\u00e4tet. Det finns","og_url":"https:\/\/swallowdaily.com\/sv\/lokala-dejtingsajter\/","og_site_name":"Swallow Reviews","twitter_card":"summary_large_image","twitter_image":"https:\/\/swallowdaily.com\/wp-content\/uploads\/2022\/06\/sex-dating-apps.webp","twitter_misc":{"Ber\u00e4knad l\u00e4stid":"3 minuter"},"schema":{"@context":"https:\/\/schema.org","@graph":[{"@type":"WebSite","@id":"http:\/\/swallowdaily.com\/de\/#website","url":"http:\/\/swallowdaily.com\/de\/","name":"Swallow Reviews","description":"Guide f\u00f6r uppkoppling p\u00e5 n\u00e4tet","potentialAction":[{"@type":"SearchAction","target":{"@type":"EntryPoint","urlTemplate":"http:\/\/swallowdaily.com\/de\/?s={search_term_string}"},"query-input":"required name=search_term_string"}],"inLanguage":"sv-SE"},{"@type":"ImageObject","inLanguage":"sv-SE","@id":"https:\/\/swallowdaily.com\/sv\/lokala-dejtingsajter\/#primaryimage","url":"https:\/\/swallowdaily.com\/wp-content\/uploads\/2022\/06\/sex-dating-apps.webp","contentUrl":"https:\/\/swallowdaily.com\/wp-content\/uploads\/2022\/06\/sex-dating-apps.webp","width":1600,"height":1068},{"@type":"WebPage","@id":"https:\/\/swallowdaily.com\/sv\/lokala-dejtingsajter\/#webpage","url":"https:\/\/swallowdaily.com\/sv\/lokala-dejtingsajter\/","name":"Lokala dejtingsajter - Swallow Reviews","isPartOf":{"@id":"http:\/\/swallowdaily.com\/de\/#website"},"primaryImageOfPage":{"@id":"https:\/\/swallowdaily.com\/sv\/lokala-dejtingsajter\/#primaryimage"},"datePublished":"2022-06-27T14:44:52+00:00","dateModified":"2022-06-27T14:44:52+00:00","breadcrumb":{"@id":"https:\/\/swallowdaily.com\/sv\/lokala-dejtingsajter\/#breadcrumb"},"inLanguage":"sv-SE","potentialAction":[{"@type":"ReadAction","target":["https:\/\/swallowdaily.com\/sv\/lokala-dejtingsajter\/"]}]},{"@type":"BreadcrumbList","@id":"https:\/\/swallowdaily.com\/sv\/lokala-dejtingsajter\/#breadcrumb","itemListElement":[{"@type":"ListItem","position":1,"name":"Hem","item":"https:\/\/swallowdaily.com\/sv\/"},{"@type":"ListItem","position":2,"name":"Lokala dejtingsajter"}]}]}},"_links":{"self":[{"href":"https:\/\/swallowdaily.com\/sv\/wp-json\/wp\/v2\/pages\/201"}],"collection":[{"href":"https:\/\/swallowdaily.com\/sv\/wp-json\/wp\/v2\/pages"}],"about":[{"href":"https:\/\/swallowdaily.com\/sv\/wp-json\/wp\/v2\/types\/page"}],"author":[{"embeddable":true,"href":"https:\/\/swallowdaily.com\/sv\/wp-json\/wp\/v2\/users\/1"}],"replies":[{"embeddable":true,"href":"https:\/\/swallowdaily.com\/sv\/wp-json\/wp\/v2\/comments?post=201"}],"version-history":[{"count":0,"href":"https:\/\/swallowdaily.com\/sv\/wp-json\/wp\/v2\/pages\/201\/revisions"}],"wp:featuredmedia":[{"embeddable":true,"href":"https:\/\/swallowdaily.com\/sv\/wp-json\/wp\/v2\/media\/96"}],"wp:attachment":[{"href":"https:\/\/swallowdaily.com\/sv\/wp-json\/wp\/v2\/media?parent=201"}],"curies":[{"name":"wp","href":"https:\/\/api.w.org\/{rel}","templated":true}]}}